{"id":4900,"date":"2020-12-04T18:04:07","date_gmt":"2020-12-04T17:04:07","guid":{"rendered":"https:\/\/www.mdresistor.com\/marine-2\/"},"modified":"2021-02-01T10:21:41","modified_gmt":"2021-02-01T09:21:41","slug":"marine-2","status":"publish","type":"page","link":"https:\/\/www.mdresistor.com\/en\/marine-2\/","title":{"rendered":"Maritime industries \/ Offshore"},"content":{"rendered":"<p><div class=\"fusion-fullwidth fullwidth-box fusion-builder-row-1 fusion-flex-container nonhundred-percent-fullwidth non-hundred-percent-height-scrolling\" style=\"--awb-border-radius-top-left:0px;--awb-border-radius-top-right:0px;--awb-border-radius-bottom-right:0px;--awb-border-radius-bottom-left:0px;--awb-flex-wrap:wrap;\" ><div class=\"fusion-builder-row fusion-row fusion-flex-align-items-center fusion-flex-justify-content-center fusion-flex-content-wrap\" style=\"max-width:1040px;margin-left: calc(-4% \/ 2 );margin-right: calc(-4% \/ 2 );\"><div class=\"fusion-layout-column fusion_builder_column fusion-builder-column-0 fusion_builder_column_1_2 1_2 fusion-flex-column\" style=\"--awb-bg-size:cover;--awb-width-large:50%;--awb-margin-top-large:0px;--awb-spacing-right-large:3.84%;--awb-margin-bottom-large:10px;--awb-spacing-left-large:3.84%;--awb-width-medium:100%;--awb-order-medium:0;--awb-spacing-right-medium:1.92%;--awb-spacing-left-medium:1.92%;--awb-width-small:100%;--awb-order-small:0;--awb-spacing-right-small:1.92%;--awb-spacing-left-small:1.92%;\"><div class=\"fusion-column-wrapper fusion-column-has-shadow fusion-flex-justify-content-flex-start fusion-content-layout-column\"><div class=\"fusion-text fusion-text-1\"><h1>Marine and offshore oil industry: the combination of robustness and small footprint<\/h1>\n<\/div><div ><a class=\"fusion-button button-flat fusion-button-default-size button-default fusion-button-default button-1 fusion-button-default-span fusion-button-default-type\" target=\"_self\" href=\"https:\/\/www.mdresistor.com\/en\/contact\/\"><span class=\"fusion-button-text awb-button__text awb-button__text--default\">Ask for a quote<\/span><\/a><\/div>\n<\/div><\/div><div class=\"fusion-layout-column fusion_builder_column fusion-builder-column-1 fusion_builder_column_1_2 1_2 fusion-flex-column\" style=\"--awb-bg-size:cover;--awb-width-large:50%;--awb-margin-top-large:0px;--awb-spacing-right-large:3.84%;--awb-margin-bottom-large:10px;--awb-spacing-left-large:3.84%;--awb-width-medium:100%;--awb-order-medium:0;--awb-spacing-right-medium:1.92%;--awb-spacing-left-medium:1.92%;--awb-width-small:100%;--awb-order-small:0;--awb-spacing-right-small:1.92%;--awb-spacing-left-small:1.92%;\"><div class=\"fusion-column-wrapper fusion-column-has-shadow fusion-flex-justify-content-flex-start fusion-content-layout-column\"><div class=\"fusion-image-element \" style=\"text-align:center;--awb-caption-title-font-family:var(--h2_typography-font-family);--awb-caption-title-font-weight:var(--h2_typography-font-weight);--awb-caption-title-font-style:var(--h2_typography-font-style);--awb-caption-title-size:var(--h2_typography-font-size);--awb-caption-title-transform:var(--h2_typography-text-transform);--awb-caption-title-line-height:var(--h2_typography-line-height);--awb-caption-title-letter-spacing:var(--h2_typography-letter-spacing);\"><span class=\" fusion-imageframe imageframe-none imageframe-1 hover-type-none\"><img decoding=\"async\" width=\"799\" height=\"515\" alt=\"Boat\" title=\"Bateau-min\" src=\"https:\/\/www.mdresistor.com\/wp-content\/uploads\/2020\/12\/Bateau-min.jpg\" class=\"img-responsive wp-image-3636 \" srcset=\"https:\/\/www.mdresistor.com\/wp-content\/uploads\/2020\/12\/Bateau-min-200x129.jpg 200w, https:\/\/www.mdresistor.com\/wp-content\/uploads\/2020\/12\/Bateau-min-400x258.jpg 400w, https:\/\/www.mdresistor.com\/wp-content\/uploads\/2020\/12\/Bateau-min-600x387.jpg 600w, https:\/\/www.mdresistor.com\/wp-content\/uploads\/2020\/12\/Bateau-min.jpg 799w\" sizes=\"(max-width: 1024px) 100vw, (max-width: 640px) 100vw, 600px\" \/><\/span><\/div><\/div><\/div><\/div><\/div><div class=\"fusion-fullwidth fullwidth-box fusion-builder-row-2 fusion-flex-container nonhundred-percent-fullwidth non-hundred-percent-height-scrolling\" style=\"--awb-border-radius-top-left:0px;--awb-border-radius-top-right:0px;--awb-border-radius-bottom-right:0px;--awb-border-radius-bottom-left:0px;--awb-flex-wrap:wrap;\" id=\"un\" ><div class=\"fusion-builder-row fusion-row fusion-flex-align-items-center fusion-flex-justify-content-center fusion-flex-content-wrap\" style=\"max-width:1040px;margin-left: calc(-4% \/ 2 );margin-right: calc(-4% \/ 2 );\"><div class=\"fusion-layout-column fusion_builder_column fusion-builder-column-2 fusion_builder_column_1_1 1_1 fusion-flex-column\" style=\"--awb-bg-size:cover;--awb-width-large:100%;--awb-margin-top-large:0px;--awb-spacing-right-large:1.92%;--awb-margin-bottom-large:10px;--awb-spacing-left-large:1.92%;--awb-width-medium:100%;--awb-order-medium:0;--awb-spacing-right-medium:1.92%;--awb-spacing-left-medium:1.92%;--awb-width-small:100%;--awb-order-small:0;--awb-spacing-right-small:1.92%;--awb-spacing-left-small:1.92%;\"><div class=\"fusion-column-wrapper fusion-column-has-shadow fusion-flex-justify-content-flex-start fusion-content-layout-column\"><div class=\"fusion-text fusion-text-2\" style=\"--awb-content-alignment:left;\"><p>Marine applications demand optimum service because the constraints are high and numerous. Indeed, the marine environment, often saline, is a technically demanding environment.<\/p>\n<p>In the naval sector, the installation of a heat engine requires major assembly operations which are sometimes irreversible. This is particularly the case with submarines or large-volume ships.<\/p>\n<p>It is imperative to ensure the<strong>engine is operating properly<\/strong> before its setting in the hold and its adjustment before launching, is necessary.<\/p>\n<p><strong>Use a<a href=\"https:\/\/www.mdresistor.com\/en\/load-bank\/\"> load bank<\/a><\/strong> which will enable this role to be fully fulfilled; it will :<\/p>\n<ul>\n<li><strong>Test<\/strong> engines in real conditions<\/li>\n<li><strong>Simulate<\/strong> the electrical load of the vessel&#8217;s engines<\/li>\n<li><strong>To confirm<\/strong> the right outfit<\/li>\n<li><strong>Validate<\/strong> compliance with the specifications<\/li>\n<\/ul>\n<p>One of the main constraints of the marine sector is the space available on board ships and oil platforms. It is extremely limited. For this, we need load banks adapted to the constraint of &#8220;price per m\u00b2&#8221;.<\/p>\n<p>In addition, load banks are also needed with armored resistive elements in stainless steel which offer a very interesting power \/ size ratio and ensure the best corrosive resistance to the saline environment.<\/p>\n<p>METAL DEPLOYE RESISTOR is attentive to the most extreme technical constraints and responds to demanding specifications with a range of complete, robust and compact load or discharge banks.<\/p>\n<\/div><\/div><\/div><\/div><\/div><div class=\"fusion-fullwidth fullwidth-box fusion-builder-row-3 fusion-flex-container nonhundred-percent-fullwidth non-hundred-percent-height-scrolling container-gris\" style=\"--awb-border-radius-top-left:0px;--awb-border-radius-top-right:0px;--awb-border-radius-bottom-right:0px;--awb-border-radius-bottom-left:0px;--awb-flex-wrap:wrap;\" ><div class=\"fusion-builder-row fusion-row fusion-flex-align-items-center fusion-flex-justify-content-center fusion-flex-content-wrap\" style=\"max-width:1040px;margin-left: calc(-4% \/ 2 );margin-right: calc(-4% \/ 2 );\"><div class=\"fusion-layout-column fusion_builder_column fusion-builder-column-3 fusion_builder_column_1_1 1_1 fusion-flex-column\" style=\"--awb-bg-size:cover;--awb-width-large:100%;--awb-margin-top-large:0px;--awb-spacing-right-large:1.92%;--awb-margin-bottom-large:10px;--awb-spacing-left-large:1.92%;--awb-width-medium:100%;--awb-order-medium:0;--awb-spacing-right-medium:1.92%;--awb-spacing-left-medium:1.92%;--awb-width-small:100%;--awb-order-small:0;--awb-spacing-right-small:1.92%;--awb-spacing-left-small:1.92%;\"><div class=\"fusion-column-wrapper fusion-column-has-shadow fusion-flex-justify-content-flex-start fusion-content-layout-column\"><div class=\"fusion-text fusion-text-3\" style=\"--awb-content-alignment:center;\"><h2>Load and discharge banks, for generator maintenance<\/h2>\n<\/div><div class=\"fusion-text fusion-text-4\" style=\"--awb-content-alignment:left;\"><p>The French Navy and several companies in the naval sector, in France and internationally, have chosen safety and performance with the installation of METAL DEPLOYE RESISTOR load and discharge banks.<\/p>\n<h3>Generator test load bank<\/h3>\n<p>The maintenance of generators is a key point of equipment reliability.<br \/>\nThe load banks also make it possible to carry out the essential tests on heat engines.<\/p>\n<p>METAL DEPLOYE RESISTOR, designs<a href=\"https:\/\/www.mdresistor.com\/en\/generator-load-bank\/\"> load banks to test on-board generator sets<\/a> on board ships.<\/p>\n<p>The design complies with maritime standards (voltage and frequency) and is adapted to environmental and climatic constraints: humidity, saline atmosphere, compactness, etc.<\/p>\n<\/div><div class=\"fusion-image-element \" style=\"text-align:center;--awb-caption-title-font-family:var(--h2_typography-font-family);--awb-caption-title-font-weight:var(--h2_typography-font-weight);--awb-caption-title-font-style:var(--h2_typography-font-style);--awb-caption-title-size:var(--h2_typography-font-size);--awb-caption-title-transform:var(--h2_typography-text-transform);--awb-caption-title-line-height:var(--h2_typography-line-height);--awb-caption-title-letter-spacing:var(--h2_typography-letter-spacing);\"><span class=\" fusion-imageframe imageframe-none imageframe-2 hover-type-none margin-bottom-10\"><img decoding=\"async\" width=\"1199\" height=\"351\" alt=\"Oil platform in the sea\" title=\"Plateforme petroliere dans la mer-min\" src=\"https:\/\/www.mdresistor.com\/wp-content\/uploads\/2020\/12\/Plateforme-petroliere-dans-la-mer-min.jpg\" class=\"img-responsive wp-image-3612 \" srcset=\"https:\/\/www.mdresistor.com\/wp-content\/uploads\/2020\/12\/Plateforme-petroliere-dans-la-mer-min-200x59.jpg 200w, https:\/\/www.mdresistor.com\/wp-content\/uploads\/2020\/12\/Plateforme-petroliere-dans-la-mer-min-400x117.jpg 400w, https:\/\/www.mdresistor.com\/wp-content\/uploads\/2020\/12\/Plateforme-petroliere-dans-la-mer-min-600x176.jpg 600w, https:\/\/www.mdresistor.com\/wp-content\/uploads\/2020\/12\/Plateforme-petroliere-dans-la-mer-min-800x234.jpg 800w, https:\/\/www.mdresistor.com\/wp-content\/uploads\/2020\/12\/Plateforme-petroliere-dans-la-mer-min.jpg 1199w\" sizes=\"(max-width: 1024px) 100vw, (max-width: 640px) 100vw, 1199px\" \/><\/span><\/div><div class=\"fusion-text fusion-text-5\" style=\"--awb-content-alignment:left;\"><h3>Discharge bank for battery packs<\/h3>\n<p>The systematic presence of batteries on board ships or submarines requires assiduous maintenance.<\/p>\n<p>The<a href=\"https:\/\/www.mdresistor.com\/en\/battery-discharge-bank\/\">battery packs<\/a> must be regularly discharged. METAL DEPLOYE RESISTOR discharge banks allow working either at constant power or at constant current, depending on the use.<\/p>\n<\/div><\/div><\/div><\/div><\/div><div class=\"fusion-fullwidth fullwidth-box fusion-builder-row-4 fusion-flex-container nonhundred-percent-fullwidth non-hundred-percent-height-scrolling container-blanc\" style=\"--awb-border-radius-top-left:0px;--awb-border-radius-top-right:0px;--awb-border-radius-bottom-right:0px;--awb-border-radius-bottom-left:0px;--awb-flex-wrap:wrap;\" ><div class=\"fusion-builder-row fusion-row fusion-flex-align-items-center fusion-flex-justify-content-center fusion-flex-content-wrap\" style=\"max-width:1040px;margin-left: calc(-4% \/ 2 );margin-right: calc(-4% \/ 2 );\"><div class=\"fusion-layout-column fusion_builder_column fusion-builder-column-4 fusion_builder_column_1_1 1_1 fusion-flex-column\" style=\"--awb-bg-size:cover;--awb-width-large:100%;--awb-margin-top-large:0px;--awb-spacing-right-large:1.92%;--awb-margin-bottom-large:10px;--awb-spacing-left-large:1.92%;--awb-width-medium:100%;--awb-order-medium:0;--awb-spacing-right-medium:1.92%;--awb-spacing-left-medium:1.92%;--awb-width-small:100%;--awb-order-small:0;--awb-spacing-right-small:1.92%;--awb-spacing-left-small:1.92%;\"><div class=\"fusion-column-wrapper fusion-column-has-shadow fusion-flex-justify-content-flex-start fusion-content-layout-column\"><div class=\"fusion-text fusion-text-6\" style=\"--awb-content-alignment:center;\"><h2>Companies in the marine sector already trust us<\/h2>\n<\/div><div class=\"fusion-text fusion-text-7\" style=\"--awb-content-alignment:left;\"><p>In France and internationally, M\u00c9TAL D\u00c9PLOY\u00c9 RESISTOR works alongside all applications in the marine environment, while respecting their environmental constraints.<\/p>\n<\/div><\/div><\/div><div class=\"fusion-layout-column fusion_builder_column fusion-builder-column-5 fusion_builder_column_1_1 1_1 fusion-flex-column margin-bottom-20\" style=\"--awb-bg-size:cover;--awb-width-large:100%;--awb-margin-top-large:0px;--awb-spacing-right-large:1.92%;--awb-margin-bottom-large:10px;--awb-spacing-left-large:1.92%;--awb-width-medium:100%;--awb-order-medium:0;--awb-spacing-right-medium:1.92%;--awb-spacing-left-medium:1.92%;--awb-width-small:100%;--awb-order-small:0;--awb-spacing-right-small:1.92%;--awb-spacing-left-small:1.92%;\"><div class=\"fusion-column-wrapper fusion-column-has-shadow fusion-flex-justify-content-flex-start fusion-content-layout-column\">\n<div class=\"table-1 margin-bottom-20\">\n<table width=\"100%\">\n<thead>\n<tr>\n<th style=\"text-align: center;\" align=\"left\">105<br \/> country of intervention<\/th>\n<th style=\"text-align: center;\" align=\"left\">3,707<br \/> projects implemented<\/th>\n<th style=\"text-align: center;\" align=\"left\">1,507<br \/> international clients<\/th>\n<\/tr>\n<\/thead>\n<\/table>\n<\/div>\n<\/div><\/div>\n<div class=\"fusion-layout-column fusion_builder_column fusion-builder-column-6 fusion_builder_column_4_5 4_5 fusion-flex-column mise-en-avant-mdr\" style=\"--awb-bg-size:cover;--awb-width-large:80%;--awb-margin-top-large:5%;--awb-spacing-right-large:2.4%;--awb-margin-bottom-large:10px;--awb-spacing-left-large:2.4%;--awb-width-medium:100%;--awb-order-medium:0;--awb-spacing-right-medium:1.92%;--awb-spacing-left-medium:1.92%;--awb-width-small:100%;--awb-order-small:0;--awb-spacing-right-small:1.92%;--awb-spacing-left-small:1.92%;\" data-scroll-devices=\"small-visibility,medium-visibility,large-visibility\"><div class=\"fusion-column-wrapper fusion-column-has-shadow fusion-flex-justify-content-flex-start fusion-content-layout-column\"><div class=\"fusion-text fusion-text-8 white\" style=\"--awb-content-alignment:center;\"><p>French design and manufacture<br \/> World leader in custom resistors<\/p>\n<\/div><div style=\"text-align:center;\"><a class=\"fusion-button button-flat fusion-button-default-size button-default fusion-button-default button-2 fusion-button-default-span fusion-button-default-type\" target=\"_self\" href=\"https:\/\/www.mdresistor.com\/en\/contact\/\"><span class=\"fusion-button-text awb-button__text awb-button__text--default\">Receive a personalized quote within 24 hours<\/span><\/a><\/div><\/div><\/div>\n<\/div><\/div><div class=\"fusion-fullwidth fullwidth-box fusion-builder-row-5 fusion-flex-container nonhundred-percent-fullwidth non-hundred-percent-height-scrolling container-gris\" style=\"--awb-border-radius-top-left:0px;--awb-border-radius-top-right:0px;--awb-border-radius-bottom-right:0px;--awb-border-radius-bottom-left:0px;--awb-flex-wrap:wrap;\" ><div class=\"fusion-builder-row fusion-row fusion-flex-align-items-center fusion-flex-justify-content-center fusion-flex-content-wrap\" style=\"max-width:1040px;margin-left: calc(-4% \/ 2 );margin-right: calc(-4% \/ 2 );\"><div class=\"fusion-layout-column fusion_builder_column fusion-builder-column-7 fusion_builder_column_1_1 1_1 fusion-flex-column\" style=\"--awb-bg-size:cover;--awb-width-large:100%;--awb-margin-top-large:0px;--awb-spacing-right-large:1.92%;--awb-margin-bottom-large:10px;--awb-spacing-left-large:1.92%;--awb-width-medium:100%;--awb-order-medium:0;--awb-spacing-right-medium:1.92%;--awb-spacing-left-medium:1.92%;--awb-width-small:100%;--awb-order-small:0;--awb-spacing-right-small:1.92%;--awb-spacing-left-small:1.92%;\"><div class=\"fusion-column-wrapper fusion-column-has-shadow fusion-flex-justify-content-flex-start fusion-content-layout-column\"><div class=\"fusion-text fusion-text-9\" style=\"--awb-content-alignment:center;\"><h2>A range of products in response to the needs of the navy<\/h2>\n<\/div><div class=\"fusion-text fusion-text-10\" style=\"--awb-content-alignment:left;\"><p>DEPLOYED METAL RESISTOR meets all types of needs thanks to its complete, robust and compact range of load and discharge banks.<\/p>\n<p>When does your experience with METAL DEPLOYE RESISTOR begin?<\/p>\n<\/div><\/div><\/div><\/div><\/div><\/p>\n","protected":false},"excerpt":{"rendered":"","protected":false},"author":1,"featured_media":0,"parent":0,"menu_order":0,"comment_status":"closed","ping_status":"closed","template":"100-width.php","meta":{"footnotes":""},"class_list":["post-4900","page","type-page","status-publish","hentry"],"yoast_head":"<!-- This site is optimized with the Yoast SEO plugin v27.5 - https:\/\/yoast.com\/product\/yoast-seo-wordpress\/ -->\n<title>Maritime industries \/ Offshore<\/title>\n<meta name=\"robots\" content=\"index, follow, max-snippet:-1, max-image-preview:large, max-video-preview:-1\" \/>\n<link rel=\"canonical\" href=\"https:\/\/www.mdresistor.com\/en\/marine-2\/\" \/>\n<meta property=\"og:locale\" content=\"en_US\" \/>\n<meta property=\"og:type\" content=\"article\" \/>\n<meta property=\"og:title\" content=\"Maritime industries \/ Offshore\" \/>\n<meta property=\"og:url\" content=\"https:\/\/www.mdresistor.com\/en\/marine-2\/\" \/>\n<meta property=\"og:site_name\" content=\"MDResistor\" \/>\n<meta property=\"article:modified_time\" content=\"2021-02-01T09:21:41+00:00\" \/>\n<meta name=\"twitter:card\" content=\"summary_large_image\" \/>\n<meta name=\"twitter:label1\" content=\"Est. reading time\" \/>\n\t<meta name=\"twitter:data1\" content=\"19 minutes\" \/>\n<script type=\"application\/ld+json\" class=\"yoast-schema-graph\">{\"@context\":\"https:\\\/\\\/schema.org\",\"@graph\":[{\"@type\":\"WebPage\",\"@id\":\"https:\\\/\\\/www.mdresistor.com\\\/en\\\/marine-2\\\/\",\"url\":\"https:\\\/\\\/www.mdresistor.com\\\/en\\\/marine-2\\\/\",\"name\":\"Maritime industries \\\/ Offshore\",\"isPartOf\":{\"@id\":\"https:\\\/\\\/www.mdresistor.com\\\/en\\\/#website\"},\"datePublished\":\"2020-12-04T17:04:07+00:00\",\"dateModified\":\"2021-02-01T09:21:41+00:00\",\"inLanguage\":\"en-US\",\"potentialAction\":[{\"@type\":\"ReadAction\",\"target\":[\"https:\\\/\\\/www.mdresistor.com\\\/en\\\/marine-2\\\/\"]}]},{\"@type\":\"WebSite\",\"@id\":\"https:\\\/\\\/www.mdresistor.com\\\/en\\\/#website\",\"url\":\"https:\\\/\\\/www.mdresistor.com\\\/en\\\/\",\"name\":\"MDResistor\",\"description\":\"\",\"potentialAction\":[{\"@type\":\"SearchAction\",\"target\":{\"@type\":\"EntryPoint\",\"urlTemplate\":\"https:\\\/\\\/www.mdresistor.com\\\/en\\\/?s={search_term_string}\"},\"query-input\":{\"@type\":\"PropertyValueSpecification\",\"valueRequired\":true,\"valueName\":\"search_term_string\"}}],\"inLanguage\":\"en-US\"}]}<\/script>\n<!-- \/ Yoast SEO plugin. -->","yoast_head_json":{"title":"Maritime industries \/ Offshore","robots":{"index":"index","follow":"follow","max-snippet":"max-snippet:-1","max-image-preview":"max-image-preview:large","max-video-preview":"max-video-preview:-1"},"canonical":"https:\/\/www.mdresistor.com\/en\/marine-2\/","og_locale":"en_US","og_type":"article","og_title":"Maritime industries \/ Offshore","og_url":"https:\/\/www.mdresistor.com\/en\/marine-2\/","og_site_name":"MDResistor","article_modified_time":"2021-02-01T09:21:41+00:00","twitter_card":"summary_large_image","twitter_misc":{"Est. reading time":"19 minutes"},"schema":{"@context":"https:\/\/schema.org","@graph":[{"@type":"WebPage","@id":"https:\/\/www.mdresistor.com\/en\/marine-2\/","url":"https:\/\/www.mdresistor.com\/en\/marine-2\/","name":"Maritime industries \/ Offshore","isPartOf":{"@id":"https:\/\/www.mdresistor.com\/en\/#website"},"datePublished":"2020-12-04T17:04:07+00:00","dateModified":"2021-02-01T09:21:41+00:00","inLanguage":"en-US","potentialAction":[{"@type":"ReadAction","target":["https:\/\/www.mdresistor.com\/en\/marine-2\/"]}]},{"@type":"WebSite","@id":"https:\/\/www.mdresistor.com\/en\/#website","url":"https:\/\/www.mdresistor.com\/en\/","name":"MDResistor","description":"","potentialAction":[{"@type":"SearchAction","target":{"@type":"EntryPoint","urlTemplate":"https:\/\/www.mdresistor.com\/en\/?s={search_term_string}"},"query-input":{"@type":"PropertyValueSpecification","valueRequired":true,"valueName":"search_term_string"}}],"inLanguage":"en-US"}]}},"_links":{"self":[{"href":"https:\/\/www.mdresistor.com\/en\/wp-json\/wp\/v2\/pages\/4900","targetHints":{"allow":["GET"]}}],"collection":[{"href":"https:\/\/www.mdresistor.com\/en\/wp-json\/wp\/v2\/pages"}],"about":[{"href":"https:\/\/www.mdresistor.com\/en\/wp-json\/wp\/v2\/types\/page"}],"author":[{"embeddable":true,"href":"https:\/\/www.mdresistor.com\/en\/wp-json\/wp\/v2\/users\/1"}],"replies":[{"embeddable":true,"href":"https:\/\/www.mdresistor.com\/en\/wp-json\/wp\/v2\/comments?post=4900"}],"version-history":[{"count":5,"href":"https:\/\/www.mdresistor.com\/en\/wp-json\/wp\/v2\/pages\/4900\/revisions"}],"predecessor-version":[{"id":5966,"href":"https:\/\/www.mdresistor.com\/en\/wp-json\/wp\/v2\/pages\/4900\/revisions\/5966"}],"wp:attachment":[{"href":"https:\/\/www.mdresistor.com\/en\/wp-json\/wp\/v2\/media?parent=4900"}],"curies":[{"name":"wp","href":"https:\/\/api.w.org\/{rel}","templated":true}]}}