{"id":7215,"date":"2019-12-04T19:57:50","date_gmt":"2019-12-04T18:57:50","guid":{"rendered":"https:\/\/www.mdresistor.com\/blog\/"},"modified":"2022-02-08T17:04:11","modified_gmt":"2022-02-08T16:04:11","slug":"blog","status":"publish","type":"page","link":"https:\/\/www.mdresistor.com\/es\/blog\/","title":{"rendered":"Blog"},"content":{"rendered":"<div class=\"fusion-fullwidth fullwidth-box fusion-builder-row-1 nonhundred-percent-fullwidth non-hundred-percent-height-scrolling fusion-equal-height-columns\" style=\"--awb-border-radius-top-left:0px;--awb-border-radius-top-right:0px;--awb-border-radius-bottom-right:0px;--awb-border-radius-bottom-left:0px;--awb-padding-top:29px;--awb-padding-bottom:30px;--awb-background-color:#ffffff;--awb-flex-wrap:wrap;\" ><div class=\"fusion-builder-row fusion-row\"><div class=\"fusion-layout-column fusion_builder_column fusion-builder-column-0 fusion_builder_column_1_1 1_1 fusion-one-full fusion-column-first fusion-column-last fusion-column-no-min-height\" style=\"--awb-bg-size:cover;\"><div class=\"fusion-column-wrapper fusion-column-has-shadow fusion-flex-column-wrapper-legacy\"><div class=\"fusion-blog-shortcode fusion-blog-shortcode-1 fusion-blog-archive fusion-blog-layout-grid-wrapper fusion-blog-infinite\"><style type=\"text\/css\">.fusion-blog-shortcode-1 .fusion-blog-layout-grid .fusion-post-grid{padding:20px;}.fusion-blog-shortcode-1 .fusion-posts-container{margin-left: -20px !important; margin-right:-20px !important;}<\/style><div class=\"fusion-posts-container fusion-posts-container-infinite fusion-posts-container-load-more fusion-blog-layout-grid fusion-blog-layout-grid-3 isotope\" data-pages=\"4\" data-grid-col-space=\"40\" style=\"margin: -20px -20px 0;min-height:500px;\"><article id=\"blog-1-post-10681\" class=\"fusion-post-grid post-10681 post type-post status-publish format-standard has-post-thumbnail hentry category-bancos-de-carga\">\n<div class=\"fusion-post-wrapper\" style=\"background-color:rgba(255,255,255,0);border:1px solid #ebeaea;border-bottom-width:3px;\">\n\n\t\t\t<div class=\"fusion-flexslider flexslider fusion-flexslider-loading fusion-post-slideshow\" style=\"border-color:#ebeaea;\">\n\t\t<ul class=\"slides\">\n\t\t\t\n\t\t\t\t\t\t\t\t\t\t\t\t\t\t<li><div  class=\"fusion-image-wrapper\" aria-haspopup=\"true\">\n\t\t\t\t\t\t\t<a href=\"https:\/\/www.mdresistor.com\/es\/como-contribuyen-los-bancos-de-carga-a-la-estabilidad-de-la-red-electrica\/\" aria-label=\"\u00bfC\u00f3mo contribuyen los bancos de carga a la estabilidad de la red el\u00e9ctrica?\">\n\t\t\t\t\t\t\t<img decoding=\"async\" width=\"600\" height=\"300\" src=\"https:\/\/www.mdresistor.com\/wp-content\/uploads\/2024\/07\/bancs-de-charge-stabilite-du-reseau-electrique-1.png\" class=\"attachment-full size-full wp-post-image\" alt=\"\" srcset=\"https:\/\/www.mdresistor.com\/wp-content\/uploads\/2024\/07\/bancs-de-charge-stabilite-du-reseau-electrique-1-200x100.png 200w, https:\/\/www.mdresistor.com\/wp-content\/uploads\/2024\/07\/bancs-de-charge-stabilite-du-reseau-electrique-1-400x200.png 400w, https:\/\/www.mdresistor.com\/wp-content\/uploads\/2024\/07\/bancs-de-charge-stabilite-du-reseau-electrique-1.png 600w\" sizes=\"(min-width: 2200px) 100vw, (min-width: 784px) 307px, (min-width: 712px) 460px, (min-width: 640px) 712px, \" \/>\t\t\t<\/a>\n\t\t\t\t\t\t\t<\/div>\n<\/li>\n\t\t\t\n\t\t\t\n\t\t\t\t\t\t\t\t\t\t\t\t\t\t\t\t\t\t\t\t\t\t\t\t\t\t\t\t\t\t\t\t\t\t\t\t\t\t\t\t\t\t\t\t\t\t\t\t\t\t\t\t\t\t\t\t\t\t\t\t\t\t\t\t\t\t\t\t<\/ul>\n\t<\/div>\n\t<div class=\"fusion-post-content-wrapper\" style=\"padding:30px 25px 20px 25px;\"><div class=\"fusion-post-content post-content\"><h2 class=\"blog-shortcode-post-title entry-title\">\u00bfC\u00f3mo contribuyen los bancos de carga a la estabilidad de la red el\u00e9ctrica?<\/h2><p class=\"fusion-single-line-meta\"><span class=\"updated\" style=\"display:none;\">2024-07-04T14:13:50+02:00<\/span><span>3 julio 2024<\/span><span class=\"fusion-inline-sep\">|<\/span><a href=\"https:\/\/www.mdresistor.com\/es\/a-la-une\/bancos-de-carga\/\" rel=\"category tag\">Bancos de carga<\/a><span class=\"fusion-inline-sep\">|<\/span><\/p><div class=\"fusion-content-sep sep-double sep-solid\"><\/div><div class=\"fusion-post-content-container\"><p> La transici\u00f3n energ\u00e9tica hacia fuentes de energ\u00eda renovables como la solar y la e\u00f3lica, aunque esencial para un futuro sostenible, plantea [...]<\/p><\/div><\/div><div class=\"fusion-meta-info\"><div class=\"fusion-alignleft\"><a class=\"fusion-read-more\" href=\"https:\/\/www.mdresistor.com\/es\/como-contribuyen-los-bancos-de-carga-a-la-estabilidad-de-la-red-electrica\/\" aria-label=\"More on \u00bfC\u00f3mo contribuyen los bancos de carga a la estabilidad de la red el\u00e9ctrica?\">Read More<\/a><\/div><\/div><\/div><div class=\"fusion-clearfix\"><\/div><\/div>\n<\/article>\n<article id=\"blog-1-post-10252\" class=\"fusion-post-grid post-10252 post type-post status-publish format-standard has-post-thumbnail hentry category-noticias-de-la-resistencia category-resistencia-de-filtro\">\n<div class=\"fusion-post-wrapper\" style=\"background-color:rgba(255,255,255,0);border:1px solid #ebeaea;border-bottom-width:3px;\">\n\n\t\t\t<div class=\"fusion-flexslider flexslider fusion-flexslider-loading fusion-post-slideshow\" style=\"border-color:#ebeaea;\">\n\t\t<ul class=\"slides\">\n\t\t\t\n\t\t\t\t\t\t\t\t\t\t\t\t\t\t<li><div  class=\"fusion-image-wrapper\" aria-haspopup=\"true\">\n\t\t\t\t\t\t\t<a href=\"https:\/\/www.mdresistor.com\/es\/resistencia-de-filtracion-de-diseno-de-viento-en-resistencia-desplegada-en-metal\/\" aria-label=\"Energ\u00eda e\u00f3lica: \u00bfc\u00f3mo se realiza el dise\u00f1o de una resistencia de filtro en METAL DEPLOYE RESISTOR?\">\n\t\t\t\t\t\t\t<img decoding=\"async\" width=\"597\" height=\"427\" src=\"https:\/\/www.mdresistor.com\/wp-content\/uploads\/2023\/11\/eolien-illustration-article-MDR-22.jpg\" class=\"attachment-full size-full wp-post-image\" alt=\"Eolien : comment se d\u00e9roule la conception d\u2019une r\u00e9sistance de filtrage chez METAL DEPLOYE RESISTOR ?\" srcset=\"https:\/\/www.mdresistor.com\/wp-content\/uploads\/2023\/11\/eolien-illustration-article-MDR-22-200x143.jpg 200w, https:\/\/www.mdresistor.com\/wp-content\/uploads\/2023\/11\/eolien-illustration-article-MDR-22-400x286.jpg 400w, https:\/\/www.mdresistor.com\/wp-content\/uploads\/2023\/11\/eolien-illustration-article-MDR-22.jpg 597w\" sizes=\"(min-width: 2200px) 100vw, (min-width: 784px) 307px, (min-width: 712px) 460px, (min-width: 640px) 712px, \" \/>\t\t\t<\/a>\n\t\t\t\t\t\t\t<\/div>\n<\/li>\n\t\t\t\n\t\t\t\n\t\t\t\t\t\t\t\t\t\t\t\t\t\t\t\t\t\t\t\t\t\t\t\t\t\t\t\t\t\t\t\t\t\t\t\t\t\t\t\t\t\t\t\t\t\t\t\t\t\t\t\t\t\t\t\t\t\t\t\t\t\t\t\t\t\t\t\t<\/ul>\n\t<\/div>\n\t<div class=\"fusion-post-content-wrapper\" style=\"padding:30px 25px 20px 25px;\"><div class=\"fusion-post-content post-content\"><h2 class=\"blog-shortcode-post-title entry-title\">Energ\u00eda e\u00f3lica: \u00bfc\u00f3mo se realiza el dise\u00f1o de una resistencia de filtro en METAL DEPLOYE RESISTOR?<\/h2><p class=\"fusion-single-line-meta\"><span class=\"updated\" style=\"display:none;\">2023-11-22T21:06:18+01:00<\/span><span>21 noviembre 2023<\/span><span class=\"fusion-inline-sep\">|<\/span><a href=\"https:\/\/www.mdresistor.com\/es\/a-la-une\/noticias-de-la-resistencia\/\" rel=\"category tag\">noticias de la resistencia<\/a>, <a href=\"https:\/\/www.mdresistor.com\/es\/a-la-une\/resistencia-de-filtro\/\" rel=\"category tag\">Resistencia de filtro<\/a><span class=\"fusion-inline-sep\">|<\/span><\/p><div class=\"fusion-content-sep sep-double sep-solid\"><\/div><div class=\"fusion-post-content-container\"><p>Experiencia avanzada necesaria para fabricar resistencias para energ\u00edas renovables (EnR) Las resistencias, especialmente para la energ\u00eda e\u00f3lica, son un nicho de mercado. [...]<\/p><\/div><\/div><div class=\"fusion-meta-info\"><div class=\"fusion-alignleft\"><a class=\"fusion-read-more\" href=\"https:\/\/www.mdresistor.com\/es\/resistencia-de-filtracion-de-diseno-de-viento-en-resistencia-desplegada-en-metal\/\" aria-label=\"More on Energ\u00eda e\u00f3lica: \u00bfc\u00f3mo se realiza el dise\u00f1o de una resistencia de filtro en METAL DEPLOYE RESISTOR?\">Read More<\/a><\/div><\/div><\/div><div class=\"fusion-clearfix\"><\/div><\/div>\n<\/article>\n<article id=\"blog-1-post-10257\" class=\"fusion-post-grid post-10257 post type-post status-publish format-standard has-post-thumbnail hentry category-noticias-de-la-resistencia category-resistencia-de-filtro\">\n<div class=\"fusion-post-wrapper\" style=\"background-color:rgba(255,255,255,0);border:1px solid #ebeaea;border-bottom-width:3px;\">\n\n\t\t\t<div class=\"fusion-flexslider flexslider fusion-flexslider-loading fusion-post-slideshow\" style=\"border-color:#ebeaea;\">\n\t\t<ul class=\"slides\">\n\t\t\t\n\t\t\t\t\t\t\t\t\t\t\t\t\t\t<li><div  class=\"fusion-image-wrapper\" aria-haspopup=\"true\">\n\t\t\t\t\t\t\t<a href=\"https:\/\/www.mdresistor.com\/es\/resistencias-a-la-energia-eolica-marina-que-especificidades\/\" aria-label=\"Resistencias de potencia y energ\u00eda e\u00f3lica marina: \u00bfcu\u00e1les son las especificidades?\">\n\t\t\t\t\t\t\t<img decoding=\"async\" width=\"597\" height=\"427\" src=\"https:\/\/www.mdresistor.com\/wp-content\/uploads\/2023\/11\/eolien-illustration-article-MDR-12.jpg\" class=\"attachment-full size-full wp-post-image\" alt=\"R\u00e9sistances de puissance et \u00e9olien offshore : quelles sp\u00e9cificit\u00e9s ?\" srcset=\"https:\/\/www.mdresistor.com\/wp-content\/uploads\/2023\/11\/eolien-illustration-article-MDR-12-200x143.jpg 200w, https:\/\/www.mdresistor.com\/wp-content\/uploads\/2023\/11\/eolien-illustration-article-MDR-12-400x286.jpg 400w, https:\/\/www.mdresistor.com\/wp-content\/uploads\/2023\/11\/eolien-illustration-article-MDR-12.jpg 597w\" sizes=\"(min-width: 2200px) 100vw, (min-width: 784px) 307px, (min-width: 712px) 460px, (min-width: 640px) 712px, \" \/>\t\t\t<\/a>\n\t\t\t\t\t\t\t<\/div>\n<\/li>\n\t\t\t\n\t\t\t\n\t\t\t\t\t\t\t\t\t\t\t\t\t\t\t\t\t\t\t\t\t\t\t\t\t\t\t\t\t\t\t\t\t\t\t\t\t\t\t\t\t\t\t\t\t\t\t\t\t\t\t\t\t\t\t\t\t\t\t\t\t\t\t\t\t\t\t\t<\/ul>\n\t<\/div>\n\t<div class=\"fusion-post-content-wrapper\" style=\"padding:30px 25px 20px 25px;\"><div class=\"fusion-post-content post-content\"><h2 class=\"blog-shortcode-post-title entry-title\">Resistencias de potencia y energ\u00eda e\u00f3lica marina: \u00bfcu\u00e1les son las especificidades?<\/h2><p class=\"fusion-single-line-meta\"><span class=\"updated\" style=\"display:none;\">2023-11-22T20:54:55+01:00<\/span><span>21 noviembre 2023<\/span><span class=\"fusion-inline-sep\">|<\/span><a href=\"https:\/\/www.mdresistor.com\/es\/a-la-une\/noticias-de-la-resistencia\/\" rel=\"category tag\">noticias de la resistencia<\/a>, <a href=\"https:\/\/www.mdresistor.com\/es\/a-la-une\/resistencia-de-filtro\/\" rel=\"category tag\">Resistencia de filtro<\/a><span class=\"fusion-inline-sep\">|<\/span><\/p><div class=\"fusion-content-sep sep-double sep-solid\"><\/div><div class=\"fusion-post-content-container\"><p>El mercado de las energ\u00edas renovables est\u00e1 en auge y supone un gran desaf\u00edo en la lucha contra el cambio clim\u00e1tico . [...]<\/p><\/div><\/div><div class=\"fusion-meta-info\"><div class=\"fusion-alignleft\"><a class=\"fusion-read-more\" href=\"https:\/\/www.mdresistor.com\/es\/resistencias-a-la-energia-eolica-marina-que-especificidades\/\" aria-label=\"More on Resistencias de potencia y energ\u00eda e\u00f3lica marina: \u00bfcu\u00e1les son las especificidades?\">Read More<\/a><\/div><\/div><\/div><div class=\"fusion-clearfix\"><\/div><\/div>\n<\/article>\n<article id=\"blog-1-post-10071\" class=\"fusion-post-grid post-10071 post type-post status-publish format-standard has-post-thumbnail hentry category-estudio-de-caso\">\n<div class=\"fusion-post-wrapper\" style=\"background-color:rgba(255,255,255,0);border:1px solid #ebeaea;border-bottom-width:3px;\">\n\n\t\t\t<div class=\"fusion-flexslider flexslider fusion-flexslider-loading fusion-post-slideshow\" style=\"border-color:#ebeaea;\">\n\t\t<ul class=\"slides\">\n\t\t\t\n\t\t\t\t\t\t\t\t\t\t\t\t\t\t<li><div  class=\"fusion-image-wrapper\" aria-haspopup=\"true\">\n\t\t\t\t\t\t\t<a href=\"https:\/\/www.mdresistor.com\/es\/testimonio-cliente-reunion-kohler-necesidades-restricciones-pruebas-verificaciones-fuentes-de-energia-electrica-centro-de-datos\/\" aria-label=\"Testimonio de cliente: \u00bfC\u00f3mo satisfacer las necesidades y limitaciones de prueba y verificaci\u00f3n de fuentes de energ\u00eda el\u00e9ctrica para un operador de Centro de Datos?\">\n\t\t\t\t\t\t\t<img decoding=\"async\" width=\"800\" height=\"640\" src=\"https:\/\/www.mdresistor.com\/wp-content\/uploads\/2023\/09\/Kohler-Energy-Image-800x640-1.jpg\" class=\"attachment-full size-full wp-post-image\" alt=\"temoignage-client-kohler-banc-charge-data-center\" srcset=\"https:\/\/www.mdresistor.com\/wp-content\/uploads\/2023\/09\/Kohler-Energy-Image-800x640-1-200x160.jpg 200w, https:\/\/www.mdresistor.com\/wp-content\/uploads\/2023\/09\/Kohler-Energy-Image-800x640-1-400x320.jpg 400w, https:\/\/www.mdresistor.com\/wp-content\/uploads\/2023\/09\/Kohler-Energy-Image-800x640-1-600x480.jpg 600w, https:\/\/www.mdresistor.com\/wp-content\/uploads\/2023\/09\/Kohler-Energy-Image-800x640-1.jpg 800w\" sizes=\"(min-width: 2200px) 100vw, (min-width: 784px) 307px, (min-width: 712px) 460px, (min-width: 640px) 712px, \" \/>\t\t\t<\/a>\n\t\t\t\t\t\t\t<\/div>\n<\/li>\n\t\t\t\n\t\t\t\n\t\t\t\t\t\t\t\t\t\t\t\t\t\t\t\t\t\t\t\t\t\t\t\t\t\t\t\t\t\t\t\t\t\t\t\t\t\t\t\t\t\t\t\t\t\t\t\t\t\t\t\t\t\t\t\t\t\t\t\t\t\t\t\t\t\t\t\t<\/ul>\n\t<\/div>\n\t<div class=\"fusion-post-content-wrapper\" style=\"padding:30px 25px 20px 25px;\"><div class=\"fusion-post-content post-content\"><h2 class=\"blog-shortcode-post-title entry-title\">Testimonio de cliente: \u00bfC\u00f3mo satisfacer las necesidades y limitaciones de prueba y verificaci\u00f3n de fuentes de energ\u00eda el\u00e9ctrica para un operador de Centro de Datos?<\/h2><p class=\"fusion-single-line-meta\"><span class=\"updated\" style=\"display:none;\">2023-10-10T16:42:33+02:00<\/span><span>7 septiembre 2023<\/span><span class=\"fusion-inline-sep\">|<\/span><a href=\"https:\/\/www.mdresistor.com\/es\/a-la-une\/estudio-de-caso\/\" rel=\"category tag\">Estudio de caso<\/a><span class=\"fusion-inline-sep\">|<\/span><\/p><div class=\"fusion-content-sep sep-double sep-solid\"><\/div><div class=\"fusion-post-content-container\"><p> Testimonio de RC, director de proyectos de KOHLER     Contexto KOHLER busca un banco de carga para uno [...]<\/p><\/div><\/div><div class=\"fusion-meta-info\"><div class=\"fusion-alignleft\"><a class=\"fusion-read-more\" href=\"https:\/\/www.mdresistor.com\/es\/testimonio-cliente-reunion-kohler-necesidades-restricciones-pruebas-verificaciones-fuentes-de-energia-electrica-centro-de-datos\/\" aria-label=\"More on Testimonio de cliente: \u00bfC\u00f3mo satisfacer las necesidades y limitaciones de prueba y verificaci\u00f3n de fuentes de energ\u00eda el\u00e9ctrica para un operador de Centro de Datos?\">Read More<\/a><\/div><\/div><\/div><div class=\"fusion-clearfix\"><\/div><\/div>\n<\/article>\n<article id=\"blog-1-post-8177\" class=\"fusion-post-grid post-8177 post type-post status-publish format-standard has-post-thumbnail hentry category-resistencia-de-filtro\">\n<div class=\"fusion-post-wrapper\" style=\"background-color:rgba(255,255,255,0);border:1px solid #ebeaea;border-bottom-width:3px;\">\n\n\t\t\t<div class=\"fusion-flexslider flexslider fusion-flexslider-loading fusion-post-slideshow\" style=\"border-color:#ebeaea;\">\n\t\t<ul class=\"slides\">\n\t\t\t\n\t\t\t\t\t\t\t\t\t\t\t\t\t\t<li><div  class=\"fusion-image-wrapper\" aria-haspopup=\"true\">\n\t\t\t\t\t\t\t<a href=\"https:\/\/www.mdresistor.com\/es\/supresor-de-sobretensiones-transitorias-zorc\/\" aria-label=\"ZORC: supresor de sobretensiones transitorias\">\n\t\t\t\t\t\t\t<img decoding=\"async\" width=\"600\" height=\"400\" src=\"https:\/\/www.mdresistor.com\/wp-content\/uploads\/2022\/05\/ZORC-moyenne-tension-600x400-1.jpeg\" class=\"attachment-full size-full wp-post-image\" alt=\"\" srcset=\"https:\/\/www.mdresistor.com\/wp-content\/uploads\/2022\/05\/ZORC-moyenne-tension-600x400-1-200x133.jpeg 200w, https:\/\/www.mdresistor.com\/wp-content\/uploads\/2022\/05\/ZORC-moyenne-tension-600x400-1-400x267.jpeg 400w, https:\/\/www.mdresistor.com\/wp-content\/uploads\/2022\/05\/ZORC-moyenne-tension-600x400-1.jpeg 600w\" sizes=\"(min-width: 2200px) 100vw, (min-width: 784px) 307px, (min-width: 712px) 460px, (min-width: 640px) 712px, \" \/>\t\t\t<\/a>\n\t\t\t\t\t\t\t<\/div>\n<\/li>\n\t\t\t\n\t\t\t\n\t\t\t\t\t\t\t\t\t\t\t\t\t\t\t\t\t\t\t\t\t\t\t\t\t\t\t\t\t\t\t\t\t\t\t\t\t\t\t\t\t\t\t\t\t\t\t\t\t\t\t\t\t\t\t\t\t\t\t\t\t\t\t\t\t\t\t\t<\/ul>\n\t<\/div>\n\t<div class=\"fusion-post-content-wrapper\" style=\"padding:30px 25px 20px 25px;\"><div class=\"fusion-post-content post-content\"><h2 class=\"blog-shortcode-post-title entry-title\">ZORC: supresor de sobretensiones transitorias<\/h2><p class=\"fusion-single-line-meta\"><span class=\"updated\" style=\"display:none;\">2022-06-22T18:49:25+02:00<\/span><span>18 mayo 2022<\/span><span class=\"fusion-inline-sep\">|<\/span><a href=\"https:\/\/www.mdresistor.com\/es\/a-la-une\/resistencia-de-filtro\/\" rel=\"category tag\">Resistencia de filtro<\/a><span class=\"fusion-inline-sep\">|<\/span><\/p><div class=\"fusion-content-sep sep-double sep-solid\"><\/div><div class=\"fusion-post-content-container\"><p> El ZORC es un exclusivo supresor de sobretensiones transitorias de alta frecuencia destinado a la protecci\u00f3n de motores, transformadores y generadores [...]<\/p><\/div><\/div><div class=\"fusion-meta-info\"><div class=\"fusion-alignleft\"><a class=\"fusion-read-more\" href=\"https:\/\/www.mdresistor.com\/es\/supresor-de-sobretensiones-transitorias-zorc\/\" aria-label=\"More on ZORC: supresor de sobretensiones transitorias\">Read More<\/a><\/div><\/div><\/div><div class=\"fusion-clearfix\"><\/div><\/div>\n<\/article>\n<article id=\"blog-1-post-7962\" class=\"fusion-post-grid post-7962 post type-post status-publish format-standard has-post-thumbnail hentry category-bancos-de-carga\">\n<div class=\"fusion-post-wrapper\" style=\"background-color:rgba(255,255,255,0);border:1px solid #ebeaea;border-bottom-width:3px;\">\n\n\t\t\t<div class=\"fusion-flexslider flexslider fusion-flexslider-loading fusion-post-slideshow\" style=\"border-color:#ebeaea;\">\n\t\t<ul class=\"slides\">\n\t\t\t\n\t\t\t\t\t\t\t\t\t\t\t\t\t\t<li><div  class=\"fusion-image-wrapper\" aria-haspopup=\"true\">\n\t\t\t\t\t\t\t<a href=\"https:\/\/www.mdresistor.com\/es\/en-vivo-desde-la-courneuve-en-la-region-parisina-teatral-entrega-de-nuestro-banco-de-carga-lara-10-r-en-el-techo-del-datacenter-par9\/\" aria-label=\"En vivo desde La Courneuve en la regi\u00f3n de Par\u00eds: \u00a1entrega teatral de nuestro banco de carga LARA 10 R en el techo del centro de datos PAR9!\">\n\t\t\t\t\t\t\t<img decoding=\"async\" width=\"1200\" height=\"800\" src=\"https:\/\/www.mdresistor.com\/wp-content\/uploads\/2022\/05\/livraison-LARA.jpg\" class=\"attachment-full size-full wp-post-image\" alt=\"\" srcset=\"https:\/\/www.mdresistor.com\/wp-content\/uploads\/2022\/05\/livraison-LARA-200x133.jpg 200w, https:\/\/www.mdresistor.com\/wp-content\/uploads\/2022\/05\/livraison-LARA-400x267.jpg 400w, https:\/\/www.mdresistor.com\/wp-content\/uploads\/2022\/05\/livraison-LARA-600x400.jpg 600w, https:\/\/www.mdresistor.com\/wp-content\/uploads\/2022\/05\/livraison-LARA-800x533.jpg 800w, https:\/\/www.mdresistor.com\/wp-content\/uploads\/2022\/05\/livraison-LARA.jpg 1200w\" sizes=\"(min-width: 2200px) 100vw, (min-width: 784px) 307px, (min-width: 712px) 460px, (min-width: 640px) 712px, \" \/>\t\t\t<\/a>\n\t\t\t\t\t\t\t<\/div>\n<\/li>\n\t\t\t\n\t\t\t\n\t\t\t\t\t\t\t\t\t\t\t\t\t\t\t\t\t\t\t\t\t\t\t\t\t\t\t\t\t\t\t\t\t\t\t\t\t\t\t\t\t\t\t\t\t\t\t\t\t\t\t\t\t\t\t\t\t\t\t\t\t\t\t\t\t\t\t\t<\/ul>\n\t<\/div>\n\t<div class=\"fusion-post-content-wrapper\" style=\"padding:30px 25px 20px 25px;\"><div class=\"fusion-post-content post-content\"><h2 class=\"blog-shortcode-post-title entry-title\">En vivo desde La Courneuve en la regi\u00f3n de Par\u00eds: \u00a1entrega teatral de nuestro banco de carga LARA 10 R en el techo del centro de datos PAR9!<\/h2><p class=\"fusion-single-line-meta\"><span class=\"updated\" style=\"display:none;\">2022-05-11T15:18:59+02:00<\/span><span>11 mayo 2022<\/span><span class=\"fusion-inline-sep\">|<\/span><a href=\"https:\/\/www.mdresistor.com\/es\/a-la-une\/bancos-de-carga\/\" rel=\"category tag\">Bancos de carga<\/a><span class=\"fusion-inline-sep\">|<\/span><\/p><div class=\"fusion-content-sep sep-double sep-solid\"><\/div><div class=\"fusion-post-content-container\"><p> Con el respaldo de una asociaci\u00f3n que ha durado muchos a\u00f1os, KOHLER SDMO ha elegido una vez m\u00e1s a Metal Deploye [...]<\/p><\/div><\/div><div class=\"fusion-meta-info\"><div class=\"fusion-alignleft\"><a class=\"fusion-read-more\" href=\"https:\/\/www.mdresistor.com\/es\/en-vivo-desde-la-courneuve-en-la-region-parisina-teatral-entrega-de-nuestro-banco-de-carga-lara-10-r-en-el-techo-del-datacenter-par9\/\" aria-label=\"More on En vivo desde La Courneuve en la regi\u00f3n de Par\u00eds: \u00a1entrega teatral de nuestro banco de carga LARA 10 R en el techo del centro de datos PAR9!\">Read More<\/a><\/div><\/div><\/div><div class=\"fusion-clearfix\"><\/div><\/div>\n<\/article>\n<div class=\"fusion-clearfix\"><\/div><\/div><div class=\"fusion-infinite-scroll-trigger\"><\/div><div class=\"pagination infinite-scroll clearfix\" style=\"display:none;\"><span class=\"current\">1<\/span><a href=\"https:\/\/www.mdresistor.com\/es\/wp-json\/wp\/v2\/pages\/7215\/page\/2\/\" class=\"inactive\">2<\/a><a class=\"pagination-next\" rel=\"next\" href=\"https:\/\/www.mdresistor.com\/es\/wp-json\/wp\/v2\/pages\/7215\/page\/2\/\"><span class=\"page-text\">Next<\/span><span class=\"page-next\"><\/span><\/a><\/div><div class=\"fusion-clearfix\"><\/div><button class=\"fusion-load-more-button fusion-blog-button fusion-clearfix\">Load More Posts<\/button><\/div><div class=\"fusion-clearfix\"><\/div><\/div><\/div><\/div><\/div>\n","protected":false},"excerpt":{"rendered":"","protected":false},"author":1,"featured_media":0,"parent":0,"menu_order":0,"comment_status":"closed","ping_status":"closed","template":"","meta":{"footnotes":""},"class_list":["post-7215","page","type-page","status-publish","hentry"],"yoast_head":"<!-- This site is optimized with the Yoast SEO plugin v27.6 - https:\/\/yoast.com\/product\/yoast-seo-wordpress\/ -->\n<title>Blog<\/title>\n<meta name=\"robots\" content=\"index, follow, max-snippet:-1, max-image-preview:large, max-video-preview:-1\" \/>\n<link rel=\"canonical\" href=\"https:\/\/www.mdresistor.com\/es\/blog\/\" \/>\n<meta property=\"og:locale\" content=\"es_ES\" \/>\n<meta property=\"og:type\" content=\"article\" \/>\n<meta property=\"og:title\" content=\"Blog\" \/>\n<meta property=\"og:url\" content=\"https:\/\/www.mdresistor.com\/es\/blog\/\" \/>\n<meta property=\"og:site_name\" content=\"MDResistor\" \/>\n<meta property=\"article:modified_time\" content=\"2022-02-08T16:04:11+00:00\" \/>\n<meta name=\"twitter:card\" content=\"summary_large_image\" \/>\n<meta name=\"twitter:label1\" content=\"Tiempo de lectura\" \/>\n\t<meta name=\"twitter:data1\" content=\"2 minutos\" \/>\n<script type=\"application\/ld+json\" class=\"yoast-schema-graph\">{\"@context\":\"https:\\\/\\\/schema.org\",\"@graph\":[{\"@type\":\"WebPage\",\"@id\":\"https:\\\/\\\/www.mdresistor.com\\\/es\\\/blog\\\/\",\"url\":\"https:\\\/\\\/www.mdresistor.com\\\/es\\\/blog\\\/\",\"name\":\"Blog\",\"isPartOf\":{\"@id\":\"https:\\\/\\\/www.mdresistor.com\\\/es\\\/#website\"},\"datePublished\":\"2019-12-04T18:57:50+00:00\",\"dateModified\":\"2022-02-08T16:04:11+00:00\",\"inLanguage\":\"es\",\"potentialAction\":[{\"@type\":\"ReadAction\",\"target\":[\"https:\\\/\\\/www.mdresistor.com\\\/es\\\/blog\\\/\"]}]},{\"@type\":\"WebSite\",\"@id\":\"https:\\\/\\\/www.mdresistor.com\\\/es\\\/#website\",\"url\":\"https:\\\/\\\/www.mdresistor.com\\\/es\\\/\",\"name\":\"MDResistor\",\"description\":\"\",\"potentialAction\":[{\"@type\":\"SearchAction\",\"target\":{\"@type\":\"EntryPoint\",\"urlTemplate\":\"https:\\\/\\\/www.mdresistor.com\\\/es\\\/?s={search_term_string}\"},\"query-input\":{\"@type\":\"PropertyValueSpecification\",\"valueRequired\":true,\"valueName\":\"search_term_string\"}}],\"inLanguage\":\"es\"}]}<\/script>\n<!-- \/ Yoast SEO plugin. -->","yoast_head_json":{"title":"Blog","robots":{"index":"index","follow":"follow","max-snippet":"max-snippet:-1","max-image-preview":"max-image-preview:large","max-video-preview":"max-video-preview:-1"},"canonical":"https:\/\/www.mdresistor.com\/es\/blog\/","og_locale":"es_ES","og_type":"article","og_title":"Blog","og_url":"https:\/\/www.mdresistor.com\/es\/blog\/","og_site_name":"MDResistor","article_modified_time":"2022-02-08T16:04:11+00:00","twitter_card":"summary_large_image","twitter_misc":{"Tiempo de lectura":"2 minutos"},"schema":{"@context":"https:\/\/schema.org","@graph":[{"@type":"WebPage","@id":"https:\/\/www.mdresistor.com\/es\/blog\/","url":"https:\/\/www.mdresistor.com\/es\/blog\/","name":"Blog","isPartOf":{"@id":"https:\/\/www.mdresistor.com\/es\/#website"},"datePublished":"2019-12-04T18:57:50+00:00","dateModified":"2022-02-08T16:04:11+00:00","inLanguage":"es","potentialAction":[{"@type":"ReadAction","target":["https:\/\/www.mdresistor.com\/es\/blog\/"]}]},{"@type":"WebSite","@id":"https:\/\/www.mdresistor.com\/es\/#website","url":"https:\/\/www.mdresistor.com\/es\/","name":"MDResistor","description":"","potentialAction":[{"@type":"SearchAction","target":{"@type":"EntryPoint","urlTemplate":"https:\/\/www.mdresistor.com\/es\/?s={search_term_string}"},"query-input":{"@type":"PropertyValueSpecification","valueRequired":true,"valueName":"search_term_string"}}],"inLanguage":"es"}]}},"_links":{"self":[{"href":"https:\/\/www.mdresistor.com\/es\/wp-json\/wp\/v2\/pages\/7215","targetHints":{"allow":["GET"]}}],"collection":[{"href":"https:\/\/www.mdresistor.com\/es\/wp-json\/wp\/v2\/pages"}],"about":[{"href":"https:\/\/www.mdresistor.com\/es\/wp-json\/wp\/v2\/types\/page"}],"author":[{"embeddable":true,"href":"https:\/\/www.mdresistor.com\/es\/wp-json\/wp\/v2\/users\/1"}],"replies":[{"embeddable":true,"href":"https:\/\/www.mdresistor.com\/es\/wp-json\/wp\/v2\/comments?post=7215"}],"version-history":[{"count":2,"href":"https:\/\/www.mdresistor.com\/es\/wp-json\/wp\/v2\/pages\/7215\/revisions"}],"predecessor-version":[{"id":7217,"href":"https:\/\/www.mdresistor.com\/es\/wp-json\/wp\/v2\/pages\/7215\/revisions\/7217"}],"wp:attachment":[{"href":"https:\/\/www.mdresistor.com\/es\/wp-json\/wp\/v2\/media?parent=7215"}],"curies":[{"name":"wp","href":"https:\/\/api.w.org\/{rel}","templated":true}]}}