{"id":7230,"date":"2019-09-09T17:08:43","date_gmt":"2019-09-09T15:08:43","guid":{"rendered":"https:\/\/www.mdresistor.com\/notas-legales\/"},"modified":"2022-02-08T17:04:13","modified_gmt":"2022-02-08T16:04:13","slug":"notas-legales","status":"publish","type":"page","link":"https:\/\/www.mdresistor.com\/es\/notas-legales\/","title":{"rendered":"Notas legales"},"content":{"rendered":"<div class=\"fusion-fullwidth fullwidth-box fusion-builder-row-1 nonhundred-percent-fullwidth non-hundred-percent-height-scrolling h2none\" style=\"--awb-border-radius-top-left:0px;--awb-border-radius-top-right:0px;--awb-border-radius-bottom-right:0px;--awb-border-radius-bottom-left:0px;--awb-padding-bottom:30px;--awb-background-color:#ffffff;--awb-flex-wrap:wrap;\" ><div class=\"fusion-builder-row fusion-row\"><div class=\"fusion-layout-column fusion_builder_column fusion-builder-column-0 fusion_builder_column_1_1 1_1 fusion-one-full fusion-column-first fusion-column-last fusion-column-no-min-height\" style=\"--awb-bg-color:#ffffff;--awb-bg-color-hover:#ffffff;--awb-bg-size:cover;--awb-margin-bottom:20px;\"><div class=\"fusion-column-wrapper fusion-column-has-shadow fusion-flex-column-wrapper-legacy\"><div class=\"fusion-text fusion-text-1\"><h1 class=\"text-left\">Notas legales<\/h1>\n<\/div><div class=\"fusion-clearfix\"><\/div><\/div><\/div><div class=\"fusion-layout-column fusion_builder_column fusion-builder-column-1 fusion_builder_column_1_1 1_1 fusion-one-full fusion-column-first fusion-column-last\" style=\"--awb-bg-size:cover;\"><div class=\"fusion-column-wrapper fusion-column-has-shadow fusion-flex-column-wrapper-legacy\"><div class=\"fusion-column-content-centered\"><div class=\"fusion-column-content\"><div class=\"fusion-text fusion-text-2\"><h2>1. Presentaci\u00f3n del sitio:<\/h2>\n<p>De conformidad con lo dispuesto en los art\u00edculos 6-III y 19 de la Ley N\u00b0 2004-575 de 21 de junio de 2004 sobre la Confianza en la Econom\u00eda Digital, conocida como LCEN, ponemos en conocimiento de los usuarios y visitantes del sitio: mdresistor. com la siguiente informaci\u00f3n:<br \/>\nInformaci\u00f3n legal :<br \/>\nRESISTENCIA METAL DEPLOYE, con un capital de 700.000 euros<br \/>\n1 Route de Semur \u2013 21500 MONTBARD \u2013 FRANCIA<br \/>\nTel\u00e9fono: 00 33 (0)3 80 89 58 58<br \/>\nFax: 00 33 (0)3 80 92 24 33<br \/>\nRCS Dijon 444 902 779<br \/>\nSIRET: 444 902 779 00016<\/p>\n<p>El responsable de la publicaci\u00f3n es: Antoine G\u00e9nin<\/p>\n<p>El Creador del sitio es <a href=\"https:\/\/mdresistor.com\/\">la agencia web Adesio<\/a><br \/>\nEl Webmaster es: Adesio<br \/>\nP\u00f3ngase en contacto con el Webmaster: info@mdresistor.com<br \/>\nEl host del sitio es: Kinsta<\/p>\n<h2>2. Descripci\u00f3n de los servicios prestados:<\/h2>\n<p>El sitio mdresistor.com tiene como objetivo brindar informaci\u00f3n sobre todas las actividades de la empresa.<br \/>\nEl propietario del sitio se esfuerza por proporcionar al sitio mdresistor.com informaci\u00f3n lo m\u00e1s precisa posible. Sin embargo, no se hace responsable de las omisiones, inexactitudes y deficiencias en la actualizaci\u00f3n, ya sea por s\u00ed mismo o por los terceros socios que le proporcionan esta informaci\u00f3n.<br \/>\nToda la informaci\u00f3n que se ofrece en el sitio mdresistor.com se brinda \u00fanicamente a t\u00edtulo informativo, no es exhaustiva y est\u00e1 sujeta a cambios. Se proporcionan sujetos a las modificaciones que se hayan realizado desde que se pusieron en l\u00ednea.<\/p>\n<h2>3. Propiedad Intelectual y Falsificaciones:<\/h2>\n<p>El titular del sitio es titular de los derechos de propiedad intelectual o titular de los derechos de explotaci\u00f3n sobre todos los elementos accesibles en el sitio, en particular los textos, im\u00e1genes, gr\u00e1ficos, logotipos, iconos, sonidos, software&#8230;<br \/>\nQueda prohibida cualquier reproducci\u00f3n, representaci\u00f3n, modificaci\u00f3n, publicaci\u00f3n, adaptaci\u00f3n total o parcial de los elementos del sitio, cualquiera que sea el medio o procedimiento utilizado, salvo autorizaci\u00f3n previa por escrito al correo electr\u00f3nico: info@mdresistor.com.<br \/>\nCualquier uso no autorizado del sitio o de cualquiera de estos elementos que contiene ser\u00e1 considerado como una infracci\u00f3n y perseguido de conformidad con las disposiciones de los art\u00edculos L.335-2 y siguientes del C\u00f3digo de Propiedad Intelectual.<\/p>\n<h2>4. Enlaces de hipertexto y cookies:<\/h2>\n<p>El sitio mdresistor.com contiene una cierta cantidad de enlaces de hipertexto a otros sitios (socios, informaci\u00f3n, etc.) creados con la autorizaci\u00f3n del propietario del sitio. Sin embargo, el propietario del sitio no tiene la posibilidad de verificar los contenidos de los sitios as\u00ed visitados y, por lo tanto, declina cualquier responsabilidad por este hecho en cuanto a los posibles riesgos de contenidos il\u00edcitos.<br \/>\nSe informa al usuario que durante sus visitas al sitio mdresistor.com, una o m\u00e1s cookies pueden instalarse autom\u00e1ticamente en su computadora. Una cookie es un peque\u00f1o archivo que no permite la identificaci\u00f3n del usuario, pero que registra informaci\u00f3n relativa a la navegaci\u00f3n de un ordenador en un sitio. Los datos as\u00ed obtenidos est\u00e1n destinados a facilitar la navegaci\u00f3n posterior en el sitio, y tambi\u00e9n est\u00e1n destinados a permitir diversas medidas de asistencia.<br \/>\nLa configuraci\u00f3n del software de navegaci\u00f3n permite informar de la presencia de cookies y eventualmente rechazarlas en la forma descrita en la siguiente direcci\u00f3n: www.cnil.fr<br \/>\nLa negativa a instalar una cookie puede imposibilitar el acceso a determinados servicios. No obstante, el usuario puede configurar su ordenador de la siguiente manera, para rechazar la instalaci\u00f3n de cookies.<\/p>\n<h2>5. Protecci\u00f3n de bienes y personas \u2013 gesti\u00f3n de datos personales:<\/h2>\n<p>Usuario: Usuario de Internet que se conecta, utilizando el sitio antes mencionado: mdresistor.com<br \/>\nEn Francia, los datos personales est\u00e1n especialmente protegidos por la ley n\u00b0 78-87 del 6 de enero de 1978, la ley n\u00b0 2004-801 del 6 de agosto de 2004, el art\u00edculo L. 226-13 del C\u00f3digo Penal y la Directiva Europea del 24 de octubre. , 1995.<br \/>\nEn el sitio mdresistor.com, el propietario del sitio recopila informaci\u00f3n personal relacionada con el usuario solo para la necesidad de ciertos servicios ofrecidos por el sitio mdresistor.com. El usuario proporciona esta informaci\u00f3n con pleno conocimiento de causa, en particular cuando la introduce \u00e9l mismo. A continuaci\u00f3n, se especifica al usuario del sitio mdresistor.com la obligaci\u00f3n o no de proporcionar esta informaci\u00f3n.<br \/>\nDe conformidad con lo dispuesto en los art\u00edculos 38 y siguientes de la ley 78-17, de 6 de enero de 1978, relativa al tratamiento de datos, archivos y libertades, todo usuario tiene derecho a acceder, rectificar, suprimir y oponer los datos personales que le conciernen. Para ejercer este derecho, env\u00ede su solicitud a mdresistor.com por correo electr\u00f3nico o realizando una solicitud por escrito y firmada, acompa\u00f1ada de una copia del documento de identidad con firma del titular del documento, especificando la direcci\u00f3n a la que debe enviarse la respuesta. .<br \/>\nNinguna informaci\u00f3n personal del usuario del sitio mdresistor.com es publicada sin el conocimiento del usuario, intercambiada, transferida, cedida o vendida por cualquier medio a terceros. Solo la asunci\u00f3n de la redenci\u00f3n del sitio mdresistor.com del propietario del sitio y sus derechos permitir\u00eda la transmisi\u00f3n de dicha informaci\u00f3n al posible comprador que a su vez estar\u00eda sujeto a la misma obligaci\u00f3n de almacenar y modificar datos vis \u00e0 vis del usuario del sitio mdresistor.com.<\/p>\n<\/div><\/div><\/div><div class=\"fusion-clearfix\"><\/div><\/div><\/div><\/div><\/div>\n","protected":false},"excerpt":{"rendered":"","protected":false},"author":1,"featured_media":0,"parent":0,"menu_order":0,"comment_status":"closed","ping_status":"closed","template":"100-width.php","meta":{"footnotes":""},"class_list":["post-7230","page","type-page","status-publish","hentry"],"yoast_head":"<!-- This site is optimized with the Yoast SEO plugin v27.5 - https:\/\/yoast.com\/product\/yoast-seo-wordpress\/ -->\n<title>Notas legales<\/title>\n<meta name=\"robots\" content=\"index, follow, max-snippet:-1, max-image-preview:large, max-video-preview:-1\" \/>\n<link rel=\"canonical\" href=\"https:\/\/www.mdresistor.com\/es\/notas-legales\/\" \/>\n<meta property=\"og:locale\" content=\"es_ES\" \/>\n<meta property=\"og:type\" content=\"article\" \/>\n<meta property=\"og:title\" content=\"Notas legales\" \/>\n<meta property=\"og:url\" content=\"https:\/\/www.mdresistor.com\/es\/notas-legales\/\" \/>\n<meta property=\"og:site_name\" content=\"MDResistor\" \/>\n<meta property=\"article:modified_time\" content=\"2022-02-08T16:04:13+00:00\" \/>\n<meta name=\"twitter:card\" content=\"summary_large_image\" \/>\n<meta name=\"twitter:label1\" content=\"Tiempo de lectura\" \/>\n\t<meta name=\"twitter:data1\" content=\"8 minutos\" \/>\n<script type=\"application\/ld+json\" class=\"yoast-schema-graph\">{\"@context\":\"https:\\\/\\\/schema.org\",\"@graph\":[{\"@type\":\"WebPage\",\"@id\":\"https:\\\/\\\/www.mdresistor.com\\\/es\\\/notas-legales\\\/\",\"url\":\"https:\\\/\\\/www.mdresistor.com\\\/es\\\/notas-legales\\\/\",\"name\":\"Notas legales\",\"isPartOf\":{\"@id\":\"https:\\\/\\\/www.mdresistor.com\\\/es\\\/#website\"},\"datePublished\":\"2019-09-09T15:08:43+00:00\",\"dateModified\":\"2022-02-08T16:04:13+00:00\",\"inLanguage\":\"es\",\"potentialAction\":[{\"@type\":\"ReadAction\",\"target\":[\"https:\\\/\\\/www.mdresistor.com\\\/es\\\/notas-legales\\\/\"]}]},{\"@type\":\"WebSite\",\"@id\":\"https:\\\/\\\/www.mdresistor.com\\\/es\\\/#website\",\"url\":\"https:\\\/\\\/www.mdresistor.com\\\/es\\\/\",\"name\":\"MDResistor\",\"description\":\"\",\"potentialAction\":[{\"@type\":\"SearchAction\",\"target\":{\"@type\":\"EntryPoint\",\"urlTemplate\":\"https:\\\/\\\/www.mdresistor.com\\\/es\\\/?s={search_term_string}\"},\"query-input\":{\"@type\":\"PropertyValueSpecification\",\"valueRequired\":true,\"valueName\":\"search_term_string\"}}],\"inLanguage\":\"es\"}]}<\/script>\n<!-- \/ Yoast SEO plugin. -->","yoast_head_json":{"title":"Notas legales","robots":{"index":"index","follow":"follow","max-snippet":"max-snippet:-1","max-image-preview":"max-image-preview:large","max-video-preview":"max-video-preview:-1"},"canonical":"https:\/\/www.mdresistor.com\/es\/notas-legales\/","og_locale":"es_ES","og_type":"article","og_title":"Notas legales","og_url":"https:\/\/www.mdresistor.com\/es\/notas-legales\/","og_site_name":"MDResistor","article_modified_time":"2022-02-08T16:04:13+00:00","twitter_card":"summary_large_image","twitter_misc":{"Tiempo de lectura":"8 minutos"},"schema":{"@context":"https:\/\/schema.org","@graph":[{"@type":"WebPage","@id":"https:\/\/www.mdresistor.com\/es\/notas-legales\/","url":"https:\/\/www.mdresistor.com\/es\/notas-legales\/","name":"Notas legales","isPartOf":{"@id":"https:\/\/www.mdresistor.com\/es\/#website"},"datePublished":"2019-09-09T15:08:43+00:00","dateModified":"2022-02-08T16:04:13+00:00","inLanguage":"es","potentialAction":[{"@type":"ReadAction","target":["https:\/\/www.mdresistor.com\/es\/notas-legales\/"]}]},{"@type":"WebSite","@id":"https:\/\/www.mdresistor.com\/es\/#website","url":"https:\/\/www.mdresistor.com\/es\/","name":"MDResistor","description":"","potentialAction":[{"@type":"SearchAction","target":{"@type":"EntryPoint","urlTemplate":"https:\/\/www.mdresistor.com\/es\/?s={search_term_string}"},"query-input":{"@type":"PropertyValueSpecification","valueRequired":true,"valueName":"search_term_string"}}],"inLanguage":"es"}]}},"_links":{"self":[{"href":"https:\/\/www.mdresistor.com\/es\/wp-json\/wp\/v2\/pages\/7230","targetHints":{"allow":["GET"]}}],"collection":[{"href":"https:\/\/www.mdresistor.com\/es\/wp-json\/wp\/v2\/pages"}],"about":[{"href":"https:\/\/www.mdresistor.com\/es\/wp-json\/wp\/v2\/types\/page"}],"author":[{"embeddable":true,"href":"https:\/\/www.mdresistor.com\/es\/wp-json\/wp\/v2\/users\/1"}],"replies":[{"embeddable":true,"href":"https:\/\/www.mdresistor.com\/es\/wp-json\/wp\/v2\/comments?post=7230"}],"version-history":[{"count":2,"href":"https:\/\/www.mdresistor.com\/es\/wp-json\/wp\/v2\/pages\/7230\/revisions"}],"predecessor-version":[{"id":7232,"href":"https:\/\/www.mdresistor.com\/es\/wp-json\/wp\/v2\/pages\/7230\/revisions\/7232"}],"wp:attachment":[{"href":"https:\/\/www.mdresistor.com\/es\/wp-json\/wp\/v2\/media?parent=7230"}],"curies":[{"name":"wp","href":"https:\/\/api.w.org\/{rel}","templated":true}]}}