{"id":7248,"date":"2020-12-04T18:04:00","date_gmt":"2020-12-04T17:04:00","guid":{"rendered":"https:\/\/www.mdresistor.com\/banco-de-carga-corriente-alterna-ac\/"},"modified":"2022-02-08T17:04:16","modified_gmt":"2022-02-08T16:04:16","slug":"banco-de-carga-corriente-alterna-ac","status":"publish","type":"page","link":"https:\/\/www.mdresistor.com\/es\/banco-de-carga-corriente-alterna-ac\/","title":{"rendered":"3.1.0 Banco de carga de corriente alterna (CA)"},"content":{"rendered":"<p><div class=\"fusion-fullwidth fullwidth-box fusion-builder-row-1 fusion-flex-container nonhundred-percent-fullwidth non-hundred-percent-height-scrolling\" style=\"--awb-border-radius-top-left:0px;--awb-border-radius-top-right:0px;--awb-border-radius-bottom-right:0px;--awb-border-radius-bottom-left:0px;--awb-flex-wrap:wrap;\" ><div class=\"fusion-builder-row fusion-row fusion-flex-align-items-center fusion-flex-justify-content-center fusion-flex-content-wrap\" style=\"max-width:1040px;margin-left: calc(-4% \/ 2 );margin-right: calc(-4% \/ 2 );\"><div class=\"fusion-layout-column fusion_builder_column fusion-builder-column-0 fusion_builder_column_1_2 1_2 fusion-flex-column\" style=\"--awb-bg-size:cover;--awb-width-large:50%;--awb-margin-top-large:0px;--awb-spacing-right-large:3.84%;--awb-margin-bottom-large:10px;--awb-spacing-left-large:3.84%;--awb-width-medium:100%;--awb-order-medium:0;--awb-spacing-right-medium:1.92%;--awb-spacing-left-medium:1.92%;--awb-width-small:100%;--awb-order-small:0;--awb-spacing-right-small:1.92%;--awb-spacing-left-small:1.92%;\"><div class=\"fusion-column-wrapper fusion-column-has-shadow fusion-flex-justify-content-flex-start fusion-content-layout-column\"><div class=\"fusion-text fusion-text-1\"><h1>Bancos de carga &#8211; corriente alterna: prueba, valida la potencia, destapa, balastra tus generadores y otros equipos el\u00e9ctricos<\/h1>\n<\/div><div ><a class=\"fusion-button button-flat fusion-button-default-size button-default fusion-button-default button-1 fusion-button-default-span fusion-button-default-type\" target=\"_self\" href=\"https:\/\/www.mdresistor.com\/es\/contactar\/\"><span class=\"fusion-button-text awb-button__text awb-button__text--default\">Solicite una cotizaci\u00f3n<\/span><\/a><\/div>\n<\/div><\/div><div class=\"fusion-layout-column fusion_builder_column fusion-builder-column-1 fusion_builder_column_1_2 1_2 fusion-flex-column\" style=\"--awb-bg-size:cover;--awb-width-large:50%;--awb-margin-top-large:0px;--awb-spacing-right-large:3.84%;--awb-margin-bottom-large:10px;--awb-spacing-left-large:3.84%;--awb-width-medium:100%;--awb-order-medium:0;--awb-spacing-right-medium:1.92%;--awb-spacing-left-medium:1.92%;--awb-width-small:100%;--awb-order-small:0;--awb-spacing-right-small:1.92%;--awb-spacing-left-small:1.92%;\"><div class=\"fusion-column-wrapper fusion-column-has-shadow fusion-flex-justify-content-flex-start fusion-content-layout-column\"><div class=\"fusion-image-element \" style=\"text-align:center;--awb-caption-title-font-family:var(--h2_typography-font-family);--awb-caption-title-font-weight:var(--h2_typography-font-weight);--awb-caption-title-font-style:var(--h2_typography-font-style);--awb-caption-title-size:var(--h2_typography-font-size);--awb-caption-title-transform:var(--h2_typography-text-transform);--awb-caption-title-line-height:var(--h2_typography-line-height);--awb-caption-title-letter-spacing:var(--h2_typography-letter-spacing);\"><span class=\" fusion-imageframe imageframe-none imageframe-1 hover-type-none\"><img decoding=\"async\" width=\"800\" height=\"517\" alt=\"generador de kilooutou\" title=\"groupe electrogene Kiloutou-min\" src=\"https:\/\/www.mdresistor.com\/wp-content\/uploads\/2020\/12\/groupe-electrogene-Kiloutou-min.png\" class=\"img-responsive wp-image-7033\" srcset=\"https:\/\/www.mdresistor.com\/wp-content\/uploads\/2020\/12\/groupe-electrogene-Kiloutou-min-200x129.png 200w, https:\/\/www.mdresistor.com\/wp-content\/uploads\/2020\/12\/groupe-electrogene-Kiloutou-min-400x259.png 400w, https:\/\/www.mdresistor.com\/wp-content\/uploads\/2020\/12\/groupe-electrogene-Kiloutou-min-600x388.png 600w, https:\/\/www.mdresistor.com\/wp-content\/uploads\/2020\/12\/groupe-electrogene-Kiloutou-min.png 800w\" sizes=\"(max-width: 1024px) 100vw, (max-width: 640px) 100vw, 600px\" \/><\/span><\/div><\/div><\/div><\/div><\/div><div class=\"fusion-fullwidth fullwidth-box fusion-builder-row-2 fusion-flex-container nonhundred-percent-fullwidth non-hundred-percent-height-scrolling\" style=\"--awb-border-radius-top-left:0px;--awb-border-radius-top-right:0px;--awb-border-radius-bottom-right:0px;--awb-border-radius-bottom-left:0px;--awb-flex-wrap:wrap;\" id=\"un\" ><div class=\"fusion-builder-row fusion-row fusion-flex-align-items-center fusion-flex-justify-content-center fusion-flex-content-wrap\" style=\"max-width:1040px;margin-left: calc(-4% \/ 2 );margin-right: calc(-4% \/ 2 );\"><div class=\"fusion-layout-column fusion_builder_column fusion-builder-column-2 fusion_builder_column_1_1 1_1 fusion-flex-column\" style=\"--awb-bg-size:cover;--awb-width-large:100%;--awb-margin-top-large:0px;--awb-spacing-right-large:1.92%;--awb-margin-bottom-large:10px;--awb-spacing-left-large:1.92%;--awb-width-medium:100%;--awb-order-medium:0;--awb-spacing-right-medium:1.92%;--awb-spacing-left-medium:1.92%;--awb-width-small:100%;--awb-order-small:0;--awb-spacing-right-small:1.92%;--awb-spacing-left-small:1.92%;\"><div class=\"fusion-column-wrapper fusion-column-has-shadow fusion-flex-justify-content-flex-start fusion-content-layout-column\"><div class=\"fusion-text fusion-text-2\" style=\"--awb-content-alignment:center;\"><h2>Corriente alterna: \u00bfpara qu\u00e9 sirve?<\/h2>\n<\/div><\/div><\/div><div class=\"fusion-layout-column fusion_builder_column fusion-builder-column-3 fusion_builder_column_1_4 1_4 fusion-flex-column img-picto\" style=\"--awb-bg-size:cover;--awb-width-large:25%;--awb-margin-top-large:0px;--awb-spacing-right-large:7.68%;--awb-margin-bottom-large:10px;--awb-spacing-left-large:7.68%;--awb-width-medium:100%;--awb-order-medium:0;--awb-spacing-right-medium:1.92%;--awb-spacing-left-medium:1.92%;--awb-width-small:100%;--awb-order-small:0;--awb-spacing-right-small:1.92%;--awb-spacing-left-small:1.92%;\"><div class=\"fusion-column-wrapper fusion-column-has-shadow fusion-flex-justify-content-flex-start fusion-content-layout-column\"><div class=\"fusion-image-element \" style=\"--awb-caption-title-font-family:var(--h2_typography-font-family);--awb-caption-title-font-weight:var(--h2_typography-font-weight);--awb-caption-title-font-style:var(--h2_typography-font-style);--awb-caption-title-size:var(--h2_typography-font-size);--awb-caption-title-transform:var(--h2_typography-text-transform);--awb-caption-title-line-height:var(--h2_typography-line-height);--awb-caption-title-letter-spacing:var(--h2_typography-letter-spacing);\"><span class=\" fusion-imageframe imageframe-none imageframe-2 hover-type-none\"><img decoding=\"async\" width=\"800\" height=\"800\" alt=\"S\u00edmbolo de corriente alterna CA\" title=\"Symbole Courant alternatif AC-min\" src=\"https:\/\/www.mdresistor.com\/wp-content\/uploads\/2020\/12\/Symbole-Courant-alternatif-AC-min.png\" class=\"img-responsive wp-image-6990\" srcset=\"https:\/\/www.mdresistor.com\/wp-content\/uploads\/2020\/12\/Symbole-Courant-alternatif-AC-min-200x200.png 200w, https:\/\/www.mdresistor.com\/wp-content\/uploads\/2020\/12\/Symbole-Courant-alternatif-AC-min-400x400.png 400w, https:\/\/www.mdresistor.com\/wp-content\/uploads\/2020\/12\/Symbole-Courant-alternatif-AC-min-600x600.png 600w, https:\/\/www.mdresistor.com\/wp-content\/uploads\/2020\/12\/Symbole-Courant-alternatif-AC-min.png 800w\" sizes=\"(max-width: 1024px) 100vw, (max-width: 640px) 100vw, 400px\" \/><\/span><\/div><\/div><\/div><div class=\"fusion-layout-column fusion_builder_column fusion-builder-column-4 fusion_builder_column_2_3 2_3 fusion-flex-column\" style=\"--awb-bg-size:cover;--awb-width-large:66.666666666667%;--awb-margin-top-large:0px;--awb-spacing-right-large:2.88%;--awb-margin-bottom-large:10px;--awb-spacing-left-large:2.88%;--awb-width-medium:100%;--awb-order-medium:0;--awb-spacing-right-medium:1.92%;--awb-spacing-left-medium:1.92%;--awb-width-small:100%;--awb-order-small:0;--awb-spacing-right-small:1.92%;--awb-spacing-left-small:1.92%;\"><div class=\"fusion-column-wrapper fusion-column-has-shadow fusion-flex-justify-content-flex-start fusion-content-layout-column\"><div class=\"fusion-text fusion-text-3\" style=\"--awb-content-alignment:left;\"><h3>Una corriente el\u00e9ctrica que cambia de direcci\u00f3n c\u00edclicamente.<\/h3>\n<p>La corriente alterna es una corriente el\u00e9ctrica que cambia de direcci\u00f3n.<br \/>\nDe hecho, se dice que una corriente es \u201calterna\u201d cuando <strong>circula alternativamente en una direcci\u00f3n y luego en la otra<\/strong> a intervalos regulares llamados \u201c <strong>ciclos<\/strong> \u201d.<br \/>\nSe produce por la <strong>rotaci\u00f3n de un alternador<\/strong> . Este es el caso, por ejemplo, de las centrales el\u00e9ctricas. La electricidad es producida por una turbina y un alternador.<\/p>\n<\/div><\/div><\/div><div class=\"fusion-layout-column fusion_builder_column fusion-builder-column-5 fusion_builder_column_1_1 1_1 fusion-flex-column\" style=\"--awb-bg-size:cover;--awb-width-large:100%;--awb-margin-top-large:0px;--awb-spacing-right-large:1.92%;--awb-margin-bottom-large:10px;--awb-spacing-left-large:1.92%;--awb-width-medium:100%;--awb-order-medium:0;--awb-spacing-right-medium:1.92%;--awb-spacing-left-medium:1.92%;--awb-width-small:100%;--awb-order-small:0;--awb-spacing-right-small:1.92%;--awb-spacing-left-small:1.92%;\"><div class=\"fusion-column-wrapper fusion-column-has-shadow fusion-flex-justify-content-flex-start fusion-content-layout-column\"><div class=\"fusion-text fusion-text-4\"><h3>Una corriente definida por una frecuencia (HZ)<\/h3>\n<p>Una corriente alterna peri\u00f3dica se caracteriza por su frecuencia, medida en hercios (Hz). Es el <strong>n\u00famero de viajes de ida y vuelta que realiza la corriente el\u00e9ctrica en un segundo<\/strong> . La forma de corriente alterna m\u00e1s utilizada es la corriente <strong>sinusoidal<\/strong> , principalmente para la distribuci\u00f3n comercial de energ\u00eda el\u00e9ctrica.<\/p>\n<p>Debemos distinguir:<\/p>\n<ul>\n<li><strong>Corrientes <em>puramente alternas<\/em><\/strong> cuyo valor medio (componente continua) es cero, que pueden alimentar un transformador sin peligro.<\/li>\n<li><strong>Corrientes alternas con componente DC distinto de cero<\/strong> que en ning\u00fan caso pueden alimentar un transformador<\/li>\n<\/ul>\n<\/div><\/div><\/div><\/div><\/div><div class=\"fusion-fullwidth fullwidth-box fusion-builder-row-3 fusion-flex-container nonhundred-percent-fullwidth non-hundred-percent-height-scrolling container-gris\" style=\"--awb-border-radius-top-left:0px;--awb-border-radius-top-right:0px;--awb-border-radius-bottom-right:0px;--awb-border-radius-bottom-left:0px;--awb-flex-wrap:wrap;\" ><div class=\"fusion-builder-row fusion-row fusion-flex-align-items-center fusion-flex-justify-content-center fusion-flex-content-wrap\" style=\"max-width:1040px;margin-left: calc(-4% \/ 2 );margin-right: calc(-4% \/ 2 );\"><div class=\"fusion-layout-column fusion_builder_column fusion-builder-column-6 fusion_builder_column_1_1 1_1 fusion-flex-column\" style=\"--awb-bg-size:cover;--awb-width-large:100%;--awb-margin-top-large:0px;--awb-spacing-right-large:1.92%;--awb-margin-bottom-large:10px;--awb-spacing-left-large:1.92%;--awb-width-medium:100%;--awb-order-medium:0;--awb-spacing-right-medium:1.92%;--awb-spacing-left-medium:1.92%;--awb-width-small:100%;--awb-order-small:0;--awb-spacing-right-small:1.92%;--awb-spacing-left-small:1.92%;\"><div class=\"fusion-column-wrapper fusion-column-has-shadow fusion-flex-justify-content-flex-start fusion-content-layout-column\"><div class=\"fusion-text fusion-text-5\" style=\"--awb-content-alignment:center;\"><h2>Una gama de bancos de carga de corriente alterna<\/h2>\n<\/div><div class=\"fusion-text fusion-text-6\" style=\"--awb-content-alignment:left;\"><p>Por lo tanto, METAL DEPLOYE RESISTOR ofrece bancos de carga hechos a medida que permiten probar todo <a href=\"https:\/\/www.mdresistor.com\/es\/banco-de-carga-de-cc-de-corriente-continua\/\">tipo de equipos que ofrecen corriente continua<\/a> : <strong>inversores, UPS, etc.<\/strong><\/p>\n<p>El acoplamiento a un banco de carga ofrece la posibilidad de:<\/p>\n<ul>\n<li><a href=\"https:\/\/www.mdresistor.com\/es\/banco-de-carga-para-grupo-generador\/\">probar el generador<\/a><\/li>\n<li>validar su poder,<\/li>\n<li>limpiarlo regularmente,<\/li>\n<li>el lastre de acuerdo a su uso.<\/li>\n<\/ul>\n<p>Bancos de carga:<\/p>\n<ul>\n<li><strong>prolongar la vida \u00fatil de los equipos,<\/strong><\/li>\n<li><strong>tambi\u00e9n y sobre todo garantizar la seguridad!<\/strong><\/li>\n<\/ul>\n<p><a href=\"https:\/\/www.mdresistor.com\/es\/quienes-somos\/\">El equipo de METAL DEPLOYE RESISTOR te apoya<\/a> dise\u00f1ando el banco de carga adaptado a tus voltajes y amperajes espec\u00edficos.<\/p>\n<\/div><\/div><\/div><\/div><\/div><\/p>\n","protected":false},"excerpt":{"rendered":"","protected":false},"author":1,"featured_media":0,"parent":0,"menu_order":0,"comment_status":"closed","ping_status":"closed","template":"100-width.php","meta":{"footnotes":""},"class_list":["post-7248","page","type-page","status-publish","hentry"],"yoast_head":"<!-- This site is optimized with the Yoast SEO plugin v27.5 - https:\/\/yoast.com\/product\/yoast-seo-wordpress\/ -->\n<title>Banco de carga de corriente alterna - METAL DEPLOYE RESISTOR<\/title>\n<meta name=\"description\" content=\"Banco de carga de corriente alterna a medida Pruebas, mantenimiento, lastrado de generadores. 80 a\u00f1os de experiencia. ISO 9001. Hecho en Francia\" \/>\n<meta name=\"robots\" content=\"index, follow, max-snippet:-1, max-image-preview:large, max-video-preview:-1\" \/>\n<link rel=\"canonical\" href=\"https:\/\/www.mdresistor.com\/es\/banco-de-carga-corriente-alterna-ac\/\" \/>\n<meta property=\"og:locale\" content=\"es_ES\" \/>\n<meta property=\"og:type\" content=\"article\" \/>\n<meta property=\"og:title\" content=\"Banco de carga de corriente alterna - METAL DEPLOYE RESISTOR\" \/>\n<meta property=\"og:description\" content=\"Banco de carga de corriente alterna a medida Pruebas, mantenimiento, lastrado de generadores. 80 a\u00f1os de experiencia. ISO 9001. Hecho en Francia\" \/>\n<meta property=\"og:url\" content=\"https:\/\/www.mdresistor.com\/es\/banco-de-carga-corriente-alterna-ac\/\" \/>\n<meta property=\"og:site_name\" content=\"MDResistor\" \/>\n<meta property=\"article:modified_time\" content=\"2022-02-08T16:04:16+00:00\" \/>\n<meta name=\"twitter:card\" content=\"summary_large_image\" \/>\n<meta name=\"twitter:label1\" content=\"Tiempo de lectura\" \/>\n\t<meta name=\"twitter:data1\" content=\"16 minutos\" \/>\n<script type=\"application\/ld+json\" class=\"yoast-schema-graph\">{\"@context\":\"https:\\\/\\\/schema.org\",\"@graph\":[{\"@type\":\"WebPage\",\"@id\":\"https:\\\/\\\/www.mdresistor.com\\\/es\\\/banco-de-carga-corriente-alterna-ac\\\/\",\"url\":\"https:\\\/\\\/www.mdresistor.com\\\/es\\\/banco-de-carga-corriente-alterna-ac\\\/\",\"name\":\"Banco de carga de corriente alterna - METAL DEPLOYE RESISTOR\",\"isPartOf\":{\"@id\":\"https:\\\/\\\/www.mdresistor.com\\\/es\\\/#website\"},\"datePublished\":\"2020-12-04T17:04:00+00:00\",\"dateModified\":\"2022-02-08T16:04:16+00:00\",\"description\":\"Banco de carga de corriente alterna a medida Pruebas, mantenimiento, lastrado de generadores. 80 a\u00f1os de experiencia. ISO 9001. Hecho en Francia\",\"inLanguage\":\"es\",\"potentialAction\":[{\"@type\":\"ReadAction\",\"target\":[\"https:\\\/\\\/www.mdresistor.com\\\/es\\\/banco-de-carga-corriente-alterna-ac\\\/\"]}]},{\"@type\":\"WebSite\",\"@id\":\"https:\\\/\\\/www.mdresistor.com\\\/es\\\/#website\",\"url\":\"https:\\\/\\\/www.mdresistor.com\\\/es\\\/\",\"name\":\"MDResistor\",\"description\":\"\",\"potentialAction\":[{\"@type\":\"SearchAction\",\"target\":{\"@type\":\"EntryPoint\",\"urlTemplate\":\"https:\\\/\\\/www.mdresistor.com\\\/es\\\/?s={search_term_string}\"},\"query-input\":{\"@type\":\"PropertyValueSpecification\",\"valueRequired\":true,\"valueName\":\"search_term_string\"}}],\"inLanguage\":\"es\"}]}<\/script>\n<!-- \/ Yoast SEO plugin. -->","yoast_head_json":{"title":"Banco de carga de corriente alterna - METAL DEPLOYE RESISTOR","description":"Banco de carga de corriente alterna a medida Pruebas, mantenimiento, lastrado de generadores. 80 a\u00f1os de experiencia. ISO 9001. Hecho en Francia","robots":{"index":"index","follow":"follow","max-snippet":"max-snippet:-1","max-image-preview":"max-image-preview:large","max-video-preview":"max-video-preview:-1"},"canonical":"https:\/\/www.mdresistor.com\/es\/banco-de-carga-corriente-alterna-ac\/","og_locale":"es_ES","og_type":"article","og_title":"Banco de carga de corriente alterna - METAL DEPLOYE RESISTOR","og_description":"Banco de carga de corriente alterna a medida Pruebas, mantenimiento, lastrado de generadores. 80 a\u00f1os de experiencia. ISO 9001. Hecho en Francia","og_url":"https:\/\/www.mdresistor.com\/es\/banco-de-carga-corriente-alterna-ac\/","og_site_name":"MDResistor","article_modified_time":"2022-02-08T16:04:16+00:00","twitter_card":"summary_large_image","twitter_misc":{"Tiempo de lectura":"16 minutos"},"schema":{"@context":"https:\/\/schema.org","@graph":[{"@type":"WebPage","@id":"https:\/\/www.mdresistor.com\/es\/banco-de-carga-corriente-alterna-ac\/","url":"https:\/\/www.mdresistor.com\/es\/banco-de-carga-corriente-alterna-ac\/","name":"Banco de carga de corriente alterna - METAL DEPLOYE RESISTOR","isPartOf":{"@id":"https:\/\/www.mdresistor.com\/es\/#website"},"datePublished":"2020-12-04T17:04:00+00:00","dateModified":"2022-02-08T16:04:16+00:00","description":"Banco de carga de corriente alterna a medida Pruebas, mantenimiento, lastrado de generadores. 80 a\u00f1os de experiencia. ISO 9001. Hecho en Francia","inLanguage":"es","potentialAction":[{"@type":"ReadAction","target":["https:\/\/www.mdresistor.com\/es\/banco-de-carga-corriente-alterna-ac\/"]}]},{"@type":"WebSite","@id":"https:\/\/www.mdresistor.com\/es\/#website","url":"https:\/\/www.mdresistor.com\/es\/","name":"MDResistor","description":"","potentialAction":[{"@type":"SearchAction","target":{"@type":"EntryPoint","urlTemplate":"https:\/\/www.mdresistor.com\/es\/?s={search_term_string}"},"query-input":{"@type":"PropertyValueSpecification","valueRequired":true,"valueName":"search_term_string"}}],"inLanguage":"es"}]}},"_links":{"self":[{"href":"https:\/\/www.mdresistor.com\/es\/wp-json\/wp\/v2\/pages\/7248","targetHints":{"allow":["GET"]}}],"collection":[{"href":"https:\/\/www.mdresistor.com\/es\/wp-json\/wp\/v2\/pages"}],"about":[{"href":"https:\/\/www.mdresistor.com\/es\/wp-json\/wp\/v2\/types\/page"}],"author":[{"embeddable":true,"href":"https:\/\/www.mdresistor.com\/es\/wp-json\/wp\/v2\/users\/1"}],"replies":[{"embeddable":true,"href":"https:\/\/www.mdresistor.com\/es\/wp-json\/wp\/v2\/comments?post=7248"}],"version-history":[{"count":2,"href":"https:\/\/www.mdresistor.com\/es\/wp-json\/wp\/v2\/pages\/7248\/revisions"}],"predecessor-version":[{"id":7251,"href":"https:\/\/www.mdresistor.com\/es\/wp-json\/wp\/v2\/pages\/7248\/revisions\/7251"}],"wp:attachment":[{"href":"https:\/\/www.mdresistor.com\/es\/wp-json\/wp\/v2\/media?parent=7248"}],"curies":[{"name":"wp","href":"https:\/\/api.w.org\/{rel}","templated":true}]}}