{"id":7253,"date":"2020-12-04T18:04:02","date_gmt":"2020-12-04T17:04:02","guid":{"rendered":"https:\/\/www.mdresistor.com\/banco-de-carga-resistivo\/"},"modified":"2025-07-03T02:20:14","modified_gmt":"2025-07-03T00:20:14","slug":"banco-de-carga-resistivo","status":"publish","type":"page","link":"https:\/\/www.mdresistor.com\/es\/banco-de-carga-resistivo\/","title":{"rendered":"3.2.0 banco de carga resistivo"},"content":{"rendered":"<p><div class=\"fusion-fullwidth fullwidth-box fusion-builder-row-1 fusion-flex-container nonhundred-percent-fullwidth non-hundred-percent-height-scrolling\" style=\"--awb-border-radius-top-left:0px;--awb-border-radius-top-right:0px;--awb-border-radius-bottom-right:0px;--awb-border-radius-bottom-left:0px;--awb-flex-wrap:wrap;\" ><div class=\"fusion-builder-row fusion-row fusion-flex-align-items-center fusion-flex-justify-content-center fusion-flex-content-wrap\" style=\"max-width:1040px;margin-left: calc(-4% \/ 2 );margin-right: calc(-4% \/ 2 );\"><div class=\"fusion-layout-column fusion_builder_column fusion-builder-column-0 fusion_builder_column_1_2 1_2 fusion-flex-column\" style=\"--awb-bg-size:cover;--awb-width-large:50%;--awb-margin-top-large:0px;--awb-spacing-right-large:3.84%;--awb-margin-bottom-large:10px;--awb-spacing-left-large:3.84%;--awb-width-medium:100%;--awb-order-medium:0;--awb-spacing-right-medium:1.92%;--awb-spacing-left-medium:1.92%;--awb-width-small:100%;--awb-order-small:0;--awb-spacing-right-small:1.92%;--awb-spacing-left-small:1.92%;\"><div class=\"fusion-column-wrapper fusion-column-has-shadow fusion-flex-justify-content-flex-start fusion-content-layout-column\"><div class=\"fusion-text fusion-text-1\"><h1>Banco de carga resistivo: lastrado de generadores y prueba de generadores<\/h1>\n<\/div><div ><a class=\"fusion-button button-flat fusion-button-default-size button-default fusion-button-default button-1 fusion-button-default-span fusion-button-default-type\" style=\"--button_margin-top:5%;\" target=\"_self\" href=\"https:\/\/www.mdresistor.com\/es\/contactar\/\"><span class=\"fusion-button-text awb-button__text awb-button__text--default\">RECIBE UN PRESUPUESTO PERSONALIZADO EN 24H<\/span><\/a><\/div>\n<\/div><\/div><div class=\"fusion-layout-column fusion_builder_column fusion-builder-column-1 fusion_builder_column_1_2 1_2 fusion-flex-column\" style=\"--awb-bg-size:cover;--awb-width-large:50%;--awb-margin-top-large:0px;--awb-spacing-right-large:3.84%;--awb-margin-bottom-large:10px;--awb-spacing-left-large:3.84%;--awb-width-medium:100%;--awb-order-medium:0;--awb-spacing-right-medium:1.92%;--awb-spacing-left-medium:1.92%;--awb-width-small:100%;--awb-order-small:0;--awb-spacing-right-small:1.92%;--awb-spacing-left-small:1.92%;\"><div class=\"fusion-column-wrapper fusion-column-has-shadow fusion-flex-justify-content-flex-start fusion-content-layout-column\"><div class=\"fusion-image-element \" style=\"text-align:center;--awb-caption-title-font-family:var(--h2_typography-font-family);--awb-caption-title-font-weight:var(--h2_typography-font-weight);--awb-caption-title-font-style:var(--h2_typography-font-style);--awb-caption-title-size:var(--h2_typography-font-size);--awb-caption-title-transform:var(--h2_typography-text-transform);--awb-caption-title-line-height:var(--h2_typography-line-height);--awb-caption-title-letter-spacing:var(--h2_typography-letter-spacing);\"><span class=\" fusion-imageframe imageframe-none imageframe-1 hover-type-none\"><img decoding=\"async\" width=\"800\" height=\"508\" alt=\"Banco de carga modular resistivo - Metal Deploye Resistor\" title=\"banc de charge modulaire resistif &#8211; Metal Deploye Resistor-min\" src=\"https:\/\/www.mdresistor.com\/wp-content\/uploads\/2020\/12\/banc-de-charge-modulaire-resistif-Metal-Deploye-Resistor-min.jpg\" class=\"img-responsive wp-image-7043\" srcset=\"https:\/\/www.mdresistor.com\/wp-content\/uploads\/2020\/12\/banc-de-charge-modulaire-resistif-Metal-Deploye-Resistor-min-200x127.jpg 200w, https:\/\/www.mdresistor.com\/wp-content\/uploads\/2020\/12\/banc-de-charge-modulaire-resistif-Metal-Deploye-Resistor-min-400x254.jpg 400w, https:\/\/www.mdresistor.com\/wp-content\/uploads\/2020\/12\/banc-de-charge-modulaire-resistif-Metal-Deploye-Resistor-min-600x381.jpg 600w, https:\/\/www.mdresistor.com\/wp-content\/uploads\/2020\/12\/banc-de-charge-modulaire-resistif-Metal-Deploye-Resistor-min.jpg 800w\" sizes=\"(max-width: 1024px) 100vw, (max-width: 640px) 100vw, 600px\" \/><\/span><\/div><\/div><\/div><\/div><\/div><div class=\"fusion-fullwidth fullwidth-box fusion-builder-row-2 fusion-flex-container nonhundred-percent-fullwidth non-hundred-percent-height-scrolling\" style=\"--awb-border-radius-top-left:0px;--awb-border-radius-top-right:0px;--awb-border-radius-bottom-right:0px;--awb-border-radius-bottom-left:0px;--awb-flex-wrap:wrap;\" id=\"un\" ><div class=\"fusion-builder-row fusion-row fusion-flex-align-items-center fusion-flex-justify-content-center fusion-flex-content-wrap\" style=\"max-width:1040px;margin-left: calc(-4% \/ 2 );margin-right: calc(-4% \/ 2 );\"><div class=\"fusion-layout-column fusion_builder_column fusion-builder-column-2 fusion_builder_column_1_1 1_1 fusion-flex-column\" style=\"--awb-bg-size:cover;--awb-width-large:100%;--awb-margin-top-large:0px;--awb-spacing-right-large:1.92%;--awb-margin-bottom-large:10px;--awb-spacing-left-large:1.92%;--awb-width-medium:100%;--awb-order-medium:0;--awb-spacing-right-medium:1.92%;--awb-spacing-left-medium:1.92%;--awb-width-small:100%;--awb-order-small:0;--awb-spacing-right-small:1.92%;--awb-spacing-left-small:1.92%;\"><div class=\"fusion-column-wrapper fusion-column-has-shadow fusion-flex-justify-content-flex-start fusion-content-layout-column\"><div class=\"fusion-text fusion-text-2\" style=\"--awb-content-alignment:center;\"><h2>Un banco de carga resistivo: \u00bfpara qu\u00e9 sirve?<\/h2>\n<\/div><div class=\"fusion-text fusion-text-3\" style=\"--awb-content-alignment:left;\"><h3>la carga resistiva<\/h3>\n<p>Las cargas resistivas son aquellas donde <strong>la electricidad produce calor por el \u201cefecto Joule\u201d<\/strong> y no por movimiento.<\/p>\n<p>Los sistemas y equipos en cuesti\u00f3n son:<\/p>\n<ul>\n<li>l\u00e1mparas incandescentes,<\/li>\n<li>calentadores el\u00e9ctricos,<\/li>\n<li>hornos de convecci\u00f3n natural,<\/li>\n<li>y <strong>algunos bancos de carga<\/strong> cuyas resistencias tienen este efecto<\/li>\n<\/ul>\n<h3>El principio del banco de carga resistivo.<\/h3>\n<p>El principio de un banco de carga resistivo es una <strong>carga que absorbe energ\u00eda en un sistema el\u00e9ctrico<\/strong> .<\/p>\n<p>Hay 2 tipos de rellenos:<\/p>\n<ul>\n<li>Cargas capacitivas<\/li>\n<li>Cargas resistivas<\/li>\n<\/ul>\n<p>Los dispositivos el\u00e9ctricos que no tienen cargas capacitivas se dividen en 2 grandes grupos:<\/p>\n<ul>\n<li>Cargas resistivas<\/li>\n<li>Cargas inductivas<\/li>\n<\/ul>\n<h3>Funciones del banco de carga resistivo<\/h3>\n<p>El banco de carga resistivo se utiliza para:<\/p>\n<ul>\n<li><strong>La prueba del grupo electr\u00f3geno se ejecuta al 100 % de la clasificaci\u00f3n de kW de la placa<\/strong> de identificaci\u00f3n.<\/li>\n<li><strong>Cargue completamente<\/strong> los sistemas de enfriamiento, combustible y escape del generador.<\/li>\n<\/ul>\n<\/div><\/div><\/div><\/div><\/div><div class=\"fusion-fullwidth fullwidth-box fusion-builder-row-3 fusion-flex-container nonhundred-percent-fullwidth non-hundred-percent-height-scrolling container-gris\" style=\"--awb-border-radius-top-left:0px;--awb-border-radius-top-right:0px;--awb-border-radius-bottom-right:0px;--awb-border-radius-bottom-left:0px;--awb-flex-wrap:wrap;\" ><div class=\"fusion-builder-row fusion-row fusion-flex-align-items-center fusion-flex-justify-content-center fusion-flex-content-wrap\" style=\"max-width:1040px;margin-left: calc(-4% \/ 2 );margin-right: calc(-4% \/ 2 );\"><div class=\"fusion-layout-column fusion_builder_column fusion-builder-column-3 fusion_builder_column_1_1 1_1 fusion-flex-column\" style=\"--awb-bg-size:cover;--awb-width-large:100%;--awb-margin-top-large:0px;--awb-spacing-right-large:1.92%;--awb-margin-bottom-large:10px;--awb-spacing-left-large:1.92%;--awb-width-medium:100%;--awb-order-medium:0;--awb-spacing-right-medium:1.92%;--awb-spacing-left-medium:1.92%;--awb-width-small:100%;--awb-order-small:0;--awb-spacing-right-small:1.92%;--awb-spacing-left-small:1.92%;\"><div class=\"fusion-column-wrapper fusion-column-has-shadow fusion-flex-justify-content-flex-start fusion-content-layout-column\"><div class=\"fusion-text fusion-text-4\" style=\"--awb-content-alignment:center;\"><h2>Una gama de bancos de carga resistivos: replique las demandas del mundo real en sistemas de energ\u00eda cr\u00edticos<\/h2>\n<\/div><div class=\"fusion-text fusion-text-5\" style=\"--awb-content-alignment:left;--awb-text-transform:none;\"><p>El banco de carga <strong>aplica una carga el\u00e9ctrica a la fuente de alimentaci\u00f3n y disipa la energ\u00eda resultante<\/strong> como calor t\u00e9rmico a trav\u00e9s de componentes resistivos. Los ventiladores motorizados integrados cumplir\u00e1n su funci\u00f3n de refrigeraci\u00f3n de los elementos resistivos.<\/p>\n<p>Los bancos de carga son la <strong>mejor manera de replicar y verificar las demandas del mundo real en los sistemas de energ\u00eda cr\u00edticos<\/strong> .<\/p>\n<p>METAL DEPLOYE RESISTOR, est\u00e1 a su disposici\u00f3n para definir los par\u00e1metros espec\u00edficos relacionados con sus necesidades.<\/p>\n<\/div><\/div><\/div><div class=\"fusion-layout-column fusion_builder_column fusion-builder-column-4 fusion_builder_column_1_1 1_1 fusion-flex-column col-highlight\" style=\"--awb-bg-color:#ffffff;--awb-bg-color-hover:#ffffff;--awb-bg-size:cover;--awb-width-large:100%;--awb-margin-top-large:0px;--awb-spacing-right-large:1.92%;--awb-margin-bottom-large:10px;--awb-spacing-left-large:1.92%;--awb-width-medium:100%;--awb-order-medium:0;--awb-spacing-right-medium:1.92%;--awb-spacing-left-medium:1.92%;--awb-width-small:100%;--awb-order-small:0;--awb-spacing-right-small:1.92%;--awb-spacing-left-small:1.92%;\" data-scroll-devices=\"small-visibility,medium-visibility,large-visibility\"><div class=\"fusion-column-wrapper fusion-column-has-shadow fusion-flex-justify-content-flex-start fusion-content-layout-column\"><div class=\"fusion-text fusion-text-6\" style=\"--awb-content-alignment:center;\"><h3>Optimice su puesta en marcha con <strong>nuestro banco de carga refrigerado por l\u00edquido<\/strong> , especialmente dise\u00f1ado para centros de datos de alta densidad.<\/h3>\n<\/div><div class=\"fusion-text fusion-text-7\" style=\"--awb-content-alignment:center;\"><p><strong>Hoy en d\u00eda, casi el 40% de los centros de datos han adoptado la tecnolog\u00eda de refrigeraci\u00f3n l\u00edquida.<\/strong><br \/> Ante el auge de las infraestructuras de alta densidad y la creciente necesidad de herramientas de prueba cada vez m\u00e1s eficientes, Metal Deploye Resistor presenta su nuevo <strong>banco de carga refrigerado por l\u00edquido<\/strong> <strong>de 500 kW<\/strong> : una soluci\u00f3n innovadora, dise\u00f1ada para satisfacer los m\u00e1s altos requisitos en t\u00e9rminos de rendimiento, compacidad y fiabilidad.<\/p>\n<\/div><div style=\"text-align:center;\"><a class=\"fusion-button button-flat fusion-button-default-size button-default fusion-button-default button-2 fusion-button-default-span fusion-button-default-type\" target=\"_self\" href=\"https:\/\/www.mdresistor.com\/es\/contactar\/\"><span class=\"fusion-button-text awb-button__text awb-button__text--default\">Cont\u00e1ctenos<\/span><\/a><\/div><\/div><\/div>\n<\/div><\/div><\/p>\n","protected":false},"excerpt":{"rendered":"","protected":false},"author":1,"featured_media":0,"parent":0,"menu_order":0,"comment_status":"closed","ping_status":"closed","template":"100-width.php","meta":{"footnotes":""},"class_list":["post-7253","page","type-page","status-publish","hentry"],"yoast_head":"<!-- This site is optimized with the Yoast SEO plugin v27.4 - https:\/\/yoast.com\/product\/yoast-seo-wordpress\/ -->\n<title>Banco de carga resistiva, prueba de lastre del generador.<\/title>\n<meta name=\"description\" content=\"Bancos de carga resistivos personalizados. Lastre del generador. Prueba del generador. 80 a\u00f1os de experiencia. Calidad certificada. Hecho en Francia\" \/>\n<meta name=\"robots\" content=\"index, follow, max-snippet:-1, max-image-preview:large, max-video-preview:-1\" \/>\n<link rel=\"canonical\" href=\"https:\/\/www.mdresistor.com\/es\/banco-de-carga-resistivo\/\" \/>\n<meta property=\"og:locale\" content=\"es_ES\" \/>\n<meta property=\"og:type\" content=\"article\" \/>\n<meta property=\"og:title\" content=\"Banco de carga resistiva, prueba de lastre del generador.\" \/>\n<meta property=\"og:description\" content=\"Bancos de carga resistivos personalizados. Lastre del generador. Prueba del generador. 80 a\u00f1os de experiencia. Calidad certificada. Hecho en Francia\" \/>\n<meta property=\"og:url\" content=\"https:\/\/www.mdresistor.com\/es\/banco-de-carga-resistivo\/\" \/>\n<meta property=\"og:site_name\" content=\"MDResistor\" \/>\n<meta property=\"article:modified_time\" content=\"2025-07-03T00:20:14+00:00\" \/>\n<meta name=\"twitter:card\" content=\"summary_large_image\" \/>\n<meta name=\"twitter:label1\" content=\"Tiempo de lectura\" \/>\n\t<meta name=\"twitter:data1\" content=\"12 minutos\" \/>\n<script type=\"application\/ld+json\" class=\"yoast-schema-graph\">{\"@context\":\"https:\\\/\\\/schema.org\",\"@graph\":[{\"@type\":\"WebPage\",\"@id\":\"https:\\\/\\\/www.mdresistor.com\\\/es\\\/banco-de-carga-resistivo\\\/\",\"url\":\"https:\\\/\\\/www.mdresistor.com\\\/es\\\/banco-de-carga-resistivo\\\/\",\"name\":\"Banco de carga resistiva, prueba de lastre del generador.\",\"isPartOf\":{\"@id\":\"https:\\\/\\\/www.mdresistor.com\\\/es\\\/#website\"},\"datePublished\":\"2020-12-04T17:04:02+00:00\",\"dateModified\":\"2025-07-03T00:20:14+00:00\",\"description\":\"Bancos de carga resistivos personalizados. Lastre del generador. Prueba del generador. 80 a\u00f1os de experiencia. Calidad certificada. Hecho en Francia\",\"inLanguage\":\"es\",\"potentialAction\":[{\"@type\":\"ReadAction\",\"target\":[\"https:\\\/\\\/www.mdresistor.com\\\/es\\\/banco-de-carga-resistivo\\\/\"]}]},{\"@type\":\"WebSite\",\"@id\":\"https:\\\/\\\/www.mdresistor.com\\\/es\\\/#website\",\"url\":\"https:\\\/\\\/www.mdresistor.com\\\/es\\\/\",\"name\":\"MDResistor\",\"description\":\"\",\"potentialAction\":[{\"@type\":\"SearchAction\",\"target\":{\"@type\":\"EntryPoint\",\"urlTemplate\":\"https:\\\/\\\/www.mdresistor.com\\\/es\\\/?s={search_term_string}\"},\"query-input\":{\"@type\":\"PropertyValueSpecification\",\"valueRequired\":true,\"valueName\":\"search_term_string\"}}],\"inLanguage\":\"es\"}]}<\/script>\n<!-- \/ Yoast SEO plugin. -->","yoast_head_json":{"title":"Banco de carga resistiva, prueba de lastre del generador.","description":"Bancos de carga resistivos personalizados. Lastre del generador. Prueba del generador. 80 a\u00f1os de experiencia. Calidad certificada. Hecho en Francia","robots":{"index":"index","follow":"follow","max-snippet":"max-snippet:-1","max-image-preview":"max-image-preview:large","max-video-preview":"max-video-preview:-1"},"canonical":"https:\/\/www.mdresistor.com\/es\/banco-de-carga-resistivo\/","og_locale":"es_ES","og_type":"article","og_title":"Banco de carga resistiva, prueba de lastre del generador.","og_description":"Bancos de carga resistivos personalizados. Lastre del generador. Prueba del generador. 80 a\u00f1os de experiencia. Calidad certificada. Hecho en Francia","og_url":"https:\/\/www.mdresistor.com\/es\/banco-de-carga-resistivo\/","og_site_name":"MDResistor","article_modified_time":"2025-07-03T00:20:14+00:00","twitter_card":"summary_large_image","twitter_misc":{"Tiempo de lectura":"12 minutos"},"schema":{"@context":"https:\/\/schema.org","@graph":[{"@type":"WebPage","@id":"https:\/\/www.mdresistor.com\/es\/banco-de-carga-resistivo\/","url":"https:\/\/www.mdresistor.com\/es\/banco-de-carga-resistivo\/","name":"Banco de carga resistiva, prueba de lastre del generador.","isPartOf":{"@id":"https:\/\/www.mdresistor.com\/es\/#website"},"datePublished":"2020-12-04T17:04:02+00:00","dateModified":"2025-07-03T00:20:14+00:00","description":"Bancos de carga resistivos personalizados. Lastre del generador. Prueba del generador. 80 a\u00f1os de experiencia. Calidad certificada. Hecho en Francia","inLanguage":"es","potentialAction":[{"@type":"ReadAction","target":["https:\/\/www.mdresistor.com\/es\/banco-de-carga-resistivo\/"]}]},{"@type":"WebSite","@id":"https:\/\/www.mdresistor.com\/es\/#website","url":"https:\/\/www.mdresistor.com\/es\/","name":"MDResistor","description":"","potentialAction":[{"@type":"SearchAction","target":{"@type":"EntryPoint","urlTemplate":"https:\/\/www.mdresistor.com\/es\/?s={search_term_string}"},"query-input":{"@type":"PropertyValueSpecification","valueRequired":true,"valueName":"search_term_string"}}],"inLanguage":"es"}]}},"_links":{"self":[{"href":"https:\/\/www.mdresistor.com\/es\/wp-json\/wp\/v2\/pages\/7253","targetHints":{"allow":["GET"]}}],"collection":[{"href":"https:\/\/www.mdresistor.com\/es\/wp-json\/wp\/v2\/pages"}],"about":[{"href":"https:\/\/www.mdresistor.com\/es\/wp-json\/wp\/v2\/types\/page"}],"author":[{"embeddable":true,"href":"https:\/\/www.mdresistor.com\/es\/wp-json\/wp\/v2\/users\/1"}],"replies":[{"embeddable":true,"href":"https:\/\/www.mdresistor.com\/es\/wp-json\/wp\/v2\/comments?post=7253"}],"version-history":[{"count":5,"href":"https:\/\/www.mdresistor.com\/es\/wp-json\/wp\/v2\/pages\/7253\/revisions"}],"predecessor-version":[{"id":11005,"href":"https:\/\/www.mdresistor.com\/es\/wp-json\/wp\/v2\/pages\/7253\/revisions\/11005"}],"wp:attachment":[{"href":"https:\/\/www.mdresistor.com\/es\/wp-json\/wp\/v2\/media?parent=7253"}],"curies":[{"name":"wp","href":"https:\/\/api.w.org\/{rel}","templated":true}]}}