{"id":7259,"date":"2020-12-04T18:04:00","date_gmt":"2020-12-04T17:04:00","guid":{"rendered":"https:\/\/www.mdresistor.com\/banco-de-descarga-de-baterias\/"},"modified":"2022-02-08T17:04:17","modified_gmt":"2022-02-08T16:04:17","slug":"banco-de-descarga-de-baterias","status":"publish","type":"page","link":"https:\/\/www.mdresistor.com\/es\/banco-de-descarga-de-baterias\/","title":{"rendered":"3.1.2 Banco de descarga de bater\u00edas"},"content":{"rendered":"<p><div class=\"fusion-fullwidth fullwidth-box fusion-builder-row-1 fusion-flex-container nonhundred-percent-fullwidth non-hundred-percent-height-scrolling\" style=\"--awb-border-radius-top-left:0px;--awb-border-radius-top-right:0px;--awb-border-radius-bottom-right:0px;--awb-border-radius-bottom-left:0px;--awb-flex-wrap:wrap;\" ><div class=\"fusion-builder-row fusion-row fusion-flex-align-items-center fusion-flex-justify-content-center fusion-flex-content-wrap\" style=\"max-width:1040px;margin-left: calc(-4% \/ 2 );margin-right: calc(-4% \/ 2 );\"><div class=\"fusion-layout-column fusion_builder_column fusion-builder-column-0 fusion_builder_column_1_2 1_2 fusion-flex-column\" style=\"--awb-bg-size:cover;--awb-width-large:50%;--awb-margin-top-large:0px;--awb-spacing-right-large:3.84%;--awb-margin-bottom-large:10px;--awb-spacing-left-large:3.84%;--awb-width-medium:100%;--awb-order-medium:0;--awb-spacing-right-medium:1.92%;--awb-spacing-left-medium:1.92%;--awb-width-small:100%;--awb-order-small:0;--awb-spacing-right-small:1.92%;--awb-spacing-left-small:1.92%;\"><div class=\"fusion-column-wrapper fusion-column-has-shadow fusion-flex-justify-content-flex-start fusion-content-layout-column\"><div class=\"fusion-text fusion-text-1\"><h1>Banco de descarga: cualificaci\u00f3n y ensayo de bater\u00eda el\u00e9ctrica<\/h1>\n<\/div><div ><a class=\"fusion-button button-flat fusion-button-default-size button-default fusion-button-default button-1 fusion-button-default-span fusion-button-default-type\" style=\"--awb-margin-top:5%;\" target=\"_self\" href=\"https:\/\/www.mdresistor.com\/es\/contactar\/\"><span class=\"fusion-button-text awb-button__text awb-button__text--default\">RECIBE UN PRESUPUESTO PERSONALIZADO EN 24H<\/span><\/a><\/div>\n<\/div><\/div><div class=\"fusion-layout-column fusion_builder_column fusion-builder-column-1 fusion_builder_column_1_2 1_2 fusion-flex-column\" style=\"--awb-bg-size:cover;--awb-width-large:50%;--awb-margin-top-large:0px;--awb-spacing-right-large:3.84%;--awb-margin-bottom-large:10px;--awb-spacing-left-large:3.84%;--awb-width-medium:100%;--awb-order-medium:0;--awb-spacing-right-medium:1.92%;--awb-spacing-left-medium:1.92%;--awb-width-small:100%;--awb-order-small:0;--awb-spacing-right-small:1.92%;--awb-spacing-left-small:1.92%;\"><div class=\"fusion-column-wrapper fusion-column-has-shadow fusion-flex-justify-content-flex-start fusion-content-layout-column\"><div class=\"fusion-image-element \" style=\"text-align:center;--awb-caption-title-font-family:var(--h2_typography-font-family);--awb-caption-title-font-weight:var(--h2_typography-font-weight);--awb-caption-title-font-style:var(--h2_typography-font-style);--awb-caption-title-size:var(--h2_typography-font-size);--awb-caption-title-transform:var(--h2_typography-text-transform);--awb-caption-title-line-height:var(--h2_typography-line-height);--awb-caption-title-letter-spacing:var(--h2_typography-letter-spacing);\"><span class=\" fusion-imageframe imageframe-none imageframe-1 hover-type-none\"><img decoding=\"async\" width=\"800\" height=\"517\" alt=\"Patio de bater\u00edas\" title=\"Chantier de batteries-min\" src=\"https:\/\/www.mdresistor.com\/wp-content\/uploads\/2020\/12\/Chantier-de-batteries-min-2.jpg\" class=\"img-responsive wp-image-6992\" srcset=\"https:\/\/www.mdresistor.com\/wp-content\/uploads\/2020\/12\/Chantier-de-batteries-min-2-200x129.jpg 200w, https:\/\/www.mdresistor.com\/wp-content\/uploads\/2020\/12\/Chantier-de-batteries-min-2-400x259.jpg 400w, https:\/\/www.mdresistor.com\/wp-content\/uploads\/2020\/12\/Chantier-de-batteries-min-2-600x388.jpg 600w, https:\/\/www.mdresistor.com\/wp-content\/uploads\/2020\/12\/Chantier-de-batteries-min-2.jpg 800w\" sizes=\"(max-width: 1024px) 100vw, (max-width: 640px) 100vw, 600px\" \/><\/span><\/div><\/div><\/div><\/div><\/div><div class=\"fusion-fullwidth fullwidth-box fusion-builder-row-2 fusion-flex-container nonhundred-percent-fullwidth non-hundred-percent-height-scrolling\" style=\"--awb-border-radius-top-left:0px;--awb-border-radius-top-right:0px;--awb-border-radius-bottom-right:0px;--awb-border-radius-bottom-left:0px;--awb-flex-wrap:wrap;\" id=\"un\" ><div class=\"fusion-builder-row fusion-row fusion-flex-align-items-center fusion-flex-justify-content-center fusion-flex-content-wrap\" style=\"max-width:1040px;margin-left: calc(-4% \/ 2 );margin-right: calc(-4% \/ 2 );\"><div class=\"fusion-layout-column fusion_builder_column fusion-builder-column-2 fusion_builder_column_1_1 1_1 fusion-flex-column\" style=\"--awb-bg-size:cover;--awb-width-large:100%;--awb-margin-top-large:0px;--awb-spacing-right-large:1.92%;--awb-margin-bottom-large:10px;--awb-spacing-left-large:1.92%;--awb-width-medium:100%;--awb-order-medium:0;--awb-spacing-right-medium:1.92%;--awb-spacing-left-medium:1.92%;--awb-width-small:100%;--awb-order-small:0;--awb-spacing-right-small:1.92%;--awb-spacing-left-small:1.92%;\"><div class=\"fusion-column-wrapper fusion-column-has-shadow fusion-flex-justify-content-flex-start fusion-content-layout-column\"><div class=\"fusion-text fusion-text-2\" style=\"--awb-content-alignment:center;\"><h2>\u00bfPor qu\u00e9 se debe descargar una bater\u00eda?<\/h2>\n<\/div><div class=\"fusion-text fusion-text-3\" style=\"--awb-content-alignment:left;\"><p>Al descargar una bater\u00eda mediante un banco de descarga, esto permitir\u00e1:<\/p>\n<ul>\n<li>Regenerar bater\u00eda<\/li>\n<li>Pruebe los generadores de CC<\/li>\n<li>Comprueba su poder<\/li>\n<li>Estimar su capacidad y confiabilidad<\/li>\n<li>Mejorar su vida \u00fatil<\/li>\n<\/ul>\n<p><strong>METAL DEPLOYE RESISTOR ofrece una amplia gama de bancos de carga y descarga:<\/strong><\/p>\n<ul>\n<li>para <strong>el mantenimiento y prueba de bater\u00edas<\/strong> en diferentes industrias, entornos y \u00e1reas de aplicaci\u00f3n.<\/li>\n<li>y adem\u00e1s el <strong>registro de datos de descarga<\/strong> con curvas y an\u00e1lisis precisos.<\/li>\n<\/ul>\n<\/div><\/div><\/div><\/div><\/div><div class=\"fusion-fullwidth fullwidth-box fusion-builder-row-3 fusion-flex-container nonhundred-percent-fullwidth non-hundred-percent-height-scrolling container-gris\" style=\"--awb-border-radius-top-left:0px;--awb-border-radius-top-right:0px;--awb-border-radius-bottom-right:0px;--awb-border-radius-bottom-left:0px;--awb-flex-wrap:wrap;\" ><div class=\"fusion-builder-row fusion-row fusion-flex-align-items-center fusion-flex-justify-content-center fusion-flex-content-wrap\" style=\"max-width:1040px;margin-left: calc(-4% \/ 2 );margin-right: calc(-4% \/ 2 );\"><div class=\"fusion-layout-column fusion_builder_column fusion-builder-column-3 fusion_builder_column_1_1 1_1 fusion-flex-column\" style=\"--awb-bg-size:cover;--awb-width-large:100%;--awb-margin-top-large:0px;--awb-spacing-right-large:1.92%;--awb-margin-bottom-large:10px;--awb-spacing-left-large:1.92%;--awb-width-medium:100%;--awb-order-medium:0;--awb-spacing-right-medium:1.92%;--awb-spacing-left-medium:1.92%;--awb-width-small:100%;--awb-order-small:0;--awb-spacing-right-small:1.92%;--awb-spacing-left-small:1.92%;\"><div class=\"fusion-column-wrapper fusion-column-has-shadow fusion-flex-justify-content-flex-start fusion-content-layout-column\"><div class=\"fusion-text fusion-text-4\" style=\"--awb-content-alignment:center;\"><h2>Una cuesti\u00f3n de seguridad y mejora de la vida \u00fatil.<\/h2>\n<\/div><div class=\"fusion-text fusion-text-5\" style=\"--awb-content-alignment:left;\"><h3>Descarga las bater\u00edas para garantizar la plena capacidad<\/h3>\n<p>La corriente continua est\u00e1 muy presente a trav\u00e9s de las bater\u00edas. A menudo se encuentra en<\/p>\n<ul>\n<li><strong>sectores de actividad restrictivos<\/strong> como la marina o las empresas petroleras.<\/li>\n<li>en <strong>sistemas embebidos<\/strong> como en barcos por ejemplo.<\/li>\n<\/ul>\n<p>Dependiendo de los diferentes usos, es necesario <strong>descargar peri\u00f3dicamente las bater\u00edas para garantizar su plena capacidad<\/strong> .<\/p>\n<h3>Restricciones regulatorias adicionales<\/h3>\n<p>A diferencia de la corriente alterna, las normas son mucho m\u00e1s numerosas para la corriente continua, de ah\u00ed un rigor adicional.<\/p>\n<h3>Un reto para cualquier tipo de bater\u00eda<\/h3>\n<p>Para todos los tipos de bater\u00eda, es importante descargarlas:<\/p>\n<ul>\n<li><strong>Durante la fase de transporte<\/strong> : en particular de iones de litio<\/li>\n<li><strong>Por motivos de seguridad<\/strong> : electrificaci\u00f3n-electrocuci\u00f3n por contacto directo, generaci\u00f3n de chispas, etc.<\/li>\n<li><strong>Para optimizar su capacidad<\/strong> : las bater\u00edas de plomo-\u00e1cido o de n\u00edquel-cadmio, e incluso las de litio, son sensibles al efecto memoria que reduce su capacidad.<\/li>\n<\/ul>\n<p>El <strong>banco de pruebas de bater\u00edas<\/strong> es entonces una soluci\u00f3n relevante para reducir estos efectos nocivos y garantizar la seguridad \u00f3ptima de su equipo. Como beneficio adicional, esto tendr\u00e1 un <strong>efecto beneficioso tanto econ\u00f3mico como ambiental<\/strong> .<\/p>\n<\/div><\/div><\/div><\/div><\/div><div class=\"fusion-fullwidth fullwidth-box fusion-builder-row-4 fusion-flex-container nonhundred-percent-fullwidth non-hundred-percent-height-scrolling container-blanc\" style=\"--awb-border-radius-top-left:0px;--awb-border-radius-top-right:0px;--awb-border-radius-bottom-right:0px;--awb-border-radius-bottom-left:0px;--awb-flex-wrap:wrap;\" ><div class=\"fusion-builder-row fusion-row fusion-flex-align-items-center fusion-flex-justify-content-center fusion-flex-content-wrap\" style=\"max-width:1040px;margin-left: calc(-4% \/ 2 );margin-right: calc(-4% \/ 2 );\"><div class=\"fusion-layout-column fusion_builder_column fusion-builder-column-4 fusion_builder_column_1_1 1_1 fusion-flex-column\" style=\"--awb-bg-size:cover;--awb-width-large:100%;--awb-margin-top-large:0px;--awb-spacing-right-large:1.92%;--awb-margin-bottom-large:10px;--awb-spacing-left-large:1.92%;--awb-width-medium:100%;--awb-order-medium:0;--awb-spacing-right-medium:1.92%;--awb-spacing-left-medium:1.92%;--awb-width-small:100%;--awb-order-small:0;--awb-spacing-right-small:1.92%;--awb-spacing-left-small:1.92%;\"><div class=\"fusion-column-wrapper fusion-column-has-shadow fusion-flex-justify-content-flex-start fusion-content-layout-column\"><div class=\"fusion-text fusion-text-6\" style=\"--awb-content-alignment:center;\"><h2>Una gama de bancos de descarga para optimizar sus bater\u00edas<\/h2>\n<\/div><div class=\"fusion-text fusion-text-7\" style=\"--awb-content-alignment:left;\"><p>METAL DEPLOYE RESISTOR ofrece una gama completa de bancos de descarga que son:<\/p>\n<ul>\n<li><strong>m\u00f3vil y f\u00e1cil de transportar<\/strong> : seg\u00fan el modelo, ofrecemos ruedas de manipulaci\u00f3n, remolques de carretera, etc.<\/li>\n<li><strong>f\u00e1cil de usar<\/strong> : el dise\u00f1o de estos bancos de carga facilita la verificaci\u00f3n de la capacidad de las bater\u00edas<\/li>\n<li><strong>programable<\/strong> : nuestros bancos de carga aseguran la programaci\u00f3n de una corriente regulada de carga y descarga.<\/li>\n<\/ul>\n<p>METAL DEPLOYE RESISTOR, est\u00e1 a su disposici\u00f3n para definir los par\u00e1metros espec\u00edficos relacionados con sus necesidades de prueba o mantenimiento de bater\u00edas.<\/p>\n<\/div><\/div><\/div><\/div><\/div><\/p>\n","protected":false},"excerpt":{"rendered":"","protected":false},"author":1,"featured_media":0,"parent":0,"menu_order":0,"comment_status":"closed","ping_status":"closed","template":"100-width.php","meta":{"footnotes":""},"class_list":["post-7259","page","type-page","status-publish","hentry"],"yoast_head":"<!-- This site is optimized with the Yoast SEO plugin v27.4 - https:\/\/yoast.com\/product\/yoast-seo-wordpress\/ -->\n<title>Banco de descarga: cualificaci\u00f3n y ensayo de bater\u00eda el\u00e9ctrica<\/title>\n<meta name=\"description\" content=\"Bancos de descarga a medida para pruebas y mantenimiento de bater\u00edas. 80 a\u00f1os de experiencia - Calidad certificada ISO 9001 - Made in France\" \/>\n<meta name=\"robots\" content=\"index, follow, max-snippet:-1, max-image-preview:large, max-video-preview:-1\" \/>\n<link rel=\"canonical\" href=\"https:\/\/www.mdresistor.com\/es\/banco-de-descarga-de-baterias\/\" \/>\n<meta property=\"og:locale\" content=\"es_ES\" \/>\n<meta property=\"og:type\" content=\"article\" \/>\n<meta property=\"og:title\" content=\"Banco de descarga: cualificaci\u00f3n y ensayo de bater\u00eda el\u00e9ctrica\" \/>\n<meta property=\"og:description\" content=\"Bancos de descarga a medida para pruebas y mantenimiento de bater\u00edas. 80 a\u00f1os de experiencia - Calidad certificada ISO 9001 - Made in France\" \/>\n<meta property=\"og:url\" content=\"https:\/\/www.mdresistor.com\/es\/banco-de-descarga-de-baterias\/\" \/>\n<meta property=\"og:site_name\" content=\"MDResistor\" \/>\n<meta property=\"article:modified_time\" content=\"2022-02-08T16:04:17+00:00\" \/>\n<meta name=\"twitter:card\" content=\"summary_large_image\" \/>\n<meta name=\"twitter:label1\" content=\"Tiempo de lectura\" \/>\n\t<meta name=\"twitter:data1\" content=\"16 minutos\" \/>\n<script type=\"application\/ld+json\" class=\"yoast-schema-graph\">{\"@context\":\"https:\\\/\\\/schema.org\",\"@graph\":[{\"@type\":\"WebPage\",\"@id\":\"https:\\\/\\\/www.mdresistor.com\\\/es\\\/banco-de-descarga-de-baterias\\\/\",\"url\":\"https:\\\/\\\/www.mdresistor.com\\\/es\\\/banco-de-descarga-de-baterias\\\/\",\"name\":\"Banco de descarga: cualificaci\u00f3n y ensayo de bater\u00eda el\u00e9ctrica\",\"isPartOf\":{\"@id\":\"https:\\\/\\\/www.mdresistor.com\\\/es\\\/#website\"},\"datePublished\":\"2020-12-04T17:04:00+00:00\",\"dateModified\":\"2022-02-08T16:04:17+00:00\",\"description\":\"Bancos de descarga a medida para pruebas y mantenimiento de bater\u00edas. 80 a\u00f1os de experiencia - Calidad certificada ISO 9001 - Made in France\",\"inLanguage\":\"es\",\"potentialAction\":[{\"@type\":\"ReadAction\",\"target\":[\"https:\\\/\\\/www.mdresistor.com\\\/es\\\/banco-de-descarga-de-baterias\\\/\"]}]},{\"@type\":\"WebSite\",\"@id\":\"https:\\\/\\\/www.mdresistor.com\\\/es\\\/#website\",\"url\":\"https:\\\/\\\/www.mdresistor.com\\\/es\\\/\",\"name\":\"MDResistor\",\"description\":\"\",\"potentialAction\":[{\"@type\":\"SearchAction\",\"target\":{\"@type\":\"EntryPoint\",\"urlTemplate\":\"https:\\\/\\\/www.mdresistor.com\\\/es\\\/?s={search_term_string}\"},\"query-input\":{\"@type\":\"PropertyValueSpecification\",\"valueRequired\":true,\"valueName\":\"search_term_string\"}}],\"inLanguage\":\"es\"}]}<\/script>\n<!-- \/ Yoast SEO plugin. -->","yoast_head_json":{"title":"Banco de descarga: cualificaci\u00f3n y ensayo de bater\u00eda el\u00e9ctrica","description":"Bancos de descarga a medida para pruebas y mantenimiento de bater\u00edas. 80 a\u00f1os de experiencia - Calidad certificada ISO 9001 - Made in France","robots":{"index":"index","follow":"follow","max-snippet":"max-snippet:-1","max-image-preview":"max-image-preview:large","max-video-preview":"max-video-preview:-1"},"canonical":"https:\/\/www.mdresistor.com\/es\/banco-de-descarga-de-baterias\/","og_locale":"es_ES","og_type":"article","og_title":"Banco de descarga: cualificaci\u00f3n y ensayo de bater\u00eda el\u00e9ctrica","og_description":"Bancos de descarga a medida para pruebas y mantenimiento de bater\u00edas. 80 a\u00f1os de experiencia - Calidad certificada ISO 9001 - Made in France","og_url":"https:\/\/www.mdresistor.com\/es\/banco-de-descarga-de-baterias\/","og_site_name":"MDResistor","article_modified_time":"2022-02-08T16:04:17+00:00","twitter_card":"summary_large_image","twitter_misc":{"Tiempo de lectura":"16 minutos"},"schema":{"@context":"https:\/\/schema.org","@graph":[{"@type":"WebPage","@id":"https:\/\/www.mdresistor.com\/es\/banco-de-descarga-de-baterias\/","url":"https:\/\/www.mdresistor.com\/es\/banco-de-descarga-de-baterias\/","name":"Banco de descarga: cualificaci\u00f3n y ensayo de bater\u00eda el\u00e9ctrica","isPartOf":{"@id":"https:\/\/www.mdresistor.com\/es\/#website"},"datePublished":"2020-12-04T17:04:00+00:00","dateModified":"2022-02-08T16:04:17+00:00","description":"Bancos de descarga a medida para pruebas y mantenimiento de bater\u00edas. 80 a\u00f1os de experiencia - Calidad certificada ISO 9001 - Made in France","inLanguage":"es","potentialAction":[{"@type":"ReadAction","target":["https:\/\/www.mdresistor.com\/es\/banco-de-descarga-de-baterias\/"]}]},{"@type":"WebSite","@id":"https:\/\/www.mdresistor.com\/es\/#website","url":"https:\/\/www.mdresistor.com\/es\/","name":"MDResistor","description":"","potentialAction":[{"@type":"SearchAction","target":{"@type":"EntryPoint","urlTemplate":"https:\/\/www.mdresistor.com\/es\/?s={search_term_string}"},"query-input":{"@type":"PropertyValueSpecification","valueRequired":true,"valueName":"search_term_string"}}],"inLanguage":"es"}]}},"_links":{"self":[{"href":"https:\/\/www.mdresistor.com\/es\/wp-json\/wp\/v2\/pages\/7259","targetHints":{"allow":["GET"]}}],"collection":[{"href":"https:\/\/www.mdresistor.com\/es\/wp-json\/wp\/v2\/pages"}],"about":[{"href":"https:\/\/www.mdresistor.com\/es\/wp-json\/wp\/v2\/types\/page"}],"author":[{"embeddable":true,"href":"https:\/\/www.mdresistor.com\/es\/wp-json\/wp\/v2\/users\/1"}],"replies":[{"embeddable":true,"href":"https:\/\/www.mdresistor.com\/es\/wp-json\/wp\/v2\/comments?post=7259"}],"version-history":[{"count":2,"href":"https:\/\/www.mdresistor.com\/es\/wp-json\/wp\/v2\/pages\/7259\/revisions"}],"predecessor-version":[{"id":7261,"href":"https:\/\/www.mdresistor.com\/es\/wp-json\/wp\/v2\/pages\/7259\/revisions\/7261"}],"wp:attachment":[{"href":"https:\/\/www.mdresistor.com\/es\/wp-json\/wp\/v2\/media?parent=7259"}],"curies":[{"name":"wp","href":"https:\/\/api.w.org\/{rel}","templated":true}]}}