{"id":7275,"date":"2020-12-04T18:04:00","date_gmt":"2020-12-04T17:04:00","guid":{"rendered":"https:\/\/www.mdresistor.com\/banco-de-carga-de-cc-de-corriente-continua\/"},"modified":"2022-02-08T17:04:19","modified_gmt":"2022-02-08T16:04:19","slug":"banco-de-carga-de-cc-de-corriente-continua","status":"publish","type":"page","link":"https:\/\/www.mdresistor.com\/es\/banco-de-carga-de-cc-de-corriente-continua\/","title":{"rendered":"3.1.0 Banco de carga de corriente continua (CC)"},"content":{"rendered":"<p><div class=\"fusion-fullwidth fullwidth-box fusion-builder-row-1 fusion-flex-container nonhundred-percent-fullwidth non-hundred-percent-height-scrolling\" style=\"--awb-border-radius-top-left:0px;--awb-border-radius-top-right:0px;--awb-border-radius-bottom-right:0px;--awb-border-radius-bottom-left:0px;--awb-flex-wrap:wrap;\" ><div class=\"fusion-builder-row fusion-row fusion-flex-align-items-center fusion-flex-justify-content-center fusion-flex-content-wrap\" style=\"max-width:1040px;margin-left: calc(-4% \/ 2 );margin-right: calc(-4% \/ 2 );\"><div class=\"fusion-layout-column fusion_builder_column fusion-builder-column-0 fusion_builder_column_1_2 1_2 fusion-flex-column\" style=\"--awb-bg-size:cover;--awb-width-large:50%;--awb-margin-top-large:0px;--awb-spacing-right-large:3.84%;--awb-margin-bottom-large:10px;--awb-spacing-left-large:3.84%;--awb-width-medium:100%;--awb-order-medium:0;--awb-spacing-right-medium:1.92%;--awb-spacing-left-medium:1.92%;--awb-width-small:100%;--awb-order-small:0;--awb-spacing-right-small:1.92%;--awb-spacing-left-small:1.92%;\"><div class=\"fusion-column-wrapper fusion-column-has-shadow fusion-flex-justify-content-flex-start fusion-content-layout-column\"><div class=\"fusion-text fusion-text-1\"><h1>Bancos de carga de corriente continua: descarga de bater\u00edas el\u00e9ctricas para un ciclo de carga completo<\/h1>\n<\/div><div ><a class=\"fusion-button button-flat fusion-button-default-size button-default fusion-button-default button-1 fusion-button-default-span fusion-button-default-type\" target=\"_self\" href=\"https:\/\/www.mdresistor.com\/es\/contactar\/\"><span class=\"fusion-button-text awb-button__text awb-button__text--default\">Solicite una cotizaci\u00f3n<\/span><\/a><\/div>\n<\/div><\/div><div class=\"fusion-layout-column fusion_builder_column fusion-builder-column-1 fusion_builder_column_1_2 1_2 fusion-flex-column\" style=\"--awb-bg-size:cover;--awb-width-large:50%;--awb-margin-top-large:0px;--awb-spacing-right-large:3.84%;--awb-margin-bottom-large:10px;--awb-spacing-left-large:3.84%;--awb-width-medium:100%;--awb-order-medium:0;--awb-spacing-right-medium:1.92%;--awb-spacing-left-medium:1.92%;--awb-width-small:100%;--awb-order-small:0;--awb-spacing-right-small:1.92%;--awb-spacing-left-small:1.92%;\"><div class=\"fusion-column-wrapper fusion-column-has-shadow fusion-flex-justify-content-flex-start fusion-content-layout-column\"><div class=\"fusion-image-element \" style=\"text-align:center;--awb-caption-title-font-family:var(--h2_typography-font-family);--awb-caption-title-font-weight:var(--h2_typography-font-weight);--awb-caption-title-font-style:var(--h2_typography-font-style);--awb-caption-title-size:var(--h2_typography-font-size);--awb-caption-title-transform:var(--h2_typography-text-transform);--awb-caption-title-line-height:var(--h2_typography-line-height);--awb-caption-title-letter-spacing:var(--h2_typography-letter-spacing);\"><span class=\" fusion-imageframe imageframe-none imageframe-1 hover-type-none\"><img decoding=\"async\" width=\"800\" height=\"516\" alt=\"Energ\u00edas renovables - aerogenerador y panel solar\" title=\"energies renouvelables &#8211; eolienne et panneaux solaires-min\" src=\"https:\/\/www.mdresistor.com\/wp-content\/uploads\/2020\/12\/energies-renouvelables-eolienne-et-panneaux-solaires-min.jpg\" class=\"img-responsive wp-image-7035\" srcset=\"https:\/\/www.mdresistor.com\/wp-content\/uploads\/2020\/12\/energies-renouvelables-eolienne-et-panneaux-solaires-min-200x129.jpg 200w, https:\/\/www.mdresistor.com\/wp-content\/uploads\/2020\/12\/energies-renouvelables-eolienne-et-panneaux-solaires-min-400x258.jpg 400w, https:\/\/www.mdresistor.com\/wp-content\/uploads\/2020\/12\/energies-renouvelables-eolienne-et-panneaux-solaires-min-600x387.jpg 600w, https:\/\/www.mdresistor.com\/wp-content\/uploads\/2020\/12\/energies-renouvelables-eolienne-et-panneaux-solaires-min.jpg 800w\" sizes=\"(max-width: 1024px) 100vw, (max-width: 640px) 100vw, 600px\" \/><\/span><\/div><\/div><\/div><\/div><\/div><div class=\"fusion-fullwidth fullwidth-box fusion-builder-row-2 fusion-flex-container nonhundred-percent-fullwidth non-hundred-percent-height-scrolling\" style=\"--awb-border-radius-top-left:0px;--awb-border-radius-top-right:0px;--awb-border-radius-bottom-right:0px;--awb-border-radius-bottom-left:0px;--awb-flex-wrap:wrap;\" id=\"un\" ><div class=\"fusion-builder-row fusion-row fusion-flex-align-items-center fusion-flex-justify-content-center fusion-flex-content-wrap\" style=\"max-width:1040px;margin-left: calc(-4% \/ 2 );margin-right: calc(-4% \/ 2 );\"><div class=\"fusion-layout-column fusion_builder_column fusion-builder-column-2 fusion_builder_column_1_1 1_1 fusion-flex-column\" style=\"--awb-bg-size:cover;--awb-width-large:100%;--awb-margin-top-large:0px;--awb-spacing-right-large:1.92%;--awb-margin-bottom-large:10px;--awb-spacing-left-large:1.92%;--awb-width-medium:100%;--awb-order-medium:0;--awb-spacing-right-medium:1.92%;--awb-spacing-left-medium:1.92%;--awb-width-small:100%;--awb-order-small:0;--awb-spacing-right-small:1.92%;--awb-spacing-left-small:1.92%;\"><div class=\"fusion-column-wrapper fusion-column-has-shadow fusion-flex-justify-content-flex-start fusion-content-layout-column\"><div class=\"fusion-text fusion-text-2\" style=\"--awb-content-alignment:center;\"><h2>Una corriente continua: \u00bfpara qu\u00e9 sirve?<\/h2>\n<\/div><div class=\"fusion-text fusion-text-3\" style=\"--awb-content-alignment:left;\"><h3>corriente continua<\/h3>\n<p>La corriente continua es el <strong>flujo de electrones que siempre fluye en la misma direcci\u00f3n<\/strong> , desde el terminal negativo al terminal positivo. La velocidad de los electrones se estima en unos pocos metros por hora.<\/p>\n<p>La corriente continua es la <strong>producida por generadores electroqu\u00edmicos o electr\u00f3nicos<\/strong> , es decir, por todo tipo de:<\/p>\n<ul>\n<li>Bater\u00edas<\/li>\n<li>Bater\u00eda<\/li>\n<li>Paneles solares<\/li>\n<\/ul>\n<h3>Corriente continua de alto voltaje<\/h3>\n<p><em>La corriente continua de alto voltaje<\/em> (HVDC) es una <strong>tecnolog\u00eda de electr\u00f3nica de potencia utilizada para transportar electricidad de corriente continua de alto voltaje<\/strong> .<br \/>\nSu uso es minoritario frente a la transmisi\u00f3n el\u00e9ctrica tradicional en corriente alterna (AC) de las redes el\u00e9ctricas.<\/p>\n<p>Dos intereses de la corriente continua de alto voltaje:<\/p>\n<ul>\n<li><strong>permite transportar la electricidad a largas distancias<\/strong><\/li>\n<li>causa <strong>menos p\u00e9rdida de energ\u00eda<\/strong><\/li>\n<\/ul>\n<\/div><\/div><\/div><\/div><\/div><div class=\"fusion-fullwidth fullwidth-box fusion-builder-row-3 fusion-flex-container nonhundred-percent-fullwidth non-hundred-percent-height-scrolling container-gris\" style=\"--awb-border-radius-top-left:0px;--awb-border-radius-top-right:0px;--awb-border-radius-bottom-right:0px;--awb-border-radius-bottom-left:0px;--awb-flex-wrap:wrap;\" ><div class=\"fusion-builder-row fusion-row fusion-flex-align-items-center fusion-flex-justify-content-center fusion-flex-content-wrap\" style=\"max-width:1040px;margin-left: calc(-4% \/ 2 );margin-right: calc(-4% \/ 2 );\"><div class=\"fusion-layout-column fusion_builder_column fusion-builder-column-3 fusion_builder_column_1_1 1_1 fusion-flex-column\" style=\"--awb-bg-size:cover;--awb-width-large:100%;--awb-margin-top-large:0px;--awb-spacing-right-large:1.92%;--awb-margin-bottom-large:10px;--awb-spacing-left-large:1.92%;--awb-width-medium:100%;--awb-order-medium:0;--awb-spacing-right-medium:1.92%;--awb-spacing-left-medium:1.92%;--awb-width-small:100%;--awb-order-small:0;--awb-spacing-right-small:1.92%;--awb-spacing-left-small:1.92%;\"><div class=\"fusion-column-wrapper fusion-column-has-shadow fusion-flex-justify-content-flex-start fusion-content-layout-column\"><div class=\"fusion-text fusion-text-4\" style=\"--awb-content-alignment:center;\"><h2>Una gama de bancos de carga de corriente continua<\/h2>\n<\/div><div class=\"fusion-text fusion-text-5\" style=\"--awb-content-alignment:left;\"><p>La corriente continua est\u00e1 muy presente en <strong>sectores de actividad con limitaciones espec\u00edficas de alta tensi\u00f3n y en sistemas embarcados<\/strong> , a trav\u00e9s de bater\u00edas.<\/p>\n<p>Dependiendo de las diferentes tecnolog\u00edas, es <strong>necesario descargar regularmente las bater\u00edas el\u00e9ctricas<\/strong> para permitir un ciclo de carga completo.<\/p>\n<p>Para <strong>todos los tipos de bater\u00eda<\/strong> , en particular de iones de litio, es imprescindible descargar para el transporte del equipo o durante una mudanza, por ejemplo.<\/p>\n<p>En efecto, entonces es imprescindible haber descargado previamente la bater\u00eda para evitar la electrificaci\u00f3n-electrocuci\u00f3n por contacto directo, la generaci\u00f3n de chispas, etc.<\/p>\n<p>Inf\u00f3rmese m\u00e1s sobre nuestros bancos DC o nuestros <a href=\"https:\/\/www.mdresistor.com\/es\/banco-de-descarga-de-baterias\/\">bancos de descarga de bater\u00edas<\/a> .<\/p>\n<\/div><div class=\"fusion-image-element \" style=\"text-align:center;--awb-caption-title-font-family:var(--h2_typography-font-family);--awb-caption-title-font-weight:var(--h2_typography-font-weight);--awb-caption-title-font-style:var(--h2_typography-font-style);--awb-caption-title-size:var(--h2_typography-font-size);--awb-caption-title-transform:var(--h2_typography-text-transform);--awb-caption-title-line-height:var(--h2_typography-line-height);--awb-caption-title-letter-spacing:var(--h2_typography-letter-spacing);\"><span class=\" fusion-imageframe imageframe-none imageframe-2 hover-type-none margin-bottom-10\"><img decoding=\"async\" width=\"1200\" height=\"351\" alt=\"Patio de bater\u00edas\" title=\"Chantier de batteries-min\" src=\"https:\/\/www.mdresistor.com\/wp-content\/uploads\/2020\/12\/Chantier-de-batteries-min-1.jpg\" class=\"img-responsive wp-image-6991\" srcset=\"https:\/\/www.mdresistor.com\/wp-content\/uploads\/2020\/12\/Chantier-de-batteries-min-1-200x59.jpg 200w, https:\/\/www.mdresistor.com\/wp-content\/uploads\/2020\/12\/Chantier-de-batteries-min-1-400x117.jpg 400w, https:\/\/www.mdresistor.com\/wp-content\/uploads\/2020\/12\/Chantier-de-batteries-min-1-600x176.jpg 600w, https:\/\/www.mdresistor.com\/wp-content\/uploads\/2020\/12\/Chantier-de-batteries-min-1-800x234.jpg 800w, https:\/\/www.mdresistor.com\/wp-content\/uploads\/2020\/12\/Chantier-de-batteries-min-1.jpg 1200w\" sizes=\"(max-width: 1024px) 100vw, (max-width: 640px) 100vw, 1200px\" \/><\/span><\/div><div class=\"fusion-text fusion-text-6\" style=\"--awb-content-alignment:left;\"><p>Llame a <a href=\"https:\/\/www.mdresistor.com\/es\/quienes-somos\/\">nuestros expertos en METAL DEPLOYE RESISTOR<\/a> para lanzar su proyecto de banco de carga adaptado a sus voltajes y amperajes espec\u00edficos.<\/p>\n<\/div><\/div><\/div><\/div><\/div><\/p>\n","protected":false},"excerpt":{"rendered":"","protected":false},"author":1,"featured_media":0,"parent":0,"menu_order":0,"comment_status":"closed","ping_status":"closed","template":"100-width.php","meta":{"footnotes":""},"class_list":["post-7275","page","type-page","status-publish","hentry"],"yoast_head":"<!-- This site is optimized with the Yoast SEO plugin v27.4 - https:\/\/yoast.com\/product\/yoast-seo-wordpress\/ -->\n<title>Banco de carga CC (bater\u00eda) - RESISTENCIA METAL DEPLOYE<\/title>\n<meta name=\"description\" content=\"Descargue sus bater\u00edas el\u00e9ctricas (Ion-litio...) con un banco de carga DC - 80 a\u00f1os de experiencia - ISO 9001 - MadeinFrance\" \/>\n<meta name=\"robots\" content=\"index, follow, max-snippet:-1, max-image-preview:large, max-video-preview:-1\" \/>\n<link rel=\"canonical\" href=\"https:\/\/www.mdresistor.com\/es\/banco-de-carga-de-cc-de-corriente-continua\/\" \/>\n<meta property=\"og:locale\" content=\"es_ES\" \/>\n<meta property=\"og:type\" content=\"article\" \/>\n<meta property=\"og:title\" content=\"Banco de carga CC (bater\u00eda) - RESISTENCIA METAL DEPLOYE\" \/>\n<meta property=\"og:description\" content=\"Descargue sus bater\u00edas el\u00e9ctricas (Ion-litio...) con un banco de carga DC - 80 a\u00f1os de experiencia - ISO 9001 - MadeinFrance\" \/>\n<meta property=\"og:url\" content=\"https:\/\/www.mdresistor.com\/es\/banco-de-carga-de-cc-de-corriente-continua\/\" \/>\n<meta property=\"og:site_name\" content=\"MDResistor\" \/>\n<meta property=\"article:modified_time\" content=\"2022-02-08T16:04:19+00:00\" \/>\n<meta name=\"twitter:card\" content=\"summary_large_image\" \/>\n<meta name=\"twitter:label1\" content=\"Tiempo de lectura\" \/>\n\t<meta name=\"twitter:data1\" content=\"13 minutos\" \/>\n<script type=\"application\/ld+json\" class=\"yoast-schema-graph\">{\"@context\":\"https:\\\/\\\/schema.org\",\"@graph\":[{\"@type\":\"WebPage\",\"@id\":\"https:\\\/\\\/www.mdresistor.com\\\/es\\\/banco-de-carga-de-cc-de-corriente-continua\\\/\",\"url\":\"https:\\\/\\\/www.mdresistor.com\\\/es\\\/banco-de-carga-de-cc-de-corriente-continua\\\/\",\"name\":\"Banco de carga CC (bater\u00eda) - RESISTENCIA METAL DEPLOYE\",\"isPartOf\":{\"@id\":\"https:\\\/\\\/www.mdresistor.com\\\/es\\\/#website\"},\"datePublished\":\"2020-12-04T17:04:00+00:00\",\"dateModified\":\"2022-02-08T16:04:19+00:00\",\"description\":\"Descargue sus bater\u00edas el\u00e9ctricas (Ion-litio...) con un banco de carga DC - 80 a\u00f1os de experiencia - ISO 9001 - MadeinFrance\",\"inLanguage\":\"es\",\"potentialAction\":[{\"@type\":\"ReadAction\",\"target\":[\"https:\\\/\\\/www.mdresistor.com\\\/es\\\/banco-de-carga-de-cc-de-corriente-continua\\\/\"]}]},{\"@type\":\"WebSite\",\"@id\":\"https:\\\/\\\/www.mdresistor.com\\\/es\\\/#website\",\"url\":\"https:\\\/\\\/www.mdresistor.com\\\/es\\\/\",\"name\":\"MDResistor\",\"description\":\"\",\"potentialAction\":[{\"@type\":\"SearchAction\",\"target\":{\"@type\":\"EntryPoint\",\"urlTemplate\":\"https:\\\/\\\/www.mdresistor.com\\\/es\\\/?s={search_term_string}\"},\"query-input\":{\"@type\":\"PropertyValueSpecification\",\"valueRequired\":true,\"valueName\":\"search_term_string\"}}],\"inLanguage\":\"es\"}]}<\/script>\n<!-- \/ Yoast SEO plugin. -->","yoast_head_json":{"title":"Banco de carga CC (bater\u00eda) - RESISTENCIA METAL DEPLOYE","description":"Descargue sus bater\u00edas el\u00e9ctricas (Ion-litio...) con un banco de carga DC - 80 a\u00f1os de experiencia - ISO 9001 - MadeinFrance","robots":{"index":"index","follow":"follow","max-snippet":"max-snippet:-1","max-image-preview":"max-image-preview:large","max-video-preview":"max-video-preview:-1"},"canonical":"https:\/\/www.mdresistor.com\/es\/banco-de-carga-de-cc-de-corriente-continua\/","og_locale":"es_ES","og_type":"article","og_title":"Banco de carga CC (bater\u00eda) - RESISTENCIA METAL DEPLOYE","og_description":"Descargue sus bater\u00edas el\u00e9ctricas (Ion-litio...) con un banco de carga DC - 80 a\u00f1os de experiencia - ISO 9001 - MadeinFrance","og_url":"https:\/\/www.mdresistor.com\/es\/banco-de-carga-de-cc-de-corriente-continua\/","og_site_name":"MDResistor","article_modified_time":"2022-02-08T16:04:19+00:00","twitter_card":"summary_large_image","twitter_misc":{"Tiempo de lectura":"13 minutos"},"schema":{"@context":"https:\/\/schema.org","@graph":[{"@type":"WebPage","@id":"https:\/\/www.mdresistor.com\/es\/banco-de-carga-de-cc-de-corriente-continua\/","url":"https:\/\/www.mdresistor.com\/es\/banco-de-carga-de-cc-de-corriente-continua\/","name":"Banco de carga CC (bater\u00eda) - RESISTENCIA METAL DEPLOYE","isPartOf":{"@id":"https:\/\/www.mdresistor.com\/es\/#website"},"datePublished":"2020-12-04T17:04:00+00:00","dateModified":"2022-02-08T16:04:19+00:00","description":"Descargue sus bater\u00edas el\u00e9ctricas (Ion-litio...) con un banco de carga DC - 80 a\u00f1os de experiencia - ISO 9001 - MadeinFrance","inLanguage":"es","potentialAction":[{"@type":"ReadAction","target":["https:\/\/www.mdresistor.com\/es\/banco-de-carga-de-cc-de-corriente-continua\/"]}]},{"@type":"WebSite","@id":"https:\/\/www.mdresistor.com\/es\/#website","url":"https:\/\/www.mdresistor.com\/es\/","name":"MDResistor","description":"","potentialAction":[{"@type":"SearchAction","target":{"@type":"EntryPoint","urlTemplate":"https:\/\/www.mdresistor.com\/es\/?s={search_term_string}"},"query-input":{"@type":"PropertyValueSpecification","valueRequired":true,"valueName":"search_term_string"}}],"inLanguage":"es"}]}},"_links":{"self":[{"href":"https:\/\/www.mdresistor.com\/es\/wp-json\/wp\/v2\/pages\/7275","targetHints":{"allow":["GET"]}}],"collection":[{"href":"https:\/\/www.mdresistor.com\/es\/wp-json\/wp\/v2\/pages"}],"about":[{"href":"https:\/\/www.mdresistor.com\/es\/wp-json\/wp\/v2\/types\/page"}],"author":[{"embeddable":true,"href":"https:\/\/www.mdresistor.com\/es\/wp-json\/wp\/v2\/users\/1"}],"replies":[{"embeddable":true,"href":"https:\/\/www.mdresistor.com\/es\/wp-json\/wp\/v2\/comments?post=7275"}],"version-history":[{"count":2,"href":"https:\/\/www.mdresistor.com\/es\/wp-json\/wp\/v2\/pages\/7275\/revisions"}],"predecessor-version":[{"id":7277,"href":"https:\/\/www.mdresistor.com\/es\/wp-json\/wp\/v2\/pages\/7275\/revisions\/7277"}],"wp:attachment":[{"href":"https:\/\/www.mdresistor.com\/es\/wp-json\/wp\/v2\/media?parent=7275"}],"curies":[{"name":"wp","href":"https:\/\/api.w.org\/{rel}","templated":true}]}}