{"id":7279,"date":"2020-12-04T18:04:00","date_gmt":"2020-12-04T17:04:00","guid":{"rendered":"https:\/\/www.mdresistor.com\/resistencia-de-tierra-conexion-de-barco-a-tierra\/"},"modified":"2022-02-08T17:04:20","modified_gmt":"2022-02-08T16:04:20","slug":"resistencia-de-tierra-conexion-de-barco-a-tierra","status":"publish","type":"page","link":"https:\/\/www.mdresistor.com\/es\/resistencia-de-tierra-conexion-de-barco-a-tierra\/","title":{"rendered":"2.2 Resistencia de puesta a tierra conexi\u00f3n barco-tierra"},"content":{"rendered":"<p><div class=\"fusion-fullwidth fullwidth-box fusion-builder-row-1 fusion-flex-container nonhundred-percent-fullwidth non-hundred-percent-height-scrolling\" style=\"--awb-border-radius-top-left:0px;--awb-border-radius-top-right:0px;--awb-border-radius-bottom-right:0px;--awb-border-radius-bottom-left:0px;--awb-flex-wrap:wrap;\" ><div class=\"fusion-builder-row fusion-row fusion-flex-align-items-center fusion-flex-justify-content-center fusion-flex-content-wrap\" style=\"max-width:1040px;margin-left: calc(-4% \/ 2 );margin-right: calc(-4% \/ 2 );\"><div class=\"fusion-layout-column fusion_builder_column fusion-builder-column-0 fusion_builder_column_1_2 1_2 fusion-flex-column\" style=\"--awb-bg-size:cover;--awb-width-large:50%;--awb-margin-top-large:0px;--awb-spacing-right-large:3.84%;--awb-margin-bottom-large:10px;--awb-spacing-left-large:3.84%;--awb-width-medium:100%;--awb-order-medium:0;--awb-spacing-right-medium:1.92%;--awb-spacing-left-medium:1.92%;--awb-width-small:100%;--awb-order-small:0;--awb-spacing-right-small:1.92%;--awb-spacing-left-small:1.92%;\"><div class=\"fusion-column-wrapper fusion-column-has-shadow fusion-flex-justify-content-flex-start fusion-content-layout-column\"><div class=\"fusion-text fusion-text-1\"><h1>Resistencia de puesta a tierra \u2013 MALT: conexiones de corriente de tierra para una transici\u00f3n a redes portuarias fiables y \u00e1giles<\/h1>\n<\/div><div ><a class=\"fusion-button button-flat fusion-button-default-size button-default fusion-button-default button-1 fusion-button-default-span fusion-button-default-type\" target=\"_self\" href=\"https:\/\/www.mdresistor.com\/es\/contactar\/\"><span class=\"fusion-button-text awb-button__text awb-button__text--default\">Solicite una cotizaci\u00f3n<\/span><\/a><\/div>\n<\/div><\/div><div class=\"fusion-layout-column fusion_builder_column fusion-builder-column-1 fusion_builder_column_1_2 1_2 fusion-flex-column\" style=\"--awb-bg-size:cover;--awb-width-large:50%;--awb-margin-top-large:0px;--awb-spacing-right-large:3.84%;--awb-margin-bottom-large:10px;--awb-spacing-left-large:3.84%;--awb-width-medium:100%;--awb-order-medium:0;--awb-spacing-right-medium:1.92%;--awb-spacing-left-medium:1.92%;--awb-width-small:100%;--awb-order-small:0;--awb-spacing-right-small:1.92%;--awb-spacing-left-small:1.92%;\"><div class=\"fusion-column-wrapper fusion-column-has-shadow fusion-flex-justify-content-flex-start fusion-content-layout-column\"><div class=\"fusion-image-element \" style=\"text-align:center;--awb-caption-title-font-family:var(--h2_typography-font-family);--awb-caption-title-font-weight:var(--h2_typography-font-weight);--awb-caption-title-font-style:var(--h2_typography-font-style);--awb-caption-title-size:var(--h2_typography-font-size);--awb-caption-title-transform:var(--h2_typography-text-transform);--awb-caption-title-line-height:var(--h2_typography-line-height);--awb-caption-title-letter-spacing:var(--h2_typography-letter-spacing);\"><span class=\" fusion-imageframe imageframe-none imageframe-1 hover-type-none\"><img decoding=\"async\" width=\"800\" height=\"534\" alt=\"Plataforma petrolera remolcada al mar\" title=\"Plate-forme p\u00e9troli\u00e8re en cours de remorquage dans la mer-min\" src=\"https:\/\/www.mdresistor.com\/wp-content\/uploads\/2020\/12\/Plate-forme-petroliere-en-cours-de-remorquage-dans-la-mer-min.jpg\" class=\"img-responsive wp-image-6981\" srcset=\"https:\/\/www.mdresistor.com\/wp-content\/uploads\/2020\/12\/Plate-forme-petroliere-en-cours-de-remorquage-dans-la-mer-min-200x134.jpg 200w, https:\/\/www.mdresistor.com\/wp-content\/uploads\/2020\/12\/Plate-forme-petroliere-en-cours-de-remorquage-dans-la-mer-min-400x267.jpg 400w, https:\/\/www.mdresistor.com\/wp-content\/uploads\/2020\/12\/Plate-forme-petroliere-en-cours-de-remorquage-dans-la-mer-min-600x401.jpg 600w, https:\/\/www.mdresistor.com\/wp-content\/uploads\/2020\/12\/Plate-forme-petroliere-en-cours-de-remorquage-dans-la-mer-min.jpg 800w\" sizes=\"(max-width: 1024px) 100vw, (max-width: 640px) 100vw, 600px\" \/><\/span><\/div><\/div><\/div><\/div><\/div><div class=\"fusion-fullwidth fullwidth-box fusion-builder-row-2 fusion-flex-container nonhundred-percent-fullwidth non-hundred-percent-height-scrolling\" style=\"--awb-border-radius-top-left:0px;--awb-border-radius-top-right:0px;--awb-border-radius-bottom-right:0px;--awb-border-radius-bottom-left:0px;--awb-flex-wrap:wrap;\" id=\"un\" ><div class=\"fusion-builder-row fusion-row fusion-flex-align-items-center fusion-flex-justify-content-center fusion-flex-content-wrap\" style=\"max-width:1040px;margin-left: calc(-4% \/ 2 );margin-right: calc(-4% \/ 2 );\"><div class=\"fusion-layout-column fusion_builder_column fusion-builder-column-2 fusion_builder_column_1_1 1_1 fusion-flex-column\" style=\"--awb-bg-size:cover;--awb-width-large:100%;--awb-margin-top-large:0px;--awb-spacing-right-large:1.92%;--awb-margin-bottom-large:10px;--awb-spacing-left-large:1.92%;--awb-width-medium:100%;--awb-order-medium:0;--awb-spacing-right-medium:1.92%;--awb-spacing-left-medium:1.92%;--awb-width-small:100%;--awb-order-small:0;--awb-spacing-right-small:1.92%;--awb-spacing-left-small:1.92%;\"><div class=\"fusion-column-wrapper fusion-column-has-shadow fusion-flex-justify-content-flex-start fusion-content-layout-column\"><div class=\"fusion-text fusion-text-2\" style=\"--awb-content-alignment:left;\"><p>METAL DEPLOYE RESISTOR ofrece resistencias de puesta a tierra personalizadas (MALT) para sistemas avanzados de generaci\u00f3n y distribuci\u00f3n de energ\u00eda.<br \/>\nM\u00e1s espec\u00edficamente, en el contexto <strong>de las aplicaciones dedicadas a la <a href=\"https:\/\/www.mdresistor.com\/es\/industrias-maritimas-offshore\/\">Armada<\/a><\/strong> :<\/p>\n<ul>\n<li>equipamiento portuario,<\/li>\n<li>barco de escala<\/li>\n<\/ul>\n<p>Para una gesti\u00f3n eficiente de la energ\u00eda, las resistencias de puesta a tierra METAL DEPLOYE RESISTOR \u2013 MALT, proporcionan:<\/p>\n<ul>\n<li><strong>Fiabilidad<\/strong><\/li>\n<li><strong>Agilidad<\/strong><\/li>\n<li><strong>Seguridad<\/strong><\/li>\n<\/ul>\n<\/div><div style=\"text-align:center;\"><a class=\"fusion-button button-flat fusion-button-default-size button-default fusion-button-default button-2 fusion-button-default-span fusion-button-default-type\" target=\"_blank\" rel=\"noopener noreferrer\" href=\"https:\/\/www.mdresistor.com\/es\/resistance-de-mise-a-la-terre_mdr_2020_fr-min-2\/\"><span class=\"fusion-button-text awb-button__text awb-button__text--default\">Descarga nuestro folleto<\/span><\/a><\/div><div class=\"fusion-text fusion-text-3\" style=\"--awb-content-alignment:left;\"><p class=\"ss-plaquette\">Resistencia de puesta a tierra (MALT)<\/p>\n<\/div><\/div><\/div><\/div><\/div><div class=\"fusion-fullwidth fullwidth-box fusion-builder-row-3 fusion-flex-container nonhundred-percent-fullwidth non-hundred-percent-height-scrolling container-gris\" style=\"--awb-border-radius-top-left:0px;--awb-border-radius-top-right:0px;--awb-border-radius-bottom-right:0px;--awb-border-radius-bottom-left:0px;--awb-flex-wrap:wrap;\" ><div class=\"fusion-builder-row fusion-row fusion-flex-align-items-center fusion-flex-justify-content-center fusion-flex-content-wrap\" style=\"max-width:1040px;margin-left: calc(-4% \/ 2 );margin-right: calc(-4% \/ 2 );\"><div class=\"fusion-layout-column fusion_builder_column fusion-builder-column-3 fusion_builder_column_1_1 1_1 fusion-flex-column\" style=\"--awb-bg-size:cover;--awb-width-large:100%;--awb-margin-top-large:0px;--awb-spacing-right-large:1.92%;--awb-margin-bottom-large:10px;--awb-spacing-left-large:1.92%;--awb-width-medium:100%;--awb-order-medium:0;--awb-spacing-right-medium:1.92%;--awb-spacing-left-medium:1.92%;--awb-width-small:100%;--awb-order-small:0;--awb-spacing-right-small:1.92%;--awb-spacing-left-small:1.92%;\"><div class=\"fusion-column-wrapper fusion-column-has-shadow fusion-flex-justify-content-flex-start fusion-content-layout-column\"><div class=\"fusion-text fusion-text-4\" style=\"--awb-content-alignment:center;\"><h2>\u00bfCu\u00e1l es el principio de seguridad de las resistencias de puesta a tierra instaladas en puertos y muelles para buques de guerra en escala?<\/h2>\n<\/div><div class=\"fusion-text fusion-text-5\" style=\"--awb-content-alignment:left;\"><p>El peligro de igualar las corrientes entre los barcos y el muelle de carga surge a trav\u00e9s de procesos electroqu\u00edmicos, independientes del llenado.<\/p>\n<p>El barco, la construcci\u00f3n met\u00e1lica del muelle de carga y el agua como electrolito entre ellos forman una <strong>celda galv\u00e1nica<\/strong> .<br \/>\nHay una diferencia de voltaje entre los electrodos de esta celda. Cualquier conexi\u00f3n conductora entre los electrodos conducir\u00e1 a un <strong>flujo indefinido de corriente el\u00e9ctrica<\/strong> .<br \/>\nEste flujo de corriente puede <strong>provocar puntos calientes en los puntos de conexi\u00f3n<\/strong> y generar chispas al desconectar los elementos inductivos. Estas chispas podr\u00edan causar <strong>una ignici\u00f3n fatal<\/strong> en \u00e1reas peligrosas.<\/p>\n<p>El efecto de una diferencia de potencial se produce tan pronto como el barco est\u00e1 amarrado, y no solo durante la carga y descarga. Para evitar tal flujo de corriente no regulado, varias pautas para petroleros y terminales especifican aislar el\u00e9ctricamente la embarcaci\u00f3n de la costa.<\/p>\n<p>Por lo general, las bridas no conductoras se utilizan para aislar los barcos de la costa, para tener en cuenta el efecto f\u00edsico. Sin embargo, siempre existe <strong>el riesgo de que se cree accidentalmente una conexi\u00f3n conductora<\/strong> (con pasarelas, con cuerdas met\u00e1licas o herramientas). Este riesgo est\u00e1 relacionado con una combinaci\u00f3n de factores durante el tiempo total de funcionamiento de la terminal y la variedad de procesos de carga de buques.<\/p>\n<\/div><\/div><\/div><\/div><\/div><div class=\"fusion-fullwidth fullwidth-box fusion-builder-row-4 fusion-flex-container nonhundred-percent-fullwidth non-hundred-percent-height-scrolling container-blanc\" style=\"--awb-border-radius-top-left:0px;--awb-border-radius-top-right:0px;--awb-border-radius-bottom-right:0px;--awb-border-radius-bottom-left:0px;--awb-flex-wrap:wrap;\" ><div class=\"fusion-builder-row fusion-row fusion-flex-align-items-center fusion-flex-justify-content-center fusion-flex-content-wrap\" style=\"max-width:1040px;margin-left: calc(-4% \/ 2 );margin-right: calc(-4% \/ 2 );\"><div class=\"fusion-layout-column fusion_builder_column fusion-builder-column-4 fusion_builder_column_1_1 1_1 fusion-flex-column\" style=\"--awb-bg-size:cover;--awb-width-large:100%;--awb-margin-top-large:0px;--awb-spacing-right-large:1.92%;--awb-margin-bottom-large:10px;--awb-spacing-left-large:1.92%;--awb-width-medium:100%;--awb-order-medium:0;--awb-spacing-right-medium:1.92%;--awb-spacing-left-medium:1.92%;--awb-width-small:100%;--awb-order-small:0;--awb-spacing-right-small:1.92%;--awb-spacing-left-small:1.92%;\"><div class=\"fusion-column-wrapper fusion-column-has-shadow fusion-flex-justify-content-flex-start fusion-content-layout-column\"><div class=\"fusion-text fusion-text-6\" style=\"--awb-content-alignment:center;\"><h2>El sistema de puesta a tierra marina<\/h2>\n<\/div><\/div><\/div><div class=\"fusion-layout-column fusion_builder_column fusion-builder-column-5 fusion_builder_column_1_3 1_3 fusion-flex-column\" style=\"--awb-bg-size:cover;--awb-width-large:33.333333333333%;--awb-margin-top-large:0px;--awb-spacing-right-large:5.76%;--awb-margin-bottom-large:10px;--awb-spacing-left-large:5.76%;--awb-width-medium:100%;--awb-order-medium:0;--awb-spacing-right-medium:1.92%;--awb-spacing-left-medium:1.92%;--awb-width-small:100%;--awb-order-small:0;--awb-spacing-right-small:1.92%;--awb-spacing-left-small:1.92%;\"><div class=\"fusion-column-wrapper fusion-column-has-shadow fusion-flex-justify-content-flex-start fusion-content-layout-column\"><div class=\"fusion-image-element \" style=\"text-align:center;--awb-caption-title-font-family:var(--h2_typography-font-family);--awb-caption-title-font-weight:var(--h2_typography-font-weight);--awb-caption-title-font-style:var(--h2_typography-font-style);--awb-caption-title-size:var(--h2_typography-font-size);--awb-caption-title-transform:var(--h2_typography-text-transform);--awb-caption-title-line-height:var(--h2_typography-line-height);--awb-caption-title-letter-spacing:var(--h2_typography-letter-spacing);\"><span class=\" fusion-imageframe imageframe-none imageframe-2 hover-type-none\"><img decoding=\"async\" width=\"800\" height=\"1200\" alt=\"Resistencia de tierra neutra MALT\" title=\"R\u00e9sistance de terre neutre MALT-min\" src=\"https:\/\/www.mdresistor.com\/wp-content\/uploads\/2020\/12\/Resistance-de-terre-neutre-MALT-min.jpg\" class=\"img-responsive wp-image-6982\" srcset=\"https:\/\/www.mdresistor.com\/wp-content\/uploads\/2020\/12\/Resistance-de-terre-neutre-MALT-min-200x300.jpg 200w, https:\/\/www.mdresistor.com\/wp-content\/uploads\/2020\/12\/Resistance-de-terre-neutre-MALT-min-400x600.jpg 400w, https:\/\/www.mdresistor.com\/wp-content\/uploads\/2020\/12\/Resistance-de-terre-neutre-MALT-min-600x900.jpg 600w, https:\/\/www.mdresistor.com\/wp-content\/uploads\/2020\/12\/Resistance-de-terre-neutre-MALT-min.jpg 800w\" sizes=\"(max-width: 1024px) 100vw, (max-width: 640px) 100vw, 400px\" \/><\/span><\/div><\/div><\/div><div class=\"fusion-layout-column fusion_builder_column fusion-builder-column-6 fusion_builder_column_2_3 2_3 fusion-flex-column\" style=\"--awb-bg-size:cover;--awb-width-large:66.666666666667%;--awb-margin-top-large:0px;--awb-spacing-right-large:2.88%;--awb-margin-bottom-large:10px;--awb-spacing-left-large:2.88%;--awb-width-medium:100%;--awb-order-medium:0;--awb-spacing-right-medium:1.92%;--awb-spacing-left-medium:1.92%;--awb-width-small:100%;--awb-order-small:0;--awb-spacing-right-small:1.92%;--awb-spacing-left-small:1.92%;\"><div class=\"fusion-column-wrapper fusion-column-has-shadow fusion-flex-justify-content-flex-start fusion-content-layout-column\"><div class=\"fusion-text fusion-text-7\"><p>Se recomienda una uni\u00f3n de ecualizaci\u00f3n de potencial de alta conductividad controlada, como un sistema de puesta a tierra marino.<\/p>\n<p>El sistema de puesta a tierra para una conexi\u00f3n de barco a tierra es un m\u00e9todo eficaz de reducci\u00f3n de riesgos y protecci\u00f3n contra explosiones adem\u00e1s del aislamiento de bridas. Este sistema proporciona un mayor nivel de seguridad para el barco y en tierra.<\/p>\n<\/div><\/div><\/div><\/div><\/div><div class=\"fusion-fullwidth fullwidth-box fusion-builder-row-5 fusion-flex-container nonhundred-percent-fullwidth non-hundred-percent-height-scrolling container-gris\" style=\"--awb-border-radius-top-left:0px;--awb-border-radius-top-right:0px;--awb-border-radius-bottom-right:0px;--awb-border-radius-bottom-left:0px;--awb-flex-wrap:wrap;\" ><div class=\"fusion-builder-row fusion-row fusion-flex-align-items-center fusion-flex-justify-content-center fusion-flex-content-wrap\" style=\"max-width:1040px;margin-left: calc(-4% \/ 2 );margin-right: calc(-4% \/ 2 );\"><div class=\"fusion-layout-column fusion_builder_column fusion-builder-column-7 fusion_builder_column_1_1 1_1 fusion-flex-column\" style=\"--awb-bg-size:cover;--awb-width-large:100%;--awb-margin-top-large:0px;--awb-spacing-right-large:1.92%;--awb-margin-bottom-large:10px;--awb-spacing-left-large:1.92%;--awb-width-medium:100%;--awb-order-medium:0;--awb-spacing-right-medium:1.92%;--awb-spacing-left-medium:1.92%;--awb-width-small:100%;--awb-order-small:0;--awb-spacing-right-small:1.92%;--awb-spacing-left-small:1.92%;\"><div class=\"fusion-column-wrapper fusion-column-has-shadow fusion-flex-justify-content-flex-start fusion-content-layout-column\"><div class=\"fusion-text fusion-text-8\" style=\"--awb-content-alignment:center;\"><h2>Conexi\u00f3n a tierra<\/h2>\n<\/div><div class=\"fusion-text fusion-text-9\" style=\"--awb-content-alignment:left;\"><p>Muchos barcos est\u00e1n equipados con un sistema de suministro de energ\u00eda el\u00e9ctrica en tierra para proporcionar energ\u00eda durante las escalas en los puertos. De esta forma se reducen las emisiones contaminantes y la contaminaci\u00f3n ac\u00fastica. Tambi\u00e9n es un paso hacia la descarbonizaci\u00f3n de los puertos, impulsada por regulaciones que han estado endureciendo los requisitos de emisiones relacionadas con el transporte durante muchos a\u00f1os.<\/p>\n<p><a href=\"https:\/\/www.mdresistor.com\/es\/resistencia-de-tierra-punto-neutro-resistencia\/\">Las resistencias de puesta<\/a> a tierra cumplen plenamente su funci\u00f3n de:<\/p>\n<ul>\n<li><strong>Seguridad<\/strong> de equipos y personal de intervenci\u00f3n<\/li>\n<li><strong>Estandarizaci\u00f3n<\/strong> legislativa global<\/li>\n<li><strong>Protecci\u00f3n del medio ambiente<\/strong><\/li>\n<li><strong>Rendimiento t\u00e9cnico<\/strong> en un entorno exigente y restrictivo<\/li>\n<\/ul>\n<p>METAL DEPLOYE RESISTOR, est\u00e1 a su disposici\u00f3n para definir los par\u00e1metros espec\u00edficos relacionados con sus necesidades a trav\u00e9s de una amplia gama modular de resistencias de puesta a tierra.<\/p>\n<\/div><\/div><\/div><\/div><\/div><div class=\"fusion-fullwidth fullwidth-box fusion-builder-row-6 fusion-flex-container nonhundred-percent-fullwidth non-hundred-percent-height-scrolling container-blanc noneh2 gamme-resistance\" style=\"--awb-border-radius-top-left:0px;--awb-border-radius-top-right:0px;--awb-border-radius-bottom-right:0px;--awb-border-radius-bottom-left:0px;--awb-flex-wrap:wrap;\" ><div class=\"fusion-builder-row fusion-row fusion-flex-align-items-center fusion-flex-justify-content-center fusion-flex-content-wrap\" style=\"max-width:1040px;margin-left: calc(-4% \/ 2 );margin-right: calc(-4% \/ 2 );\"><div class=\"fusion-layout-column fusion_builder_column fusion-builder-column-8 fusion_builder_column_1_2 1_2 fusion-flex-column\" style=\"--awb-bg-size:cover;--awb-width-large:50%;--awb-margin-top-large:0px;--awb-spacing-right-large:3.84%;--awb-margin-bottom-large:10px;--awb-spacing-left-large:3.84%;--awb-width-medium:100%;--awb-order-medium:0;--awb-spacing-right-medium:1.92%;--awb-spacing-left-medium:1.92%;--awb-width-small:100%;--awb-order-small:0;--awb-spacing-right-small:1.92%;--awb-spacing-left-small:1.92%;\"><div class=\"fusion-column-wrapper fusion-column-has-shadow fusion-flex-justify-content-flex-start fusion-content-layout-column\"><div class=\"fusion-text fusion-text-10\" style=\"--awb-content-alignment:left;\"><h2>Nuestra gama de resistencias cumple con <strong>los est\u00e1ndares internacionales<\/strong> .<\/h2>\n<\/div><\/div><\/div><div class=\"fusion-layout-column fusion_builder_column fusion-builder-column-9 fusion_builder_column_1_2 1_2 fusion-flex-column\" style=\"--awb-bg-size:cover;--awb-width-large:50%;--awb-margin-top-large:0px;--awb-spacing-right-large:3.84%;--awb-margin-bottom-large:10px;--awb-spacing-left-large:3.84%;--awb-width-medium:100%;--awb-order-medium:0;--awb-spacing-right-medium:1.92%;--awb-spacing-left-medium:1.92%;--awb-width-small:100%;--awb-order-small:0;--awb-spacing-right-small:1.92%;--awb-spacing-left-small:1.92%;\"><div class=\"fusion-column-wrapper fusion-column-has-shadow fusion-flex-justify-content-flex-start fusion-content-layout-column\"><div class=\"fusion-image-element \" style=\"--awb-caption-title-font-family:var(--h2_typography-font-family);--awb-caption-title-font-weight:var(--h2_typography-font-weight);--awb-caption-title-font-style:var(--h2_typography-font-style);--awb-caption-title-size:var(--h2_typography-font-size);--awb-caption-title-transform:var(--h2_typography-text-transform);--awb-caption-title-line-height:var(--h2_typography-line-height);--awb-caption-title-letter-spacing:var(--h2_typography-letter-spacing);\"><span class=\" fusion-imageframe imageframe-none imageframe-3 hover-type-none\"><img decoding=\"async\" width=\"800\" height=\"328\" title=\"certification-resistances-min\" src=\"https:\/\/www.mdresistor.com\/wp-content\/uploads\/2020\/12\/certification-resistances-min.png\" alt class=\"img-responsive wp-image-7066\" srcset=\"https:\/\/www.mdresistor.com\/wp-content\/uploads\/2020\/12\/certification-resistances-min-200x82.png 200w, https:\/\/www.mdresistor.com\/wp-content\/uploads\/2020\/12\/certification-resistances-min-400x164.png 400w, https:\/\/www.mdresistor.com\/wp-content\/uploads\/2020\/12\/certification-resistances-min-600x246.png 600w, https:\/\/www.mdresistor.com\/wp-content\/uploads\/2020\/12\/certification-resistances-min.png 800w\" sizes=\"(max-width: 1024px) 100vw, (max-width: 640px) 100vw, 600px\" \/><\/span><\/div><\/div><\/div><\/div><\/div>\n<\/p>\n","protected":false},"excerpt":{"rendered":"","protected":false},"author":1,"featured_media":0,"parent":0,"menu_order":0,"comment_status":"closed","ping_status":"closed","template":"100-width.php","meta":{"footnotes":""},"class_list":["post-7279","page","type-page","status-publish","hentry"],"yoast_head":"<!-- This site is optimized with the Yoast SEO plugin v27.5 - https:\/\/yoast.com\/product\/yoast-seo-wordpress\/ -->\n<title>Resistencia de tierra. Conexi\u00f3n barco a tierra - METAL DEPLOYE RESISTOR<\/title>\n<meta name=\"description\" content=\"Resistencia de puesta a tierra \/ MALT (NER\/NGR) a medida. 5000A, 250KV y m\u00e1s. IP55. Aisladores, bushings, PADs. Calidad certificada \/ francesa\" \/>\n<meta name=\"robots\" content=\"index, follow, max-snippet:-1, max-image-preview:large, max-video-preview:-1\" \/>\n<link rel=\"canonical\" href=\"https:\/\/www.mdresistor.com\/es\/resistencia-de-tierra-conexion-de-barco-a-tierra\/\" \/>\n<meta property=\"og:locale\" content=\"es_ES\" \/>\n<meta property=\"og:type\" content=\"article\" \/>\n<meta property=\"og:title\" content=\"Resistencia de tierra. Conexi\u00f3n barco a tierra - METAL DEPLOYE RESISTOR\" \/>\n<meta property=\"og:description\" content=\"Resistencia de puesta a tierra \/ MALT (NER\/NGR) a medida. 5000A, 250KV y m\u00e1s. IP55. Aisladores, bushings, PADs. Calidad certificada \/ francesa\" \/>\n<meta property=\"og:url\" content=\"https:\/\/www.mdresistor.com\/es\/resistencia-de-tierra-conexion-de-barco-a-tierra\/\" \/>\n<meta property=\"og:site_name\" content=\"MDResistor\" \/>\n<meta property=\"article:modified_time\" content=\"2022-02-08T16:04:20+00:00\" \/>\n<meta name=\"twitter:card\" content=\"summary_large_image\" \/>\n<meta name=\"twitter:label1\" content=\"Tiempo de lectura\" \/>\n\t<meta name=\"twitter:data1\" content=\"22 minutos\" \/>\n<script type=\"application\/ld+json\" class=\"yoast-schema-graph\">{\"@context\":\"https:\\\/\\\/schema.org\",\"@graph\":[{\"@type\":\"WebPage\",\"@id\":\"https:\\\/\\\/www.mdresistor.com\\\/es\\\/resistencia-de-tierra-conexion-de-barco-a-tierra\\\/\",\"url\":\"https:\\\/\\\/www.mdresistor.com\\\/es\\\/resistencia-de-tierra-conexion-de-barco-a-tierra\\\/\",\"name\":\"Resistencia de tierra. Conexi\u00f3n barco a tierra - METAL DEPLOYE RESISTOR\",\"isPartOf\":{\"@id\":\"https:\\\/\\\/www.mdresistor.com\\\/es\\\/#website\"},\"datePublished\":\"2020-12-04T17:04:00+00:00\",\"dateModified\":\"2022-02-08T16:04:20+00:00\",\"description\":\"Resistencia de puesta a tierra \\\/ MALT (NER\\\/NGR) a medida. 5000A, 250KV y m\u00e1s. IP55. Aisladores, bushings, PADs. Calidad certificada \\\/ francesa\",\"inLanguage\":\"es\",\"potentialAction\":[{\"@type\":\"ReadAction\",\"target\":[\"https:\\\/\\\/www.mdresistor.com\\\/es\\\/resistencia-de-tierra-conexion-de-barco-a-tierra\\\/\"]}]},{\"@type\":\"WebSite\",\"@id\":\"https:\\\/\\\/www.mdresistor.com\\\/es\\\/#website\",\"url\":\"https:\\\/\\\/www.mdresistor.com\\\/es\\\/\",\"name\":\"MDResistor\",\"description\":\"\",\"potentialAction\":[{\"@type\":\"SearchAction\",\"target\":{\"@type\":\"EntryPoint\",\"urlTemplate\":\"https:\\\/\\\/www.mdresistor.com\\\/es\\\/?s={search_term_string}\"},\"query-input\":{\"@type\":\"PropertyValueSpecification\",\"valueRequired\":true,\"valueName\":\"search_term_string\"}}],\"inLanguage\":\"es\"}]}<\/script>\n<!-- \/ Yoast SEO plugin. -->","yoast_head_json":{"title":"Resistencia de tierra. Conexi\u00f3n barco a tierra - METAL DEPLOYE RESISTOR","description":"Resistencia de puesta a tierra \/ MALT (NER\/NGR) a medida. 5000A, 250KV y m\u00e1s. IP55. Aisladores, bushings, PADs. Calidad certificada \/ francesa","robots":{"index":"index","follow":"follow","max-snippet":"max-snippet:-1","max-image-preview":"max-image-preview:large","max-video-preview":"max-video-preview:-1"},"canonical":"https:\/\/www.mdresistor.com\/es\/resistencia-de-tierra-conexion-de-barco-a-tierra\/","og_locale":"es_ES","og_type":"article","og_title":"Resistencia de tierra. Conexi\u00f3n barco a tierra - METAL DEPLOYE RESISTOR","og_description":"Resistencia de puesta a tierra \/ MALT (NER\/NGR) a medida. 5000A, 250KV y m\u00e1s. IP55. Aisladores, bushings, PADs. Calidad certificada \/ francesa","og_url":"https:\/\/www.mdresistor.com\/es\/resistencia-de-tierra-conexion-de-barco-a-tierra\/","og_site_name":"MDResistor","article_modified_time":"2022-02-08T16:04:20+00:00","twitter_card":"summary_large_image","twitter_misc":{"Tiempo de lectura":"22 minutos"},"schema":{"@context":"https:\/\/schema.org","@graph":[{"@type":"WebPage","@id":"https:\/\/www.mdresistor.com\/es\/resistencia-de-tierra-conexion-de-barco-a-tierra\/","url":"https:\/\/www.mdresistor.com\/es\/resistencia-de-tierra-conexion-de-barco-a-tierra\/","name":"Resistencia de tierra. Conexi\u00f3n barco a tierra - METAL DEPLOYE RESISTOR","isPartOf":{"@id":"https:\/\/www.mdresistor.com\/es\/#website"},"datePublished":"2020-12-04T17:04:00+00:00","dateModified":"2022-02-08T16:04:20+00:00","description":"Resistencia de puesta a tierra \/ MALT (NER\/NGR) a medida. 5000A, 250KV y m\u00e1s. IP55. Aisladores, bushings, PADs. Calidad certificada \/ francesa","inLanguage":"es","potentialAction":[{"@type":"ReadAction","target":["https:\/\/www.mdresistor.com\/es\/resistencia-de-tierra-conexion-de-barco-a-tierra\/"]}]},{"@type":"WebSite","@id":"https:\/\/www.mdresistor.com\/es\/#website","url":"https:\/\/www.mdresistor.com\/es\/","name":"MDResistor","description":"","potentialAction":[{"@type":"SearchAction","target":{"@type":"EntryPoint","urlTemplate":"https:\/\/www.mdresistor.com\/es\/?s={search_term_string}"},"query-input":{"@type":"PropertyValueSpecification","valueRequired":true,"valueName":"search_term_string"}}],"inLanguage":"es"}]}},"_links":{"self":[{"href":"https:\/\/www.mdresistor.com\/es\/wp-json\/wp\/v2\/pages\/7279","targetHints":{"allow":["GET"]}}],"collection":[{"href":"https:\/\/www.mdresistor.com\/es\/wp-json\/wp\/v2\/pages"}],"about":[{"href":"https:\/\/www.mdresistor.com\/es\/wp-json\/wp\/v2\/types\/page"}],"author":[{"embeddable":true,"href":"https:\/\/www.mdresistor.com\/es\/wp-json\/wp\/v2\/users\/1"}],"replies":[{"embeddable":true,"href":"https:\/\/www.mdresistor.com\/es\/wp-json\/wp\/v2\/comments?post=7279"}],"version-history":[{"count":2,"href":"https:\/\/www.mdresistor.com\/es\/wp-json\/wp\/v2\/pages\/7279\/revisions"}],"predecessor-version":[{"id":7285,"href":"https:\/\/www.mdresistor.com\/es\/wp-json\/wp\/v2\/pages\/7279\/revisions\/7285"}],"wp:attachment":[{"href":"https:\/\/www.mdresistor.com\/es\/wp-json\/wp\/v2\/media?parent=7279"}],"curies":[{"name":"wp","href":"https:\/\/api.w.org\/{rel}","templated":true}]}}