{"id":7302,"date":"2020-12-04T18:04:00","date_gmt":"2020-12-04T17:04:00","guid":{"rendered":"https:\/\/www.mdresistor.com\/banco-de-carga-para-grupo-generador\/"},"modified":"2022-02-08T17:04:24","modified_gmt":"2022-02-08T16:04:24","slug":"banco-de-carga-para-grupo-generador","status":"publish","type":"page","link":"https:\/\/www.mdresistor.com\/es\/banco-de-carga-para-grupo-generador\/","title":{"rendered":"3.1.1 Banco de carga para grupo electr\u00f3geno"},"content":{"rendered":"<p><div class=\"fusion-fullwidth fullwidth-box fusion-builder-row-1 fusion-flex-container nonhundred-percent-fullwidth non-hundred-percent-height-scrolling\" style=\"--awb-border-radius-top-left:0px;--awb-border-radius-top-right:0px;--awb-border-radius-bottom-right:0px;--awb-border-radius-bottom-left:0px;--awb-flex-wrap:wrap;\" ><div class=\"fusion-builder-row fusion-row fusion-flex-align-items-center fusion-flex-justify-content-center fusion-flex-content-wrap\" style=\"max-width:1040px;margin-left: calc(-4% \/ 2 );margin-right: calc(-4% \/ 2 );\"><div class=\"fusion-layout-column fusion_builder_column fusion-builder-column-0 fusion_builder_column_1_2 1_2 fusion-flex-column\" style=\"--awb-bg-size:cover;--awb-width-large:50%;--awb-margin-top-large:0px;--awb-spacing-right-large:3.84%;--awb-margin-bottom-large:10px;--awb-spacing-left-large:3.84%;--awb-width-medium:100%;--awb-order-medium:0;--awb-spacing-right-medium:1.92%;--awb-spacing-left-medium:1.92%;--awb-width-small:100%;--awb-order-small:0;--awb-spacing-right-small:1.92%;--awb-spacing-left-small:1.92%;\"><div class=\"fusion-column-wrapper fusion-column-has-shadow fusion-flex-justify-content-flex-start fusion-content-layout-column\"><div class=\"fusion-text fusion-text-1\"><h1>Bancos de carga: tu soluci\u00f3n para probar y mantener tus grupos electr\u00f3genos<\/h1>\n<\/div><div ><a class=\"fusion-button button-flat fusion-button-default-size button-default fusion-button-default button-1 fusion-button-default-span fusion-button-default-type\" style=\"--awb-margin-top:5%;\" target=\"_self\" href=\"https:\/\/www.mdresistor.com\/es\/contactar\/\"><span class=\"fusion-button-text awb-button__text awb-button__text--default\">RECIBE UN PRESUPUESTO PERSONALIZADO EN 24H<\/span><\/a><\/div>\n<\/div><\/div><div class=\"fusion-layout-column fusion_builder_column fusion-builder-column-1 fusion_builder_column_1_2 1_2 fusion-flex-column\" style=\"--awb-bg-size:cover;--awb-width-large:50%;--awb-margin-top-large:0px;--awb-spacing-right-large:3.84%;--awb-margin-bottom-large:10px;--awb-spacing-left-large:3.84%;--awb-width-medium:100%;--awb-order-medium:0;--awb-spacing-right-medium:1.92%;--awb-spacing-left-medium:1.92%;--awb-width-small:100%;--awb-order-small:0;--awb-spacing-right-small:1.92%;--awb-spacing-left-small:1.92%;\"><div class=\"fusion-column-wrapper fusion-column-has-shadow fusion-flex-justify-content-flex-start fusion-content-layout-column\"><div class=\"fusion-image-element \" style=\"text-align:center;--awb-caption-title-font-family:var(--h2_typography-font-family);--awb-caption-title-font-weight:var(--h2_typography-font-weight);--awb-caption-title-font-style:var(--h2_typography-font-style);--awb-caption-title-size:var(--h2_typography-font-size);--awb-caption-title-transform:var(--h2_typography-text-transform);--awb-caption-title-line-height:var(--h2_typography-line-height);--awb-caption-title-letter-spacing:var(--h2_typography-letter-spacing);\"><span class=\" fusion-imageframe imageframe-none imageframe-1 hover-type-none\"><img decoding=\"async\" width=\"800\" height=\"517\" alt=\"Generador\" title=\"groupe electrogene-min\" src=\"https:\/\/www.mdresistor.com\/wp-content\/uploads\/2020\/12\/groupe-electrogene-min.jpg\" class=\"img-responsive wp-image-7036\" srcset=\"https:\/\/www.mdresistor.com\/wp-content\/uploads\/2020\/12\/groupe-electrogene-min-200x129.jpg 200w, https:\/\/www.mdresistor.com\/wp-content\/uploads\/2020\/12\/groupe-electrogene-min-400x259.jpg 400w, https:\/\/www.mdresistor.com\/wp-content\/uploads\/2020\/12\/groupe-electrogene-min-600x388.jpg 600w, https:\/\/www.mdresistor.com\/wp-content\/uploads\/2020\/12\/groupe-electrogene-min.jpg 800w\" sizes=\"(max-width: 1024px) 100vw, (max-width: 640px) 100vw, 600px\" \/><\/span><\/div><\/div><\/div><\/div><\/div><div class=\"fusion-fullwidth fullwidth-box fusion-builder-row-2 fusion-flex-container nonhundred-percent-fullwidth non-hundred-percent-height-scrolling\" style=\"--awb-border-radius-top-left:0px;--awb-border-radius-top-right:0px;--awb-border-radius-bottom-right:0px;--awb-border-radius-bottom-left:0px;--awb-flex-wrap:wrap;\" id=\"un\" ><div class=\"fusion-builder-row fusion-row fusion-flex-align-items-center fusion-flex-justify-content-center fusion-flex-content-wrap\" style=\"max-width:1040px;margin-left: calc(-4% \/ 2 );margin-right: calc(-4% \/ 2 );\"><div class=\"fusion-layout-column fusion_builder_column fusion-builder-column-2 fusion_builder_column_1_1 1_1 fusion-flex-column\" style=\"--awb-bg-size:cover;--awb-width-large:100%;--awb-margin-top-large:0px;--awb-spacing-right-large:1.92%;--awb-margin-bottom-large:10px;--awb-spacing-left-large:1.92%;--awb-width-medium:100%;--awb-order-medium:0;--awb-spacing-right-medium:1.92%;--awb-spacing-left-medium:1.92%;--awb-width-small:100%;--awb-order-small:0;--awb-spacing-right-small:1.92%;--awb-spacing-left-small:1.92%;\"><div class=\"fusion-column-wrapper fusion-column-has-shadow fusion-flex-justify-content-flex-start fusion-content-layout-column\"><div class=\"fusion-text fusion-text-2\" style=\"--awb-content-alignment:left;\"><p>METAL DEPLOYE RESISTOR ofrece bancos de carga o bancos de prueba.<br \/>\nPermiten <strong>probar el funcionamiento de equipos como generadores<\/strong> , ya sean de emergencia o de alimentaci\u00f3n, por razones de:<\/p>\n<ul>\n<li>seguridad<\/li>\n<li>mantenimiento<\/li>\n<li>cumplimiento<\/li>\n<li>anticipaci\u00f3n del riesgo<\/li>\n<\/ul>\n<p>Esto le garantiza, <strong>a largo plazo, el correcto funcionamiento de sus equipos<\/strong> y la reducci\u00f3n de aver\u00edas y roturas de sus equipos.<\/p>\n<p><strong>\u00bfEres especialista en generadores<\/strong> (alquiler, mantenimiento, etc.)?<br \/>\nSu soluci\u00f3n es <strong>la utilizaci\u00f3n de bancos de carga para grupos electr\u00f3genos<\/strong> adaptados a sus necesidades, hasta 3300 kVA.<\/p>\n<\/div><\/div><\/div><\/div><\/div><div class=\"fusion-fullwidth fullwidth-box fusion-builder-row-3 fusion-flex-container nonhundred-percent-fullwidth non-hundred-percent-height-scrolling container-gris\" style=\"--awb-border-radius-top-left:0px;--awb-border-radius-top-right:0px;--awb-border-radius-bottom-right:0px;--awb-border-radius-bottom-left:0px;--awb-flex-wrap:wrap;\" ><div class=\"fusion-builder-row fusion-row fusion-flex-align-items-center fusion-flex-justify-content-center fusion-flex-content-wrap\" style=\"max-width:1040px;margin-left: calc(-4% \/ 2 );margin-right: calc(-4% \/ 2 );\"><div class=\"fusion-layout-column fusion_builder_column fusion-builder-column-3 fusion_builder_column_1_1 1_1 fusion-flex-column\" style=\"--awb-bg-size:cover;--awb-width-large:100%;--awb-margin-top-large:0px;--awb-spacing-right-large:1.92%;--awb-margin-bottom-large:10px;--awb-spacing-left-large:1.92%;--awb-width-medium:100%;--awb-order-medium:0;--awb-spacing-right-medium:1.92%;--awb-spacing-left-medium:1.92%;--awb-width-small:100%;--awb-order-small:0;--awb-spacing-right-small:1.92%;--awb-spacing-left-small:1.92%;\"><div class=\"fusion-column-wrapper fusion-column-has-shadow fusion-flex-justify-content-flex-start fusion-content-layout-column\"><div class=\"fusion-text fusion-text-3\" style=\"--awb-content-alignment:center;\"><h2>Prueba de grupos electr\u00f3genos: para mantenimiento preventivo y curativo<\/h2>\n<\/div><div class=\"fusion-text fusion-text-4\" style=\"--awb-content-alignment:left;\"><p>Los generadores rara vez funcionan a toda velocidad. Es durante <strong>un funcionamiento prolongado a baja carga que los riesgos de deterioro pueden aparecer<\/strong> como:<\/p>\n<ul>\n<li>obstrucci\u00f3n del inyector,<\/li>\n<li>la acumulaci\u00f3n de humedad y carb\u00f3n, en particular en las c\u00e1maras de combusti\u00f3n y el circuito de escape,<\/li>\n<li>o el acristalamiento de los cilindros.<\/li>\n<\/ul>\n<p>La soluci\u00f3n es <strong>llevar la instalaci\u00f3n a su m\u00e1xima capacidad<\/strong> para determinar su potencia m\u00e1xima en un tiempo determinado.<br \/>\nEs el uso de bancos de carga, lo que permitir\u00e1 <strong>el mantenimiento preventivo<\/strong> al reducir el <strong>riesgo de falla y el mantenimiento curativo<\/strong> al mantener su equipo en rendimiento nominal.<\/p>\n<\/div><\/div><\/div><\/div><\/div><div class=\"fusion-fullwidth fullwidth-box fusion-builder-row-4 fusion-flex-container nonhundred-percent-fullwidth non-hundred-percent-height-scrolling container-blanc\" style=\"--awb-border-radius-top-left:0px;--awb-border-radius-top-right:0px;--awb-border-radius-bottom-right:0px;--awb-border-radius-bottom-left:0px;--awb-flex-wrap:wrap;\" ><div class=\"fusion-builder-row fusion-row fusion-flex-align-items-center fusion-flex-justify-content-center fusion-flex-content-wrap\" style=\"max-width:1040px;margin-left: calc(-4% \/ 2 );margin-right: calc(-4% \/ 2 );\"><div class=\"fusion-layout-column fusion_builder_column fusion-builder-column-4 fusion_builder_column_1_1 1_1 fusion-flex-column\" style=\"--awb-bg-size:cover;--awb-width-large:100%;--awb-margin-top-large:0px;--awb-spacing-right-large:1.92%;--awb-margin-bottom-large:10px;--awb-spacing-left-large:1.92%;--awb-width-medium:100%;--awb-order-medium:0;--awb-spacing-right-medium:1.92%;--awb-spacing-left-medium:1.92%;--awb-width-small:100%;--awb-order-small:0;--awb-spacing-right-small:1.92%;--awb-spacing-left-small:1.92%;\"><div class=\"fusion-column-wrapper fusion-column-has-shadow fusion-flex-justify-content-flex-start fusion-content-layout-column\"><div class=\"fusion-text fusion-text-5\" style=\"--awb-content-alignment:center;\"><h2>\u00bfPor qu\u00e9 utilizar un banco de carga para un grupo electr\u00f3geno? Pru\u00e9belo, mant\u00e9ngalo, lastre<\/h2>\n<\/div><div class=\"fusion-text fusion-text-6\" style=\"--awb-content-alignment:left;\"><h3>Probando un generador<\/h3>\n<p>El banco de carga prueba un generador para verificar que <strong>todav\u00eda puede entregar toda la potencia<\/strong> .<\/p>\n<p>Esto es v\u00e1lido para cualquier tipo de grupo electr\u00f3geno:<\/p>\n<ul>\n<li><strong>Un grupo electr\u00f3geno de producci\u00f3n\/alquiler<\/strong> . Aqu\u00ed se trata de velar por el correcto funcionamiento de los equipos alquilados a cada uno de sus clientes,<\/li>\n<li><strong>Un generador de reserva poco usado y poco probado<\/strong> .<\/li>\n<\/ul>\n<p>La prueba de carga completa garantiza:<\/p>\n<ul>\n<li><strong>correcto funcionamiento<\/strong> de un generador<\/li>\n<li><strong>su manejo de energ\u00eda<\/strong> , sin cortar o perturbar la red mediante una prueba real.<\/li>\n<\/ul>\n<p>De hecho, la mayor\u00eda de las fallas y fallas solo aparecen a plena carga. Una prueba sin carga no permitir\u00eda diagnosticarlos y obstruir\u00eda a\u00fan m\u00e1s el grupo electr\u00f3geno.<\/p>\n<h3>mantener un generador<\/h3>\n<h4>desatascar el motor<\/h4>\n<p>Un motor que funciona despu\u00e9s de un largo per\u00edodo a baja carga, no alcanza su temperatura \u00f3ptima de funcionamiento. Entonces, corre el riesgo de obstruirse: hablamos de \u00bb <strong>apilamiento en h\u00famedo<\/strong> \u00ab. Luego debe ser <strong>\u00ablimpiado\u00bb a un m\u00ednimo del 80% de la potencia nominal<\/strong> .<\/p>\n<h4>romper en el motor<\/h4>\n<p>Despu\u00e9s de haber realizado un mantenimiento importante, es importante realizar un rodaje del motor en un banco de pruebas.<\/p>\n<\/div><\/div><\/div><div class=\"fusion-layout-column fusion_builder_column fusion-builder-column-5 fusion_builder_column_1_2 1_2 fusion-flex-column\" style=\"--awb-bg-size:cover;--awb-width-large:50%;--awb-margin-top-large:0px;--awb-spacing-right-large:3.84%;--awb-margin-bottom-large:10px;--awb-spacing-left-large:3.84%;--awb-width-medium:100%;--awb-order-medium:0;--awb-spacing-right-medium:1.92%;--awb-spacing-left-medium:1.92%;--awb-width-small:100%;--awb-order-small:0;--awb-spacing-right-small:1.92%;--awb-spacing-left-small:1.92%;\"><div class=\"fusion-column-wrapper fusion-column-has-shadow fusion-flex-justify-content-flex-start fusion-content-layout-column\"><div class=\"fusion-image-element \" style=\"text-align:center;--awb-caption-title-font-family:var(--h2_typography-font-family);--awb-caption-title-font-weight:var(--h2_typography-font-weight);--awb-caption-title-font-style:var(--h2_typography-font-style);--awb-caption-title-size:var(--h2_typography-font-size);--awb-caption-title-transform:var(--h2_typography-text-transform);--awb-caption-title-line-height:var(--h2_typography-line-height);--awb-caption-title-letter-spacing:var(--h2_typography-letter-spacing);\"><span class=\" fusion-imageframe imageframe-none imageframe-2 hover-type-none margin-bottom-10\"><img decoding=\"async\" width=\"400\" height=\"254\" alt=\"Grupo electr\u00f3geno SDMO\" title=\"groupe electrogene SDMO-min\" src=\"https:\/\/www.mdresistor.com\/wp-content\/uploads\/2020\/12\/groupe-electrogene-SDMO-min-400x254.png\" class=\"img-responsive wp-image-7037\" srcset=\"https:\/\/www.mdresistor.com\/wp-content\/uploads\/2020\/12\/groupe-electrogene-SDMO-min-200x127.png 200w, https:\/\/www.mdresistor.com\/wp-content\/uploads\/2020\/12\/groupe-electrogene-SDMO-min-400x254.png 400w, https:\/\/www.mdresistor.com\/wp-content\/uploads\/2020\/12\/groupe-electrogene-SDMO-min-600x381.png 600w, https:\/\/www.mdresistor.com\/wp-content\/uploads\/2020\/12\/groupe-electrogene-SDMO-min.png 800w\" sizes=\"(max-width: 1024px) 100vw, (max-width: 640px) 100vw, 600px\" \/><\/span><\/div><\/div><\/div><div class=\"fusion-layout-column fusion_builder_column fusion-builder-column-6 fusion_builder_column_1_2 1_2 fusion-flex-column\" style=\"--awb-bg-size:cover;--awb-width-large:50%;--awb-margin-top-large:0px;--awb-spacing-right-large:3.84%;--awb-margin-bottom-large:10px;--awb-spacing-left-large:3.84%;--awb-width-medium:100%;--awb-order-medium:0;--awb-spacing-right-medium:1.92%;--awb-spacing-left-medium:1.92%;--awb-width-small:100%;--awb-order-small:0;--awb-spacing-right-small:1.92%;--awb-spacing-left-small:1.92%;\"><div class=\"fusion-column-wrapper fusion-column-has-shadow fusion-flex-justify-content-flex-start fusion-content-layout-column\"><div class=\"fusion-text fusion-text-7\" style=\"--awb-content-alignment:left;\"><h3>lastre un generador<\/h3>\n<p>Si se opera durante per\u00edodos prolongados con carga ligera, el grupo electr\u00f3geno debe ser <strong>lastrado<\/strong> . Esto permite medir la potencia suministrada en la red y as\u00ed disparar las muescas de resistencia necesarias para <strong>alcanzar una potencia m\u00ednima del 30% al 50% de la nominal del grupo<\/strong> .<\/p>\n<p>Por tanto, el grupo electr\u00f3geno trabaja a la temperatura que le conviene, que:<\/p>\n<ul>\n<li><strong>limitar su ensuciamiento,<\/strong><\/li>\n<li><strong>le da un mejor rendimiento.<\/strong><\/li>\n<\/ul>\n<\/div><\/div><\/div><\/div><\/div><div class=\"fusion-fullwidth fullwidth-box fusion-builder-row-5 fusion-flex-container nonhundred-percent-fullwidth non-hundred-percent-height-scrolling container-gris\" style=\"--awb-border-radius-top-left:0px;--awb-border-radius-top-right:0px;--awb-border-radius-bottom-right:0px;--awb-border-radius-bottom-left:0px;--awb-flex-wrap:wrap;\" ><div class=\"fusion-builder-row fusion-row fusion-flex-align-items-center fusion-flex-justify-content-center fusion-flex-content-wrap\" style=\"max-width:1040px;margin-left: calc(-4% \/ 2 );margin-right: calc(-4% \/ 2 );\"><div class=\"fusion-layout-column fusion_builder_column fusion-builder-column-7 fusion_builder_column_1_1 1_1 fusion-flex-column\" style=\"--awb-bg-size:cover;--awb-width-large:100%;--awb-margin-top-large:0px;--awb-spacing-right-large:1.92%;--awb-margin-bottom-large:10px;--awb-spacing-left-large:1.92%;--awb-width-medium:100%;--awb-order-medium:0;--awb-spacing-right-medium:1.92%;--awb-spacing-left-medium:1.92%;--awb-width-small:100%;--awb-order-small:0;--awb-spacing-right-small:1.92%;--awb-spacing-left-small:1.92%;\"><div class=\"fusion-column-wrapper fusion-column-has-shadow fusion-flex-justify-content-flex-start fusion-content-layout-column\"><div class=\"fusion-text fusion-text-8\" style=\"--awb-content-alignment:center;\"><h2>Una gama de bancos de carga para probar todos los equipos el\u00e9ctricos<\/h2>\n<\/div><div class=\"fusion-text fusion-text-9\" style=\"--awb-content-alignment:left;\"><p>El banco de carga el\u00e9ctrica se usa a menudo para probar generadores, tambi\u00e9n puede ser muy \u00fatil para otros equipos:<\/p>\n<ul>\n<li><a href=\"https:\/\/www.mdresistor.com\/es\/banco-de-carga-reactiva\/\">motores<\/a> ,<\/li>\n<li><a href=\"https:\/\/www.mdresistor.com\/es\/banco-de-carga-para-inversores-ups\/\">inversores\/SAI<\/a> ,<\/li>\n<li><a href=\"https:\/\/www.mdresistor.com\/es\/banco-de-descarga-de-baterias\/\">pilas<\/a> ,<\/li>\n<li><a href=\"https:\/\/www.mdresistor.com\/es\/banco-de-carga-ac-dc\/\">turbinas<\/a><\/li>\n<li>etc&#8230;<\/li>\n<\/ul>\n<p><a href=\"https:\/\/www.mdresistor.com\/es\/quienes-somos\/\">METAL DEPLOYE RESISTOR<\/a> , te acompa\u00f1a dise\u00f1ando el producto adaptado a tu equipo, a tus voltajes y amperajes precisos.<\/p>\n<\/div><\/div><\/div><\/div><\/div><\/p>\n","protected":false},"excerpt":{"rendered":"","protected":false},"author":1,"featured_media":0,"parent":0,"menu_order":0,"comment_status":"closed","ping_status":"closed","template":"100-width.php","meta":{"footnotes":""},"class_list":["post-7302","page","type-page","status-publish","hentry"],"yoast_head":"<!-- This site is optimized with the Yoast SEO plugin v27.4 - https:\/\/yoast.com\/product\/yoast-seo-wordpress\/ -->\n<title>Banco de carga del generador<\/title>\n<meta name=\"description\" content=\"Banco de carga del generador. Mantenimiento. Prueba. Hasta 11 MVA \/ 24 kV y m\u00e1s. 80 a\u00f1os de experiencia. Calidad francesa, certificada\" \/>\n<meta name=\"robots\" content=\"index, follow, max-snippet:-1, max-image-preview:large, max-video-preview:-1\" \/>\n<link rel=\"canonical\" href=\"https:\/\/www.mdresistor.com\/es\/banco-de-carga-para-grupo-generador\/\" \/>\n<meta property=\"og:locale\" content=\"es_ES\" \/>\n<meta property=\"og:type\" content=\"article\" \/>\n<meta property=\"og:title\" content=\"Banco de carga del generador\" \/>\n<meta property=\"og:description\" content=\"Banco de carga del generador. Mantenimiento. Prueba. Hasta 11 MVA \/ 24 kV y m\u00e1s. 80 a\u00f1os de experiencia. Calidad francesa, certificada\" \/>\n<meta property=\"og:url\" content=\"https:\/\/www.mdresistor.com\/es\/banco-de-carga-para-grupo-generador\/\" \/>\n<meta property=\"og:site_name\" content=\"MDResistor\" \/>\n<meta property=\"article:modified_time\" content=\"2022-02-08T16:04:24+00:00\" \/>\n<meta name=\"twitter:card\" content=\"summary_large_image\" \/>\n<meta name=\"twitter:label1\" content=\"Tiempo de lectura\" \/>\n\t<meta name=\"twitter:data1\" content=\"22 minutos\" \/>\n<script type=\"application\/ld+json\" class=\"yoast-schema-graph\">{\"@context\":\"https:\\\/\\\/schema.org\",\"@graph\":[{\"@type\":\"WebPage\",\"@id\":\"https:\\\/\\\/www.mdresistor.com\\\/es\\\/banco-de-carga-para-grupo-generador\\\/\",\"url\":\"https:\\\/\\\/www.mdresistor.com\\\/es\\\/banco-de-carga-para-grupo-generador\\\/\",\"name\":\"Banco de carga del generador\",\"isPartOf\":{\"@id\":\"https:\\\/\\\/www.mdresistor.com\\\/es\\\/#website\"},\"datePublished\":\"2020-12-04T17:04:00+00:00\",\"dateModified\":\"2022-02-08T16:04:24+00:00\",\"description\":\"Banco de carga del generador. Mantenimiento. Prueba. Hasta 11 MVA \\\/ 24 kV y m\u00e1s. 80 a\u00f1os de experiencia. Calidad francesa, certificada\",\"inLanguage\":\"es\",\"potentialAction\":[{\"@type\":\"ReadAction\",\"target\":[\"https:\\\/\\\/www.mdresistor.com\\\/es\\\/banco-de-carga-para-grupo-generador\\\/\"]}]},{\"@type\":\"WebSite\",\"@id\":\"https:\\\/\\\/www.mdresistor.com\\\/es\\\/#website\",\"url\":\"https:\\\/\\\/www.mdresistor.com\\\/es\\\/\",\"name\":\"MDResistor\",\"description\":\"\",\"potentialAction\":[{\"@type\":\"SearchAction\",\"target\":{\"@type\":\"EntryPoint\",\"urlTemplate\":\"https:\\\/\\\/www.mdresistor.com\\\/es\\\/?s={search_term_string}\"},\"query-input\":{\"@type\":\"PropertyValueSpecification\",\"valueRequired\":true,\"valueName\":\"search_term_string\"}}],\"inLanguage\":\"es\"}]}<\/script>\n<!-- \/ Yoast SEO plugin. -->","yoast_head_json":{"title":"Banco de carga del generador","description":"Banco de carga del generador. Mantenimiento. Prueba. Hasta 11 MVA \/ 24 kV y m\u00e1s. 80 a\u00f1os de experiencia. Calidad francesa, certificada","robots":{"index":"index","follow":"follow","max-snippet":"max-snippet:-1","max-image-preview":"max-image-preview:large","max-video-preview":"max-video-preview:-1"},"canonical":"https:\/\/www.mdresistor.com\/es\/banco-de-carga-para-grupo-generador\/","og_locale":"es_ES","og_type":"article","og_title":"Banco de carga del generador","og_description":"Banco de carga del generador. Mantenimiento. Prueba. Hasta 11 MVA \/ 24 kV y m\u00e1s. 80 a\u00f1os de experiencia. Calidad francesa, certificada","og_url":"https:\/\/www.mdresistor.com\/es\/banco-de-carga-para-grupo-generador\/","og_site_name":"MDResistor","article_modified_time":"2022-02-08T16:04:24+00:00","twitter_card":"summary_large_image","twitter_misc":{"Tiempo de lectura":"22 minutos"},"schema":{"@context":"https:\/\/schema.org","@graph":[{"@type":"WebPage","@id":"https:\/\/www.mdresistor.com\/es\/banco-de-carga-para-grupo-generador\/","url":"https:\/\/www.mdresistor.com\/es\/banco-de-carga-para-grupo-generador\/","name":"Banco de carga del generador","isPartOf":{"@id":"https:\/\/www.mdresistor.com\/es\/#website"},"datePublished":"2020-12-04T17:04:00+00:00","dateModified":"2022-02-08T16:04:24+00:00","description":"Banco de carga del generador. Mantenimiento. Prueba. Hasta 11 MVA \/ 24 kV y m\u00e1s. 80 a\u00f1os de experiencia. Calidad francesa, certificada","inLanguage":"es","potentialAction":[{"@type":"ReadAction","target":["https:\/\/www.mdresistor.com\/es\/banco-de-carga-para-grupo-generador\/"]}]},{"@type":"WebSite","@id":"https:\/\/www.mdresistor.com\/es\/#website","url":"https:\/\/www.mdresistor.com\/es\/","name":"MDResistor","description":"","potentialAction":[{"@type":"SearchAction","target":{"@type":"EntryPoint","urlTemplate":"https:\/\/www.mdresistor.com\/es\/?s={search_term_string}"},"query-input":{"@type":"PropertyValueSpecification","valueRequired":true,"valueName":"search_term_string"}}],"inLanguage":"es"}]}},"_links":{"self":[{"href":"https:\/\/www.mdresistor.com\/es\/wp-json\/wp\/v2\/pages\/7302","targetHints":{"allow":["GET"]}}],"collection":[{"href":"https:\/\/www.mdresistor.com\/es\/wp-json\/wp\/v2\/pages"}],"about":[{"href":"https:\/\/www.mdresistor.com\/es\/wp-json\/wp\/v2\/types\/page"}],"author":[{"embeddable":true,"href":"https:\/\/www.mdresistor.com\/es\/wp-json\/wp\/v2\/users\/1"}],"replies":[{"embeddable":true,"href":"https:\/\/www.mdresistor.com\/es\/wp-json\/wp\/v2\/comments?post=7302"}],"version-history":[{"count":2,"href":"https:\/\/www.mdresistor.com\/es\/wp-json\/wp\/v2\/pages\/7302\/revisions"}],"predecessor-version":[{"id":7305,"href":"https:\/\/www.mdresistor.com\/es\/wp-json\/wp\/v2\/pages\/7302\/revisions\/7305"}],"wp:attachment":[{"href":"https:\/\/www.mdresistor.com\/es\/wp-json\/wp\/v2\/media?parent=7302"}],"curies":[{"name":"wp","href":"https:\/\/api.w.org\/{rel}","templated":true}]}}