{"id":7314,"date":"2020-12-04T18:04:02","date_gmt":"2020-12-04T17:04:02","guid":{"rendered":"https:\/\/www.mdresistor.com\/banco-de-carga-de-alta-potencia-y-alto-voltaje\/"},"modified":"2025-07-03T02:20:30","modified_gmt":"2025-07-03T00:20:30","slug":"banco-de-carga-de-alta-potencia-y-alto-voltaje","status":"publish","type":"page","link":"https:\/\/www.mdresistor.com\/es\/banco-de-carga-de-alta-potencia-y-alto-voltaje\/","title":{"rendered":"3.2.2 Banco de carga de alta potencia y alta tensi\u00f3n"},"content":{"rendered":"<p><div class=\"fusion-fullwidth fullwidth-box fusion-builder-row-1 fusion-flex-container nonhundred-percent-fullwidth non-hundred-percent-height-scrolling\" style=\"--awb-border-radius-top-left:0px;--awb-border-radius-top-right:0px;--awb-border-radius-bottom-right:0px;--awb-border-radius-bottom-left:0px;--awb-flex-wrap:wrap;\" ><div class=\"fusion-builder-row fusion-row fusion-flex-align-items-center fusion-flex-justify-content-center fusion-flex-content-wrap\" style=\"max-width:1040px;margin-left: calc(-4% \/ 2 );margin-right: calc(-4% \/ 2 );\"><div class=\"fusion-layout-column fusion_builder_column fusion-builder-column-0 fusion_builder_column_1_2 1_2 fusion-flex-column\" style=\"--awb-bg-size:cover;--awb-width-large:50%;--awb-margin-top-large:0px;--awb-spacing-right-large:3.84%;--awb-margin-bottom-large:10px;--awb-spacing-left-large:3.84%;--awb-width-medium:100%;--awb-order-medium:0;--awb-spacing-right-medium:1.92%;--awb-spacing-left-medium:1.92%;--awb-width-small:100%;--awb-order-small:0;--awb-spacing-right-small:1.92%;--awb-spacing-left-small:1.92%;\"><div class=\"fusion-column-wrapper fusion-column-has-shadow fusion-flex-justify-content-flex-start fusion-content-layout-column\"><div class=\"fusion-text fusion-text-1\"><h1>Banco de carga de 3,3 MVA y m\u00e1s interconect\u00e1ndolos: control de las m\u00e1s altas potencias el\u00e9ctricas<\/h1>\n<\/div><div ><a class=\"fusion-button button-flat fusion-button-default-size button-default fusion-button-default button-1 fusion-button-default-span fusion-button-default-type\" style=\"--button_margin-top:5%;\" target=\"_self\" href=\"https:\/\/www.mdresistor.com\/es\/contactar\/\"><span class=\"fusion-button-text awb-button__text awb-button__text--default\">RECIBE UN PRESUPUESTO PERSONALIZADO EN 24H<\/span><\/a><\/div>\n<\/div><\/div><div class=\"fusion-layout-column fusion_builder_column fusion-builder-column-1 fusion_builder_column_1_2 1_2 fusion-flex-column\" style=\"--awb-bg-size:cover;--awb-width-large:50%;--awb-margin-top-large:0px;--awb-spacing-right-large:3.84%;--awb-margin-bottom-large:10px;--awb-spacing-left-large:3.84%;--awb-width-medium:100%;--awb-order-medium:0;--awb-spacing-right-medium:1.92%;--awb-spacing-left-medium:1.92%;--awb-width-small:100%;--awb-order-small:0;--awb-spacing-right-small:1.92%;--awb-spacing-left-small:1.92%;\"><div class=\"fusion-column-wrapper fusion-column-has-shadow fusion-flex-justify-content-flex-start fusion-content-layout-column\"><div class=\"fusion-image-element \" style=\"text-align:center;--awb-caption-title-font-family:var(--h2_typography-font-family);--awb-caption-title-font-weight:var(--h2_typography-font-weight);--awb-caption-title-font-style:var(--h2_typography-font-style);--awb-caption-title-size:var(--h2_typography-font-size);--awb-caption-title-transform:var(--h2_typography-text-transform);--awb-caption-title-line-height:var(--h2_typography-line-height);--awb-caption-title-letter-spacing:var(--h2_typography-letter-spacing);\"><span class=\" fusion-imageframe imageframe-none imageframe-1 hover-type-none\"><img decoding=\"async\" width=\"799\" height=\"515\" alt=\"Banco de carga de contenedores Assala - Metal Depoye Resistor\" title=\"banc de charge conteneur Assala &#8211; Metal Depoye Resistor-min\" src=\"https:\/\/www.mdresistor.com\/wp-content\/uploads\/2020\/12\/banc-de-charge-conteneur-Assala-Metal-Depoye-Resistor-min.jpg\" class=\"img-responsive wp-image-7042\" srcset=\"https:\/\/www.mdresistor.com\/wp-content\/uploads\/2020\/12\/banc-de-charge-conteneur-Assala-Metal-Depoye-Resistor-min-200x129.jpg 200w, https:\/\/www.mdresistor.com\/wp-content\/uploads\/2020\/12\/banc-de-charge-conteneur-Assala-Metal-Depoye-Resistor-min-400x258.jpg 400w, https:\/\/www.mdresistor.com\/wp-content\/uploads\/2020\/12\/banc-de-charge-conteneur-Assala-Metal-Depoye-Resistor-min-600x387.jpg 600w, https:\/\/www.mdresistor.com\/wp-content\/uploads\/2020\/12\/banc-de-charge-conteneur-Assala-Metal-Depoye-Resistor-min.jpg 799w\" sizes=\"(max-width: 1024px) 100vw, (max-width: 640px) 100vw, 600px\" \/><\/span><\/div><\/div><\/div><\/div><\/div><div class=\"fusion-fullwidth fullwidth-box fusion-builder-row-2 fusion-flex-container nonhundred-percent-fullwidth non-hundred-percent-height-scrolling\" style=\"--awb-border-radius-top-left:0px;--awb-border-radius-top-right:0px;--awb-border-radius-bottom-right:0px;--awb-border-radius-bottom-left:0px;--awb-flex-wrap:wrap;\" id=\"un\" ><div class=\"fusion-builder-row fusion-row fusion-flex-align-items-center fusion-flex-justify-content-center fusion-flex-content-wrap\" style=\"max-width:1040px;margin-left: calc(-4% \/ 2 );margin-right: calc(-4% \/ 2 );\"><div class=\"fusion-layout-column fusion_builder_column fusion-builder-column-2 fusion_builder_column_1_1 1_1 fusion-flex-column\" style=\"--awb-bg-size:cover;--awb-width-large:100%;--awb-margin-top-large:0px;--awb-spacing-right-large:1.92%;--awb-margin-bottom-large:10px;--awb-spacing-left-large:1.92%;--awb-width-medium:100%;--awb-order-medium:0;--awb-spacing-right-medium:1.92%;--awb-spacing-left-medium:1.92%;--awb-width-small:100%;--awb-order-small:0;--awb-spacing-right-small:1.92%;--awb-spacing-left-small:1.92%;\"><div class=\"fusion-column-wrapper fusion-column-has-shadow fusion-flex-justify-content-flex-start fusion-content-layout-column\"><div class=\"fusion-text fusion-text-2\" style=\"--awb-content-alignment:left;\"><p>En respuesta al crecimiento de la producci\u00f3n de electricidad en Francia y en todo el mundo, METAL DEPLOYE RESISTOR ofrece <strong>bancos de carga de alta potencia<\/strong> <strong>el\u00e9ctrica<\/strong> , 3,3 MVA y m\u00e1s, interconect\u00e1ndolos.<\/p>\n<p>Para grandes instalaciones que satisfacen necesidades el\u00e9ctricas significativas, el banco de carga de 3,3 MVA es:<\/p>\n<ul>\n<li><strong>Seguridad<\/strong> : poder arrancar al instante y en cualquier momento<\/li>\n<li><strong>Rendimiento<\/strong> : asegurando la recuperaci\u00f3n de la carga con generaci\u00f3n estable de voltaje y frecuencia<\/li>\n<li><strong>Optimizaci\u00f3n<\/strong> : limitar el consumo de combustible y minimizar las emisiones contaminantes<\/li>\n<\/ul>\n<\/div><\/div><\/div><\/div><\/div><div class=\"fusion-fullwidth fullwidth-box fusion-builder-row-3 fusion-flex-container nonhundred-percent-fullwidth non-hundred-percent-height-scrolling container-gris\" style=\"--awb-border-radius-top-left:0px;--awb-border-radius-top-right:0px;--awb-border-radius-bottom-right:0px;--awb-border-radius-bottom-left:0px;--awb-flex-wrap:wrap;\" ><div class=\"fusion-builder-row fusion-row fusion-flex-align-items-center fusion-flex-justify-content-center fusion-flex-content-wrap\" style=\"max-width:1040px;margin-left: calc(-4% \/ 2 );margin-right: calc(-4% \/ 2 );\"><div class=\"fusion-layout-column fusion_builder_column fusion-builder-column-3 fusion_builder_column_1_1 1_1 fusion-flex-column\" style=\"--awb-bg-size:cover;--awb-width-large:100%;--awb-margin-top-large:0px;--awb-spacing-right-large:1.92%;--awb-margin-bottom-large:10px;--awb-spacing-left-large:1.92%;--awb-width-medium:100%;--awb-order-medium:0;--awb-spacing-right-medium:1.92%;--awb-spacing-left-medium:1.92%;--awb-width-small:100%;--awb-order-small:0;--awb-spacing-right-small:1.92%;--awb-spacing-left-small:1.92%;\"><div class=\"fusion-column-wrapper fusion-column-has-shadow fusion-flex-justify-content-flex-start fusion-content-layout-column\"><div class=\"fusion-text fusion-text-3\" style=\"--awb-content-alignment:center;\"><h2>\u00bfCu\u00e1les son los desaf\u00edos de las centrales el\u00e9ctricas de producci\u00f3n y de emergencia?<\/h2>\n<\/div><div class=\"fusion-text fusion-text-4\" style=\"--awb-content-alignment:left;\"><p>Las centrales el\u00e9ctricas de producci\u00f3n y de emergencia se enfrentan hoy en d\u00eda a varios retos:<\/p>\n<ul>\n<li>un requerimiento de alta potencia,<\/li>\n<li>continuidad absoluta de la actividad,<\/li>\n<li>sin fallas ni roturas.<\/li>\n<\/ul>\n<p><strong>Un generador poco usado o con poca carga<\/strong> a menudo no funciona correctamente.<\/p>\n<p>Instalar un banco de carga y realizar una prueba de un generador permitir\u00e1:<\/p>\n<ul>\n<li><strong>mantenimiento preventivo<\/strong> al reducir el riesgo de falla<\/li>\n<li><strong>mantenimiento curativo<\/strong> al mantener el equipo a su rendimiento nominal<\/li>\n<\/ul>\n<\/div><\/div><\/div><\/div><\/div><div class=\"fusion-fullwidth fullwidth-box fusion-builder-row-4 fusion-flex-container nonhundred-percent-fullwidth non-hundred-percent-height-scrolling container-blanc\" style=\"--awb-border-radius-top-left:0px;--awb-border-radius-top-right:0px;--awb-border-radius-bottom-right:0px;--awb-border-radius-bottom-left:0px;--awb-flex-wrap:wrap;\" ><div class=\"fusion-builder-row fusion-row fusion-flex-align-items-center fusion-flex-justify-content-center fusion-flex-content-wrap\" style=\"max-width:1040px;margin-left: calc(-4% \/ 2 );margin-right: calc(-4% \/ 2 );\"><div class=\"fusion-layout-column fusion_builder_column fusion-builder-column-4 fusion_builder_column_1_1 1_1 fusion-flex-column\" style=\"--awb-bg-size:cover;--awb-width-large:100%;--awb-margin-top-large:0px;--awb-spacing-right-large:1.92%;--awb-margin-bottom-large:10px;--awb-spacing-left-large:1.92%;--awb-width-medium:100%;--awb-order-medium:0;--awb-spacing-right-medium:1.92%;--awb-spacing-left-medium:1.92%;--awb-width-small:100%;--awb-order-small:0;--awb-spacing-right-small:1.92%;--awb-spacing-left-small:1.92%;\"><div class=\"fusion-column-wrapper fusion-column-has-shadow fusion-flex-justify-content-flex-start fusion-content-layout-column\"><div class=\"fusion-text fusion-text-5\" style=\"--awb-content-alignment:center;\"><h2>Banco de carga de 3,3 MVA y m\u00e1s: \u00bfcu\u00e1les son sus ventajas?<\/h2>\n<\/div><\/div><\/div><div class=\"fusion-layout-column fusion_builder_column fusion-builder-column-5 fusion_builder_column_1_2 1_2 fusion-flex-column\" style=\"--awb-bg-size:cover;--awb-width-large:50%;--awb-margin-top-large:0px;--awb-spacing-right-large:3.84%;--awb-margin-bottom-large:10px;--awb-spacing-left-large:3.84%;--awb-width-medium:100%;--awb-order-medium:0;--awb-spacing-right-medium:1.92%;--awb-spacing-left-medium:1.92%;--awb-width-small:100%;--awb-order-small:0;--awb-spacing-right-small:1.92%;--awb-spacing-left-small:1.92%;\"><div class=\"fusion-column-wrapper fusion-column-has-shadow fusion-flex-justify-content-flex-start fusion-content-layout-column\"><div class=\"fusion-image-element \" style=\"text-align:center;--awb-caption-title-font-family:var(--h2_typography-font-family);--awb-caption-title-font-weight:var(--h2_typography-font-weight);--awb-caption-title-font-style:var(--h2_typography-font-style);--awb-caption-title-size:var(--h2_typography-font-size);--awb-caption-title-transform:var(--h2_typography-text-transform);--awb-caption-title-line-height:var(--h2_typography-line-height);--awb-caption-title-letter-spacing:var(--h2_typography-letter-spacing);\"><span class=\" fusion-imageframe imageframe-none imageframe-2 hover-type-none\"><img decoding=\"async\" width=\"400\" height=\"258\" alt=\"Banco de carga de contenedores NAVAL Group 40ft 3.2MVA - Metal Deploye Resistor\" title=\"Banc de charge conteneur NAVAL Group 40ft 3.2MVA &#8211; Metal Deploye Resistor-min\" src=\"https:\/\/www.mdresistor.com\/wp-content\/uploads\/2020\/12\/Banc-de-charge-conteneur-NAVAL-Group-40ft-3.2MVA-Metal-Deploye-Resistor-min-400x258.png\" class=\"img-responsive wp-image-7044\" srcset=\"https:\/\/www.mdresistor.com\/wp-content\/uploads\/2020\/12\/Banc-de-charge-conteneur-NAVAL-Group-40ft-3.2MVA-Metal-Deploye-Resistor-min-200x129.png 200w, https:\/\/www.mdresistor.com\/wp-content\/uploads\/2020\/12\/Banc-de-charge-conteneur-NAVAL-Group-40ft-3.2MVA-Metal-Deploye-Resistor-min-400x258.png 400w, https:\/\/www.mdresistor.com\/wp-content\/uploads\/2020\/12\/Banc-de-charge-conteneur-NAVAL-Group-40ft-3.2MVA-Metal-Deploye-Resistor-min-600x386.png 600w, https:\/\/www.mdresistor.com\/wp-content\/uploads\/2020\/12\/Banc-de-charge-conteneur-NAVAL-Group-40ft-3.2MVA-Metal-Deploye-Resistor-min.png 800w\" sizes=\"(max-width: 1024px) 100vw, (max-width: 640px) 100vw, 600px\" \/><\/span><\/div><\/div><\/div><div class=\"fusion-layout-column fusion_builder_column fusion-builder-column-6 fusion_builder_column_1_2 1_2 fusion-flex-column\" style=\"--awb-bg-size:cover;--awb-width-large:50%;--awb-margin-top-large:0px;--awb-spacing-right-large:3.84%;--awb-margin-bottom-large:10px;--awb-spacing-left-large:3.84%;--awb-width-medium:100%;--awb-order-medium:0;--awb-spacing-right-medium:1.92%;--awb-spacing-left-medium:1.92%;--awb-width-small:100%;--awb-order-small:0;--awb-spacing-right-small:1.92%;--awb-spacing-left-small:1.92%;\"><div class=\"fusion-column-wrapper fusion-column-has-shadow fusion-flex-justify-content-flex-start fusion-content-layout-column\"><div class=\"fusion-text fusion-text-6\" style=\"--awb-content-alignment:left;\"><p>El contenedor de 3,3 MVA te permite:<\/p>\n<ul>\n<li>para garantizar el buen funcionamiento del equipo,<\/li>\n<li>para limitar el envejecimiento prematuro,<\/li>\n<li>reducir aver\u00edas inesperadas,<\/li>\n<li>reducir el tiempo de inactividad (limitar el tiempo de inactividad),<\/li>\n<li>reducir los costes asociados al mantenimiento correctivo.<\/li>\n<\/ul>\n<\/div><\/div><\/div><div class=\"fusion-layout-column fusion_builder_column fusion-builder-column-7 fusion_builder_column_1_1 1_1 fusion-flex-column\" style=\"--awb-bg-size:cover;--awb-width-large:100%;--awb-margin-top-large:0px;--awb-spacing-right-large:1.92%;--awb-margin-bottom-large:10px;--awb-spacing-left-large:1.92%;--awb-width-medium:100%;--awb-order-medium:0;--awb-spacing-right-medium:1.92%;--awb-spacing-left-medium:1.92%;--awb-width-small:100%;--awb-order-small:0;--awb-spacing-right-small:1.92%;--awb-spacing-left-small:1.92%;\"><div class=\"fusion-column-wrapper fusion-column-has-shadow fusion-flex-justify-content-flex-start fusion-content-layout-column\"><div class=\"fusion-text fusion-text-7\"><h3>Tratar el 95% de los est\u00e1ndares de potencia<\/h3>\n<p>Con su potencia activa de 3.3 MVA a 480V, 60Hz, este banco de carga puede operar en un rango de voltaje de 380 a 480V para frecuencias de 50 o 60Hz.<\/p>\n<h3>Manejo est\u00e1ndar y f\u00e1cil<\/h3>\n<p>Compacto y liviano, es un contenedor de 10 pies de altura (\u00abcontenedor de cubo alto\u00bb), <a href=\"https:\/\/www.mdresistor.com\/es\/certificaciones-iso-2-certificado\/\">Certificado CSC<\/a> , con un peso inferior a 8 toneladas. Se transporta y manipula mediante un cami\u00f3n gr\u00faa de 10 toneladas, sin necesidad de un convoy excepcional. (<a href=\"https:\/\/www.mdresistor.com\/es\/banco-de-carga-automatico\/\">Obtenga m\u00e1s informaci\u00f3n sobre todas nuestras funciones de movilidad y transporte<\/a> )<\/p>\n<h3>An\u00e1lisis de datos de prueba independientemente de las aplicaciones.<\/h3>\n<h4>Pantalla t\u00e1ctil de 10 pulgadas para una mejor ergonom\u00eda<\/h4>\n<h4>Software dedicado para facilitar el uso<\/h4>\n<h4>Informe de datos para la optimizaci\u00f3n del rendimiento t\u00e9cnico<\/h4>\n<h3>Ahorro de tiempo durante la conexi\u00f3n<\/h3>\n<p>La conexi\u00f3n el\u00e9ctrica se ve facilitada por un gran espacio de conexi\u00f3n, y pr\u00e1ctica gracias a su doble acceso.<br \/>\nDos entradas:<\/p>\n<ul>\n<li>Al frente<\/li>\n<li>Desde abajo<\/li>\n<\/ul>\n<\/div><\/div><\/div><\/div><\/div><div class=\"fusion-fullwidth fullwidth-box fusion-builder-row-5 fusion-flex-container nonhundred-percent-fullwidth non-hundred-percent-height-scrolling container-gris\" style=\"--awb-border-radius-top-left:0px;--awb-border-radius-top-right:0px;--awb-border-radius-bottom-right:0px;--awb-border-radius-bottom-left:0px;--awb-flex-wrap:wrap;\" ><div class=\"fusion-builder-row fusion-row fusion-flex-align-items-center fusion-flex-justify-content-center fusion-flex-content-wrap\" style=\"max-width:1040px;margin-left: calc(-4% \/ 2 );margin-right: calc(-4% \/ 2 );\"><div class=\"fusion-layout-column fusion_builder_column fusion-builder-column-8 fusion_builder_column_1_1 1_1 fusion-flex-column\" style=\"--awb-bg-size:cover;--awb-width-large:100%;--awb-margin-top-large:0px;--awb-spacing-right-large:1.92%;--awb-margin-bottom-large:10px;--awb-spacing-left-large:1.92%;--awb-width-medium:100%;--awb-order-medium:0;--awb-spacing-right-medium:1.92%;--awb-spacing-left-medium:1.92%;--awb-width-small:100%;--awb-order-small:0;--awb-spacing-right-small:1.92%;--awb-spacing-left-small:1.92%;\"><div class=\"fusion-column-wrapper fusion-column-has-shadow fusion-flex-justify-content-flex-start fusion-content-layout-column\"><div class=\"fusion-text fusion-text-8\" style=\"--awb-content-alignment:center;\"><h2>Una gama de bancos de carga de alta potencia<\/h2>\n<\/div><div class=\"fusion-text fusion-text-9\" style=\"--awb-content-alignment:left;\"><p>METAL DEPLOYE RESISTOR ofrece una <a href=\"https:\/\/www.mdresistor.com\/es\/bancos-de-carga\/\">gama completa de bancos de carga<\/a> capaces de satisfacer los importantes requisitos de capacidad el\u00e9ctrica para todo tipo de sectores ( <a href=\"https:\/\/www.mdresistor.com\/utility\/\">Utility<\/a> , <a href=\"https:\/\/www.mdresistor.com\/es\/industria\/\">Industria<\/a> , <a href=\"https:\/\/www.mdresistor.com\/es\/gas-de-petroleo\/\">Oil&amp;Gas<\/a> , etc.) y entornos, incluso los m\u00e1s restrictivos.<\/p>\n<p> Todos nuestros <a href=\"https:\/\/www.mdresistor.com\/bancs-de-charge-resistifs-reactifs\/\">bancos de carga resistivos\/reactivos<\/a><\/p>\n<p> METAL DEPLOYE RESISTOR est\u00e1 a su disposici\u00f3n para definir los par\u00e1metros espec\u00edficos vinculados a sus necesidades.<\/p>\n<\/div><\/div><\/div><div class=\"fusion-layout-column fusion_builder_column fusion-builder-column-9 fusion_builder_column_1_1 1_1 fusion-flex-column col-highlight\" style=\"--awb-bg-color:#ffffff;--awb-bg-color-hover:#ffffff;--awb-bg-size:cover;--awb-width-large:100%;--awb-margin-top-large:0px;--awb-spacing-right-large:1.92%;--awb-margin-bottom-large:10px;--awb-spacing-left-large:1.92%;--awb-width-medium:100%;--awb-order-medium:0;--awb-spacing-right-medium:1.92%;--awb-spacing-left-medium:1.92%;--awb-width-small:100%;--awb-order-small:0;--awb-spacing-right-small:1.92%;--awb-spacing-left-small:1.92%;\" data-scroll-devices=\"small-visibility,medium-visibility,large-visibility\"><div class=\"fusion-column-wrapper fusion-column-has-shadow fusion-flex-justify-content-flex-start fusion-content-layout-column\"><div class=\"fusion-text fusion-text-10\" style=\"--awb-content-alignment:center;\"><h3>Optimice su puesta en marcha con <strong>nuestro banco de carga refrigerado por l\u00edquido<\/strong> , especialmente dise\u00f1ado para centros de datos de alta densidad.<\/h3>\n<\/div><div class=\"fusion-text fusion-text-11\" style=\"--awb-content-alignment:center;\"><p><strong>Hoy en d\u00eda, casi el 40% de los centros de datos han adoptado la tecnolog\u00eda de refrigeraci\u00f3n l\u00edquida.<\/strong><br \/> Ante el auge de las infraestructuras de alta densidad y la creciente necesidad de herramientas de prueba cada vez m\u00e1s eficientes, Metal Deploye Resistor presenta su nuevo <strong>banco de carga refrigerado por l\u00edquido<\/strong> <strong>de 500 kW<\/strong> : una soluci\u00f3n innovadora, dise\u00f1ada para satisfacer los m\u00e1s altos requisitos en t\u00e9rminos de rendimiento, compacidad y fiabilidad.<\/p>\n<\/div><div style=\"text-align:center;\"><a class=\"fusion-button button-flat fusion-button-default-size button-default fusion-button-default button-2 fusion-button-default-span fusion-button-default-type\" target=\"_self\" href=\"https:\/\/www.mdresistor.com\/es\/contactar\/\"><span class=\"fusion-button-text awb-button__text awb-button__text--default\">Cont\u00e1ctenos<\/span><\/a><\/div><\/div><\/div>\n<\/div><\/div><\/p>\n","protected":false},"excerpt":{"rendered":"","protected":false},"author":1,"featured_media":0,"parent":0,"menu_order":0,"comment_status":"closed","ping_status":"closed","template":"100-width.php","meta":{"footnotes":""},"class_list":["post-7314","page","type-page","status-publish","hentry"],"yoast_head":"<!-- This site is optimized with the Yoast SEO plugin v27.4 - https:\/\/yoast.com\/product\/yoast-seo-wordpress\/ -->\n<title>Bancos de carga de alta potencia y alto voltaje, 3,3 MVA y superiores<\/title>\n<meta name=\"description\" content=\"Bancos de carga de 3,3 MVA y superiores. Alta potencia, alto voltaje. 80 a\u00f1os de experiencia en resistencia. Calidad certificada. Hecho en Francia\" \/>\n<meta name=\"robots\" content=\"index, follow, max-snippet:-1, max-image-preview:large, max-video-preview:-1\" \/>\n<link rel=\"canonical\" href=\"https:\/\/www.mdresistor.com\/es\/banco-de-carga-de-alta-potencia-y-alto-voltaje\/\" \/>\n<meta property=\"og:locale\" content=\"es_ES\" \/>\n<meta property=\"og:type\" content=\"article\" \/>\n<meta property=\"og:title\" content=\"Bancos de carga de alta potencia y alto voltaje, 3,3 MVA y superiores\" \/>\n<meta property=\"og:description\" content=\"Bancos de carga de 3,3 MVA y superiores. Alta potencia, alto voltaje. 80 a\u00f1os de experiencia en resistencia. Calidad certificada. Hecho en Francia\" \/>\n<meta property=\"og:url\" content=\"https:\/\/www.mdresistor.com\/es\/banco-de-carga-de-alta-potencia-y-alto-voltaje\/\" \/>\n<meta property=\"og:site_name\" content=\"MDResistor\" \/>\n<meta property=\"article:modified_time\" content=\"2025-07-03T00:20:30+00:00\" \/>\n<meta name=\"twitter:card\" content=\"summary_large_image\" \/>\n<meta name=\"twitter:label1\" content=\"Tiempo de lectura\" \/>\n\t<meta name=\"twitter:data1\" content=\"23 minutos\" \/>\n<script type=\"application\/ld+json\" class=\"yoast-schema-graph\">{\"@context\":\"https:\\\/\\\/schema.org\",\"@graph\":[{\"@type\":\"WebPage\",\"@id\":\"https:\\\/\\\/www.mdresistor.com\\\/es\\\/banco-de-carga-de-alta-potencia-y-alto-voltaje\\\/\",\"url\":\"https:\\\/\\\/www.mdresistor.com\\\/es\\\/banco-de-carga-de-alta-potencia-y-alto-voltaje\\\/\",\"name\":\"Bancos de carga de alta potencia y alto voltaje, 3,3 MVA y superiores\",\"isPartOf\":{\"@id\":\"https:\\\/\\\/www.mdresistor.com\\\/es\\\/#website\"},\"datePublished\":\"2020-12-04T17:04:02+00:00\",\"dateModified\":\"2025-07-03T00:20:30+00:00\",\"description\":\"Bancos de carga de 3,3 MVA y superiores. Alta potencia, alto voltaje. 80 a\u00f1os de experiencia en resistencia. Calidad certificada. Hecho en Francia\",\"inLanguage\":\"es\",\"potentialAction\":[{\"@type\":\"ReadAction\",\"target\":[\"https:\\\/\\\/www.mdresistor.com\\\/es\\\/banco-de-carga-de-alta-potencia-y-alto-voltaje\\\/\"]}]},{\"@type\":\"WebSite\",\"@id\":\"https:\\\/\\\/www.mdresistor.com\\\/es\\\/#website\",\"url\":\"https:\\\/\\\/www.mdresistor.com\\\/es\\\/\",\"name\":\"MDResistor\",\"description\":\"\",\"potentialAction\":[{\"@type\":\"SearchAction\",\"target\":{\"@type\":\"EntryPoint\",\"urlTemplate\":\"https:\\\/\\\/www.mdresistor.com\\\/es\\\/?s={search_term_string}\"},\"query-input\":{\"@type\":\"PropertyValueSpecification\",\"valueRequired\":true,\"valueName\":\"search_term_string\"}}],\"inLanguage\":\"es\"}]}<\/script>\n<!-- \/ Yoast SEO plugin. -->","yoast_head_json":{"title":"Bancos de carga de alta potencia y alto voltaje, 3,3 MVA y superiores","description":"Bancos de carga de 3,3 MVA y superiores. Alta potencia, alto voltaje. 80 a\u00f1os de experiencia en resistencia. Calidad certificada. Hecho en Francia","robots":{"index":"index","follow":"follow","max-snippet":"max-snippet:-1","max-image-preview":"max-image-preview:large","max-video-preview":"max-video-preview:-1"},"canonical":"https:\/\/www.mdresistor.com\/es\/banco-de-carga-de-alta-potencia-y-alto-voltaje\/","og_locale":"es_ES","og_type":"article","og_title":"Bancos de carga de alta potencia y alto voltaje, 3,3 MVA y superiores","og_description":"Bancos de carga de 3,3 MVA y superiores. Alta potencia, alto voltaje. 80 a\u00f1os de experiencia en resistencia. Calidad certificada. Hecho en Francia","og_url":"https:\/\/www.mdresistor.com\/es\/banco-de-carga-de-alta-potencia-y-alto-voltaje\/","og_site_name":"MDResistor","article_modified_time":"2025-07-03T00:20:30+00:00","twitter_card":"summary_large_image","twitter_misc":{"Tiempo de lectura":"23 minutos"},"schema":{"@context":"https:\/\/schema.org","@graph":[{"@type":"WebPage","@id":"https:\/\/www.mdresistor.com\/es\/banco-de-carga-de-alta-potencia-y-alto-voltaje\/","url":"https:\/\/www.mdresistor.com\/es\/banco-de-carga-de-alta-potencia-y-alto-voltaje\/","name":"Bancos de carga de alta potencia y alto voltaje, 3,3 MVA y superiores","isPartOf":{"@id":"https:\/\/www.mdresistor.com\/es\/#website"},"datePublished":"2020-12-04T17:04:02+00:00","dateModified":"2025-07-03T00:20:30+00:00","description":"Bancos de carga de 3,3 MVA y superiores. Alta potencia, alto voltaje. 80 a\u00f1os de experiencia en resistencia. Calidad certificada. Hecho en Francia","inLanguage":"es","potentialAction":[{"@type":"ReadAction","target":["https:\/\/www.mdresistor.com\/es\/banco-de-carga-de-alta-potencia-y-alto-voltaje\/"]}]},{"@type":"WebSite","@id":"https:\/\/www.mdresistor.com\/es\/#website","url":"https:\/\/www.mdresistor.com\/es\/","name":"MDResistor","description":"","potentialAction":[{"@type":"SearchAction","target":{"@type":"EntryPoint","urlTemplate":"https:\/\/www.mdresistor.com\/es\/?s={search_term_string}"},"query-input":{"@type":"PropertyValueSpecification","valueRequired":true,"valueName":"search_term_string"}}],"inLanguage":"es"}]}},"_links":{"self":[{"href":"https:\/\/www.mdresistor.com\/es\/wp-json\/wp\/v2\/pages\/7314","targetHints":{"allow":["GET"]}}],"collection":[{"href":"https:\/\/www.mdresistor.com\/es\/wp-json\/wp\/v2\/pages"}],"about":[{"href":"https:\/\/www.mdresistor.com\/es\/wp-json\/wp\/v2\/types\/page"}],"author":[{"embeddable":true,"href":"https:\/\/www.mdresistor.com\/es\/wp-json\/wp\/v2\/users\/1"}],"replies":[{"embeddable":true,"href":"https:\/\/www.mdresistor.com\/es\/wp-json\/wp\/v2\/comments?post=7314"}],"version-history":[{"count":5,"href":"https:\/\/www.mdresistor.com\/es\/wp-json\/wp\/v2\/pages\/7314\/revisions"}],"predecessor-version":[{"id":11008,"href":"https:\/\/www.mdresistor.com\/es\/wp-json\/wp\/v2\/pages\/7314\/revisions\/11008"}],"wp:attachment":[{"href":"https:\/\/www.mdresistor.com\/es\/wp-json\/wp\/v2\/media?parent=7314"}],"curies":[{"name":"wp","href":"https:\/\/api.w.org\/{rel}","templated":true}]}}