{"id":7319,"date":"2020-12-04T18:04:02","date_gmt":"2020-12-04T17:04:02","guid":{"rendered":"https:\/\/www.mdresistor.com\/personalizaciones-banco-de-carga-color-tapa\/"},"modified":"2022-02-08T17:04:27","modified_gmt":"2022-02-08T16:04:27","slug":"personalizaciones-banco-de-carga-color-tapa","status":"publish","type":"page","link":"https:\/\/www.mdresistor.com\/es\/personalizaciones-banco-de-carga-color-tapa\/","title":{"rendered":"3.3.6 Otras personalizaciones del banco de carga: color, tapa protectora&#8230;"},"content":{"rendered":"<p><div class=\"fusion-fullwidth fullwidth-box fusion-builder-row-1 fusion-flex-container nonhundred-percent-fullwidth non-hundred-percent-height-scrolling\" style=\"--awb-border-radius-top-left:0px;--awb-border-radius-top-right:0px;--awb-border-radius-bottom-right:0px;--awb-border-radius-bottom-left:0px;--awb-flex-wrap:wrap;\" ><div class=\"fusion-builder-row fusion-row fusion-flex-align-items-center fusion-flex-justify-content-center fusion-flex-content-wrap\" style=\"max-width:1040px;margin-left: calc(-4% \/ 2 );margin-right: calc(-4% \/ 2 );\"><div class=\"fusion-layout-column fusion_builder_column fusion-builder-column-0 fusion_builder_column_1_1 1_1 fusion-flex-column\" style=\"--awb-bg-size:cover;--awb-width-large:100%;--awb-margin-top-large:0px;--awb-spacing-right-large:1.92%;--awb-margin-bottom-large:10px;--awb-spacing-left-large:1.92%;--awb-width-medium:100%;--awb-order-medium:0;--awb-spacing-right-medium:1.92%;--awb-spacing-left-medium:1.92%;--awb-width-small:100%;--awb-order-small:0;--awb-spacing-right-small:1.92%;--awb-spacing-left-small:1.92%;\"><div class=\"fusion-column-wrapper fusion-column-has-shadow fusion-flex-justify-content-flex-start fusion-content-layout-column\"><div class=\"fusion-text fusion-text-1\" style=\"--awb-content-alignment:center;\"><h1>Personalizaci\u00f3n del banco de carga seg\u00fan tus necesidades: color, funda protectora, etc.<\/h1>\n<\/div><div ><a class=\"fusion-button button-flat fusion-button-default-size button-default fusion-button-default button-1 fusion-button-default-span fusion-button-default-type\" style=\"--button_margin-top:5%;\" target=\"_self\" href=\"https:\/\/www.mdresistor.com\/es\/contactar\/\"><span class=\"fusion-button-text awb-button__text awb-button__text--default\">RECIBE UN PRESUPUESTO PERSONALIZADO EN 24H<\/span><\/a><\/div>\n<\/div><\/div><\/div><\/div><div class=\"fusion-fullwidth fullwidth-box fusion-builder-row-2 fusion-flex-container nonhundred-percent-fullwidth non-hundred-percent-height-scrolling\" style=\"--awb-border-radius-top-left:0px;--awb-border-radius-top-right:0px;--awb-border-radius-bottom-right:0px;--awb-border-radius-bottom-left:0px;--awb-flex-wrap:wrap;\" id=\"un\" ><div class=\"fusion-builder-row fusion-row fusion-flex-align-items-center fusion-flex-justify-content-center fusion-flex-content-wrap\" style=\"max-width:1040px;margin-left: calc(-4% \/ 2 );margin-right: calc(-4% \/ 2 );\"><div class=\"fusion-layout-column fusion_builder_column fusion-builder-column-1 fusion_builder_column_1_1 1_1 fusion-flex-column\" style=\"--awb-bg-size:cover;--awb-width-large:100%;--awb-margin-top-large:0px;--awb-spacing-right-large:1.92%;--awb-margin-bottom-large:10px;--awb-spacing-left-large:1.92%;--awb-width-medium:100%;--awb-order-medium:0;--awb-spacing-right-medium:1.92%;--awb-spacing-left-medium:1.92%;--awb-width-small:100%;--awb-order-small:0;--awb-spacing-right-small:1.92%;--awb-spacing-left-small:1.92%;\"><div class=\"fusion-column-wrapper fusion-column-has-shadow fusion-flex-justify-content-flex-start fusion-content-layout-column\"><div class=\"fusion-text fusion-text-2\" style=\"--awb-content-alignment:left;\"><p>METAL DEPLOYE RESISTOR es hoy el l\u00edder mundial en el mercado de bancos de carga a medida. Resistivos y\/o reactivos, para todas las potencias, para corriente continua y\/o alterna, nuestros equipos pueden satisfacer todas las demandas y adaptarse a todas las limitaciones t\u00e9cnicas o ambientales y seg\u00fan sus aplicaciones. <strong>Por lo tanto, nuestros bancos de carga est\u00e1n hechos a medida y son totalmente personalizables.<\/strong><\/p>\n<\/div><\/div><\/div><\/div><\/div><div class=\"fusion-fullwidth fullwidth-box fusion-builder-row-3 fusion-flex-container nonhundred-percent-fullwidth non-hundred-percent-height-scrolling container-gris\" style=\"--awb-border-radius-top-left:0px;--awb-border-radius-top-right:0px;--awb-border-radius-bottom-right:0px;--awb-border-radius-bottom-left:0px;--awb-flex-wrap:wrap;\" ><div class=\"fusion-builder-row fusion-row fusion-flex-align-items-center fusion-flex-justify-content-center fusion-flex-content-wrap\" style=\"max-width:1040px;margin-left: calc(-4% \/ 2 );margin-right: calc(-4% \/ 2 );\"><div class=\"fusion-layout-column fusion_builder_column fusion-builder-column-2 fusion_builder_column_1_1 1_1 fusion-flex-column\" style=\"--awb-bg-size:cover;--awb-width-large:100%;--awb-margin-top-large:0px;--awb-spacing-right-large:1.92%;--awb-margin-bottom-large:10px;--awb-spacing-left-large:1.92%;--awb-width-medium:100%;--awb-order-medium:0;--awb-spacing-right-medium:1.92%;--awb-spacing-left-medium:1.92%;--awb-width-small:100%;--awb-order-small:0;--awb-spacing-right-small:1.92%;--awb-spacing-left-small:1.92%;\"><div class=\"fusion-column-wrapper fusion-column-has-shadow fusion-flex-justify-content-flex-start fusion-content-layout-column\"><div class=\"fusion-text fusion-text-3\" style=\"--awb-content-alignment:center;\"><h2>\u00bfCu\u00e1les son las opciones de personalizaci\u00f3n de los bancos de carga METAL DEPLOYE RESISTOR?<\/h2>\n<\/div><div class=\"fusion-text fusion-text-4\" style=\"--awb-content-alignment:left;\"><h3>Protecciones de almacenamiento y transporte totalmente personalizables<\/h3>\n<p>Nuestros <a href=\"https:\/\/www.mdresistor.com\/es\/banco-de-carga-automatico\/\">bancos de carga port\u00e1tiles<\/a> se pueden suministrar con diferentes equipos para protegerlos o facilitar el movimiento:<\/p>\n<ul>\n<li><strong>Maleta<\/strong><\/li>\n<li><strong>Lona alquitranada<\/strong><\/li>\n<li><strong>Cubrir<\/strong><\/li>\n<\/ul>\n<h3>caja de almacenamiento de cables<\/h3>\n<p>Para nuestra gama de bancos de carga m\u00f3viles, METAL DEPLOYE RESISTOR ofrece una caja de almacenamiento de cable opcional. Se trata de una peque\u00f1a estructura met\u00e1lica que se a\u00f1ade directamente a tu equipo y te permite guardar tus cables dej\u00e1ndolos enchufados.<br \/>\nH3 Un banco de carga con tus colores H3<br \/>\nLa gama de bancos de carga METAL DEPLOYE RESISTOR es totalmente \u00abpersonalizable\u00bb a sus colores, por ejemplo, respetando el color RAL preciso.<\/p>\n<p>Tambi\u00e9n es posible cualquier tipo de personalizaci\u00f3n bajo pedido y como opci\u00f3n.<\/p>\n<\/div><\/div><\/div><\/div><\/div><div class=\"fusion-fullwidth fullwidth-box fusion-builder-row-4 fusion-flex-container nonhundred-percent-fullwidth non-hundred-percent-height-scrolling container-blanc\" style=\"--awb-border-radius-top-left:0px;--awb-border-radius-top-right:0px;--awb-border-radius-bottom-right:0px;--awb-border-radius-bottom-left:0px;--awb-flex-wrap:wrap;\" ><div class=\"fusion-builder-row fusion-row fusion-flex-align-items-center fusion-flex-justify-content-center fusion-flex-content-wrap\" style=\"max-width:1040px;margin-left: calc(-4% \/ 2 );margin-right: calc(-4% \/ 2 );\"><div class=\"fusion-layout-column fusion_builder_column fusion-builder-column-3 fusion_builder_column_1_1 1_1 fusion-flex-column\" style=\"--awb-bg-size:cover;--awb-width-large:100%;--awb-margin-top-large:0px;--awb-spacing-right-large:1.92%;--awb-margin-bottom-large:10px;--awb-spacing-left-large:1.92%;--awb-width-medium:100%;--awb-order-medium:0;--awb-spacing-right-medium:1.92%;--awb-spacing-left-medium:1.92%;--awb-width-small:100%;--awb-order-small:0;--awb-spacing-right-small:1.92%;--awb-spacing-left-small:1.92%;\"><div class=\"fusion-column-wrapper fusion-column-has-shadow fusion-flex-justify-content-flex-start fusion-content-layout-column\"><div class=\"fusion-text fusion-text-5\" style=\"--awb-content-alignment:center;\"><h2>\u00bfCu\u00e1les son las otras opciones (movilidad, manejo, control) de los bancos de carga METAL DEPLOYE RESISTOR?<\/h2>\n<\/div><div class=\"fusion-text fusion-text-6\" style=\"--awb-content-alignment:left;\"><h4>Portador de generador tipo remolque de carretera para <a href=\"https:\/\/www.mdresistor.com\/banc-de-charge-portable-2\/\">banco de carga m\u00f3vil<\/a><\/h4>\n<h4>Sistema de manipulaci\u00f3n y movimiento para <a href=\"https:\/\/www.mdresistor.com\/es\/banco-de-carga-automatico\/\">un banco de carga port\u00e1til<\/a><\/h4>\n<h4>Sistema de control remoto y control remoto con pantalla t\u00e1ctil: modos \u00abBASIC\u00bb o \u00abPREMIUM\u00bb para un banco de carga programable [lien load management system]<\/h4>\n<p>METAL DEPLOYE RESISTOR, est\u00e1 a su disposici\u00f3n para definir los par\u00e1metros espec\u00edficos relacionados con sus necesidades.<\/p>\n<\/div><\/div><\/div><\/div><\/div><\/p>\n","protected":false},"excerpt":{"rendered":"","protected":false},"author":1,"featured_media":0,"parent":0,"menu_order":0,"comment_status":"closed","ping_status":"closed","template":"100-width.php","meta":{"footnotes":""},"class_list":["post-7319","page","type-page","status-publish","hentry"],"yoast_head":"<!-- This site is optimized with the Yoast SEO plugin v27.4 - https:\/\/yoast.com\/product\/yoast-seo-wordpress\/ -->\n<title>Personalizaci\u00f3n del banco de carga: color, tapa...<\/title>\n<meta name=\"description\" content=\"Personalizaci\u00f3n del banco de carga: funda protectora, lona, caja de almacenamiento (cable), color... 80 a\u00f1os de experiencia. Hecho en Francia\" \/>\n<meta name=\"robots\" content=\"index, follow, max-snippet:-1, max-image-preview:large, max-video-preview:-1\" \/>\n<link rel=\"canonical\" href=\"https:\/\/www.mdresistor.com\/es\/personalizaciones-banco-de-carga-color-tapa\/\" \/>\n<meta property=\"og:locale\" content=\"es_ES\" \/>\n<meta property=\"og:type\" content=\"article\" \/>\n<meta property=\"og:title\" content=\"Personalizaci\u00f3n del banco de carga: color, tapa...\" \/>\n<meta property=\"og:description\" content=\"Personalizaci\u00f3n del banco de carga: funda protectora, lona, caja de almacenamiento (cable), color... 80 a\u00f1os de experiencia. Hecho en Francia\" \/>\n<meta property=\"og:url\" content=\"https:\/\/www.mdresistor.com\/es\/personalizaciones-banco-de-carga-color-tapa\/\" \/>\n<meta property=\"og:site_name\" content=\"MDResistor\" \/>\n<meta property=\"article:modified_time\" content=\"2022-02-08T16:04:27+00:00\" \/>\n<meta name=\"twitter:card\" content=\"summary_large_image\" \/>\n<meta name=\"twitter:label1\" content=\"Tiempo de lectura\" \/>\n\t<meta name=\"twitter:data1\" content=\"13 minutos\" \/>\n<script type=\"application\/ld+json\" class=\"yoast-schema-graph\">{\"@context\":\"https:\\\/\\\/schema.org\",\"@graph\":[{\"@type\":\"WebPage\",\"@id\":\"https:\\\/\\\/www.mdresistor.com\\\/es\\\/personalizaciones-banco-de-carga-color-tapa\\\/\",\"url\":\"https:\\\/\\\/www.mdresistor.com\\\/es\\\/personalizaciones-banco-de-carga-color-tapa\\\/\",\"name\":\"Personalizaci\u00f3n del banco de carga: color, tapa...\",\"isPartOf\":{\"@id\":\"https:\\\/\\\/www.mdresistor.com\\\/es\\\/#website\"},\"datePublished\":\"2020-12-04T17:04:02+00:00\",\"dateModified\":\"2022-02-08T16:04:27+00:00\",\"description\":\"Personalizaci\u00f3n del banco de carga: funda protectora, lona, caja de almacenamiento (cable), color... 80 a\u00f1os de experiencia. Hecho en Francia\",\"inLanguage\":\"es\",\"potentialAction\":[{\"@type\":\"ReadAction\",\"target\":[\"https:\\\/\\\/www.mdresistor.com\\\/es\\\/personalizaciones-banco-de-carga-color-tapa\\\/\"]}]},{\"@type\":\"WebSite\",\"@id\":\"https:\\\/\\\/www.mdresistor.com\\\/es\\\/#website\",\"url\":\"https:\\\/\\\/www.mdresistor.com\\\/es\\\/\",\"name\":\"MDResistor\",\"description\":\"\",\"potentialAction\":[{\"@type\":\"SearchAction\",\"target\":{\"@type\":\"EntryPoint\",\"urlTemplate\":\"https:\\\/\\\/www.mdresistor.com\\\/es\\\/?s={search_term_string}\"},\"query-input\":{\"@type\":\"PropertyValueSpecification\",\"valueRequired\":true,\"valueName\":\"search_term_string\"}}],\"inLanguage\":\"es\"}]}<\/script>\n<!-- \/ Yoast SEO plugin. -->","yoast_head_json":{"title":"Personalizaci\u00f3n del banco de carga: color, tapa...","description":"Personalizaci\u00f3n del banco de carga: funda protectora, lona, caja de almacenamiento (cable), color... 80 a\u00f1os de experiencia. Hecho en Francia","robots":{"index":"index","follow":"follow","max-snippet":"max-snippet:-1","max-image-preview":"max-image-preview:large","max-video-preview":"max-video-preview:-1"},"canonical":"https:\/\/www.mdresistor.com\/es\/personalizaciones-banco-de-carga-color-tapa\/","og_locale":"es_ES","og_type":"article","og_title":"Personalizaci\u00f3n del banco de carga: color, tapa...","og_description":"Personalizaci\u00f3n del banco de carga: funda protectora, lona, caja de almacenamiento (cable), color... 80 a\u00f1os de experiencia. Hecho en Francia","og_url":"https:\/\/www.mdresistor.com\/es\/personalizaciones-banco-de-carga-color-tapa\/","og_site_name":"MDResistor","article_modified_time":"2022-02-08T16:04:27+00:00","twitter_card":"summary_large_image","twitter_misc":{"Tiempo de lectura":"13 minutos"},"schema":{"@context":"https:\/\/schema.org","@graph":[{"@type":"WebPage","@id":"https:\/\/www.mdresistor.com\/es\/personalizaciones-banco-de-carga-color-tapa\/","url":"https:\/\/www.mdresistor.com\/es\/personalizaciones-banco-de-carga-color-tapa\/","name":"Personalizaci\u00f3n del banco de carga: color, tapa...","isPartOf":{"@id":"https:\/\/www.mdresistor.com\/es\/#website"},"datePublished":"2020-12-04T17:04:02+00:00","dateModified":"2022-02-08T16:04:27+00:00","description":"Personalizaci\u00f3n del banco de carga: funda protectora, lona, caja de almacenamiento (cable), color... 80 a\u00f1os de experiencia. Hecho en Francia","inLanguage":"es","potentialAction":[{"@type":"ReadAction","target":["https:\/\/www.mdresistor.com\/es\/personalizaciones-banco-de-carga-color-tapa\/"]}]},{"@type":"WebSite","@id":"https:\/\/www.mdresistor.com\/es\/#website","url":"https:\/\/www.mdresistor.com\/es\/","name":"MDResistor","description":"","potentialAction":[{"@type":"SearchAction","target":{"@type":"EntryPoint","urlTemplate":"https:\/\/www.mdresistor.com\/es\/?s={search_term_string}"},"query-input":{"@type":"PropertyValueSpecification","valueRequired":true,"valueName":"search_term_string"}}],"inLanguage":"es"}]}},"_links":{"self":[{"href":"https:\/\/www.mdresistor.com\/es\/wp-json\/wp\/v2\/pages\/7319","targetHints":{"allow":["GET"]}}],"collection":[{"href":"https:\/\/www.mdresistor.com\/es\/wp-json\/wp\/v2\/pages"}],"about":[{"href":"https:\/\/www.mdresistor.com\/es\/wp-json\/wp\/v2\/types\/page"}],"author":[{"embeddable":true,"href":"https:\/\/www.mdresistor.com\/es\/wp-json\/wp\/v2\/users\/1"}],"replies":[{"embeddable":true,"href":"https:\/\/www.mdresistor.com\/es\/wp-json\/wp\/v2\/comments?post=7319"}],"version-history":[{"count":2,"href":"https:\/\/www.mdresistor.com\/es\/wp-json\/wp\/v2\/pages\/7319\/revisions"}],"predecessor-version":[{"id":7326,"href":"https:\/\/www.mdresistor.com\/es\/wp-json\/wp\/v2\/pages\/7319\/revisions\/7326"}],"wp:attachment":[{"href":"https:\/\/www.mdresistor.com\/es\/wp-json\/wp\/v2\/media?parent=7319"}],"curies":[{"name":"wp","href":"https:\/\/api.w.org\/{rel}","templated":true}]}}