{"id":7335,"date":"2020-12-04T18:04:02","date_gmt":"2020-12-04T17:04:02","guid":{"rendered":"https:\/\/www.mdresistor.com\/banco-de-carga-automatico\/"},"modified":"2022-02-08T17:04:29","modified_gmt":"2022-02-08T16:04:29","slug":"banco-de-carga-automatico","status":"publish","type":"page","link":"https:\/\/www.mdresistor.com\/es\/banco-de-carga-automatico\/","title":{"rendered":"3.3.1.1 Banco de carga autom\u00e1tico"},"content":{"rendered":"<p><div class=\"fusion-fullwidth fullwidth-box fusion-builder-row-1 fusion-flex-container nonhundred-percent-fullwidth non-hundred-percent-height-scrolling\" style=\"--awb-border-radius-top-left:0px;--awb-border-radius-top-right:0px;--awb-border-radius-bottom-right:0px;--awb-border-radius-bottom-left:0px;--awb-flex-wrap:wrap;\" ><div class=\"fusion-builder-row fusion-row fusion-flex-align-items-center fusion-flex-justify-content-center fusion-flex-content-wrap\" style=\"max-width:1040px;margin-left: calc(-4% \/ 2 );margin-right: calc(-4% \/ 2 );\"><div class=\"fusion-layout-column fusion_builder_column fusion-builder-column-0 fusion_builder_column_1_2 1_2 fusion-flex-column\" style=\"--awb-bg-size:cover;--awb-width-large:50%;--awb-margin-top-large:0px;--awb-spacing-right-large:3.84%;--awb-margin-bottom-large:10px;--awb-spacing-left-large:3.84%;--awb-width-medium:100%;--awb-order-medium:0;--awb-spacing-right-medium:1.92%;--awb-spacing-left-medium:1.92%;--awb-width-small:100%;--awb-order-small:0;--awb-spacing-right-small:1.92%;--awb-spacing-left-small:1.92%;\"><div class=\"fusion-column-wrapper fusion-column-has-shadow fusion-flex-justify-content-flex-start fusion-content-layout-column\"><div class=\"fusion-text fusion-text-1\"><h1>Banco de carga: ciclos de carga en funcionamiento autom\u00e1tico<\/h1>\n<\/div><div ><a class=\"fusion-button button-flat fusion-button-default-size button-default fusion-button-default button-1 fusion-button-default-span fusion-button-default-type\" target=\"_self\" href=\"https:\/\/www.mdresistor.com\/es\/contactar\/\"><span class=\"fusion-button-text awb-button__text awb-button__text--default\">Solicite una cotizaci\u00f3n<\/span><\/a><\/div>\n<\/div><\/div><div class=\"fusion-layout-column fusion_builder_column fusion-builder-column-1 fusion_builder_column_1_2 1_2 fusion-flex-column\" style=\"--awb-bg-size:cover;--awb-width-large:50%;--awb-margin-top-large:0px;--awb-spacing-right-large:3.84%;--awb-margin-bottom-large:10px;--awb-spacing-left-large:3.84%;--awb-width-medium:100%;--awb-order-medium:0;--awb-spacing-right-medium:1.92%;--awb-spacing-left-medium:1.92%;--awb-width-small:100%;--awb-order-small:0;--awb-spacing-right-small:1.92%;--awb-spacing-left-small:1.92%;\"><div class=\"fusion-column-wrapper fusion-column-has-shadow fusion-flex-justify-content-flex-start fusion-content-layout-column\"><div class=\"fusion-image-element \" style=\"text-align:center;--awb-caption-title-font-family:var(--h2_typography-font-family);--awb-caption-title-font-weight:var(--h2_typography-font-weight);--awb-caption-title-font-style:var(--h2_typography-font-style);--awb-caption-title-size:var(--h2_typography-font-size);--awb-caption-title-transform:var(--h2_typography-text-transform);--awb-caption-title-line-height:var(--h2_typography-line-height);--awb-caption-title-letter-spacing:var(--h2_typography-letter-spacing);\"><span class=\" fusion-imageframe imageframe-none imageframe-1 hover-type-none\"><img decoding=\"async\" width=\"800\" height=\"482\" alt=\"Ciclo de edici\u00f3n\" title=\"Cycle_Editeur-min\" src=\"https:\/\/www.mdresistor.com\/wp-content\/uploads\/2020\/12\/Cycle_Editeur-min.png\" class=\"img-responsive wp-image-7047\" srcset=\"https:\/\/www.mdresistor.com\/wp-content\/uploads\/2020\/12\/Cycle_Editeur-min-200x121.png 200w, https:\/\/www.mdresistor.com\/wp-content\/uploads\/2020\/12\/Cycle_Editeur-min-400x241.png 400w, https:\/\/www.mdresistor.com\/wp-content\/uploads\/2020\/12\/Cycle_Editeur-min-600x362.png 600w, https:\/\/www.mdresistor.com\/wp-content\/uploads\/2020\/12\/Cycle_Editeur-min.png 800w\" sizes=\"(max-width: 1024px) 100vw, (max-width: 640px) 100vw, 600px\" \/><\/span><\/div><\/div><\/div><\/div><\/div><div class=\"fusion-fullwidth fullwidth-box fusion-builder-row-2 fusion-flex-container nonhundred-percent-fullwidth non-hundred-percent-height-scrolling\" style=\"--awb-border-radius-top-left:0px;--awb-border-radius-top-right:0px;--awb-border-radius-bottom-right:0px;--awb-border-radius-bottom-left:0px;--awb-flex-wrap:wrap;\" id=\"un\" ><div class=\"fusion-builder-row fusion-row fusion-flex-align-items-center fusion-flex-justify-content-center fusion-flex-content-wrap\" style=\"max-width:1040px;margin-left: calc(-4% \/ 2 );margin-right: calc(-4% \/ 2 );\"><div class=\"fusion-layout-column fusion_builder_column fusion-builder-column-2 fusion_builder_column_1_1 1_1 fusion-flex-column\" style=\"--awb-bg-size:cover;--awb-width-large:100%;--awb-margin-top-large:0px;--awb-spacing-right-large:1.92%;--awb-margin-bottom-large:10px;--awb-spacing-left-large:1.92%;--awb-width-medium:100%;--awb-order-medium:0;--awb-spacing-right-medium:1.92%;--awb-spacing-left-medium:1.92%;--awb-width-small:100%;--awb-order-small:0;--awb-spacing-right-small:1.92%;--awb-spacing-left-small:1.92%;\"><div class=\"fusion-column-wrapper fusion-column-has-shadow fusion-flex-justify-content-flex-start fusion-content-layout-column\"><div class=\"fusion-text fusion-text-2\" style=\"--awb-content-alignment:left;\"><p>Los bancos de carga METAL DEPLOYE RESISTOR se pueden <a href=\"https:\/\/www.mdresistor.com\/es\/supervision-y-direccion\/\">pedir de 3 formas diferentes<\/a><\/p>\n<ul>\n<li><strong>Manualmente<\/strong> por un operador<\/li>\n<li><strong>Autom\u00e1ticamente<\/strong> : lastrado-desequilibrado<\/li>\n<li><strong>Ciclo de encendido preprogramado<\/strong> : una caracter\u00edstica del <a href=\"https:\/\/www.mdresistor.com\/es\/supervision-y-direccion\/\">modo de control remoto \u00abPREMIUM\u00bb<\/a> .<\/li>\n<\/ul>\n<\/div><\/div><\/div><\/div><\/div><div class=\"fusion-fullwidth fullwidth-box fusion-builder-row-3 fusion-flex-container nonhundred-percent-fullwidth non-hundred-percent-height-scrolling container-gris\" style=\"--awb-border-radius-top-left:0px;--awb-border-radius-top-right:0px;--awb-border-radius-bottom-right:0px;--awb-border-radius-bottom-left:0px;--awb-flex-wrap:wrap;\" ><div class=\"fusion-builder-row fusion-row fusion-flex-align-items-center fusion-flex-justify-content-center fusion-flex-content-wrap\" style=\"max-width:1040px;margin-left: calc(-4% \/ 2 );margin-right: calc(-4% \/ 2 );\"><div class=\"fusion-layout-column fusion_builder_column fusion-builder-column-3 fusion_builder_column_1_1 1_1 fusion-flex-column\" style=\"--awb-bg-size:cover;--awb-width-large:100%;--awb-margin-top-large:0px;--awb-spacing-right-large:1.92%;--awb-margin-bottom-large:10px;--awb-spacing-left-large:1.92%;--awb-width-medium:100%;--awb-order-medium:0;--awb-spacing-right-medium:1.92%;--awb-spacing-left-medium:1.92%;--awb-width-small:100%;--awb-order-small:0;--awb-spacing-right-small:1.92%;--awb-spacing-left-small:1.92%;\"><div class=\"fusion-column-wrapper fusion-column-has-shadow fusion-flex-justify-content-flex-start fusion-content-layout-column\"><div class=\"fusion-text fusion-text-3\" style=\"--awb-content-alignment:center;\"><h2>El ciclo de prueba preprogramado permite ejecutar ciclos autom\u00e1ticamente<\/h2>\n<\/div><div class=\"fusion-text fusion-text-4\" style=\"--awb-content-alignment:left;\"><p>Cada paso corresponde a una consigna de potencia ya una duraci\u00f3n de la aplicaci\u00f3n. Una vez configurado, el ciclo permanece en la memoria. El n\u00famero de ciclos en la memoria est\u00e1 limitado a 20.<\/p>\n<\/div><\/div><\/div><div class=\"fusion-layout-column fusion_builder_column fusion-builder-column-4 fusion_builder_column_1_2 1_2 fusion-flex-column\" style=\"--awb-bg-size:cover;--awb-width-large:50%;--awb-margin-top-large:0px;--awb-spacing-right-large:3.84%;--awb-margin-bottom-large:10px;--awb-spacing-left-large:3.84%;--awb-width-medium:100%;--awb-order-medium:0;--awb-spacing-right-medium:1.92%;--awb-spacing-left-medium:1.92%;--awb-width-small:100%;--awb-order-small:0;--awb-spacing-right-small:1.92%;--awb-spacing-left-small:1.92%;\"><div class=\"fusion-column-wrapper fusion-column-has-shadow fusion-flex-justify-content-flex-start fusion-content-layout-column\"><div class=\"fusion-image-element \" style=\"text-align:center;--awb-caption-title-font-family:var(--h2_typography-font-family);--awb-caption-title-font-weight:var(--h2_typography-font-weight);--awb-caption-title-font-style:var(--h2_typography-font-style);--awb-caption-title-size:var(--h2_typography-font-size);--awb-caption-title-transform:var(--h2_typography-text-transform);--awb-caption-title-line-height:var(--h2_typography-line-height);--awb-caption-title-letter-spacing:var(--h2_typography-letter-spacing);\"><span class=\" fusion-imageframe imageframe-none imageframe-2 hover-type-none\"><img decoding=\"async\" width=\"400\" height=\"267\" alt=\"Control de un banco de carga de contenedores\" title=\"Pilotage d\u2019un banc de charge &#8211; conteneur-min\" src=\"https:\/\/www.mdresistor.com\/wp-content\/uploads\/2020\/12\/Pilotage-dun-banc-de-charge-conteneur-min-400x267.jpg\" class=\"img-responsive wp-image-7095\" srcset=\"https:\/\/www.mdresistor.com\/wp-content\/uploads\/2020\/12\/Pilotage-dun-banc-de-charge-conteneur-min-200x133.jpg 200w, https:\/\/www.mdresistor.com\/wp-content\/uploads\/2020\/12\/Pilotage-dun-banc-de-charge-conteneur-min-400x267.jpg 400w, https:\/\/www.mdresistor.com\/wp-content\/uploads\/2020\/12\/Pilotage-dun-banc-de-charge-conteneur-min-600x400.jpg 600w, https:\/\/www.mdresistor.com\/wp-content\/uploads\/2020\/12\/Pilotage-dun-banc-de-charge-conteneur-min.jpg 800w\" sizes=\"(max-width: 1024px) 100vw, (max-width: 640px) 100vw, 600px\" \/><\/span><\/div><\/div><\/div><div class=\"fusion-layout-column fusion_builder_column fusion-builder-column-5 fusion_builder_column_1_2 1_2 fusion-flex-column\" style=\"--awb-bg-size:cover;--awb-width-large:50%;--awb-margin-top-large:0px;--awb-spacing-right-large:3.84%;--awb-margin-bottom-large:10px;--awb-spacing-left-large:3.84%;--awb-width-medium:100%;--awb-order-medium:0;--awb-spacing-right-medium:1.92%;--awb-spacing-left-medium:1.92%;--awb-width-small:100%;--awb-order-small:0;--awb-spacing-right-small:1.92%;--awb-spacing-left-small:1.92%;\"><div class=\"fusion-column-wrapper fusion-column-has-shadow fusion-flex-justify-content-flex-start fusion-content-layout-column\"><div class=\"fusion-text fusion-text-5\" style=\"--awb-content-alignment:left;\"><h3>Desde la pantalla t\u00e1ctil, varias acciones posibles<\/h3>\n<ul class=\"margin-top-10\">\n<li>crear un ciclo<\/li>\n<li>Modificar un ciclo<\/li>\n<li>Duplicar un ciclo<\/li>\n<li>ejecutar un ciclo<\/li>\n<li>Pausar un ciclo en curso<\/li>\n<li>Detener el ciclo actual<\/li>\n<\/ul>\n<\/div><\/div><\/div><div class=\"fusion-layout-column fusion_builder_column fusion-builder-column-6 fusion_builder_column_1_1 1_1 fusion-flex-column\" style=\"--awb-bg-size:cover;--awb-width-large:100%;--awb-margin-top-large:0px;--awb-spacing-right-large:1.92%;--awb-margin-bottom-large:10px;--awb-spacing-left-large:1.92%;--awb-width-medium:100%;--awb-order-medium:0;--awb-spacing-right-medium:1.92%;--awb-spacing-left-medium:1.92%;--awb-width-small:100%;--awb-order-small:0;--awb-spacing-right-small:1.92%;--awb-spacing-left-small:1.92%;\"><div class=\"fusion-column-wrapper fusion-column-has-shadow fusion-flex-justify-content-flex-start fusion-content-layout-column\"><div class=\"fusion-text fusion-text-6\" style=\"--awb-content-alignment:left;\"><h3>La p\u00e1gina de Medici\u00f3n le permite ver los par\u00e1metros de la red<\/h3>\n<ul class=\"margin-top-10\">\n<li>Las 3 tensiones fase a fase<\/li>\n<li>Las 3 corrientes de l\u00ednea<\/li>\n<li>poder activo<\/li>\n<li>La frecuencia<\/li>\n<\/ul>\n<p>Hay dos tipos de pantallas disponibles:<\/p>\n<ul>\n<li>Display digital para visualizar valores instant\u00e1neos<\/li>\n<li>Display tipo curva para visualizar la evoluci\u00f3n de los valores<\/li>\n<\/ul>\n<h3>Exportar datos grabados<\/h3>\n<p>Desde la pantalla digital de los par\u00e1metros de red, el operador puede exportar los datos registrados en un dispositivo de almacenamiento externo conectado al puerto USB en el frente.<br \/>\nLa capacidad de grabaci\u00f3n es de 10.000 entradas (l\u00edneas) con una frecuencia de muestreo de un segundo, que puede almacenar aproximadamente 2,7 horas de datos.<\/p>\n<p>METAL DEPLOYE RESISTOR, est\u00e1 a su disposici\u00f3n para definir las opciones \u00fatiles ( <a href=\"https:\/\/www.mdresistor.com\/es\/banco-de-carga-sobre-remolque\/\">remolque<\/a> o incluso <a href=\"https:\/\/www.mdresistor.com\/es\/personalizaciones-banco-de-carga-color-tapa\/\">colores personalizados, protecci\u00f3n del banco de carga, etc.<\/a> ) a sus necesidades de uso y operaci\u00f3n.<\/p>\n<\/div><\/div><\/div><\/div><\/div><\/p>\n","protected":false},"excerpt":{"rendered":"","protected":false},"author":1,"featured_media":0,"parent":0,"menu_order":0,"comment_status":"closed","ping_status":"closed","template":"100-width.php","meta":{"footnotes":""},"class_list":["post-7335","page","type-page","status-publish","hentry"],"yoast_head":"<!-- This site is optimized with the Yoast SEO plugin v27.6 - https:\/\/yoast.com\/product\/yoast-seo-wordpress\/ -->\n<title>Banco de carga: ciclos de carga<\/title>\n<meta name=\"description\" content=\"Banco de carga: carga\/ciclo de prueba preprogramado. Operaci\u00f3n autom\u00e1tica. Exportaci\u00f3n de datos. 80 a\u00f1os de experiencia. Hecho en Francia\" \/>\n<meta name=\"robots\" content=\"index, follow, max-snippet:-1, max-image-preview:large, max-video-preview:-1\" \/>\n<link rel=\"canonical\" href=\"https:\/\/www.mdresistor.com\/es\/banco-de-carga-automatico\/\" \/>\n<meta property=\"og:locale\" content=\"es_ES\" \/>\n<meta property=\"og:type\" content=\"article\" \/>\n<meta property=\"og:title\" content=\"Banco de carga: ciclos de carga\" \/>\n<meta property=\"og:description\" content=\"Banco de carga: carga\/ciclo de prueba preprogramado. Operaci\u00f3n autom\u00e1tica. Exportaci\u00f3n de datos. 80 a\u00f1os de experiencia. Hecho en Francia\" \/>\n<meta property=\"og:url\" content=\"https:\/\/www.mdresistor.com\/es\/banco-de-carga-automatico\/\" \/>\n<meta property=\"og:site_name\" content=\"MDResistor\" \/>\n<meta property=\"article:modified_time\" content=\"2022-02-08T16:04:29+00:00\" \/>\n<meta name=\"twitter:card\" content=\"summary_large_image\" \/>\n<meta name=\"twitter:label1\" content=\"Tiempo de lectura\" \/>\n\t<meta name=\"twitter:data1\" content=\"16 minutos\" \/>\n<script type=\"application\/ld+json\" class=\"yoast-schema-graph\">{\"@context\":\"https:\\\/\\\/schema.org\",\"@graph\":[{\"@type\":\"WebPage\",\"@id\":\"https:\\\/\\\/www.mdresistor.com\\\/es\\\/banco-de-carga-automatico\\\/\",\"url\":\"https:\\\/\\\/www.mdresistor.com\\\/es\\\/banco-de-carga-automatico\\\/\",\"name\":\"Banco de carga: ciclos de carga\",\"isPartOf\":{\"@id\":\"https:\\\/\\\/www.mdresistor.com\\\/es\\\/#website\"},\"datePublished\":\"2020-12-04T17:04:02+00:00\",\"dateModified\":\"2022-02-08T16:04:29+00:00\",\"description\":\"Banco de carga: carga\\\/ciclo de prueba preprogramado. Operaci\u00f3n autom\u00e1tica. Exportaci\u00f3n de datos. 80 a\u00f1os de experiencia. Hecho en Francia\",\"inLanguage\":\"es\",\"potentialAction\":[{\"@type\":\"ReadAction\",\"target\":[\"https:\\\/\\\/www.mdresistor.com\\\/es\\\/banco-de-carga-automatico\\\/\"]}]},{\"@type\":\"WebSite\",\"@id\":\"https:\\\/\\\/www.mdresistor.com\\\/es\\\/#website\",\"url\":\"https:\\\/\\\/www.mdresistor.com\\\/es\\\/\",\"name\":\"MDResistor\",\"description\":\"\",\"potentialAction\":[{\"@type\":\"SearchAction\",\"target\":{\"@type\":\"EntryPoint\",\"urlTemplate\":\"https:\\\/\\\/www.mdresistor.com\\\/es\\\/?s={search_term_string}\"},\"query-input\":{\"@type\":\"PropertyValueSpecification\",\"valueRequired\":true,\"valueName\":\"search_term_string\"}}],\"inLanguage\":\"es\"}]}<\/script>\n<!-- \/ Yoast SEO plugin. -->","yoast_head_json":{"title":"Banco de carga: ciclos de carga","description":"Banco de carga: carga\/ciclo de prueba preprogramado. Operaci\u00f3n autom\u00e1tica. Exportaci\u00f3n de datos. 80 a\u00f1os de experiencia. Hecho en Francia","robots":{"index":"index","follow":"follow","max-snippet":"max-snippet:-1","max-image-preview":"max-image-preview:large","max-video-preview":"max-video-preview:-1"},"canonical":"https:\/\/www.mdresistor.com\/es\/banco-de-carga-automatico\/","og_locale":"es_ES","og_type":"article","og_title":"Banco de carga: ciclos de carga","og_description":"Banco de carga: carga\/ciclo de prueba preprogramado. Operaci\u00f3n autom\u00e1tica. Exportaci\u00f3n de datos. 80 a\u00f1os de experiencia. Hecho en Francia","og_url":"https:\/\/www.mdresistor.com\/es\/banco-de-carga-automatico\/","og_site_name":"MDResistor","article_modified_time":"2022-02-08T16:04:29+00:00","twitter_card":"summary_large_image","twitter_misc":{"Tiempo de lectura":"16 minutos"},"schema":{"@context":"https:\/\/schema.org","@graph":[{"@type":"WebPage","@id":"https:\/\/www.mdresistor.com\/es\/banco-de-carga-automatico\/","url":"https:\/\/www.mdresistor.com\/es\/banco-de-carga-automatico\/","name":"Banco de carga: ciclos de carga","isPartOf":{"@id":"https:\/\/www.mdresistor.com\/es\/#website"},"datePublished":"2020-12-04T17:04:02+00:00","dateModified":"2022-02-08T16:04:29+00:00","description":"Banco de carga: carga\/ciclo de prueba preprogramado. Operaci\u00f3n autom\u00e1tica. Exportaci\u00f3n de datos. 80 a\u00f1os de experiencia. Hecho en Francia","inLanguage":"es","potentialAction":[{"@type":"ReadAction","target":["https:\/\/www.mdresistor.com\/es\/banco-de-carga-automatico\/"]}]},{"@type":"WebSite","@id":"https:\/\/www.mdresistor.com\/es\/#website","url":"https:\/\/www.mdresistor.com\/es\/","name":"MDResistor","description":"","potentialAction":[{"@type":"SearchAction","target":{"@type":"EntryPoint","urlTemplate":"https:\/\/www.mdresistor.com\/es\/?s={search_term_string}"},"query-input":{"@type":"PropertyValueSpecification","valueRequired":true,"valueName":"search_term_string"}}],"inLanguage":"es"}]}},"_links":{"self":[{"href":"https:\/\/www.mdresistor.com\/es\/wp-json\/wp\/v2\/pages\/7335","targetHints":{"allow":["GET"]}}],"collection":[{"href":"https:\/\/www.mdresistor.com\/es\/wp-json\/wp\/v2\/pages"}],"about":[{"href":"https:\/\/www.mdresistor.com\/es\/wp-json\/wp\/v2\/types\/page"}],"author":[{"embeddable":true,"href":"https:\/\/www.mdresistor.com\/es\/wp-json\/wp\/v2\/users\/1"}],"replies":[{"embeddable":true,"href":"https:\/\/www.mdresistor.com\/es\/wp-json\/wp\/v2\/comments?post=7335"}],"version-history":[{"count":2,"href":"https:\/\/www.mdresistor.com\/es\/wp-json\/wp\/v2\/pages\/7335\/revisions"}],"predecessor-version":[{"id":7341,"href":"https:\/\/www.mdresistor.com\/es\/wp-json\/wp\/v2\/pages\/7335\/revisions\/7341"}],"wp:attachment":[{"href":"https:\/\/www.mdresistor.com\/es\/wp-json\/wp\/v2\/media?parent=7335"}],"curies":[{"name":"wp","href":"https:\/\/api.w.org\/{rel}","templated":true}]}}