{"id":7336,"date":"2020-12-04T18:04:04","date_gmt":"2020-12-04T17:04:04","guid":{"rendered":"https:\/\/www.mdresistor.com\/resistencia-de-arranque\/"},"modified":"2022-02-08T17:04:29","modified_gmt":"2022-02-08T16:04:29","slug":"resistencia-de-arranque","status":"publish","type":"page","link":"https:\/\/www.mdresistor.com\/es\/resistencia-de-arranque\/","title":{"rendered":"4.2 Resistencia de arranque"},"content":{"rendered":"<p><div class=\"fusion-fullwidth fullwidth-box fusion-builder-row-1 fusion-flex-container nonhundred-percent-fullwidth non-hundred-percent-height-scrolling\" style=\"--awb-border-radius-top-left:0px;--awb-border-radius-top-right:0px;--awb-border-radius-bottom-right:0px;--awb-border-radius-bottom-left:0px;--awb-flex-wrap:wrap;\" ><div class=\"fusion-builder-row fusion-row fusion-flex-align-items-center fusion-flex-justify-content-center fusion-flex-content-wrap\" style=\"max-width:1040px;margin-left: calc(-4% \/ 2 );margin-right: calc(-4% \/ 2 );\"><div class=\"fusion-layout-column fusion_builder_column fusion-builder-column-0 fusion_builder_column_1_2 1_2 fusion-flex-column\" style=\"--awb-bg-size:cover;--awb-width-large:50%;--awb-margin-top-large:0px;--awb-spacing-right-large:3.84%;--awb-margin-bottom-large:10px;--awb-spacing-left-large:3.84%;--awb-width-medium:100%;--awb-order-medium:0;--awb-spacing-right-medium:1.92%;--awb-spacing-left-medium:1.92%;--awb-width-small:100%;--awb-order-small:0;--awb-spacing-right-small:1.92%;--awb-spacing-left-small:1.92%;\"><div class=\"fusion-column-wrapper fusion-column-has-shadow fusion-flex-justify-content-flex-start fusion-content-layout-column\"><div class=\"fusion-text fusion-text-1\"><h1>Resistencia de arranque para variadores de velocidad de 7,5 kW a 2 MW: arranque del estator y arranque del rotor<\/h1>\n<\/div><div ><a class=\"fusion-button button-flat fusion-button-default-size button-default fusion-button-default button-1 fusion-button-default-span fusion-button-default-type\" target=\"_self\" href=\"https:\/\/www.mdresistor.com\/es\/contactar\/\"><span class=\"fusion-button-text awb-button__text awb-button__text--default\">Solicite una cotizaci\u00f3n<\/span><\/a><\/div>\n<\/div><\/div><div class=\"fusion-layout-column fusion_builder_column fusion-builder-column-1 fusion_builder_column_1_2 1_2 fusion-flex-column\" style=\"--awb-bg-size:cover;--awb-width-large:50%;--awb-margin-top-large:0px;--awb-spacing-right-large:3.84%;--awb-margin-bottom-large:10px;--awb-spacing-left-large:3.84%;--awb-width-medium:100%;--awb-order-medium:0;--awb-spacing-right-medium:1.92%;--awb-spacing-left-medium:1.92%;--awb-width-small:100%;--awb-order-small:0;--awb-spacing-right-small:1.92%;--awb-spacing-left-small:1.92%;\"><div class=\"fusion-column-wrapper fusion-column-has-shadow fusion-flex-justify-content-flex-start fusion-content-layout-column\"><div class=\"fusion-image-element \" style=\"text-align:center;--awb-caption-title-font-family:var(--h2_typography-font-family);--awb-caption-title-font-weight:var(--h2_typography-font-weight);--awb-caption-title-font-style:var(--h2_typography-font-style);--awb-caption-title-size:var(--h2_typography-font-size);--awb-caption-title-transform:var(--h2_typography-text-transform);--awb-caption-title-line-height:var(--h2_typography-line-height);--awb-caption-title-letter-spacing:var(--h2_typography-letter-spacing);\"><span class=\" fusion-imageframe imageframe-none imageframe-1 hover-type-none\"><img decoding=\"async\" width=\"800\" height=\"514\" alt=\"Carrera profesional\" title=\"Carri\u00e8re-min\" src=\"https:\/\/www.mdresistor.com\/wp-content\/uploads\/2020\/12\/Carriere-min.jpg\" class=\"img-responsive wp-image-7004\" srcset=\"https:\/\/www.mdresistor.com\/wp-content\/uploads\/2020\/12\/Carriere-min-200x129.jpg 200w, https:\/\/www.mdresistor.com\/wp-content\/uploads\/2020\/12\/Carriere-min-400x257.jpg 400w, https:\/\/www.mdresistor.com\/wp-content\/uploads\/2020\/12\/Carriere-min-600x386.jpg 600w, https:\/\/www.mdresistor.com\/wp-content\/uploads\/2020\/12\/Carriere-min.jpg 800w\" sizes=\"(max-width: 1024px) 100vw, (max-width: 640px) 100vw, 600px\" \/><\/span><\/div><\/div><\/div><\/div><\/div><div class=\"fusion-fullwidth fullwidth-box fusion-builder-row-2 fusion-flex-container nonhundred-percent-fullwidth non-hundred-percent-height-scrolling\" style=\"--awb-border-radius-top-left:0px;--awb-border-radius-top-right:0px;--awb-border-radius-bottom-right:0px;--awb-border-radius-bottom-left:0px;--awb-flex-wrap:wrap;\" id=\"un\" ><div class=\"fusion-builder-row fusion-row fusion-flex-align-items-center fusion-flex-justify-content-center fusion-flex-content-wrap\" style=\"max-width:1040px;margin-left: calc(-4% \/ 2 );margin-right: calc(-4% \/ 2 );\"><div class=\"fusion-layout-column fusion_builder_column fusion-builder-column-2 fusion_builder_column_1_1 1_1 fusion-flex-column\" style=\"--awb-bg-size:cover;--awb-width-large:100%;--awb-margin-top-large:0px;--awb-spacing-right-large:1.92%;--awb-margin-bottom-large:10px;--awb-spacing-left-large:1.92%;--awb-width-medium:100%;--awb-order-medium:0;--awb-spacing-right-medium:1.92%;--awb-spacing-left-medium:1.92%;--awb-width-small:100%;--awb-order-small:0;--awb-spacing-right-small:1.92%;--awb-spacing-left-small:1.92%;\"><div class=\"fusion-column-wrapper fusion-column-has-shadow fusion-flex-justify-content-flex-start fusion-content-layout-column\"><div class=\"fusion-text fusion-text-2\" style=\"--awb-content-alignment:left;\"><p>Las resistencias de arranque para arrancar motores el\u00e9ctricos en equipos industriales se utilizan para:<\/p>\n<ul>\n<li>Limite la corriente de arranque del motor<\/li>\n<li>Mientras mantiene un par fuerte<\/li>\n<\/ul>\n<p>Se utilizan especialmente en las siguientes aplicaciones<\/p>\n<ul>\n<li><a href=\"https:\/\/www.mdresistor.com\/es\/industria\/\">industria pesada<\/a> ,<\/li>\n<li><a href=\"https:\/\/www.mdresistor.com\/es\/minas-canteras\/\">minas y canteras<\/a> ,<\/li>\n<li><a href=\"https:\/\/www.mdresistor.com\/es\/elevador-de-grua\/\">gr\u00faas viajeras, gr\u00faas<\/a> ,<\/li>\n<li>aserraderos, etc<\/li>\n<\/ul>\n<\/div><\/div><\/div><\/div><\/div><div class=\"fusion-fullwidth fullwidth-box fusion-builder-row-3 fusion-flex-container nonhundred-percent-fullwidth non-hundred-percent-height-scrolling container-gris\" style=\"--awb-border-radius-top-left:0px;--awb-border-radius-top-right:0px;--awb-border-radius-bottom-right:0px;--awb-border-radius-bottom-left:0px;--awb-flex-wrap:wrap;\" ><div class=\"fusion-builder-row fusion-row fusion-flex-align-items-center fusion-flex-justify-content-center fusion-flex-content-wrap\" style=\"max-width:1040px;margin-left: calc(-4% \/ 2 );margin-right: calc(-4% \/ 2 );\"><div class=\"fusion-layout-column fusion_builder_column fusion-builder-column-3 fusion_builder_column_1_1 1_1 fusion-flex-column\" style=\"--awb-bg-size:cover;--awb-width-large:100%;--awb-margin-top-large:0px;--awb-spacing-right-large:1.92%;--awb-margin-bottom-large:10px;--awb-spacing-left-large:1.92%;--awb-width-medium:100%;--awb-order-medium:0;--awb-spacing-right-medium:1.92%;--awb-spacing-left-medium:1.92%;--awb-width-small:100%;--awb-order-small:0;--awb-spacing-right-small:1.92%;--awb-spacing-left-small:1.92%;\"><div class=\"fusion-column-wrapper fusion-column-has-shadow fusion-flex-justify-content-flex-start fusion-content-layout-column\"><div class=\"fusion-text fusion-text-3\" style=\"--awb-content-alignment:center;\"><h2>Resistencias de arranque de rotor<\/h2>\n<\/div><\/div><\/div><div class=\"fusion-layout-column fusion_builder_column fusion-builder-column-4 fusion_builder_column_1_2 1_2 fusion-flex-column\" style=\"--awb-bg-size:cover;--awb-width-large:50%;--awb-margin-top-large:0px;--awb-spacing-right-large:3.84%;--awb-margin-bottom-large:10px;--awb-spacing-left-large:3.84%;--awb-width-medium:100%;--awb-order-medium:0;--awb-spacing-right-medium:1.92%;--awb-spacing-left-medium:1.92%;--awb-width-small:100%;--awb-order-small:0;--awb-spacing-right-small:1.92%;--awb-spacing-left-small:1.92%;\"><div class=\"fusion-column-wrapper fusion-column-has-shadow fusion-flex-justify-content-flex-start fusion-content-layout-column\"><div class=\"fusion-image-element \" style=\"text-align:center;--awb-caption-title-font-family:var(--h2_typography-font-family);--awb-caption-title-font-weight:var(--h2_typography-font-weight);--awb-caption-title-font-style:var(--h2_typography-font-style);--awb-caption-title-size:var(--h2_typography-font-size);--awb-caption-title-transform:var(--h2_typography-text-transform);--awb-caption-title-line-height:var(--h2_typography-line-height);--awb-caption-title-letter-spacing:var(--h2_typography-letter-spacing);\"><span class=\" fusion-imageframe imageframe-none imageframe-2 hover-type-none\"><img decoding=\"async\" width=\"800\" height=\"514\" alt=\"Resistencias de arranque de estator o rotor\" title=\"resistances de demarrage statorique ou rotorique-min\" src=\"https:\/\/www.mdresistor.com\/wp-content\/uploads\/2020\/12\/resistances-de-demarrage-statorique-ou-rotorique-min.jpg\" class=\"img-responsive wp-image-7005\" srcset=\"https:\/\/www.mdresistor.com\/wp-content\/uploads\/2020\/12\/resistances-de-demarrage-statorique-ou-rotorique-min-200x129.jpg 200w, https:\/\/www.mdresistor.com\/wp-content\/uploads\/2020\/12\/resistances-de-demarrage-statorique-ou-rotorique-min-400x257.jpg 400w, https:\/\/www.mdresistor.com\/wp-content\/uploads\/2020\/12\/resistances-de-demarrage-statorique-ou-rotorique-min-600x386.jpg 600w, https:\/\/www.mdresistor.com\/wp-content\/uploads\/2020\/12\/resistances-de-demarrage-statorique-ou-rotorique-min.jpg 800w\" sizes=\"(max-width: 1024px) 100vw, (max-width: 640px) 100vw, 600px\" \/><\/span><\/div><\/div><\/div><div class=\"fusion-layout-column fusion_builder_column fusion-builder-column-5 fusion_builder_column_1_2 1_2 fusion-flex-column\" style=\"--awb-bg-size:cover;--awb-width-large:50%;--awb-margin-top-large:0px;--awb-spacing-right-large:3.84%;--awb-margin-bottom-large:10px;--awb-spacing-left-large:3.84%;--awb-width-medium:100%;--awb-order-medium:0;--awb-spacing-right-medium:1.92%;--awb-spacing-left-medium:1.92%;--awb-width-small:100%;--awb-order-small:0;--awb-spacing-right-small:1.92%;--awb-spacing-left-small:1.92%;\"><div class=\"fusion-column-wrapper fusion-column-has-shadow fusion-flex-justify-content-flex-start fusion-content-layout-column\"><div class=\"fusion-text fusion-text-4\" style=\"--awb-content-alignment:left;\"><h3>Para un arranque suave y eficiente del motor de anillos colectores<\/h3>\n<p>Las resistencias de rotor se utilizan para motores de anillos deslizantes que proporcionan pares de arranque elevados. Estos motores ofrecen la posibilidad de:<\/p>\n<ul>\n<li>ajuste preciso<\/li>\n<li>buena linealidad de corriente\/par alrededor de la corriente nominal<\/li>\n<\/ul>\n<p>Las resistencias se utilizan para controlar el motor del anillo. El arranque del rotor con resistencias Metal Deploye Resistor se realiza, por lo tanto, en varias etapas, generalmente entre 3 y 5 etapas. Esto asegura <strong>un arranque suave y eficiente del motor<\/strong> .<\/p>\n<p>Sin resistencias de arranque del rotor, el motor de anillos deslizantes arrancar\u00e1 en condiciones desfavorables: par inicial muy bajo y corriente de arranque 7 veces mayor que la nominal. Nuestras resistencias dise\u00f1adas de acuerdo a sus necesidades permiten un arranque flexible y eficiente.<\/p>\n<\/div><\/div><\/div><div class=\"fusion-layout-column fusion_builder_column fusion-builder-column-6 fusion_builder_column_1_1 1_1 fusion-flex-column\" style=\"--awb-bg-size:cover;--awb-width-large:100%;--awb-margin-top-large:0px;--awb-spacing-right-large:1.92%;--awb-margin-bottom-large:10px;--awb-spacing-left-large:1.92%;--awb-width-medium:100%;--awb-order-medium:0;--awb-spacing-right-medium:1.92%;--awb-spacing-left-medium:1.92%;--awb-width-small:100%;--awb-order-small:0;--awb-spacing-right-small:1.92%;--awb-spacing-left-small:1.92%;\"><div class=\"fusion-column-wrapper fusion-column-has-shadow fusion-flex-justify-content-flex-start fusion-content-layout-column\"><div class=\"fusion-text fusion-text-5\" style=\"--awb-content-alignment:left;\"><h3>Caracter\u00edsticas y ventajas del arranque por rotor<\/h3>\n<h4>Apto para entornos y ciclos industriales muy severos<\/h4>\n<h4>Amplio rango de potencia o voltaje<\/h4>\n<h4>Altas tasas de arranque y frenado<\/h4>\n<p>Posibilidad de sustituci\u00f3n de un dispositivo marca FILREX, TOLREX La Thermostatica, SEIEM, GEC France, La M\u00e9cano Fran\u00e7aise<\/p>\n<\/div><\/div><\/div><\/div><\/div><div class=\"fusion-fullwidth fullwidth-box fusion-builder-row-4 fusion-flex-container nonhundred-percent-fullwidth non-hundred-percent-height-scrolling container-blanc\" style=\"--awb-border-radius-top-left:0px;--awb-border-radius-top-right:0px;--awb-border-radius-bottom-right:0px;--awb-border-radius-bottom-left:0px;--awb-flex-wrap:wrap;\" ><div class=\"fusion-builder-row fusion-row fusion-flex-align-items-center fusion-flex-justify-content-center fusion-flex-content-wrap\" style=\"max-width:1040px;margin-left: calc(-4% \/ 2 );margin-right: calc(-4% \/ 2 );\"><div class=\"fusion-layout-column fusion_builder_column fusion-builder-column-7 fusion_builder_column_1_1 1_1 fusion-flex-column\" style=\"--awb-bg-size:cover;--awb-width-large:100%;--awb-margin-top-large:0px;--awb-spacing-right-large:1.92%;--awb-margin-bottom-large:10px;--awb-spacing-left-large:1.92%;--awb-width-medium:100%;--awb-order-medium:0;--awb-spacing-right-medium:1.92%;--awb-spacing-left-medium:1.92%;--awb-width-small:100%;--awb-order-small:0;--awb-spacing-right-small:1.92%;--awb-spacing-left-small:1.92%;\"><div class=\"fusion-column-wrapper fusion-column-has-shadow fusion-flex-justify-content-flex-start fusion-content-layout-column\"><div class=\"fusion-text fusion-text-6\" style=\"--awb-content-alignment:center;\"><h2>Resistencias de arranque de rotor para motores de anillos colectores<\/h2>\n<\/div><div class=\"fusion-text fusion-text-7\" style=\"--awb-content-alignment:left;\"><h3>Un comienzo flexible del equipo<\/h3>\n<p>Una resistencia de arranque del estator juega un papel esencial en el control <strong>de motores el\u00e9ctricos, ventiladores, compresores<\/strong> , etc.<\/p>\n<p>Permite un arranque suave, sin tirones:<\/p>\n<ul>\n<li><strong>evitando golpes de ariete<\/strong> en las tuber\u00edas<\/li>\n<li><strong>protegiendo el impulsor de la bomba<\/strong><\/li>\n<li><strong>aumentar la vida \u00fatil<\/strong> de los equipos<\/li>\n<\/ul>\n<p>De hecho, integrado entre el contactor de l\u00ednea y el motor, permite limitar la corriente de arranque a 3,5 veces la corriente nominal del motor en lugar de 6 a 7 veces durante el arranque.<\/p>\n<h3>Fiable, robusto y econ\u00f3mico<\/h3>\n<p>Se puede utilizar en entornos con <strong>las condiciones m\u00e1s duras<\/strong> (redes el\u00e9ctricas poco fiables, altas temperaturas, humedad, vibraciones, atm\u00f3sfera corrosiva, calor, polvo, etc.)<\/p>\n<h3>F\u00e1cil de instalar y usar<\/h3>\n<p>Una resistencia de arranque de rotor es f\u00e1cil de usar:<\/p>\n<ul>\n<li>Suministro de corriente de arranque limitado<\/li>\n<li>Instalaci\u00f3n sencilla y mantenimiento reducido<\/li>\n<\/ul>\n<\/div><\/div><\/div><\/div><\/div><div class=\"fusion-fullwidth fullwidth-box fusion-builder-row-5 fusion-flex-container nonhundred-percent-fullwidth non-hundred-percent-height-scrolling container-gris\" style=\"--awb-border-radius-top-left:0px;--awb-border-radius-top-right:0px;--awb-border-radius-bottom-right:0px;--awb-border-radius-bottom-left:0px;--awb-flex-wrap:wrap;\" ><div class=\"fusion-builder-row fusion-row fusion-flex-align-items-center fusion-flex-justify-content-center fusion-flex-content-wrap\" style=\"max-width:1040px;margin-left: calc(-4% \/ 2 );margin-right: calc(-4% \/ 2 );\"><div class=\"fusion-layout-column fusion_builder_column fusion-builder-column-8 fusion_builder_column_1_1 1_1 fusion-flex-column\" style=\"--awb-bg-size:cover;--awb-width-large:100%;--awb-margin-top-large:0px;--awb-spacing-right-large:1.92%;--awb-margin-bottom-large:10px;--awb-spacing-left-large:1.92%;--awb-width-medium:100%;--awb-order-medium:0;--awb-spacing-right-medium:1.92%;--awb-spacing-left-medium:1.92%;--awb-width-small:100%;--awb-order-small:0;--awb-spacing-right-small:1.92%;--awb-spacing-left-small:1.92%;\"><div class=\"fusion-column-wrapper fusion-column-has-shadow fusion-flex-justify-content-flex-start fusion-content-layout-column\"><div class=\"fusion-text fusion-text-8\" style=\"--awb-content-alignment:center;\"><h2>Est\u00e1 disponible una gama completa de resistencias: frenado, arranque y tracci\u00f3n<\/h2>\n<\/div><div class=\"fusion-text fusion-text-9\" style=\"--awb-content-alignment:left;\"><p><a href=\"https:\/\/www.mdresistor.com\/es\/quienes-somos\/\">METAL DEPLOYE RESISTOR<\/a> ofrece una gama completa de resistencias para controlar el motor de su equipo:<\/p>\n<ul>\n<li><strong><a href=\"https:\/\/www.mdresistor.com\/es\/resistencia-de-frenado\/\">Resistencias de frenado<\/a><\/strong> , para el correcto funcionamiento del accionamiento en frenado hasta parada o en funcionamiento frenado<\/li>\n<li><strong><a href=\"https:\/\/www.mdresistor.com\/es\/resistencia-a-la-traccion\/\">Resistencias de tracci\u00f3n<\/a><\/strong> , para potentes desaceleraciones y frenadas a intervalos regulares<\/li>\n<\/ul>\n<p>Nuestro equipo est\u00e1 a su disposici\u00f3n para definir los par\u00e1metros espec\u00edficos relacionados con sus necesidades de resistencia de arranque.<\/p>\n<\/div><\/div><\/div><\/div><\/div><div class=\"fusion-fullwidth fullwidth-box fusion-builder-row-6 fusion-flex-container nonhundred-percent-fullwidth non-hundred-percent-height-scrolling container-gris noneh2 gamme-resistance\" style=\"--awb-border-radius-top-left:0px;--awb-border-radius-top-right:0px;--awb-border-radius-bottom-right:0px;--awb-border-radius-bottom-left:0px;--awb-flex-wrap:wrap;\" ><div class=\"fusion-builder-row fusion-row fusion-flex-align-items-center fusion-flex-justify-content-center fusion-flex-content-wrap\" style=\"max-width:1040px;margin-left: calc(-4% \/ 2 );margin-right: calc(-4% \/ 2 );\"><div class=\"fusion-layout-column fusion_builder_column fusion-builder-column-9 fusion_builder_column_1_2 1_2 fusion-flex-column\" style=\"--awb-bg-size:cover;--awb-width-large:50%;--awb-margin-top-large:0px;--awb-spacing-right-large:3.84%;--awb-margin-bottom-large:10px;--awb-spacing-left-large:3.84%;--awb-width-medium:100%;--awb-order-medium:0;--awb-spacing-right-medium:1.92%;--awb-spacing-left-medium:1.92%;--awb-width-small:100%;--awb-order-small:0;--awb-spacing-right-small:1.92%;--awb-spacing-left-small:1.92%;\"><div class=\"fusion-column-wrapper fusion-column-has-shadow fusion-flex-justify-content-flex-start fusion-content-layout-column\"><div class=\"fusion-text fusion-text-10\" style=\"--awb-content-alignment:left;\"><h2>Nuestra gama de resistencias cumple con <strong>los est\u00e1ndares internacionales<\/strong> .<\/h2>\n<\/div><\/div><\/div><div class=\"fusion-layout-column fusion_builder_column fusion-builder-column-10 fusion_builder_column_1_2 1_2 fusion-flex-column\" style=\"--awb-bg-size:cover;--awb-width-large:50%;--awb-margin-top-large:0px;--awb-spacing-right-large:3.84%;--awb-margin-bottom-large:10px;--awb-spacing-left-large:3.84%;--awb-width-medium:100%;--awb-order-medium:0;--awb-spacing-right-medium:1.92%;--awb-spacing-left-medium:1.92%;--awb-width-small:100%;--awb-order-small:0;--awb-spacing-right-small:1.92%;--awb-spacing-left-small:1.92%;\"><div class=\"fusion-column-wrapper fusion-column-has-shadow fusion-flex-justify-content-flex-start fusion-content-layout-column\"><div class=\"fusion-image-element \" style=\"--awb-caption-title-font-family:var(--h2_typography-font-family);--awb-caption-title-font-weight:var(--h2_typography-font-weight);--awb-caption-title-font-style:var(--h2_typography-font-style);--awb-caption-title-size:var(--h2_typography-font-size);--awb-caption-title-transform:var(--h2_typography-text-transform);--awb-caption-title-line-height:var(--h2_typography-line-height);--awb-caption-title-letter-spacing:var(--h2_typography-letter-spacing);\"><span class=\" fusion-imageframe imageframe-none imageframe-3 hover-type-none\"><img decoding=\"async\" width=\"800\" height=\"328\" title=\"certification-resistances-min\" src=\"https:\/\/www.mdresistor.com\/wp-content\/uploads\/2020\/12\/certification-resistances-min.png\" alt class=\"img-responsive wp-image-7066\" srcset=\"https:\/\/www.mdresistor.com\/wp-content\/uploads\/2020\/12\/certification-resistances-min-200x82.png 200w, https:\/\/www.mdresistor.com\/wp-content\/uploads\/2020\/12\/certification-resistances-min-400x164.png 400w, https:\/\/www.mdresistor.com\/wp-content\/uploads\/2020\/12\/certification-resistances-min-600x246.png 600w, https:\/\/www.mdresistor.com\/wp-content\/uploads\/2020\/12\/certification-resistances-min.png 800w\" sizes=\"(max-width: 1024px) 100vw, (max-width: 640px) 100vw, 600px\" \/><\/span><\/div><\/div><\/div><\/div><\/div>\n<\/p>\n","protected":false},"excerpt":{"rendered":"","protected":false},"author":1,"featured_media":0,"parent":0,"menu_order":0,"comment_status":"closed","ping_status":"closed","template":"100-width.php","meta":{"footnotes":""},"class_list":["post-7336","page","type-page","status-publish","hentry"],"yoast_head":"<!-- This site is optimized with the Yoast SEO plugin v27.5 - https:\/\/yoast.com\/product\/yoast-seo-wordpress\/ -->\n<title>Resistencias de arranque para dimmer<\/title>\n<meta name=\"description\" content=\"Resistencia de arranque estator\/rotor para accionamiento de velocidad variable. Hasta 2MW. 80 a\u00f1os de experiencia. Calidad francesa, certificada\" \/>\n<meta name=\"robots\" content=\"index, follow, max-snippet:-1, max-image-preview:large, max-video-preview:-1\" \/>\n<link rel=\"canonical\" href=\"https:\/\/www.mdresistor.com\/es\/resistencia-de-arranque\/\" \/>\n<meta property=\"og:locale\" content=\"es_ES\" \/>\n<meta property=\"og:type\" content=\"article\" \/>\n<meta property=\"og:title\" content=\"Resistencias de arranque para dimmer\" \/>\n<meta property=\"og:description\" content=\"Resistencia de arranque estator\/rotor para accionamiento de velocidad variable. Hasta 2MW. 80 a\u00f1os de experiencia. Calidad francesa, certificada\" \/>\n<meta property=\"og:url\" content=\"https:\/\/www.mdresistor.com\/es\/resistencia-de-arranque\/\" \/>\n<meta property=\"og:site_name\" content=\"MDResistor\" \/>\n<meta property=\"article:modified_time\" content=\"2022-02-08T16:04:29+00:00\" \/>\n<meta name=\"twitter:card\" content=\"summary_large_image\" \/>\n<meta name=\"twitter:label1\" content=\"Tiempo de lectura\" \/>\n\t<meta name=\"twitter:data1\" content=\"23 minutos\" \/>\n<script type=\"application\/ld+json\" class=\"yoast-schema-graph\">{\"@context\":\"https:\\\/\\\/schema.org\",\"@graph\":[{\"@type\":\"WebPage\",\"@id\":\"https:\\\/\\\/www.mdresistor.com\\\/es\\\/resistencia-de-arranque\\\/\",\"url\":\"https:\\\/\\\/www.mdresistor.com\\\/es\\\/resistencia-de-arranque\\\/\",\"name\":\"Resistencias de arranque para dimmer\",\"isPartOf\":{\"@id\":\"https:\\\/\\\/www.mdresistor.com\\\/es\\\/#website\"},\"datePublished\":\"2020-12-04T17:04:04+00:00\",\"dateModified\":\"2022-02-08T16:04:29+00:00\",\"description\":\"Resistencia de arranque estator\\\/rotor para accionamiento de velocidad variable. Hasta 2MW. 80 a\u00f1os de experiencia. Calidad francesa, certificada\",\"inLanguage\":\"es\",\"potentialAction\":[{\"@type\":\"ReadAction\",\"target\":[\"https:\\\/\\\/www.mdresistor.com\\\/es\\\/resistencia-de-arranque\\\/\"]}]},{\"@type\":\"WebSite\",\"@id\":\"https:\\\/\\\/www.mdresistor.com\\\/es\\\/#website\",\"url\":\"https:\\\/\\\/www.mdresistor.com\\\/es\\\/\",\"name\":\"MDResistor\",\"description\":\"\",\"potentialAction\":[{\"@type\":\"SearchAction\",\"target\":{\"@type\":\"EntryPoint\",\"urlTemplate\":\"https:\\\/\\\/www.mdresistor.com\\\/es\\\/?s={search_term_string}\"},\"query-input\":{\"@type\":\"PropertyValueSpecification\",\"valueRequired\":true,\"valueName\":\"search_term_string\"}}],\"inLanguage\":\"es\"}]}<\/script>\n<!-- \/ Yoast SEO plugin. -->","yoast_head_json":{"title":"Resistencias de arranque para dimmer","description":"Resistencia de arranque estator\/rotor para accionamiento de velocidad variable. Hasta 2MW. 80 a\u00f1os de experiencia. Calidad francesa, certificada","robots":{"index":"index","follow":"follow","max-snippet":"max-snippet:-1","max-image-preview":"max-image-preview:large","max-video-preview":"max-video-preview:-1"},"canonical":"https:\/\/www.mdresistor.com\/es\/resistencia-de-arranque\/","og_locale":"es_ES","og_type":"article","og_title":"Resistencias de arranque para dimmer","og_description":"Resistencia de arranque estator\/rotor para accionamiento de velocidad variable. Hasta 2MW. 80 a\u00f1os de experiencia. Calidad francesa, certificada","og_url":"https:\/\/www.mdresistor.com\/es\/resistencia-de-arranque\/","og_site_name":"MDResistor","article_modified_time":"2022-02-08T16:04:29+00:00","twitter_card":"summary_large_image","twitter_misc":{"Tiempo de lectura":"23 minutos"},"schema":{"@context":"https:\/\/schema.org","@graph":[{"@type":"WebPage","@id":"https:\/\/www.mdresistor.com\/es\/resistencia-de-arranque\/","url":"https:\/\/www.mdresistor.com\/es\/resistencia-de-arranque\/","name":"Resistencias de arranque para dimmer","isPartOf":{"@id":"https:\/\/www.mdresistor.com\/es\/#website"},"datePublished":"2020-12-04T17:04:04+00:00","dateModified":"2022-02-08T16:04:29+00:00","description":"Resistencia de arranque estator\/rotor para accionamiento de velocidad variable. Hasta 2MW. 80 a\u00f1os de experiencia. Calidad francesa, certificada","inLanguage":"es","potentialAction":[{"@type":"ReadAction","target":["https:\/\/www.mdresistor.com\/es\/resistencia-de-arranque\/"]}]},{"@type":"WebSite","@id":"https:\/\/www.mdresistor.com\/es\/#website","url":"https:\/\/www.mdresistor.com\/es\/","name":"MDResistor","description":"","potentialAction":[{"@type":"SearchAction","target":{"@type":"EntryPoint","urlTemplate":"https:\/\/www.mdresistor.com\/es\/?s={search_term_string}"},"query-input":{"@type":"PropertyValueSpecification","valueRequired":true,"valueName":"search_term_string"}}],"inLanguage":"es"}]}},"_links":{"self":[{"href":"https:\/\/www.mdresistor.com\/es\/wp-json\/wp\/v2\/pages\/7336","targetHints":{"allow":["GET"]}}],"collection":[{"href":"https:\/\/www.mdresistor.com\/es\/wp-json\/wp\/v2\/pages"}],"about":[{"href":"https:\/\/www.mdresistor.com\/es\/wp-json\/wp\/v2\/types\/page"}],"author":[{"embeddable":true,"href":"https:\/\/www.mdresistor.com\/es\/wp-json\/wp\/v2\/users\/1"}],"replies":[{"embeddable":true,"href":"https:\/\/www.mdresistor.com\/es\/wp-json\/wp\/v2\/comments?post=7336"}],"version-history":[{"count":2,"href":"https:\/\/www.mdresistor.com\/es\/wp-json\/wp\/v2\/pages\/7336\/revisions"}],"predecessor-version":[{"id":7343,"href":"https:\/\/www.mdresistor.com\/es\/wp-json\/wp\/v2\/pages\/7336\/revisions\/7343"}],"wp:attachment":[{"href":"https:\/\/www.mdresistor.com\/es\/wp-json\/wp\/v2\/media?parent=7336"}],"curies":[{"name":"wp","href":"https:\/\/api.w.org\/{rel}","templated":true}]}}