{"id":7360,"date":"2020-12-04T18:04:04","date_gmt":"2020-12-04T17:04:04","guid":{"rendered":"https:\/\/www.mdresistor.com\/industria\/"},"modified":"2022-02-08T17:04:33","modified_gmt":"2022-02-08T16:04:33","slug":"industria","status":"publish","type":"page","link":"https:\/\/www.mdresistor.com\/es\/industria\/","title":{"rendered":"8. Industria (Metalurgia, Horno de arco \/ Fundiciones \/ Siderurgia \/ Cementeras)"},"content":{"rendered":"<p><div class=\"fusion-fullwidth fullwidth-box fusion-builder-row-1 fusion-flex-container nonhundred-percent-fullwidth non-hundred-percent-height-scrolling\" style=\"--awb-border-radius-top-left:0px;--awb-border-radius-top-right:0px;--awb-border-radius-bottom-right:0px;--awb-border-radius-bottom-left:0px;--awb-flex-wrap:wrap;\" ><div class=\"fusion-builder-row fusion-row fusion-flex-align-items-center fusion-flex-justify-content-center fusion-flex-content-wrap\" style=\"max-width:1040px;margin-left: calc(-4% \/ 2 );margin-right: calc(-4% \/ 2 );\"><div class=\"fusion-layout-column fusion_builder_column fusion-builder-column-0 fusion_builder_column_1_2 1_2 fusion-flex-column\" style=\"--awb-bg-size:cover;--awb-width-large:50%;--awb-margin-top-large:0px;--awb-spacing-right-large:3.84%;--awb-margin-bottom-large:10px;--awb-spacing-left-large:3.84%;--awb-width-medium:100%;--awb-order-medium:0;--awb-spacing-right-medium:1.92%;--awb-spacing-left-medium:1.92%;--awb-width-small:100%;--awb-order-small:0;--awb-spacing-right-small:1.92%;--awb-spacing-left-small:1.92%;\"><div class=\"fusion-column-wrapper fusion-column-has-shadow fusion-flex-justify-content-flex-start fusion-content-layout-column\"><div class=\"fusion-text fusion-text-1\"><h1>Resistencias de potencia en la industria: un sector exigente con retos t\u00e9cnicos<\/h1>\n<\/div><div ><a class=\"fusion-button button-flat fusion-button-default-size button-default fusion-button-default button-1 fusion-button-default-span fusion-button-default-type\" target=\"_self\" href=\"https:\/\/www.mdresistor.com\/es\/contactar\/\"><span class=\"fusion-button-text awb-button__text awb-button__text--default\">Solicite una cotizaci\u00f3n<\/span><\/a><\/div>\n<\/div><\/div><div class=\"fusion-layout-column fusion_builder_column fusion-builder-column-1 fusion_builder_column_1_2 1_2 fusion-flex-column\" style=\"--awb-bg-size:cover;--awb-width-large:50%;--awb-margin-top-large:0px;--awb-spacing-right-large:3.84%;--awb-margin-bottom-large:10px;--awb-spacing-left-large:3.84%;--awb-width-medium:100%;--awb-order-medium:0;--awb-spacing-right-medium:1.92%;--awb-spacing-left-medium:1.92%;--awb-width-small:100%;--awb-order-small:0;--awb-spacing-right-small:1.92%;--awb-spacing-left-small:1.92%;\"><div class=\"fusion-column-wrapper fusion-column-has-shadow fusion-flex-justify-content-flex-start fusion-content-layout-column\"><div class=\"fusion-image-element \" style=\"text-align:center;--awb-caption-title-font-family:var(--h2_typography-font-family);--awb-caption-title-font-weight:var(--h2_typography-font-weight);--awb-caption-title-font-style:var(--h2_typography-font-style);--awb-caption-title-size:var(--h2_typography-font-size);--awb-caption-title-transform:var(--h2_typography-text-transform);--awb-caption-title-line-height:var(--h2_typography-line-height);--awb-caption-title-letter-spacing:var(--h2_typography-letter-spacing);\"><span class=\" fusion-imageframe imageframe-none imageframe-1 hover-type-none\"><img decoding=\"async\" width=\"799\" height=\"513\" alt=\"Industria\" title=\"industrial_building-min\" src=\"https:\/\/www.mdresistor.com\/wp-content\/uploads\/2020\/12\/industrial_building-min-1.jpg\" class=\"img-responsive wp-image-7135\" srcset=\"https:\/\/www.mdresistor.com\/wp-content\/uploads\/2020\/12\/industrial_building-min-1-200x128.jpg 200w, https:\/\/www.mdresistor.com\/wp-content\/uploads\/2020\/12\/industrial_building-min-1-400x257.jpg 400w, https:\/\/www.mdresistor.com\/wp-content\/uploads\/2020\/12\/industrial_building-min-1-600x385.jpg 600w, https:\/\/www.mdresistor.com\/wp-content\/uploads\/2020\/12\/industrial_building-min-1.jpg 799w\" sizes=\"(max-width: 1024px) 100vw, (max-width: 640px) 100vw, 600px\" \/><\/span><\/div><\/div><\/div><\/div><\/div><div class=\"fusion-fullwidth fullwidth-box fusion-builder-row-2 fusion-flex-container nonhundred-percent-fullwidth non-hundred-percent-height-scrolling\" style=\"--awb-border-radius-top-left:0px;--awb-border-radius-top-right:0px;--awb-border-radius-bottom-right:0px;--awb-border-radius-bottom-left:0px;--awb-flex-wrap:wrap;\" id=\"un\" ><div class=\"fusion-builder-row fusion-row fusion-flex-align-items-center fusion-flex-justify-content-center fusion-flex-content-wrap\" style=\"max-width:1040px;margin-left: calc(-4% \/ 2 );margin-right: calc(-4% \/ 2 );\"><div class=\"fusion-layout-column fusion_builder_column fusion-builder-column-2 fusion_builder_column_1_1 1_1 fusion-flex-column\" style=\"--awb-bg-size:cover;--awb-width-large:100%;--awb-margin-top-large:0px;--awb-spacing-right-large:1.92%;--awb-margin-bottom-large:10px;--awb-spacing-left-large:1.92%;--awb-width-medium:100%;--awb-order-medium:0;--awb-spacing-right-medium:1.92%;--awb-spacing-left-medium:1.92%;--awb-width-small:100%;--awb-order-small:0;--awb-spacing-right-small:1.92%;--awb-spacing-left-small:1.92%;\"><div class=\"fusion-column-wrapper fusion-column-has-shadow fusion-flex-justify-content-flex-start fusion-content-layout-column\"><div class=\"fusion-text fusion-text-2\" style=\"--awb-content-alignment:left;\"><p>La industria es un sector con m\u00faltiples aplicaciones y, a menudo, exigentes limitaciones.<\/p>\n<p>Desde la metalurgia, la fundici\u00f3n o la metalurgia hasta la instalaci\u00f3n de sistemas de calefacci\u00f3n industrial, METAL DEPLOYE RESISTOR aporta una soluci\u00f3n t\u00e9cnica.<\/p>\n<p>El uso de resistencias adecuadas para ambientes industriales es particularmente necesario para el \u00f3ptimo funcionamiento del equipo.<\/p>\n<p>De hecho, las resistencias permitir\u00e1n:<\/p>\n<ul>\n<li><strong>m\u00e1s seguridad t\u00e9cnica y humana<\/strong><\/li>\n<li><strong>preservar la vida de las instalaciones<\/strong><\/li>\n<li><strong>anticipar posibles problemas<\/strong> : aver\u00eda, rotura, corte de corriente, etc.<\/li>\n<li><strong>garantizar un mejor retorno de la inversi\u00f3n financiera<\/strong><\/li>\n<\/ul>\n<\/div><\/div><\/div><\/div><\/div><div class=\"fusion-fullwidth fullwidth-box fusion-builder-row-3 fusion-flex-container nonhundred-percent-fullwidth non-hundred-percent-height-scrolling container-gris\" style=\"--awb-border-radius-top-left:0px;--awb-border-radius-top-right:0px;--awb-border-radius-bottom-right:0px;--awb-border-radius-bottom-left:0px;--awb-flex-wrap:wrap;\" ><div class=\"fusion-builder-row fusion-row fusion-flex-align-items-center fusion-flex-justify-content-center fusion-flex-content-wrap\" style=\"max-width:1040px;margin-left: calc(-4% \/ 2 );margin-right: calc(-4% \/ 2 );\"><div class=\"fusion-layout-column fusion_builder_column fusion-builder-column-3 fusion_builder_column_1_1 1_1 fusion-flex-column\" style=\"--awb-bg-size:cover;--awb-width-large:100%;--awb-margin-top-large:0px;--awb-spacing-right-large:1.92%;--awb-margin-bottom-large:10px;--awb-spacing-left-large:1.92%;--awb-width-medium:100%;--awb-order-medium:0;--awb-spacing-right-medium:1.92%;--awb-spacing-left-medium:1.92%;--awb-width-small:100%;--awb-order-small:0;--awb-spacing-right-small:1.92%;--awb-spacing-left-small:1.92%;\"><div class=\"fusion-column-wrapper fusion-column-has-shadow fusion-flex-justify-content-flex-start fusion-content-layout-column\"><div class=\"fusion-text fusion-text-3\" style=\"--awb-content-alignment:center;\"><h2>Resistencias como respuesta a las necesidades industriales<\/h2>\n<\/div><div class=\"fusion-text fusion-text-4\" style=\"--awb-content-alignment:left;\"><p>Varias grandes empresas industriales, en Francia y en el extranjero, han optado por la seguridad y el rendimiento con la instalaci\u00f3n de resistencias METAL DEPLOYE RESISTOR. Estas industrias se relacionan con la metalurgia, la fundici\u00f3n u otras industrias de trabajo del metal y el acero.<\/p>\n<h3>Sistema de calefacci\u00f3n industrial: flexibilidad y limpieza<\/h3>\n<p>El uso de resistencias de metal expandido con baja inercia t\u00e9rmica permite calentar con gran precisi\u00f3n y sin gases contaminantes, ideal para ambientes qu\u00edmicos y farmac\u00e9uticos.<\/p>\n<p>Es por estas mismas ventajas que muchas industrias est\u00e1n recurriendo al <a href=\"https:\/\/www.mdresistor.com\/es\/resistencia-calefaccion-industrial\/\">calentamiento por resistencia el\u00e9ctrica<\/a> .<\/p>\n<\/div><div class=\"fusion-image-element \" style=\"text-align:center;--awb-caption-title-font-family:var(--h2_typography-font-family);--awb-caption-title-font-weight:var(--h2_typography-font-weight);--awb-caption-title-font-style:var(--h2_typography-font-style);--awb-caption-title-size:var(--h2_typography-font-size);--awb-caption-title-transform:var(--h2_typography-text-transform);--awb-caption-title-line-height:var(--h2_typography-line-height);--awb-caption-title-letter-spacing:var(--h2_typography-letter-spacing);\"><span class=\" fusion-imageframe imageframe-none imageframe-2 hover-type-none margin-bottom-10\"><img decoding=\"async\" width=\"1200\" height=\"350\" title=\"Four-a-arc_Versement metal-liquide-min\" src=\"https:\/\/www.mdresistor.com\/wp-content\/uploads\/2020\/12\/Four-a-arc_Versement-metal-liquide-min.jpg\" alt class=\"img-responsive wp-image-6944\" srcset=\"https:\/\/www.mdresistor.com\/wp-content\/uploads\/2020\/12\/Four-a-arc_Versement-metal-liquide-min-200x58.jpg 200w, https:\/\/www.mdresistor.com\/wp-content\/uploads\/2020\/12\/Four-a-arc_Versement-metal-liquide-min-400x117.jpg 400w, https:\/\/www.mdresistor.com\/wp-content\/uploads\/2020\/12\/Four-a-arc_Versement-metal-liquide-min-600x175.jpg 600w, https:\/\/www.mdresistor.com\/wp-content\/uploads\/2020\/12\/Four-a-arc_Versement-metal-liquide-min-800x233.jpg 800w, https:\/\/www.mdresistor.com\/wp-content\/uploads\/2020\/12\/Four-a-arc_Versement-metal-liquide-min.jpg 1200w\" sizes=\"(max-width: 1024px) 100vw, (max-width: 640px) 100vw, 1200px\" \/><\/span><\/div><\/div><\/div><\/div><\/div><div class=\"fusion-fullwidth fullwidth-box fusion-builder-row-4 fusion-flex-container nonhundred-percent-fullwidth non-hundred-percent-height-scrolling container-blanc\" style=\"--awb-border-radius-top-left:0px;--awb-border-radius-top-right:0px;--awb-border-radius-bottom-right:0px;--awb-border-radius-bottom-left:0px;--awb-flex-wrap:wrap;\" ><div class=\"fusion-builder-row fusion-row fusion-flex-align-items-center fusion-flex-justify-content-center fusion-flex-content-wrap\" style=\"max-width:1040px;margin-left: calc(-4% \/ 2 );margin-right: calc(-4% \/ 2 );\"><div class=\"fusion-layout-column fusion_builder_column fusion-builder-column-4 fusion_builder_column_1_1 1_1 fusion-flex-column\" style=\"--awb-bg-size:cover;--awb-width-large:100%;--awb-margin-top-large:0px;--awb-spacing-right-large:1.92%;--awb-margin-bottom-large:10px;--awb-spacing-left-large:1.92%;--awb-width-medium:100%;--awb-order-medium:0;--awb-spacing-right-medium:1.92%;--awb-spacing-left-medium:1.92%;--awb-width-small:100%;--awb-order-small:0;--awb-spacing-right-small:1.92%;--awb-spacing-left-small:1.92%;\"><div class=\"fusion-column-wrapper fusion-column-has-shadow fusion-flex-justify-content-flex-start fusion-content-layout-column\"><div class=\"fusion-text fusion-text-5\" style=\"--awb-content-alignment:center;\"><h2>Las empresas industriales ya conf\u00edan en nosotros<\/h2>\n<\/div><div class=\"fusion-text fusion-text-6\" style=\"--awb-content-alignment:left;\"><p>En Francia y en el extranjero, M\u00c9TAL D\u00c9PLOY\u00c9 RESISTOR respalda todas las aplicaciones industriales para respaldar su proceso de producci\u00f3n.<\/p>\n<\/div><\/div><\/div><div class=\"fusion-layout-column fusion_builder_column fusion-builder-column-5 fusion_builder_column_1_1 1_1 fusion-flex-column margin-bottom-20\" style=\"--awb-bg-size:cover;--awb-width-large:100%;--awb-margin-top-large:0px;--awb-spacing-right-large:1.92%;--awb-margin-bottom-large:10px;--awb-spacing-left-large:1.92%;--awb-width-medium:100%;--awb-order-medium:0;--awb-spacing-right-medium:1.92%;--awb-spacing-left-medium:1.92%;--awb-width-small:100%;--awb-order-small:0;--awb-spacing-right-small:1.92%;--awb-spacing-left-small:1.92%;\"><div class=\"fusion-column-wrapper fusion-column-has-shadow fusion-flex-justify-content-flex-start fusion-content-layout-column\">\n<div class=\"table-1 margin-bottom-20\">\n<table width=\"100%\">\n<thead>\n<tr>\n<th style=\"text-align: center;\" align=\"left\">105<br \/> pa\u00eds de intervenci\u00f3n<\/th>\n<th style=\"text-align: center;\" align=\"left\">3.707<br \/> Proyectos implementados<\/th>\n<th style=\"text-align: center;\" align=\"left\">1.507<br \/> clientes internacionales<\/th>\n<\/tr>\n<\/thead>\n<\/table>\n<\/div>\n<\/div><\/div>\n<div class=\"fusion-layout-column fusion_builder_column fusion-builder-column-6 fusion_builder_column_4_5 4_5 fusion-flex-column mise-en-avant-mdr\" style=\"--awb-bg-size:cover;--awb-width-large:80%;--awb-margin-top-large:5%;--awb-spacing-right-large:2.4%;--awb-margin-bottom-large:10px;--awb-spacing-left-large:2.4%;--awb-width-medium:100%;--awb-order-medium:0;--awb-spacing-right-medium:1.92%;--awb-spacing-left-medium:1.92%;--awb-width-small:100%;--awb-order-small:0;--awb-spacing-right-small:1.92%;--awb-spacing-left-small:1.92%;\" data-scroll-devices=\"small-visibility,medium-visibility,large-visibility\"><div class=\"fusion-column-wrapper fusion-column-has-shadow fusion-flex-justify-content-flex-start fusion-content-layout-column\"><div class=\"fusion-text fusion-text-7 white\" style=\"--awb-content-alignment:center;\"><p>Dise\u00f1o y fabricaci\u00f3n francesa.<br \/> L\u00edder mundial en resistencias a medida<\/p>\n<\/div><div style=\"text-align:center;\"><a class=\"fusion-button button-flat fusion-button-default-size button-default fusion-button-default button-2 fusion-button-default-span fusion-button-default-type\" target=\"_self\" href=\"https:\/\/www.mdresistor.com\/es\/contactar\/\"><span class=\"fusion-button-text awb-button__text awb-button__text--default\">Reciba un presupuesto personalizado en 24 horas<\/span><\/a><\/div><\/div><\/div>\n<\/div><\/div><div class=\"fusion-fullwidth fullwidth-box fusion-builder-row-5 fusion-flex-container nonhundred-percent-fullwidth non-hundred-percent-height-scrolling container-gris\" style=\"--awb-border-radius-top-left:0px;--awb-border-radius-top-right:0px;--awb-border-radius-bottom-right:0px;--awb-border-radius-bottom-left:0px;--awb-flex-wrap:wrap;\" ><div class=\"fusion-builder-row fusion-row fusion-flex-align-items-center fusion-flex-justify-content-center fusion-flex-content-wrap\" style=\"max-width:1040px;margin-left: calc(-4% \/ 2 );margin-right: calc(-4% \/ 2 );\"><div class=\"fusion-layout-column fusion_builder_column fusion-builder-column-7 fusion_builder_column_1_1 1_1 fusion-flex-column\" style=\"--awb-bg-size:cover;--awb-width-large:100%;--awb-margin-top-large:0px;--awb-spacing-right-large:1.92%;--awb-margin-bottom-large:10px;--awb-spacing-left-large:1.92%;--awb-width-medium:100%;--awb-order-medium:0;--awb-spacing-right-medium:1.92%;--awb-spacing-left-medium:1.92%;--awb-width-small:100%;--awb-order-small:0;--awb-spacing-right-small:1.92%;--awb-spacing-left-small:1.92%;\"><div class=\"fusion-column-wrapper fusion-column-has-shadow fusion-flex-justify-content-flex-start fusion-content-layout-column\"><div class=\"fusion-text fusion-text-8\" style=\"--awb-content-alignment:center;\"><h2>Una gama de productos que da respuesta a las necesidades de la industria<\/h2>\n<\/div><div class=\"fusion-text fusion-text-9\" style=\"--awb-content-alignment:left;\"><p>LA RESISTENCIA METAL DEPLOYED satisface todo tipo de necesidades gracias a<\/p>\n<ul>\n<li>una gama est\u00e1ndar en evoluci\u00f3n<\/li>\n<li>productos espec\u00edficos<\/li>\n<\/ul>\n<p>\u00bfCu\u00e1ndo comienza tu experiencia con METAL DEPLOYE RESISTOR?<\/p>\n<\/div><\/div><\/div><\/div><\/div><\/p>\n","protected":false},"excerpt":{"rendered":"","protected":false},"author":1,"featured_media":0,"parent":0,"menu_order":0,"comment_status":"closed","ping_status":"closed","template":"100-width.php","meta":{"footnotes":""},"class_list":["post-7360","page","type-page","status-publish","hentry"],"yoast_head":"<!-- This site is optimized with the Yoast SEO plugin v27.4 - https:\/\/yoast.com\/product\/yoast-seo-wordpress\/ -->\n<title>Resistencias de Potencia - Industrias- METAL DEPLOYE RESISTOR<\/title>\n<meta name=\"description\" content=\"Resistencias de potencia en la industria Resistencias de filtrado, tierra, bancos de carga. 80 a\u00f1os de experiencia. Renombre mundial. Hecho en Francia\" \/>\n<meta name=\"robots\" content=\"index, follow, max-snippet:-1, max-image-preview:large, max-video-preview:-1\" \/>\n<link rel=\"canonical\" href=\"https:\/\/www.mdresistor.com\/es\/industria\/\" \/>\n<meta property=\"og:locale\" content=\"es_ES\" \/>\n<meta property=\"og:type\" content=\"article\" \/>\n<meta property=\"og:title\" content=\"Resistencias de Potencia - Industrias- METAL DEPLOYE RESISTOR\" \/>\n<meta property=\"og:description\" content=\"Resistencias de potencia en la industria Resistencias de filtrado, tierra, bancos de carga. 80 a\u00f1os de experiencia. Renombre mundial. Hecho en Francia\" \/>\n<meta property=\"og:url\" content=\"https:\/\/www.mdresistor.com\/es\/industria\/\" \/>\n<meta property=\"og:site_name\" content=\"MDResistor\" \/>\n<meta property=\"article:modified_time\" content=\"2022-02-08T16:04:33+00:00\" \/>\n<meta name=\"twitter:card\" content=\"summary_large_image\" \/>\n<meta name=\"twitter:label1\" content=\"Tiempo de lectura\" \/>\n\t<meta name=\"twitter:data1\" content=\"18 minutos\" \/>\n<script type=\"application\/ld+json\" class=\"yoast-schema-graph\">{\"@context\":\"https:\\\/\\\/schema.org\",\"@graph\":[{\"@type\":\"WebPage\",\"@id\":\"https:\\\/\\\/www.mdresistor.com\\\/es\\\/industria\\\/\",\"url\":\"https:\\\/\\\/www.mdresistor.com\\\/es\\\/industria\\\/\",\"name\":\"Resistencias de Potencia - Industrias- METAL DEPLOYE RESISTOR\",\"isPartOf\":{\"@id\":\"https:\\\/\\\/www.mdresistor.com\\\/es\\\/#website\"},\"datePublished\":\"2020-12-04T17:04:04+00:00\",\"dateModified\":\"2022-02-08T16:04:33+00:00\",\"description\":\"Resistencias de potencia en la industria Resistencias de filtrado, tierra, bancos de carga. 80 a\u00f1os de experiencia. Renombre mundial. Hecho en Francia\",\"inLanguage\":\"es\",\"potentialAction\":[{\"@type\":\"ReadAction\",\"target\":[\"https:\\\/\\\/www.mdresistor.com\\\/es\\\/industria\\\/\"]}]},{\"@type\":\"WebSite\",\"@id\":\"https:\\\/\\\/www.mdresistor.com\\\/es\\\/#website\",\"url\":\"https:\\\/\\\/www.mdresistor.com\\\/es\\\/\",\"name\":\"MDResistor\",\"description\":\"\",\"potentialAction\":[{\"@type\":\"SearchAction\",\"target\":{\"@type\":\"EntryPoint\",\"urlTemplate\":\"https:\\\/\\\/www.mdresistor.com\\\/es\\\/?s={search_term_string}\"},\"query-input\":{\"@type\":\"PropertyValueSpecification\",\"valueRequired\":true,\"valueName\":\"search_term_string\"}}],\"inLanguage\":\"es\"}]}<\/script>\n<!-- \/ Yoast SEO plugin. -->","yoast_head_json":{"title":"Resistencias de Potencia - Industrias- METAL DEPLOYE RESISTOR","description":"Resistencias de potencia en la industria Resistencias de filtrado, tierra, bancos de carga. 80 a\u00f1os de experiencia. Renombre mundial. Hecho en Francia","robots":{"index":"index","follow":"follow","max-snippet":"max-snippet:-1","max-image-preview":"max-image-preview:large","max-video-preview":"max-video-preview:-1"},"canonical":"https:\/\/www.mdresistor.com\/es\/industria\/","og_locale":"es_ES","og_type":"article","og_title":"Resistencias de Potencia - Industrias- METAL DEPLOYE RESISTOR","og_description":"Resistencias de potencia en la industria Resistencias de filtrado, tierra, bancos de carga. 80 a\u00f1os de experiencia. Renombre mundial. Hecho en Francia","og_url":"https:\/\/www.mdresistor.com\/es\/industria\/","og_site_name":"MDResistor","article_modified_time":"2022-02-08T16:04:33+00:00","twitter_card":"summary_large_image","twitter_misc":{"Tiempo de lectura":"18 minutos"},"schema":{"@context":"https:\/\/schema.org","@graph":[{"@type":"WebPage","@id":"https:\/\/www.mdresistor.com\/es\/industria\/","url":"https:\/\/www.mdresistor.com\/es\/industria\/","name":"Resistencias de Potencia - Industrias- METAL DEPLOYE RESISTOR","isPartOf":{"@id":"https:\/\/www.mdresistor.com\/es\/#website"},"datePublished":"2020-12-04T17:04:04+00:00","dateModified":"2022-02-08T16:04:33+00:00","description":"Resistencias de potencia en la industria Resistencias de filtrado, tierra, bancos de carga. 80 a\u00f1os de experiencia. Renombre mundial. Hecho en Francia","inLanguage":"es","potentialAction":[{"@type":"ReadAction","target":["https:\/\/www.mdresistor.com\/es\/industria\/"]}]},{"@type":"WebSite","@id":"https:\/\/www.mdresistor.com\/es\/#website","url":"https:\/\/www.mdresistor.com\/es\/","name":"MDResistor","description":"","potentialAction":[{"@type":"SearchAction","target":{"@type":"EntryPoint","urlTemplate":"https:\/\/www.mdresistor.com\/es\/?s={search_term_string}"},"query-input":{"@type":"PropertyValueSpecification","valueRequired":true,"valueName":"search_term_string"}}],"inLanguage":"es"}]}},"_links":{"self":[{"href":"https:\/\/www.mdresistor.com\/es\/wp-json\/wp\/v2\/pages\/7360","targetHints":{"allow":["GET"]}}],"collection":[{"href":"https:\/\/www.mdresistor.com\/es\/wp-json\/wp\/v2\/pages"}],"about":[{"href":"https:\/\/www.mdresistor.com\/es\/wp-json\/wp\/v2\/types\/page"}],"author":[{"embeddable":true,"href":"https:\/\/www.mdresistor.com\/es\/wp-json\/wp\/v2\/users\/1"}],"replies":[{"embeddable":true,"href":"https:\/\/www.mdresistor.com\/es\/wp-json\/wp\/v2\/comments?post=7360"}],"version-history":[{"count":2,"href":"https:\/\/www.mdresistor.com\/es\/wp-json\/wp\/v2\/pages\/7360\/revisions"}],"predecessor-version":[{"id":7362,"href":"https:\/\/www.mdresistor.com\/es\/wp-json\/wp\/v2\/pages\/7360\/revisions\/7362"}],"wp:attachment":[{"href":"https:\/\/www.mdresistor.com\/es\/wp-json\/wp\/v2\/media?parent=7360"}],"curies":[{"name":"wp","href":"https:\/\/api.w.org\/{rel}","templated":true}]}}