{"id":7364,"date":"2020-12-04T18:04:04","date_gmt":"2020-12-04T17:04:04","guid":{"rendered":"https:\/\/www.mdresistor.com\/reclutamiento-y-recursos-humanos\/"},"modified":"2026-02-12T02:15:48","modified_gmt":"2026-02-12T01:15:48","slug":"reclutamiento-y-recursos-humanos","status":"publish","type":"page","link":"https:\/\/www.mdresistor.com\/es\/reclutamiento-y-recursos-humanos\/","title":{"rendered":"7.3 Reclutamiento"},"content":{"rendered":"<p><div class=\"fusion-fullwidth fullwidth-box fusion-builder-row-1 fusion-flex-container nonhundred-percent-fullwidth non-hundred-percent-height-scrolling\" style=\"--awb-border-radius-top-left:0px;--awb-border-radius-top-right:0px;--awb-border-radius-bottom-right:0px;--awb-border-radius-bottom-left:0px;--awb-flex-wrap:wrap;\" ><div class=\"fusion-builder-row fusion-row fusion-flex-align-items-center fusion-flex-justify-content-center fusion-flex-content-wrap\" style=\"max-width:1040px;margin-left: calc(-4% \/ 2 );margin-right: calc(-4% \/ 2 );\"><div class=\"fusion-layout-column fusion_builder_column fusion-builder-column-0 fusion_builder_column_1_2 1_2 fusion-flex-column\" style=\"--awb-bg-size:cover;--awb-width-large:50%;--awb-margin-top-large:0px;--awb-spacing-right-large:3.84%;--awb-margin-bottom-large:10px;--awb-spacing-left-large:3.84%;--awb-width-medium:100%;--awb-order-medium:0;--awb-spacing-right-medium:1.92%;--awb-spacing-left-medium:1.92%;--awb-width-small:100%;--awb-order-small:0;--awb-spacing-right-small:1.92%;--awb-spacing-left-small:1.92%;\"><div class=\"fusion-column-wrapper fusion-column-has-shadow fusion-flex-justify-content-flex-start fusion-content-layout-column\"><div class=\"fusion-text fusion-text-1\"><h1>\u00danete a METAL DEPLOYE RESISTOR: un mundo de oportunidades<\/h1>\n<\/div><div class=\"fusion-text fusion-text-2 hidden\"><p><a href=\"https:\/\/www.mdresistor.com\/wp-content\/uploads\/2022\/06\/MAGASINIER.pdf\" target=\"_blank\" rel=\"noopener\">Ver nuestra oferta Almacenista Recogepedidos<\/a><\/p>\n<\/div><\/div><\/div><div class=\"fusion-layout-column fusion_builder_column fusion-builder-column-1 fusion_builder_column_1_2 1_2 fusion-flex-column\" style=\"--awb-bg-size:cover;--awb-width-large:50%;--awb-margin-top-large:0px;--awb-spacing-right-large:3.84%;--awb-margin-bottom-large:10px;--awb-spacing-left-large:3.84%;--awb-width-medium:100%;--awb-order-medium:0;--awb-spacing-right-medium:1.92%;--awb-spacing-left-medium:1.92%;--awb-width-small:100%;--awb-order-small:0;--awb-spacing-right-small:1.92%;--awb-spacing-left-small:1.92%;\"><div class=\"fusion-column-wrapper fusion-column-has-shadow fusion-flex-justify-content-flex-start fusion-content-layout-column\"><div class=\"fusion-image-element \" style=\"text-align:center;--awb-caption-title-font-family:var(--h2_typography-font-family);--awb-caption-title-font-weight:var(--h2_typography-font-weight);--awb-caption-title-font-style:var(--h2_typography-font-style);--awb-caption-title-size:var(--h2_typography-font-size);--awb-caption-title-transform:var(--h2_typography-text-transform);--awb-caption-title-line-height:var(--h2_typography-line-height);--awb-caption-title-letter-spacing:var(--h2_typography-letter-spacing);\"><span class=\" fusion-imageframe imageframe-none imageframe-1 hover-type-none\"><img decoding=\"async\" width=\"800\" height=\"533\" title=\"ing\u00e9nieur commercial dans usine industrielle-min\" src=\"https:\/\/www.mdresistor.com\/wp-content\/uploads\/2020\/12\/ingenieur-commercial-dans-usine-industrielle-min.jpg\" alt class=\"img-responsive wp-image-7090\" srcset=\"https:\/\/www.mdresistor.com\/wp-content\/uploads\/2020\/12\/ingenieur-commercial-dans-usine-industrielle-min-200x133.jpg 200w, https:\/\/www.mdresistor.com\/wp-content\/uploads\/2020\/12\/ingenieur-commercial-dans-usine-industrielle-min-400x267.jpg 400w, https:\/\/www.mdresistor.com\/wp-content\/uploads\/2020\/12\/ingenieur-commercial-dans-usine-industrielle-min-600x400.jpg 600w, https:\/\/www.mdresistor.com\/wp-content\/uploads\/2020\/12\/ingenieur-commercial-dans-usine-industrielle-min.jpg 800w\" sizes=\"(max-width: 1024px) 100vw, (max-width: 640px) 100vw, 600px\" \/><\/span><\/div><\/div><\/div><\/div><\/div><div class=\"fusion-fullwidth fullwidth-box fusion-builder-row-2 fusion-flex-container nonhundred-percent-fullwidth non-hundred-percent-height-scrolling\" style=\"--awb-border-radius-top-left:0px;--awb-border-radius-top-right:0px;--awb-border-radius-bottom-right:0px;--awb-border-radius-bottom-left:0px;--awb-flex-wrap:wrap;\" id=\"un\" ><div class=\"fusion-builder-row fusion-row fusion-flex-align-items-center fusion-flex-justify-content-center fusion-flex-content-wrap\" style=\"max-width:1040px;margin-left: calc(-4% \/ 2 );margin-right: calc(-4% \/ 2 );\"><div class=\"fusion-layout-column fusion_builder_column fusion-builder-column-2 fusion_builder_column_1_1 1_1 fusion-flex-column\" style=\"--awb-bg-size:cover;--awb-width-large:100%;--awb-margin-top-large:0px;--awb-spacing-right-large:1.92%;--awb-margin-bottom-large:10px;--awb-spacing-left-large:1.92%;--awb-width-medium:100%;--awb-order-medium:0;--awb-spacing-right-medium:1.92%;--awb-spacing-left-medium:1.92%;--awb-width-small:100%;--awb-order-small:0;--awb-spacing-right-small:1.92%;--awb-spacing-left-small:1.92%;\"><div class=\"fusion-column-wrapper fusion-column-has-shadow fusion-flex-justify-content-flex-start fusion-content-layout-column\"><div class=\"fusion-text fusion-text-3\" style=\"--awb-content-alignment:left;\"><p>METAL DEPLOYE RESISTOR es m\u00e1s de 80 a\u00f1os de experiencia t\u00e9cnica reconocida internacionalmente. Sobre la base de su historia y sus valores unificadores, nuestra empresa ha sabido reinventarse para convertirse en el fabricante l\u00edder mundial de resistencias de potencia el\u00e9ctrica en la actualidad.<\/p>\n<p>Y esto gracias a las mujeres y hombres que la han hecho crecer cada d\u00eda desde 1938. Desde funciones de apoyo y administraci\u00f3n hasta las profesiones m\u00e1s t\u00e9cnicas en nuestros talleres de producci\u00f3n o nuestro Laboratorio de I+D: Investigaci\u00f3n y Desarrollo, Recursos Humanos, Producci\u00f3n y Operaci\u00f3n, Ventas, etc.<\/p>\n<\/div><\/div><\/div><\/div><\/div><div class=\"fusion-fullwidth fullwidth-box fusion-builder-row-3 fusion-flex-container nonhundred-percent-fullwidth non-hundred-percent-height-scrolling container-gris\" style=\"--awb-border-radius-top-left:0px;--awb-border-radius-top-right:0px;--awb-border-radius-bottom-right:0px;--awb-border-radius-bottom-left:0px;--awb-flex-wrap:wrap;\" ><div class=\"fusion-builder-row fusion-row fusion-flex-align-items-center fusion-flex-justify-content-center fusion-flex-content-wrap\" style=\"max-width:1040px;margin-left: calc(-4% \/ 2 );margin-right: calc(-4% \/ 2 );\"><div class=\"fusion-layout-column fusion_builder_column fusion-builder-column-3 fusion_builder_column_1_1 1_1 fusion-flex-column\" style=\"--awb-bg-size:cover;--awb-width-large:100%;--awb-margin-top-large:0px;--awb-spacing-right-large:1.92%;--awb-margin-bottom-large:10px;--awb-spacing-left-large:1.92%;--awb-width-medium:100%;--awb-order-medium:0;--awb-spacing-right-medium:1.92%;--awb-spacing-left-medium:1.92%;--awb-width-small:100%;--awb-order-small:0;--awb-spacing-right-small:1.92%;--awb-spacing-left-small:1.92%;\"><div class=\"fusion-column-wrapper fusion-column-has-shadow fusion-flex-justify-content-flex-start fusion-content-layout-column\"><div class=\"fusion-text fusion-text-4\" style=\"--awb-content-alignment:center;\"><h2>Gerentes, empleados, t\u00e9cnicos, ingenieros: todos unidos por el desempe\u00f1o y satisfacci\u00f3n de nuestros clientes globales<\/h2>\n<\/div><div class=\"fusion-text fusion-text-5\" style=\"--awb-content-alignment:left;\"><p>METAL DEPLOYE RESISTOR es un ancla territorial, en el coraz\u00f3n de Borgo\u00f1a, cuna de industriales de alto rendimiento y t\u00e9cnicamente avanzados. Es tambi\u00e9n una importante presencia internacional, y un fuerte crecimiento, lo que ofrece perspectivas reales de desarrollo.<\/p>\n<\/div><\/div><\/div><div class=\"fusion-layout-column fusion_builder_column fusion-builder-column-4 fusion_builder_column_1_1 1_1 fusion-flex-column margin-bottom-20\" style=\"--awb-bg-size:cover;--awb-width-large:100%;--awb-margin-top-large:0px;--awb-spacing-right-large:1.92%;--awb-margin-bottom-large:10px;--awb-spacing-left-large:1.92%;--awb-width-medium:100%;--awb-order-medium:0;--awb-spacing-right-medium:1.92%;--awb-spacing-left-medium:1.92%;--awb-width-small:100%;--awb-order-small:0;--awb-spacing-right-small:1.92%;--awb-spacing-left-small:1.92%;\"><div class=\"fusion-column-wrapper fusion-column-has-shadow fusion-flex-justify-content-flex-start fusion-content-layout-column\">\n<div class=\"table-1 margin-bottom-20\">\n<table width=\"100%\">\n<thead>\n<tr>\n<th style=\"text-align: center;\" align=\"left\">105<br \/> pa\u00eds de intervenci\u00f3n<\/th>\n<th style=\"text-align: center;\" align=\"left\">3.707<br \/> Proyectos implementados<\/th>\n<th style=\"text-align: center;\" align=\"left\">1.507<br \/> clientes internacionales<\/th>\n<\/tr>\n<\/thead>\n<\/table>\n<\/div>\n<\/div><\/div>\n<\/div><\/div><div class=\"fusion-fullwidth fullwidth-box fusion-builder-row-4 fusion-flex-container nonhundred-percent-fullwidth non-hundred-percent-height-scrolling container-blanc\" style=\"--awb-border-radius-top-left:0px;--awb-border-radius-top-right:0px;--awb-border-radius-bottom-right:0px;--awb-border-radius-bottom-left:0px;--awb-flex-wrap:wrap;\" ><div class=\"fusion-builder-row fusion-row fusion-flex-align-items-center fusion-flex-justify-content-center fusion-flex-content-wrap\" style=\"max-width:1040px;margin-left: calc(-4% \/ 2 );margin-right: calc(-4% \/ 2 );\"><div class=\"fusion-layout-column fusion_builder_column fusion-builder-column-5 fusion_builder_column_1_1 1_1 fusion-flex-column\" style=\"--awb-bg-size:cover;--awb-width-large:100%;--awb-margin-top-large:0px;--awb-spacing-right-large:1.92%;--awb-margin-bottom-large:10px;--awb-spacing-left-large:1.92%;--awb-width-medium:100%;--awb-order-medium:0;--awb-spacing-right-medium:1.92%;--awb-spacing-left-medium:1.92%;--awb-width-small:100%;--awb-order-small:0;--awb-spacing-right-small:1.92%;--awb-spacing-left-small:1.92%;\"><div class=\"fusion-column-wrapper fusion-column-has-shadow fusion-flex-justify-content-flex-start fusion-content-layout-column\"><div class=\"fusion-text fusion-text-6\" style=\"--awb-content-alignment:center;\"><h2>\u00bfPor qu\u00e9 unirse a METAL DEPLOYE RESISTOR?<\/h2>\n<\/div><div class=\"fusion-text fusion-text-7\" style=\"--awb-content-alignment:left;\"><p>Unirse a METAL DEPLOYE RESISTOR significa:<\/p>\n<ul>\n<li><strong>Participe<\/strong> en el crecimiento de uno de los l\u00edderes en resistencias de potencia el\u00e9ctrica<\/li>\n<li><strong>Desarrolle<\/strong> sus habilidades y experiencia en un entorno din\u00e1mico y en crecimiento.<\/li>\n<li><strong>Integrando<\/strong> una de las entidades industriales m\u00e1s emblem\u00e1ticas con influencia multicultural<\/li>\n<\/ul>\n<p>Ustedes son actores en su carrera, motivados por la idea de responder a fuertes ambiciones, sensibles al universo industrial y t\u00e9cnico, compartiendo nuestros valores de ambici\u00f3n, compromiso y apertura al mundo&#8230;<\/p>\n<\/div><\/div><\/div><div class=\"fusion-layout-column fusion_builder_column fusion-builder-column-6 fusion_builder_column_1_2 1_2 fusion-flex-column hidden\" style=\"--awb-bg-size:cover;--awb-width-large:50%;--awb-margin-top-large:0px;--awb-spacing-right-large:3.84%;--awb-margin-bottom-large:10px;--awb-spacing-left-large:3.84%;--awb-width-medium:100%;--awb-order-medium:0;--awb-spacing-right-medium:1.92%;--awb-spacing-left-medium:1.92%;--awb-width-small:100%;--awb-order-small:0;--awb-spacing-right-small:1.92%;--awb-spacing-left-small:1.92%;\"><div class=\"fusion-column-wrapper fusion-column-has-shadow fusion-flex-justify-content-flex-start fusion-content-layout-column\"><div class=\"fusion-image-element \" style=\"text-align:center;--awb-caption-title-font-family:var(--h2_typography-font-family);--awb-caption-title-font-weight:var(--h2_typography-font-weight);--awb-caption-title-font-style:var(--h2_typography-font-style);--awb-caption-title-size:var(--h2_typography-font-size);--awb-caption-title-transform:var(--h2_typography-text-transform);--awb-caption-title-line-height:var(--h2_typography-line-height);--awb-caption-title-letter-spacing:var(--h2_typography-letter-spacing);\"><span class=\" fusion-imageframe imageframe-none imageframe-2 hover-type-none\"><img decoding=\"async\" width=\"756\" height=\"468\" title=\"temoignage-mdr\" src=\"https:\/\/www.mdresistor.com\/wp-content\/uploads\/2020\/12\/temoignage-mdr.png\" alt class=\"img-responsive wp-image-7139\" srcset=\"https:\/\/www.mdresistor.com\/wp-content\/uploads\/2020\/12\/temoignage-mdr-200x124.png 200w, https:\/\/www.mdresistor.com\/wp-content\/uploads\/2020\/12\/temoignage-mdr-400x248.png 400w, https:\/\/www.mdresistor.com\/wp-content\/uploads\/2020\/12\/temoignage-mdr-600x371.png 600w, https:\/\/www.mdresistor.com\/wp-content\/uploads\/2020\/12\/temoignage-mdr.png 756w\" sizes=\"(max-width: 1024px) 100vw, (max-width: 640px) 100vw, 600px\" \/><\/span><\/div><\/div><\/div><div class=\"fusion-layout-column fusion_builder_column fusion-builder-column-7 fusion_builder_column_1_2 1_2 fusion-flex-column hidden\" style=\"--awb-bg-size:cover;--awb-width-large:50%;--awb-margin-top-large:0px;--awb-spacing-right-large:3.84%;--awb-margin-bottom-large:10px;--awb-spacing-left-large:3.84%;--awb-width-medium:100%;--awb-order-medium:0;--awb-spacing-right-medium:1.92%;--awb-spacing-left-medium:1.92%;--awb-width-small:100%;--awb-order-small:0;--awb-spacing-right-small:1.92%;--awb-spacing-left-small:1.92%;\"><div class=\"fusion-column-wrapper fusion-column-has-shadow fusion-flex-justify-content-flex-start fusion-content-layout-column\"><div class=\"fusion-text fusion-text-8\" style=\"--awb-content-alignment:left;\"><h3>Nuestros empleados son nuestra riqueza<\/h3>\n<p>Guillaume Poizat, ingeniero de I+D RESISTENCIA DE DESPLIEGUE MET\u00c1LICO<br \/>\n \u201cI+D en el coraz\u00f3n de la empresa\u201d.<\/p>\n<\/div><div ><a class=\"fusion-button button-flat fusion-button-default-size button-default fusion-button-default button-1 fusion-button-default-span fusion-button-default-type\" target=\"_blank\" rel=\"noopener noreferrer\" href=\"https:\/\/www.mdresistor.com\/wp-content\/uploads\/2020\/12\/Interview-G.Poizat.pdf\"><span class=\"fusion-button-text awb-button__text awb-button__text--default\">Leer el art\u00edculo<\/span><\/a><\/div><\/div><\/div><\/div><\/div><div class=\"fusion-fullwidth fullwidth-box fusion-builder-row-5 fusion-flex-container nonhundred-percent-fullwidth non-hundred-percent-height-scrolling container-gris\" style=\"--awb-border-radius-top-left:0px;--awb-border-radius-top-right:0px;--awb-border-radius-bottom-right:0px;--awb-border-radius-bottom-left:0px;--awb-flex-wrap:wrap;\" ><div class=\"fusion-builder-row fusion-row fusion-flex-align-items-center fusion-flex-justify-content-center fusion-flex-content-wrap\" style=\"max-width:1040px;margin-left: calc(-4% \/ 2 );margin-right: calc(-4% \/ 2 );\"><div class=\"fusion-layout-column fusion_builder_column fusion-builder-column-8 fusion_builder_column_1_1 1_1 fusion-flex-column\" style=\"--awb-bg-size:cover;--awb-width-large:100%;--awb-margin-top-large:0px;--awb-spacing-right-large:1.92%;--awb-margin-bottom-large:10px;--awb-spacing-left-large:1.92%;--awb-width-medium:100%;--awb-order-medium:0;--awb-spacing-right-medium:1.92%;--awb-spacing-left-medium:1.92%;--awb-width-small:100%;--awb-order-small:0;--awb-spacing-right-small:1.92%;--awb-spacing-left-small:1.92%;\"><div class=\"fusion-column-wrapper fusion-column-has-shadow fusion-flex-justify-content-flex-start fusion-content-layout-column\"><div class=\"fusion-text fusion-text-9\" style=\"--awb-content-alignment:center;\"><h2>Aprendices, j\u00f3venes graduados, gerentes experimentados: sus perfiles satisfacen nuestras necesidades. Nuestras ofertas est\u00e1n hechas para ti<\/h2>\n<\/div><div class=\"fusion-text fusion-text-10\" style=\"--awb-content-alignment:left;\"><p>METAL DEPLOYE RESISTOR presta especial atenci\u00f3n a su pol\u00edtica de recursos humanos con especial atenci\u00f3n a la integraci\u00f3n y desarrollo de sus empleados.<\/p>\n<p>Te invitamos a leer nuestro <a href=\"https:\/\/www.mdresistor.com\/wp-content\/synthese-plan-action-Egalite-Professionnelle.pdf\" target=\"_blank\" rel=\"noopener noreferrer\">art\u00edculo sobre igualdad de g\u00e9nero en el trabajo<\/a> .<\/p>\n<h3>Consulta nuestras ofertas de pr\u00e1cticas<\/h3>\n<p>Estamos buscando regularmente nuevos perfiles de pasantes y estudiantes de estudio y trabajo en diferentes niveles.<\/p>\n<\/div><div class=\"fusion-text fusion-text-11\" style=\"--awb-content-alignment:left;\"><h3>Consulta nuestras ofertas de empleo<\/h3>\n<p>Estamos buscando regularmente nuevos colaboradores para funciones t\u00e9cnicas pero tambi\u00e9n para soporte.<br \/>\n<strong>Haz clic en el bot\u00f3n siguiente para descubrir nuestras ofertas y aplicar.<\/strong><\/p>\n<\/div><div ><a class=\"fusion-button button-flat fusion-button-default-size button-default fusion-button-default button-2 fusion-button-default-span fusion-button-default-type\" style=\"--awb-margin-bottom:20px;\" target=\"_blank\" rel=\"noopener noreferrer\" href=\"https:\/\/www.hellowork.com\/fr-fr\/entreprises\/metal-deploye-resistor-185005.html\"><i class=\"fa-arrow-right fas awb-button__icon awb-button__icon--default button-icon-left\" aria-hidden=\"true\"><\/i><span class=\"fusion-button-text awb-button__text awb-button__text--default\">Descubre todas nuestras ofertas<\/span><\/a><\/div><div class=\"fusion-text fusion-text-12\" style=\"--awb-content-alignment:left;\"><h3>\u00bfC\u00f3mo enviar una solicitud espont\u00e1nea?<\/h3>\n<p>Tu perfil puede interesarnos. Env\u00edanos tu CV acompa\u00f1ado de una presentaci\u00f3n detallando tus habilidades y tus motivaciones para unirte a METAL DEPLOYE RESISTOR.<\/p>\n<p>Su contacto &#8211; Nathalie G\u00e9rard &#8211; Directora de Recursos Humanos<br \/>\n<a href=\"mailto:nathalie.gerard@mdresistor.com\">nathalie.gerard@mdresistor.com<\/a><br \/>\n Por favor especificar en el asunto: \u201cSolicitud\u201d.<\/p>\n<\/div><\/div><\/div><\/div><\/div><\/p>\n","protected":false},"excerpt":{"rendered":"","protected":false},"author":1,"featured_media":0,"parent":0,"menu_order":0,"comment_status":"closed","ping_status":"closed","template":"100-width.php","meta":{"footnotes":""},"class_list":["post-7364","page","type-page","status-publish","hentry"],"yoast_head":"<!-- This site is optimized with the Yoast SEO plugin v27.6 - https:\/\/yoast.com\/product\/yoast-seo-wordpress\/ -->\n<title>Reclutamiento: \u00fanase a M\u00e9tal Deploye Resistor<\/title>\n<meta name=\"description\" content=\"Buscamos todo tipo de perfiles, desde funciones de apoyo y administrativas hasta las profesiones m\u00e1s t\u00e9cnicas, en nuestro Laboratorio de I+D+i\" \/>\n<meta name=\"robots\" content=\"index, follow, max-snippet:-1, max-image-preview:large, max-video-preview:-1\" \/>\n<link rel=\"canonical\" href=\"https:\/\/www.mdresistor.com\/es\/reclutamiento-y-recursos-humanos\/\" \/>\n<meta property=\"og:locale\" content=\"es_ES\" \/>\n<meta property=\"og:type\" content=\"article\" \/>\n<meta property=\"og:title\" content=\"Reclutamiento: \u00fanase a M\u00e9tal Deploye Resistor\" \/>\n<meta property=\"og:description\" content=\"Buscamos todo tipo de perfiles, desde funciones de apoyo y administrativas hasta las profesiones m\u00e1s t\u00e9cnicas, en nuestro Laboratorio de I+D+i\" \/>\n<meta property=\"og:url\" content=\"https:\/\/www.mdresistor.com\/es\/reclutamiento-y-recursos-humanos\/\" \/>\n<meta property=\"og:site_name\" content=\"MDResistor\" \/>\n<meta property=\"article:modified_time\" content=\"2026-02-12T01:15:48+00:00\" \/>\n<meta name=\"twitter:card\" content=\"summary_large_image\" \/>\n<meta name=\"twitter:label1\" content=\"Tiempo de lectura\" \/>\n\t<meta name=\"twitter:data1\" content=\"26 minutos\" \/>\n<script type=\"application\/ld+json\" class=\"yoast-schema-graph\">{\"@context\":\"https:\\\/\\\/schema.org\",\"@graph\":[{\"@type\":\"WebPage\",\"@id\":\"https:\\\/\\\/www.mdresistor.com\\\/es\\\/reclutamiento-y-recursos-humanos\\\/\",\"url\":\"https:\\\/\\\/www.mdresistor.com\\\/es\\\/reclutamiento-y-recursos-humanos\\\/\",\"name\":\"Reclutamiento: \u00fanase a M\u00e9tal Deploye Resistor\",\"isPartOf\":{\"@id\":\"https:\\\/\\\/www.mdresistor.com\\\/es\\\/#website\"},\"datePublished\":\"2020-12-04T17:04:04+00:00\",\"dateModified\":\"2026-02-12T01:15:48+00:00\",\"description\":\"Buscamos todo tipo de perfiles, desde funciones de apoyo y administrativas hasta las profesiones m\u00e1s t\u00e9cnicas, en nuestro Laboratorio de I+D+i\",\"inLanguage\":\"es\",\"potentialAction\":[{\"@type\":\"ReadAction\",\"target\":[\"https:\\\/\\\/www.mdresistor.com\\\/es\\\/reclutamiento-y-recursos-humanos\\\/\"]}]},{\"@type\":\"WebSite\",\"@id\":\"https:\\\/\\\/www.mdresistor.com\\\/es\\\/#website\",\"url\":\"https:\\\/\\\/www.mdresistor.com\\\/es\\\/\",\"name\":\"MDResistor\",\"description\":\"\",\"potentialAction\":[{\"@type\":\"SearchAction\",\"target\":{\"@type\":\"EntryPoint\",\"urlTemplate\":\"https:\\\/\\\/www.mdresistor.com\\\/es\\\/?s={search_term_string}\"},\"query-input\":{\"@type\":\"PropertyValueSpecification\",\"valueRequired\":true,\"valueName\":\"search_term_string\"}}],\"inLanguage\":\"es\"}]}<\/script>\n<!-- \/ Yoast SEO plugin. -->","yoast_head_json":{"title":"Reclutamiento: \u00fanase a M\u00e9tal Deploye Resistor","description":"Buscamos todo tipo de perfiles, desde funciones de apoyo y administrativas hasta las profesiones m\u00e1s t\u00e9cnicas, en nuestro Laboratorio de I+D+i","robots":{"index":"index","follow":"follow","max-snippet":"max-snippet:-1","max-image-preview":"max-image-preview:large","max-video-preview":"max-video-preview:-1"},"canonical":"https:\/\/www.mdresistor.com\/es\/reclutamiento-y-recursos-humanos\/","og_locale":"es_ES","og_type":"article","og_title":"Reclutamiento: \u00fanase a M\u00e9tal Deploye Resistor","og_description":"Buscamos todo tipo de perfiles, desde funciones de apoyo y administrativas hasta las profesiones m\u00e1s t\u00e9cnicas, en nuestro Laboratorio de I+D+i","og_url":"https:\/\/www.mdresistor.com\/es\/reclutamiento-y-recursos-humanos\/","og_site_name":"MDResistor","article_modified_time":"2026-02-12T01:15:48+00:00","twitter_card":"summary_large_image","twitter_misc":{"Tiempo de lectura":"26 minutos"},"schema":{"@context":"https:\/\/schema.org","@graph":[{"@type":"WebPage","@id":"https:\/\/www.mdresistor.com\/es\/reclutamiento-y-recursos-humanos\/","url":"https:\/\/www.mdresistor.com\/es\/reclutamiento-y-recursos-humanos\/","name":"Reclutamiento: \u00fanase a M\u00e9tal Deploye Resistor","isPartOf":{"@id":"https:\/\/www.mdresistor.com\/es\/#website"},"datePublished":"2020-12-04T17:04:04+00:00","dateModified":"2026-02-12T01:15:48+00:00","description":"Buscamos todo tipo de perfiles, desde funciones de apoyo y administrativas hasta las profesiones m\u00e1s t\u00e9cnicas, en nuestro Laboratorio de I+D+i","inLanguage":"es","potentialAction":[{"@type":"ReadAction","target":["https:\/\/www.mdresistor.com\/es\/reclutamiento-y-recursos-humanos\/"]}]},{"@type":"WebSite","@id":"https:\/\/www.mdresistor.com\/es\/#website","url":"https:\/\/www.mdresistor.com\/es\/","name":"MDResistor","description":"","potentialAction":[{"@type":"SearchAction","target":{"@type":"EntryPoint","urlTemplate":"https:\/\/www.mdresistor.com\/es\/?s={search_term_string}"},"query-input":{"@type":"PropertyValueSpecification","valueRequired":true,"valueName":"search_term_string"}}],"inLanguage":"es"}]}},"_links":{"self":[{"href":"https:\/\/www.mdresistor.com\/es\/wp-json\/wp\/v2\/pages\/7364","targetHints":{"allow":["GET"]}}],"collection":[{"href":"https:\/\/www.mdresistor.com\/es\/wp-json\/wp\/v2\/pages"}],"about":[{"href":"https:\/\/www.mdresistor.com\/es\/wp-json\/wp\/v2\/types\/page"}],"author":[{"embeddable":true,"href":"https:\/\/www.mdresistor.com\/es\/wp-json\/wp\/v2\/users\/1"}],"replies":[{"embeddable":true,"href":"https:\/\/www.mdresistor.com\/es\/wp-json\/wp\/v2\/comments?post=7364"}],"version-history":[{"count":5,"href":"https:\/\/www.mdresistor.com\/es\/wp-json\/wp\/v2\/pages\/7364\/revisions"}],"predecessor-version":[{"id":11065,"href":"https:\/\/www.mdresistor.com\/es\/wp-json\/wp\/v2\/pages\/7364\/revisions\/11065"}],"wp:attachment":[{"href":"https:\/\/www.mdresistor.com\/es\/wp-json\/wp\/v2\/media?parent=7364"}],"curies":[{"name":"wp","href":"https:\/\/api.w.org\/{rel}","templated":true}]}}