{"id":7374,"date":"2020-12-04T18:04:04","date_gmt":"2020-12-04T17:04:04","guid":{"rendered":"https:\/\/www.mdresistor.com\/puesta-en-servicio\/"},"modified":"2022-02-08T17:04:34","modified_gmt":"2022-02-08T16:04:34","slug":"puesta-en-servicio","status":"publish","type":"page","link":"https:\/\/www.mdresistor.com\/es\/puesta-en-servicio\/","title":{"rendered":"6.2 Puesta en marcha"},"content":{"rendered":"<p><div class=\"fusion-fullwidth fullwidth-box fusion-builder-row-1 fusion-flex-container nonhundred-percent-fullwidth non-hundred-percent-height-scrolling\" style=\"--awb-border-radius-top-left:0px;--awb-border-radius-top-right:0px;--awb-border-radius-bottom-right:0px;--awb-border-radius-bottom-left:0px;--awb-flex-wrap:wrap;\" ><div class=\"fusion-builder-row fusion-row fusion-flex-align-items-center fusion-flex-justify-content-center fusion-flex-content-wrap\" style=\"max-width:1040px;margin-left: calc(-4% \/ 2 );margin-right: calc(-4% \/ 2 );\"><div class=\"fusion-layout-column fusion_builder_column fusion-builder-column-0 fusion_builder_column_1_2 1_2 fusion-flex-column\" style=\"--awb-bg-size:cover;--awb-width-large:50%;--awb-margin-top-large:0px;--awb-spacing-right-large:3.84%;--awb-margin-bottom-large:10px;--awb-spacing-left-large:3.84%;--awb-width-medium:100%;--awb-order-medium:0;--awb-spacing-right-medium:1.92%;--awb-spacing-left-medium:1.92%;--awb-width-small:100%;--awb-order-small:0;--awb-spacing-right-small:1.92%;--awb-spacing-left-small:1.92%;\"><div class=\"fusion-column-wrapper fusion-column-has-shadow fusion-flex-justify-content-flex-start fusion-content-layout-column\"><div class=\"fusion-text fusion-text-1\"><h1>Puesta en marcha y asistencia en el uso de todas nuestras resistencias de potencia<\/h1>\n<\/div><div ><a class=\"fusion-button button-flat fusion-button-default-size button-default fusion-button-default button-1 fusion-button-default-span fusion-button-default-type\" target=\"_self\" href=\"https:\/\/www.mdresistor.com\/es\/contactar\/\"><span class=\"fusion-button-text awb-button__text awb-button__text--default\">Solicite una cotizaci\u00f3n<\/span><\/a><\/div>\n<\/div><\/div><div class=\"fusion-layout-column fusion_builder_column fusion-builder-column-1 fusion_builder_column_1_2 1_2 fusion-flex-column\" style=\"--awb-bg-size:cover;--awb-width-large:50%;--awb-margin-top-large:0px;--awb-spacing-right-large:3.84%;--awb-margin-bottom-large:10px;--awb-spacing-left-large:3.84%;--awb-width-medium:100%;--awb-order-medium:0;--awb-spacing-right-medium:1.92%;--awb-spacing-left-medium:1.92%;--awb-width-small:100%;--awb-order-small:0;--awb-spacing-right-small:1.92%;--awb-spacing-left-small:1.92%;\"><div class=\"fusion-column-wrapper fusion-column-has-shadow fusion-flex-justify-content-flex-start fusion-content-layout-column\"><div class=\"fusion-image-element \" style=\"text-align:center;--awb-caption-title-font-family:var(--h2_typography-font-family);--awb-caption-title-font-weight:var(--h2_typography-font-weight);--awb-caption-title-font-style:var(--h2_typography-font-style);--awb-caption-title-size:var(--h2_typography-font-size);--awb-caption-title-transform:var(--h2_typography-text-transform);--awb-caption-title-line-height:var(--h2_typography-line-height);--awb-caption-title-letter-spacing:var(--h2_typography-letter-spacing);\"><span class=\" fusion-imageframe imageframe-none imageframe-1 hover-type-none\"><img decoding=\"async\" width=\"600\" height=\"503\" title=\"mise-service-resistance-min\" src=\"https:\/\/www.mdresistor.com\/wp-content\/uploads\/2020\/12\/mise-service-resistance-min-600x503.jpg\" alt class=\"img-responsive wp-image-7106\" srcset=\"https:\/\/www.mdresistor.com\/wp-content\/uploads\/2020\/12\/mise-service-resistance-min-200x168.jpg 200w, https:\/\/www.mdresistor.com\/wp-content\/uploads\/2020\/12\/mise-service-resistance-min-400x335.jpg 400w, https:\/\/www.mdresistor.com\/wp-content\/uploads\/2020\/12\/mise-service-resistance-min-600x503.jpg 600w, https:\/\/www.mdresistor.com\/wp-content\/uploads\/2020\/12\/mise-service-resistance-min-800x671.jpg 800w, https:\/\/www.mdresistor.com\/wp-content\/uploads\/2020\/12\/mise-service-resistance-min.jpg 853w\" sizes=\"(max-width: 1024px) 100vw, (max-width: 640px) 100vw, 600px\" \/><\/span><\/div><\/div><\/div><\/div><\/div><div class=\"fusion-fullwidth fullwidth-box fusion-builder-row-2 fusion-flex-container nonhundred-percent-fullwidth non-hundred-percent-height-scrolling\" style=\"--awb-border-radius-top-left:0px;--awb-border-radius-top-right:0px;--awb-border-radius-bottom-right:0px;--awb-border-radius-bottom-left:0px;--awb-flex-wrap:wrap;\" id=\"un\" ><div class=\"fusion-builder-row fusion-row fusion-flex-align-items-center fusion-flex-justify-content-center fusion-flex-content-wrap\" style=\"max-width:1040px;margin-left: calc(-4% \/ 2 );margin-right: calc(-4% \/ 2 );\"><div class=\"fusion-layout-column fusion_builder_column fusion-builder-column-2 fusion_builder_column_1_1 1_1 fusion-flex-column\" style=\"--awb-bg-size:cover;--awb-width-large:100%;--awb-margin-top-large:0px;--awb-spacing-right-large:1.92%;--awb-margin-bottom-large:10px;--awb-spacing-left-large:1.92%;--awb-width-medium:100%;--awb-order-medium:0;--awb-spacing-right-medium:1.92%;--awb-spacing-left-medium:1.92%;--awb-width-small:100%;--awb-order-small:0;--awb-spacing-right-small:1.92%;--awb-spacing-left-small:1.92%;\"><div class=\"fusion-column-wrapper fusion-column-has-shadow fusion-flex-justify-content-flex-start fusion-content-layout-column\"><div class=\"fusion-text fusion-text-2\" style=\"--awb-content-alignment:left;\"><p>Para sus clientes en Francia y en todo el mundo, METAL DEPLOYE RESISTOR ofrece puesta en marcha y asistencia para el uso de toda su gama de productos&#8230;<\/p>\n<ul>\n<li><a href=\"https:\/\/www.mdresistor.com\/es\/bancos-de-carga\/\">banco de carga<\/a><\/li>\n<li><a href=\"https:\/\/www.mdresistor.com\/es\/motor-de-control\/\">resistencia de control de motores<\/a><\/li>\n<li><a href=\"https:\/\/www.mdresistor.com\/es\/resistencia-calefaccion-industrial\/\">Resistencia de calentamiento<\/a><\/li>\n<li><a href=\"https:\/\/www.mdresistor.com\/es\/resistencia-de-puesta-a-tierra\/\">Resistencia de tierra<\/a><\/li>\n<li><a href=\"https:\/\/www.mdresistor.com\/es\/resistencia-de-filtrado\/\">Resistencia de filtro<\/a><\/li>\n<\/ul>\n<p>METAL DEPLOYE RESISTOR, brinda una gama de servicios para satisfacer las necesidades de sus clientes.<\/p>\n<p>Estos son controles y verificaciones en cada etapa del proceso de instalaci\u00f3n del equipo:<\/p>\n<ul>\n<li>Comprobaci\u00f3n de la instalaci\u00f3n antes de encender<\/li>\n<li>Verificaci\u00f3n y control de la instalaci\u00f3n antes de la puesta en marcha<\/li>\n<li>Verificaci\u00f3n y control Hecho antes de energizar<\/li>\n<\/ul>\n<\/div><\/div><\/div><\/div><\/div><div class=\"fusion-fullwidth fullwidth-box fusion-builder-row-3 fusion-flex-container nonhundred-percent-fullwidth non-hundred-percent-height-scrolling container-gris\" style=\"--awb-border-radius-top-left:0px;--awb-border-radius-top-right:0px;--awb-border-radius-bottom-right:0px;--awb-border-radius-bottom-left:0px;--awb-flex-wrap:wrap;\" ><div class=\"fusion-builder-row fusion-row fusion-flex-align-items-center fusion-flex-justify-content-center fusion-flex-content-wrap\" style=\"max-width:1040px;margin-left: calc(-4% \/ 2 );margin-right: calc(-4% \/ 2 );\"><div class=\"fusion-layout-column fusion_builder_column fusion-builder-column-3 fusion_builder_column_1_1 1_1 fusion-flex-column\" style=\"--awb-bg-size:cover;--awb-width-large:100%;--awb-margin-top-large:0px;--awb-spacing-right-large:1.92%;--awb-margin-bottom-large:10px;--awb-spacing-left-large:1.92%;--awb-width-medium:100%;--awb-order-medium:0;--awb-spacing-right-medium:1.92%;--awb-spacing-left-medium:1.92%;--awb-width-small:100%;--awb-order-small:0;--awb-spacing-right-small:1.92%;--awb-spacing-left-small:1.92%;\"><div class=\"fusion-column-wrapper fusion-column-has-shadow fusion-flex-justify-content-flex-start fusion-content-layout-column\"><div class=\"fusion-text fusion-text-3\" style=\"--awb-content-alignment:center;\"><h2>Puesta en marcha de su equipo en el sitio y asistencia con el uso en cualquier parte del mundo<\/h2>\n<\/div><\/div><\/div><div class=\"fusion-layout-column fusion_builder_column fusion-builder-column-4 fusion_builder_column_1_2 1_2 fusion-flex-column\" style=\"--awb-bg-size:cover;--awb-width-large:50%;--awb-margin-top-large:0px;--awb-spacing-right-large:3.84%;--awb-margin-bottom-large:10px;--awb-spacing-left-large:3.84%;--awb-width-medium:100%;--awb-order-medium:0;--awb-spacing-right-medium:1.92%;--awb-spacing-left-medium:1.92%;--awb-width-small:100%;--awb-order-small:0;--awb-spacing-right-small:1.92%;--awb-spacing-left-small:1.92%;\"><div class=\"fusion-column-wrapper fusion-column-has-shadow fusion-flex-justify-content-flex-start fusion-content-layout-column\"><div class=\"fusion-image-element \" style=\"text-align:center;--awb-caption-title-font-family:var(--h2_typography-font-family);--awb-caption-title-font-weight:var(--h2_typography-font-weight);--awb-caption-title-font-style:var(--h2_typography-font-style);--awb-caption-title-size:var(--h2_typography-font-size);--awb-caption-title-transform:var(--h2_typography-text-transform);--awb-caption-title-line-height:var(--h2_typography-line-height);--awb-caption-title-letter-spacing:var(--h2_typography-letter-spacing);\"><span class=\" fusion-imageframe imageframe-none imageframe-2 hover-type-none\"><img decoding=\"async\" width=\"600\" height=\"400\" title=\"ing\u00e9nieur commercial dans usine industrielle-min\" src=\"https:\/\/www.mdresistor.com\/wp-content\/uploads\/2020\/12\/ingenieur-commercial-dans-usine-industrielle-min-600x400.jpg\" alt class=\"img-responsive wp-image-7090\" srcset=\"https:\/\/www.mdresistor.com\/wp-content\/uploads\/2020\/12\/ingenieur-commercial-dans-usine-industrielle-min-200x133.jpg 200w, https:\/\/www.mdresistor.com\/wp-content\/uploads\/2020\/12\/ingenieur-commercial-dans-usine-industrielle-min-400x267.jpg 400w, https:\/\/www.mdresistor.com\/wp-content\/uploads\/2020\/12\/ingenieur-commercial-dans-usine-industrielle-min-600x400.jpg 600w, https:\/\/www.mdresistor.com\/wp-content\/uploads\/2020\/12\/ingenieur-commercial-dans-usine-industrielle-min.jpg 800w\" sizes=\"(max-width: 1024px) 100vw, (max-width: 640px) 100vw, 600px\" \/><\/span><\/div><\/div><\/div><div class=\"fusion-layout-column fusion_builder_column fusion-builder-column-5 fusion_builder_column_1_2 1_2 fusion-flex-column\" style=\"--awb-bg-size:cover;--awb-width-large:50%;--awb-margin-top-large:0px;--awb-spacing-right-large:3.84%;--awb-margin-bottom-large:10px;--awb-spacing-left-large:3.84%;--awb-width-medium:100%;--awb-order-medium:0;--awb-spacing-right-medium:1.92%;--awb-spacing-left-medium:1.92%;--awb-width-small:100%;--awb-order-small:0;--awb-spacing-right-small:1.92%;--awb-spacing-left-small:1.92%;\"><div class=\"fusion-column-wrapper fusion-column-has-shadow fusion-flex-justify-content-flex-start fusion-content-layout-column\"><div class=\"fusion-text fusion-text-4\" style=\"--awb-content-alignment:left;\"><h3>Puesta en marcha de su equipo<\/h3>\n<p>Dentro de los servicios ofrecidos, la instalaci\u00f3n de sus equipos est\u00e1 a cargo de los ingenieros y t\u00e9cnicos de METAL DEPLOYE RESISTOR.<\/p>\n<p>El servicio incluye todos los pasos necesarios para la puesta en marcha operativa, en su sitio, en Francia e internacionalmente.<\/p>\n<ul>\n<li>Capacitaci\u00f3n de los operadores<\/li>\n<li>Asistencia de puesta en marcha<\/li>\n<li>Asistencia de pruebas peri\u00f3dicas.<\/li>\n<li>depuraci\u00f3n<\/li>\n<\/ul>\n<\/div><\/div><\/div><div class=\"fusion-layout-column fusion_builder_column fusion-builder-column-6 fusion_builder_column_1_1 1_1 fusion-flex-column\" style=\"--awb-bg-size:cover;--awb-width-large:100%;--awb-margin-top-large:0px;--awb-spacing-right-large:1.92%;--awb-margin-bottom-large:10px;--awb-spacing-left-large:1.92%;--awb-width-medium:100%;--awb-order-medium:0;--awb-spacing-right-medium:1.92%;--awb-spacing-left-medium:1.92%;--awb-width-small:100%;--awb-order-small:0;--awb-spacing-right-small:1.92%;--awb-spacing-left-small:1.92%;\"><div class=\"fusion-column-wrapper fusion-column-has-shadow fusion-flex-justify-content-flex-start fusion-content-layout-column\"><div class=\"fusion-text fusion-text-5\" style=\"--awb-content-alignment:left;\"><h3>Asistencia t\u00e9cnica para uso funcional<\/h3>\n<p>Los equipos de METAL DEPLOYE RESISTOR pueden tomar, en el sitio o de forma remota, los pedidos de su banco de carga y garantizar:<\/p>\n<ul>\n<li>Capacitaci\u00f3n de los operadores<\/li>\n<li>Asistencia de puesta en marcha<\/li>\n<li>Soporte de pruebas peri\u00f3dicas.<\/li>\n<li>depuraci\u00f3n<\/li>\n<\/ul>\n<p>Tambi\u00e9n es un seguimiento de mantenimiento: [lien Maintenance &#038; Technical support]<\/p>\n<ul>\n<li>Mantenimiento preventivo<\/li>\n<li>Puesta en marcha remota<\/li>\n<li>Ayuda del operador<\/li>\n<li>Actualizaci\u00f3n del programa de PLC<\/li>\n<\/ul>\n<\/div><\/div><\/div><div class=\"fusion-layout-column fusion_builder_column fusion-builder-column-7 fusion_builder_column_1_2 1_2 fusion-flex-column\" style=\"--awb-bg-size:cover;--awb-width-large:50%;--awb-margin-top-large:0px;--awb-spacing-right-large:3.84%;--awb-margin-bottom-large:10px;--awb-spacing-left-large:3.84%;--awb-width-medium:100%;--awb-order-medium:0;--awb-spacing-right-medium:1.92%;--awb-spacing-left-medium:1.92%;--awb-width-small:100%;--awb-order-small:0;--awb-spacing-right-small:1.92%;--awb-spacing-left-small:1.92%;\"><div class=\"fusion-column-wrapper fusion-column-has-shadow fusion-flex-justify-content-flex-start fusion-content-layout-column\"><div class=\"fusion-image-element \" style=\"text-align:center;--awb-caption-title-font-family:var(--h2_typography-font-family);--awb-caption-title-font-weight:var(--h2_typography-font-weight);--awb-caption-title-font-style:var(--h2_typography-font-style);--awb-caption-title-size:var(--h2_typography-font-size);--awb-caption-title-transform:var(--h2_typography-text-transform);--awb-caption-title-line-height:var(--h2_typography-line-height);--awb-caption-title-letter-spacing:var(--h2_typography-letter-spacing);\"><span class=\" fusion-imageframe imageframe-none imageframe-3 hover-type-none\"><img decoding=\"async\" width=\"600\" height=\"400\" title=\"Technologie Tisse Metal Deploye Resistor-min\" src=\"https:\/\/www.mdresistor.com\/wp-content\/uploads\/2020\/12\/Technologie-Tisse-Metal-Deploye-Resistor-min-600x400.jpg\" alt class=\"img-responsive wp-image-7105\" srcset=\"https:\/\/www.mdresistor.com\/wp-content\/uploads\/2020\/12\/Technologie-Tisse-Metal-Deploye-Resistor-min-200x133.jpg 200w, https:\/\/www.mdresistor.com\/wp-content\/uploads\/2020\/12\/Technologie-Tisse-Metal-Deploye-Resistor-min-400x267.jpg 400w, https:\/\/www.mdresistor.com\/wp-content\/uploads\/2020\/12\/Technologie-Tisse-Metal-Deploye-Resistor-min-600x400.jpg 600w, https:\/\/www.mdresistor.com\/wp-content\/uploads\/2020\/12\/Technologie-Tisse-Metal-Deploye-Resistor-min.jpg 800w\" sizes=\"(max-width: 1024px) 100vw, (max-width: 640px) 100vw, 600px\" \/><\/span><\/div><\/div><\/div><div class=\"fusion-layout-column fusion_builder_column fusion-builder-column-8 fusion_builder_column_1_2 1_2 fusion-flex-column\" style=\"--awb-bg-size:cover;--awb-width-large:50%;--awb-margin-top-large:0px;--awb-spacing-right-large:3.84%;--awb-margin-bottom-large:10px;--awb-spacing-left-large:3.84%;--awb-width-medium:100%;--awb-order-medium:0;--awb-spacing-right-medium:1.92%;--awb-spacing-left-medium:1.92%;--awb-width-small:100%;--awb-order-small:0;--awb-spacing-right-small:1.92%;--awb-spacing-left-small:1.92%;\"><div class=\"fusion-column-wrapper fusion-column-has-shadow fusion-flex-justify-content-flex-start fusion-content-layout-column\"><div class=\"fusion-text fusion-text-6\" style=\"--awb-content-alignment:left;\"><h3>Un servicio completo y calificado<\/h3>\n<ul>\n<li>3 a 4 d\u00edas m\u00e1ximo en obra con intervenci\u00f3n de una persona<\/li>\n<li>Control y verificaci\u00f3n de todas las resistencias<\/li>\n<li>Emisi\u00f3n de un informe<\/li>\n<li>Gastos de viaje y bienes<\/li>\n<\/ul>\n<p>LA RESISTENCIA METAL DEPLOYED satisface todo tipo de necesidades gracias a<\/p>\n<ul>\n<li>una gama est\u00e1ndar en evoluci\u00f3n<\/li>\n<li>productos espec\u00edficos<\/li>\n<\/ul>\n<\/div><\/div><\/div><div class=\"fusion-layout-column fusion_builder_column fusion-builder-column-9 fusion_builder_column_1_1 1_1 fusion-flex-column margin-bottom-20\" style=\"--awb-bg-size:cover;--awb-width-large:100%;--awb-margin-top-large:0px;--awb-spacing-right-large:1.92%;--awb-margin-bottom-large:10px;--awb-spacing-left-large:1.92%;--awb-width-medium:100%;--awb-order-medium:0;--awb-spacing-right-medium:1.92%;--awb-spacing-left-medium:1.92%;--awb-width-small:100%;--awb-order-small:0;--awb-spacing-right-small:1.92%;--awb-spacing-left-small:1.92%;\"><div class=\"fusion-column-wrapper fusion-column-has-shadow fusion-flex-justify-content-flex-start fusion-content-layout-column\">\n<div class=\"table-1 margin-bottom-20\">\n<table width=\"100%\">\n<thead>\n<tr>\n<th style=\"text-align: center;\" align=\"left\">105<br \/> pa\u00eds de intervenci\u00f3n<\/th>\n<th style=\"text-align: center;\" align=\"left\">3.707<br \/> Proyectos implementados<\/th>\n<th style=\"text-align: center;\" align=\"left\">1.507<br \/> clientes internacionales<\/th>\n<\/tr>\n<\/thead>\n<\/table>\n<\/div>\n<\/div><\/div>\n<\/div><\/div><\/p>\n","protected":false},"excerpt":{"rendered":"","protected":false},"author":1,"featured_media":0,"parent":0,"menu_order":0,"comment_status":"closed","ping_status":"closed","template":"100-width.php","meta":{"footnotes":""},"class_list":["post-7374","page","type-page","status-publish","hentry"],"yoast_head":"<!-- This site is optimized with the Yoast SEO plugin v27.5 - https:\/\/yoast.com\/product\/yoast-seo-wordpress\/ -->\n<title>Resistencias -Puesta en marcha- METAL DEPLOYE RESISTOR<\/title>\n<meta name=\"description\" content=\"Resistencias industriales: puesta en marcha in situ. Soporte para uso en cualquier parte del mundo. 80 a\u00f1os de experiencia.\" \/>\n<meta name=\"robots\" content=\"index, follow, max-snippet:-1, max-image-preview:large, max-video-preview:-1\" \/>\n<link rel=\"canonical\" href=\"https:\/\/www.mdresistor.com\/es\/puesta-en-servicio\/\" \/>\n<meta property=\"og:locale\" content=\"es_ES\" \/>\n<meta property=\"og:type\" content=\"article\" \/>\n<meta property=\"og:title\" content=\"Resistencias -Puesta en marcha- METAL DEPLOYE RESISTOR\" \/>\n<meta property=\"og:description\" content=\"Resistencias industriales: puesta en marcha in situ. Soporte para uso en cualquier parte del mundo. 80 a\u00f1os de experiencia.\" \/>\n<meta property=\"og:url\" content=\"https:\/\/www.mdresistor.com\/es\/puesta-en-servicio\/\" \/>\n<meta property=\"og:site_name\" content=\"MDResistor\" \/>\n<meta property=\"article:modified_time\" content=\"2022-02-08T16:04:34+00:00\" \/>\n<meta name=\"twitter:card\" content=\"summary_large_image\" \/>\n<meta name=\"twitter:label1\" content=\"Tiempo de lectura\" \/>\n\t<meta name=\"twitter:data1\" content=\"19 minutos\" \/>\n<script type=\"application\/ld+json\" class=\"yoast-schema-graph\">{\"@context\":\"https:\\\/\\\/schema.org\",\"@graph\":[{\"@type\":\"WebPage\",\"@id\":\"https:\\\/\\\/www.mdresistor.com\\\/es\\\/puesta-en-servicio\\\/\",\"url\":\"https:\\\/\\\/www.mdresistor.com\\\/es\\\/puesta-en-servicio\\\/\",\"name\":\"Resistencias -Puesta en marcha- METAL DEPLOYE RESISTOR\",\"isPartOf\":{\"@id\":\"https:\\\/\\\/www.mdresistor.com\\\/es\\\/#website\"},\"datePublished\":\"2020-12-04T17:04:04+00:00\",\"dateModified\":\"2022-02-08T16:04:34+00:00\",\"description\":\"Resistencias industriales: puesta en marcha in situ. Soporte para uso en cualquier parte del mundo. 80 a\u00f1os de experiencia.\",\"inLanguage\":\"es\",\"potentialAction\":[{\"@type\":\"ReadAction\",\"target\":[\"https:\\\/\\\/www.mdresistor.com\\\/es\\\/puesta-en-servicio\\\/\"]}]},{\"@type\":\"WebSite\",\"@id\":\"https:\\\/\\\/www.mdresistor.com\\\/es\\\/#website\",\"url\":\"https:\\\/\\\/www.mdresistor.com\\\/es\\\/\",\"name\":\"MDResistor\",\"description\":\"\",\"potentialAction\":[{\"@type\":\"SearchAction\",\"target\":{\"@type\":\"EntryPoint\",\"urlTemplate\":\"https:\\\/\\\/www.mdresistor.com\\\/es\\\/?s={search_term_string}\"},\"query-input\":{\"@type\":\"PropertyValueSpecification\",\"valueRequired\":true,\"valueName\":\"search_term_string\"}}],\"inLanguage\":\"es\"}]}<\/script>\n<!-- \/ Yoast SEO plugin. -->","yoast_head_json":{"title":"Resistencias -Puesta en marcha- METAL DEPLOYE RESISTOR","description":"Resistencias industriales: puesta en marcha in situ. Soporte para uso en cualquier parte del mundo. 80 a\u00f1os de experiencia.","robots":{"index":"index","follow":"follow","max-snippet":"max-snippet:-1","max-image-preview":"max-image-preview:large","max-video-preview":"max-video-preview:-1"},"canonical":"https:\/\/www.mdresistor.com\/es\/puesta-en-servicio\/","og_locale":"es_ES","og_type":"article","og_title":"Resistencias -Puesta en marcha- METAL DEPLOYE RESISTOR","og_description":"Resistencias industriales: puesta en marcha in situ. Soporte para uso en cualquier parte del mundo. 80 a\u00f1os de experiencia.","og_url":"https:\/\/www.mdresistor.com\/es\/puesta-en-servicio\/","og_site_name":"MDResistor","article_modified_time":"2022-02-08T16:04:34+00:00","twitter_card":"summary_large_image","twitter_misc":{"Tiempo de lectura":"19 minutos"},"schema":{"@context":"https:\/\/schema.org","@graph":[{"@type":"WebPage","@id":"https:\/\/www.mdresistor.com\/es\/puesta-en-servicio\/","url":"https:\/\/www.mdresistor.com\/es\/puesta-en-servicio\/","name":"Resistencias -Puesta en marcha- METAL DEPLOYE RESISTOR","isPartOf":{"@id":"https:\/\/www.mdresistor.com\/es\/#website"},"datePublished":"2020-12-04T17:04:04+00:00","dateModified":"2022-02-08T16:04:34+00:00","description":"Resistencias industriales: puesta en marcha in situ. Soporte para uso en cualquier parte del mundo. 80 a\u00f1os de experiencia.","inLanguage":"es","potentialAction":[{"@type":"ReadAction","target":["https:\/\/www.mdresistor.com\/es\/puesta-en-servicio\/"]}]},{"@type":"WebSite","@id":"https:\/\/www.mdresistor.com\/es\/#website","url":"https:\/\/www.mdresistor.com\/es\/","name":"MDResistor","description":"","potentialAction":[{"@type":"SearchAction","target":{"@type":"EntryPoint","urlTemplate":"https:\/\/www.mdresistor.com\/es\/?s={search_term_string}"},"query-input":{"@type":"PropertyValueSpecification","valueRequired":true,"valueName":"search_term_string"}}],"inLanguage":"es"}]}},"_links":{"self":[{"href":"https:\/\/www.mdresistor.com\/es\/wp-json\/wp\/v2\/pages\/7374","targetHints":{"allow":["GET"]}}],"collection":[{"href":"https:\/\/www.mdresistor.com\/es\/wp-json\/wp\/v2\/pages"}],"about":[{"href":"https:\/\/www.mdresistor.com\/es\/wp-json\/wp\/v2\/types\/page"}],"author":[{"embeddable":true,"href":"https:\/\/www.mdresistor.com\/es\/wp-json\/wp\/v2\/users\/1"}],"replies":[{"embeddable":true,"href":"https:\/\/www.mdresistor.com\/es\/wp-json\/wp\/v2\/comments?post=7374"}],"version-history":[{"count":2,"href":"https:\/\/www.mdresistor.com\/es\/wp-json\/wp\/v2\/pages\/7374\/revisions"}],"predecessor-version":[{"id":7377,"href":"https:\/\/www.mdresistor.com\/es\/wp-json\/wp\/v2\/pages\/7374\/revisions\/7377"}],"wp:attachment":[{"href":"https:\/\/www.mdresistor.com\/es\/wp-json\/wp\/v2\/media?parent=7374"}],"curies":[{"name":"wp","href":"https:\/\/api.w.org\/{rel}","templated":true}]}}