{"id":7384,"date":"2020-12-04T18:04:04","date_gmt":"2020-12-04T17:04:04","guid":{"rendered":"https:\/\/www.mdresistor.com\/utilidad\/"},"modified":"2022-02-08T17:04:36","modified_gmt":"2022-02-08T16:04:36","slug":"utilidad","status":"publish","type":"page","link":"https:\/\/www.mdresistor.com\/es\/utilidad\/","title":{"rendered":"8. Utilidad (red)"},"content":{"rendered":"<p><div class=\"fusion-fullwidth fullwidth-box fusion-builder-row-1 fusion-flex-container nonhundred-percent-fullwidth non-hundred-percent-height-scrolling\" style=\"--awb-border-radius-top-left:0px;--awb-border-radius-top-right:0px;--awb-border-radius-bottom-right:0px;--awb-border-radius-bottom-left:0px;--awb-flex-wrap:wrap;\" ><div class=\"fusion-builder-row fusion-row fusion-flex-align-items-center fusion-flex-justify-content-center fusion-flex-content-wrap\" style=\"max-width:1040px;margin-left: calc(-4% \/ 2 );margin-right: calc(-4% \/ 2 );\"><div class=\"fusion-layout-column fusion_builder_column fusion-builder-column-0 fusion_builder_column_1_2 1_2 fusion-flex-column\" style=\"--awb-bg-size:cover;--awb-width-large:50%;--awb-margin-top-large:0px;--awb-spacing-right-large:3.84%;--awb-margin-bottom-large:10px;--awb-spacing-left-large:3.84%;--awb-width-medium:100%;--awb-order-medium:0;--awb-spacing-right-medium:1.92%;--awb-spacing-left-medium:1.92%;--awb-width-small:100%;--awb-order-small:0;--awb-spacing-right-small:1.92%;--awb-spacing-left-small:1.92%;\"><div class=\"fusion-column-wrapper fusion-column-has-shadow fusion-flex-justify-content-flex-start fusion-content-layout-column\"><div class=\"fusion-text fusion-text-1\"><h1>Operadores de redes el\u00e9ctricas: actores a la vanguardia de las necesidades energ\u00e9ticas<\/h1>\n<\/div><div ><a class=\"fusion-button button-flat fusion-button-default-size button-default fusion-button-default button-1 fusion-button-default-span fusion-button-default-type\" target=\"_self\" href=\"https:\/\/www.mdresistor.com\/es\/contactar\/\"><span class=\"fusion-button-text awb-button__text awb-button__text--default\">Solicite una cotizaci\u00f3n<\/span><\/a><\/div>\n<\/div><\/div><div class=\"fusion-layout-column fusion_builder_column fusion-builder-column-1 fusion_builder_column_1_2 1_2 fusion-flex-column\" style=\"--awb-bg-size:cover;--awb-width-large:50%;--awb-margin-top-large:0px;--awb-spacing-right-large:3.84%;--awb-margin-bottom-large:10px;--awb-spacing-left-large:3.84%;--awb-width-medium:100%;--awb-order-medium:0;--awb-spacing-right-medium:1.92%;--awb-spacing-left-medium:1.92%;--awb-width-small:100%;--awb-order-small:0;--awb-spacing-right-small:1.92%;--awb-spacing-left-small:1.92%;\"><div class=\"fusion-column-wrapper fusion-column-has-shadow fusion-flex-justify-content-flex-start fusion-content-layout-column\"><div class=\"fusion-image-element \" style=\"text-align:center;--awb-caption-title-font-family:var(--h2_typography-font-family);--awb-caption-title-font-weight:var(--h2_typography-font-weight);--awb-caption-title-font-style:var(--h2_typography-font-style);--awb-caption-title-size:var(--h2_typography-font-size);--awb-caption-title-transform:var(--h2_typography-text-transform);--awb-caption-title-line-height:var(--h2_typography-line-height);--awb-caption-title-letter-spacing:var(--h2_typography-letter-spacing);\"><span class=\" fusion-imageframe imageframe-none imageframe-1 hover-type-none\"><img decoding=\"async\" width=\"800\" height=\"518\" alt=\"Torre el\u00e9ctrica de alta tensi\u00f3n\" title=\"tour de haute tension electrique-min\" src=\"https:\/\/www.mdresistor.com\/wp-content\/uploads\/2020\/12\/tour-de-haute-tension-electrique-min-1.jpg\" class=\"img-responsive wp-image-7022\" srcset=\"https:\/\/www.mdresistor.com\/wp-content\/uploads\/2020\/12\/tour-de-haute-tension-electrique-min-1-200x130.jpg 200w, https:\/\/www.mdresistor.com\/wp-content\/uploads\/2020\/12\/tour-de-haute-tension-electrique-min-1-400x259.jpg 400w, https:\/\/www.mdresistor.com\/wp-content\/uploads\/2020\/12\/tour-de-haute-tension-electrique-min-1-600x389.jpg 600w, https:\/\/www.mdresistor.com\/wp-content\/uploads\/2020\/12\/tour-de-haute-tension-electrique-min-1.jpg 800w\" sizes=\"(max-width: 1024px) 100vw, (max-width: 640px) 100vw, 600px\" \/><\/span><\/div><\/div><\/div><\/div><\/div><div class=\"fusion-fullwidth fullwidth-box fusion-builder-row-2 fusion-flex-container nonhundred-percent-fullwidth non-hundred-percent-height-scrolling\" style=\"--awb-border-radius-top-left:0px;--awb-border-radius-top-right:0px;--awb-border-radius-bottom-right:0px;--awb-border-radius-bottom-left:0px;--awb-flex-wrap:wrap;\" id=\"un\" ><div class=\"fusion-builder-row fusion-row fusion-flex-align-items-center fusion-flex-justify-content-center fusion-flex-content-wrap\" style=\"max-width:1040px;margin-left: calc(-4% \/ 2 );margin-right: calc(-4% \/ 2 );\"><div class=\"fusion-layout-column fusion_builder_column fusion-builder-column-2 fusion_builder_column_1_1 1_1 fusion-flex-column\" style=\"--awb-bg-size:cover;--awb-width-large:100%;--awb-margin-top-large:0px;--awb-spacing-right-large:1.92%;--awb-margin-bottom-large:10px;--awb-spacing-left-large:1.92%;--awb-width-medium:100%;--awb-order-medium:0;--awb-spacing-right-medium:1.92%;--awb-spacing-left-medium:1.92%;--awb-width-small:100%;--awb-order-small:0;--awb-spacing-right-small:1.92%;--awb-spacing-left-small:1.92%;\"><div class=\"fusion-column-wrapper fusion-column-has-shadow fusion-flex-justify-content-flex-start fusion-content-layout-column\"><div class=\"fusion-text fusion-text-2\" style=\"--awb-content-alignment:left;\"><p>En la mayor\u00eda de los pa\u00edses desarrollados, los sistemas el\u00e9ctricos se encuentran ahora bajo una fuerte presi\u00f3n. Entre la compleja integraci\u00f3n de las energ\u00edas renovables, el desarrollo de medios de producci\u00f3n y almacenamiento descentralizados, la llegada de las \u00abredes inteligentes\u00bb, la aspiraci\u00f3n de los ciudadanos a la autonom\u00eda energ\u00e9tica y al autoconsumo,&#8230; son factores que dificultan los retos de Redes de distribuci\u00f3n el\u00e9ctrica actuales y futuras.<\/p>\n<p>Bajo el efecto de la doble transici\u00f3n digital y ecol\u00f3gica, no faltan los retos para los gestores de redes el\u00e9ctricas: producci\u00f3n, transmisi\u00f3n y distribuci\u00f3n.<\/p>\n<p>Como compradores de la transmisi\u00f3n de corriente al cliente final, los operadores de redes el\u00e9ctricas est\u00e1n en primera l\u00ednea. METAL DEPLOYE RESISTOR, se posiciona como socio t\u00e9cnico, frente a las solicitudes de instalaci\u00f3n de resistencias, en Francia y en todo el mundo: resistencias de puesta a tierra, bancos de carga y resistencias de filtro.<\/p>\n<\/div><\/div><\/div><\/div><\/div><div class=\"fusion-fullwidth fullwidth-box fusion-builder-row-3 fusion-flex-container nonhundred-percent-fullwidth non-hundred-percent-height-scrolling container-gris\" style=\"--awb-border-radius-top-left:0px;--awb-border-radius-top-right:0px;--awb-border-radius-bottom-right:0px;--awb-border-radius-bottom-left:0px;--awb-flex-wrap:wrap;\" ><div class=\"fusion-builder-row fusion-row fusion-flex-align-items-center fusion-flex-justify-content-center fusion-flex-content-wrap\" style=\"max-width:1040px;margin-left: calc(-4% \/ 2 );margin-right: calc(-4% \/ 2 );\"><div class=\"fusion-layout-column fusion_builder_column fusion-builder-column-3 fusion_builder_column_1_1 1_1 fusion-flex-column\" style=\"--awb-bg-size:cover;--awb-width-large:100%;--awb-margin-top-large:0px;--awb-spacing-right-large:1.92%;--awb-margin-bottom-large:10px;--awb-spacing-left-large:1.92%;--awb-width-medium:100%;--awb-order-medium:0;--awb-spacing-right-medium:1.92%;--awb-spacing-left-medium:1.92%;--awb-width-small:100%;--awb-order-small:0;--awb-spacing-right-small:1.92%;--awb-spacing-left-small:1.92%;\"><div class=\"fusion-column-wrapper fusion-column-has-shadow fusion-flex-justify-content-flex-start fusion-content-layout-column\"><div class=\"fusion-text fusion-text-3\" style=\"--awb-content-alignment:center;\"><h2>Resistencias como respuesta a las exigentes necesidades de los gestores de redes el\u00e9ctricas<\/h2>\n<\/div><div class=\"fusion-image-element \" style=\"text-align:center;--awb-caption-title-font-family:var(--h2_typography-font-family);--awb-caption-title-font-weight:var(--h2_typography-font-weight);--awb-caption-title-font-style:var(--h2_typography-font-style);--awb-caption-title-size:var(--h2_typography-font-size);--awb-caption-title-transform:var(--h2_typography-text-transform);--awb-caption-title-line-height:var(--h2_typography-line-height);--awb-caption-title-letter-spacing:var(--h2_typography-letter-spacing);\"><span class=\" fusion-imageframe imageframe-none imageframe-2 hover-type-none margin-bottom-10\"><img decoding=\"async\" width=\"1197\" height=\"351\" alt=\"Torres de alambre de alta presi\u00f3n\" title=\"Tour de fil haute pression-min\" src=\"https:\/\/www.mdresistor.com\/wp-content\/uploads\/2020\/12\/Tour-de-fil-haute-pression-min-2.jpg\" class=\"img-responsive wp-image-7126\" srcset=\"https:\/\/www.mdresistor.com\/wp-content\/uploads\/2020\/12\/Tour-de-fil-haute-pression-min-2-200x59.jpg 200w, https:\/\/www.mdresistor.com\/wp-content\/uploads\/2020\/12\/Tour-de-fil-haute-pression-min-2-400x117.jpg 400w, https:\/\/www.mdresistor.com\/wp-content\/uploads\/2020\/12\/Tour-de-fil-haute-pression-min-2-600x176.jpg 600w, https:\/\/www.mdresistor.com\/wp-content\/uploads\/2020\/12\/Tour-de-fil-haute-pression-min-2-800x235.jpg 800w, https:\/\/www.mdresistor.com\/wp-content\/uploads\/2020\/12\/Tour-de-fil-haute-pression-min-2.jpg 1197w\" sizes=\"(max-width: 1024px) 100vw, (max-width: 640px) 100vw, 1197px\" \/><\/span><\/div><div class=\"fusion-text fusion-text-4\" style=\"--awb-content-alignment:left;\"><p>En el contexto de su entorno restrictivo y sus especificaciones precisas, muchos operadores de redes el\u00e9ctricas requieren la instalaci\u00f3n de resistencias.<\/p>\n<p>Existen 3 tipos de resistencias, \u00fatiles en el sector de la distribuci\u00f3n el\u00e9ctrica:<\/p>\n<h3>Resistencias de Puesta a Tierra \u2013 MALT: la seguridad de las instalaciones y de las personas<\/h3>\n<p>La resistencia de puesta a tierra brinda protecci\u00f3n repetitiva y permanente a las subestaciones y sus componentes. Esto evita costosas reparaciones o reemplazos.<\/p>\n<p>De hecho, la mayor\u00eda de las redes de distribuci\u00f3n el\u00e9ctrica tienen un neutro conectado a tierra en el que se desarrollar\u00eda una corriente muy alta en caso de falla. Para evitar los destrozos y perturbaciones que podr\u00eda ocasionar, se intercala <a href=\"https:\/\/www.mdresistor.com\/es\/resistencia-de-puesta-a-tierra\/\">una resistencia de puesta a tierra<\/a> , entre neutro y tierra, para limitar esta corriente y dar tiempo a que los dispositivos de protecci\u00f3n act\u00faen autom\u00e1ticamente.<\/p>\n<h3>Resistencias de carga \u2013 Banco de carga: probar y mantener la energ\u00eda el\u00e9ctrica<\/h3>\n<p>Para garantizar la seguridad y el rendimiento de las instalaciones el\u00e9ctricas, es prioritario probar peri\u00f3dicamente los sistemas de producci\u00f3n de energ\u00eda existentes, con el fin de mantenerlos y comprobar su correcto funcionamiento: generadores, turbinas, bater\u00edas, inversores, etc.<\/p>\n<p>En los bancos de carga, destinados a grupos electr\u00f3genos, las resistencias entran en servicio cuando el grupo est\u00e1 funcionando a baja potencia y evitan el ensuciamiento de los motores di\u00e9sel.<\/p>\n<p>El uso de resistencias como <a href=\"https:\/\/www.mdresistor.com\/es\/bancos-de-carga\/\">bancos de carga<\/a> tambi\u00e9n es habitual para el mantenimiento de bater\u00edas de acumuladores, en laboratorios de electricidad y en telecomunicaciones.<\/p>\n<h3>Resistencias de filtro: asegurando las interconexiones de red &#8211; HVDC<\/h3>\n<p><a href=\"https:\/\/www.mdresistor.com\/es\/resistencia-de-filtrado\/\">Las resistencias de filtrado<\/a> est\u00e1n integradas en los filtros de arm\u00f3nicos para garantizar las interconexiones de la red &#8211; HVDC y para \u00abdescontaminar\u00bb o purificar los arm\u00f3nicos que perturban la se\u00f1al &#8211; SVC.<\/p>\n<p>Las interconexiones de redes de corriente continua, trenes de laminaci\u00f3n y, en general, todos los sistemas el\u00e9ctricos complejos con tiristores perturban las redes por generaciones de arm\u00f3nicos. Estos son suprimidos por filtros que comprenden resistencias de alto o medio voltaje.<\/p>\n<\/div><\/div><\/div><\/div><\/div><div class=\"fusion-fullwidth fullwidth-box fusion-builder-row-4 fusion-flex-container nonhundred-percent-fullwidth non-hundred-percent-height-scrolling container-blanc\" style=\"--awb-border-radius-top-left:0px;--awb-border-radius-top-right:0px;--awb-border-radius-bottom-right:0px;--awb-border-radius-bottom-left:0px;--awb-flex-wrap:wrap;\" ><div class=\"fusion-builder-row fusion-row fusion-flex-align-items-center fusion-flex-justify-content-center fusion-flex-content-wrap\" style=\"max-width:1040px;margin-left: calc(-4% \/ 2 );margin-right: calc(-4% \/ 2 );\"><div class=\"fusion-layout-column fusion_builder_column fusion-builder-column-4 fusion_builder_column_1_1 1_1 fusion-flex-column\" style=\"--awb-bg-size:cover;--awb-width-large:100%;--awb-margin-top-large:0px;--awb-spacing-right-large:1.92%;--awb-margin-bottom-large:10px;--awb-spacing-left-large:1.92%;--awb-width-medium:100%;--awb-order-medium:0;--awb-spacing-right-medium:1.92%;--awb-spacing-left-medium:1.92%;--awb-width-small:100%;--awb-order-small:0;--awb-spacing-right-small:1.92%;--awb-spacing-left-small:1.92%;\"><div class=\"fusion-column-wrapper fusion-column-has-shadow fusion-flex-justify-content-flex-start fusion-content-layout-column\"><div class=\"fusion-text fusion-text-5\" style=\"--awb-content-alignment:center;\"><h2>Los operadores de redes el\u00e9ctricas ya conf\u00edan en nosotros<\/h2>\n<\/div><div class=\"fusion-text fusion-text-6\" style=\"--awb-content-alignment:left;\"><p>En Francia y en el extranjero, M\u00c9TAL D\u00c9PLOY\u00c9 RESISTOR trabaja junto a productores, transmisores y distribuidores de energ\u00eda el\u00e9ctrica.<\/p>\n<ul>\n<li>EDF \/ RTE, Francia<\/li>\n<li>FEWA\/SEWA\/DEWA\/ADWEA, Emiratos \u00c1rabes Unidos<\/li>\n<li>SEC, Arabia Saudita<\/li>\n<li>KAHRAMAA, Catar<\/li>\n<li>Tennet, Alemania<\/li>\n<li>AEP, Tailandia<\/li>\n<li>EEB, Irlanda<\/li>\n<li>MEW, Kuwait<\/li>\n<li>Hydroquebec, Canad\u00e1<\/li>\n<li>MOE, Irak<\/li>\n<li>\u2026<\/li>\n<\/ul>\n<\/div><\/div><\/div><div class=\"fusion-layout-column fusion_builder_column fusion-builder-column-5 fusion_builder_column_1_1 1_1 fusion-flex-column margin-bottom-20\" style=\"--awb-bg-size:cover;--awb-width-large:100%;--awb-margin-top-large:0px;--awb-spacing-right-large:1.92%;--awb-margin-bottom-large:10px;--awb-spacing-left-large:1.92%;--awb-width-medium:100%;--awb-order-medium:0;--awb-spacing-right-medium:1.92%;--awb-spacing-left-medium:1.92%;--awb-width-small:100%;--awb-order-small:0;--awb-spacing-right-small:1.92%;--awb-spacing-left-small:1.92%;\"><div class=\"fusion-column-wrapper fusion-column-has-shadow fusion-flex-justify-content-flex-start fusion-content-layout-column\">\n<div class=\"table-1 margin-bottom-20\">\n<table width=\"100%\">\n<thead>\n<tr>\n<th style=\"text-align: center;\" align=\"left\">105<br \/> pa\u00eds de intervenci\u00f3n<\/th>\n<th style=\"text-align: center;\" align=\"left\">3.707<br \/> Proyectos implementados<\/th>\n<th style=\"text-align: center;\" align=\"left\">1.507<br \/> clientes internacionales<\/th>\n<\/tr>\n<\/thead>\n<\/table>\n<\/div>\n<\/div><\/div>\n<div class=\"fusion-layout-column fusion_builder_column fusion-builder-column-6 fusion_builder_column_4_5 4_5 fusion-flex-column mise-en-avant-mdr\" style=\"--awb-bg-size:cover;--awb-width-large:80%;--awb-margin-top-large:5%;--awb-spacing-right-large:2.4%;--awb-margin-bottom-large:10px;--awb-spacing-left-large:2.4%;--awb-width-medium:100%;--awb-order-medium:0;--awb-spacing-right-medium:1.92%;--awb-spacing-left-medium:1.92%;--awb-width-small:100%;--awb-order-small:0;--awb-spacing-right-small:1.92%;--awb-spacing-left-small:1.92%;\" data-scroll-devices=\"small-visibility,medium-visibility,large-visibility\"><div class=\"fusion-column-wrapper fusion-column-has-shadow fusion-flex-justify-content-flex-start fusion-content-layout-column\"><div class=\"fusion-text fusion-text-7 white\" style=\"--awb-content-alignment:center;\"><p>Dise\u00f1o y fabricaci\u00f3n francesa.<br \/> L\u00edder mundial en resistencias a medida<\/p>\n<\/div><div style=\"text-align:center;\"><a class=\"fusion-button button-flat fusion-button-default-size button-default fusion-button-default button-2 fusion-button-default-span fusion-button-default-type\" target=\"_self\" href=\"https:\/\/www.mdresistor.com\/es\/contactar\/\"><span class=\"fusion-button-text awb-button__text awb-button__text--default\">Reciba un presupuesto personalizado en 24 horas<\/span><\/a><\/div><\/div><\/div>\n<\/div><\/div><div class=\"fusion-fullwidth fullwidth-box fusion-builder-row-5 fusion-flex-container nonhundred-percent-fullwidth non-hundred-percent-height-scrolling container-gris\" style=\"--awb-border-radius-top-left:0px;--awb-border-radius-top-right:0px;--awb-border-radius-bottom-right:0px;--awb-border-radius-bottom-left:0px;--awb-flex-wrap:wrap;\" ><div class=\"fusion-builder-row fusion-row fusion-flex-align-items-center fusion-flex-justify-content-center fusion-flex-content-wrap\" style=\"max-width:1040px;margin-left: calc(-4% \/ 2 );margin-right: calc(-4% \/ 2 );\"><div class=\"fusion-layout-column fusion_builder_column fusion-builder-column-7 fusion_builder_column_1_1 1_1 fusion-flex-column\" style=\"--awb-bg-size:cover;--awb-width-large:100%;--awb-margin-top-large:0px;--awb-spacing-right-large:1.92%;--awb-margin-bottom-large:10px;--awb-spacing-left-large:1.92%;--awb-width-medium:100%;--awb-order-medium:0;--awb-spacing-right-medium:1.92%;--awb-spacing-left-medium:1.92%;--awb-width-small:100%;--awb-order-small:0;--awb-spacing-right-small:1.92%;--awb-spacing-left-small:1.92%;\"><div class=\"fusion-column-wrapper fusion-column-has-shadow fusion-flex-justify-content-flex-start fusion-content-layout-column\"><div class=\"fusion-text fusion-text-8\" style=\"--awb-content-alignment:center;\"><h2>Una gama de productos escalable para las necesidades de los gestores de redes el\u00e9ctricas<\/h2>\n<\/div><div class=\"fusion-text fusion-text-9\" style=\"--awb-content-alignment:left;\"><p>LA RESISTENCIA METAL DEPLOYED satisface todo tipo de necesidades gracias a<\/p>\n<ul>\n<li>una gama est\u00e1ndar en evoluci\u00f3n<\/li>\n<li>productos espec\u00edficos<\/li>\n<\/ul>\n<p>\u00bfCu\u00e1ndo comienza tu experiencia con METAL DEPLOYE RESISTOR?<\/p>\n<\/div><\/div><\/div><\/div><\/div><\/p>\n","protected":false},"excerpt":{"rendered":"","protected":false},"author":1,"featured_media":0,"parent":0,"menu_order":0,"comment_status":"closed","ping_status":"closed","template":"100-width.php","meta":{"footnotes":""},"class_list":["post-7384","page","type-page","status-publish","hentry"],"yoast_head":"<!-- This site is optimized with the Yoast SEO plugin v27.5 - https:\/\/yoast.com\/product\/yoast-seo-wordpress\/ -->\n<title>8. Utilidad (red)<\/title>\n<meta name=\"robots\" content=\"index, follow, max-snippet:-1, max-image-preview:large, max-video-preview:-1\" \/>\n<link rel=\"canonical\" href=\"https:\/\/www.mdresistor.com\/es\/utilidad\/\" \/>\n<meta property=\"og:locale\" content=\"es_ES\" \/>\n<meta property=\"og:type\" content=\"article\" \/>\n<meta property=\"og:title\" content=\"8. Utilidad (red)\" \/>\n<meta property=\"og:url\" content=\"https:\/\/www.mdresistor.com\/es\/utilidad\/\" \/>\n<meta property=\"og:site_name\" content=\"MDResistor\" \/>\n<meta property=\"article:modified_time\" content=\"2022-02-08T16:04:36+00:00\" \/>\n<meta name=\"twitter:card\" content=\"summary_large_image\" \/>\n<meta name=\"twitter:label1\" content=\"Tiempo de lectura\" \/>\n\t<meta name=\"twitter:data1\" content=\"20 minutos\" \/>\n<script type=\"application\/ld+json\" class=\"yoast-schema-graph\">{\"@context\":\"https:\\\/\\\/schema.org\",\"@graph\":[{\"@type\":\"WebPage\",\"@id\":\"https:\\\/\\\/www.mdresistor.com\\\/es\\\/utilidad\\\/\",\"url\":\"https:\\\/\\\/www.mdresistor.com\\\/es\\\/utilidad\\\/\",\"name\":\"8. Utilidad (red)\",\"isPartOf\":{\"@id\":\"https:\\\/\\\/www.mdresistor.com\\\/es\\\/#website\"},\"datePublished\":\"2020-12-04T17:04:04+00:00\",\"dateModified\":\"2022-02-08T16:04:36+00:00\",\"inLanguage\":\"es\",\"potentialAction\":[{\"@type\":\"ReadAction\",\"target\":[\"https:\\\/\\\/www.mdresistor.com\\\/es\\\/utilidad\\\/\"]}]},{\"@type\":\"WebSite\",\"@id\":\"https:\\\/\\\/www.mdresistor.com\\\/es\\\/#website\",\"url\":\"https:\\\/\\\/www.mdresistor.com\\\/es\\\/\",\"name\":\"MDResistor\",\"description\":\"\",\"potentialAction\":[{\"@type\":\"SearchAction\",\"target\":{\"@type\":\"EntryPoint\",\"urlTemplate\":\"https:\\\/\\\/www.mdresistor.com\\\/es\\\/?s={search_term_string}\"},\"query-input\":{\"@type\":\"PropertyValueSpecification\",\"valueRequired\":true,\"valueName\":\"search_term_string\"}}],\"inLanguage\":\"es\"}]}<\/script>\n<!-- \/ Yoast SEO plugin. -->","yoast_head_json":{"title":"8. Utilidad (red)","robots":{"index":"index","follow":"follow","max-snippet":"max-snippet:-1","max-image-preview":"max-image-preview:large","max-video-preview":"max-video-preview:-1"},"canonical":"https:\/\/www.mdresistor.com\/es\/utilidad\/","og_locale":"es_ES","og_type":"article","og_title":"8. Utilidad (red)","og_url":"https:\/\/www.mdresistor.com\/es\/utilidad\/","og_site_name":"MDResistor","article_modified_time":"2022-02-08T16:04:36+00:00","twitter_card":"summary_large_image","twitter_misc":{"Tiempo de lectura":"20 minutos"},"schema":{"@context":"https:\/\/schema.org","@graph":[{"@type":"WebPage","@id":"https:\/\/www.mdresistor.com\/es\/utilidad\/","url":"https:\/\/www.mdresistor.com\/es\/utilidad\/","name":"8. Utilidad (red)","isPartOf":{"@id":"https:\/\/www.mdresistor.com\/es\/#website"},"datePublished":"2020-12-04T17:04:04+00:00","dateModified":"2022-02-08T16:04:36+00:00","inLanguage":"es","potentialAction":[{"@type":"ReadAction","target":["https:\/\/www.mdresistor.com\/es\/utilidad\/"]}]},{"@type":"WebSite","@id":"https:\/\/www.mdresistor.com\/es\/#website","url":"https:\/\/www.mdresistor.com\/es\/","name":"MDResistor","description":"","potentialAction":[{"@type":"SearchAction","target":{"@type":"EntryPoint","urlTemplate":"https:\/\/www.mdresistor.com\/es\/?s={search_term_string}"},"query-input":{"@type":"PropertyValueSpecification","valueRequired":true,"valueName":"search_term_string"}}],"inLanguage":"es"}]}},"_links":{"self":[{"href":"https:\/\/www.mdresistor.com\/es\/wp-json\/wp\/v2\/pages\/7384","targetHints":{"allow":["GET"]}}],"collection":[{"href":"https:\/\/www.mdresistor.com\/es\/wp-json\/wp\/v2\/pages"}],"about":[{"href":"https:\/\/www.mdresistor.com\/es\/wp-json\/wp\/v2\/types\/page"}],"author":[{"embeddable":true,"href":"https:\/\/www.mdresistor.com\/es\/wp-json\/wp\/v2\/users\/1"}],"replies":[{"embeddable":true,"href":"https:\/\/www.mdresistor.com\/es\/wp-json\/wp\/v2\/comments?post=7384"}],"version-history":[{"count":2,"href":"https:\/\/www.mdresistor.com\/es\/wp-json\/wp\/v2\/pages\/7384\/revisions"}],"predecessor-version":[{"id":7386,"href":"https:\/\/www.mdresistor.com\/es\/wp-json\/wp\/v2\/pages\/7384\/revisions\/7386"}],"wp:attachment":[{"href":"https:\/\/www.mdresistor.com\/es\/wp-json\/wp\/v2\/media?parent=7384"}],"curies":[{"name":"wp","href":"https:\/\/api.w.org\/{rel}","templated":true}]}}