{"id":7392,"date":"2020-12-08T14:56:24","date_gmt":"2020-12-08T13:56:24","guid":{"rendered":"https:\/\/www.mdresistor.com\/resistencia-malta-puerto-maritimo\/"},"modified":"2022-02-08T17:05:05","modified_gmt":"2022-02-08T16:05:05","slug":"resistencia-malta-puerto-maritimo","status":"publish","type":"page","link":"https:\/\/www.mdresistor.com\/es\/resistencia-malta-puerto-maritimo\/","title":{"rendered":"2.3 Resistencia de puesta a tierra del neutro del puerto"},"content":{"rendered":"<p><div class=\"fusion-fullwidth fullwidth-box fusion-builder-row-1 fusion-flex-container nonhundred-percent-fullwidth non-hundred-percent-height-scrolling\" style=\"--awb-border-radius-top-left:0px;--awb-border-radius-top-right:0px;--awb-border-radius-bottom-right:0px;--awb-border-radius-bottom-left:0px;--awb-flex-wrap:wrap;\" ><div class=\"fusion-builder-row fusion-row fusion-flex-align-items-center fusion-flex-justify-content-center fusion-flex-content-wrap\" style=\"max-width:1040px;margin-left: calc(-4% \/ 2 );margin-right: calc(-4% \/ 2 );\"><div class=\"fusion-layout-column fusion_builder_column fusion-builder-column-0 fusion_builder_column_1_2 1_2 fusion-flex-column\" style=\"--awb-bg-size:cover;--awb-width-large:50%;--awb-margin-top-large:0px;--awb-spacing-right-large:3.84%;--awb-margin-bottom-large:10px;--awb-spacing-left-large:3.84%;--awb-width-medium:100%;--awb-order-medium:0;--awb-spacing-right-medium:1.92%;--awb-spacing-left-medium:1.92%;--awb-width-small:100%;--awb-order-small:0;--awb-spacing-right-small:1.92%;--awb-spacing-left-small:1.92%;\"><div class=\"fusion-column-wrapper fusion-column-has-shadow fusion-flex-justify-content-flex-start fusion-content-layout-column\"><div class=\"fusion-text fusion-text-1\"><h1>Resistencia de puesta a tierra \u2013 MALT, en puertos y muelles<\/h1>\n<\/div><div ><a class=\"fusion-button button-flat fusion-button-default-size button-default fusion-button-default button-1 fusion-button-default-span fusion-button-default-type\" target=\"_self\" href=\"https:\/\/www.mdresistor.com\/es\/contactar\/\"><span class=\"fusion-button-text awb-button__text awb-button__text--default\">Solicite una cotizaci\u00f3n<\/span><\/a><\/div>\n<\/div><\/div><div class=\"fusion-layout-column fusion_builder_column fusion-builder-column-1 fusion_builder_column_1_2 1_2 fusion-flex-column\" style=\"--awb-bg-size:cover;--awb-width-large:50%;--awb-margin-top-large:0px;--awb-spacing-right-large:3.84%;--awb-margin-bottom-large:10px;--awb-spacing-left-large:3.84%;--awb-width-medium:100%;--awb-order-medium:0;--awb-spacing-right-medium:1.92%;--awb-spacing-left-medium:1.92%;--awb-width-small:100%;--awb-order-small:0;--awb-spacing-right-small:1.92%;--awb-spacing-left-small:1.92%;\"><div class=\"fusion-column-wrapper fusion-column-has-shadow fusion-flex-justify-content-flex-start fusion-content-layout-column\"><div class=\"fusion-image-element \" style=\"text-align:center;--awb-caption-title-font-family:var(--h2_typography-font-family);--awb-caption-title-font-weight:var(--h2_typography-font-weight);--awb-caption-title-font-style:var(--h2_typography-font-style);--awb-caption-title-size:var(--h2_typography-font-size);--awb-caption-title-transform:var(--h2_typography-text-transform);--awb-caption-title-line-height:var(--h2_typography-line-height);--awb-caption-title-letter-spacing:var(--h2_typography-letter-spacing);\"><span class=\" fusion-imageframe imageframe-none imageframe-1 hover-type-none\"><img decoding=\"async\" width=\"800\" height=\"450\" alt=\"Puerto\" title=\"Port-min\" src=\"https:\/\/www.mdresistor.com\/wp-content\/uploads\/2020\/12\/Port-min-1.jpg\" class=\"img-responsive wp-image-7030\" srcset=\"https:\/\/www.mdresistor.com\/wp-content\/uploads\/2020\/12\/Port-min-1-200x113.jpg 200w, https:\/\/www.mdresistor.com\/wp-content\/uploads\/2020\/12\/Port-min-1-400x225.jpg 400w, https:\/\/www.mdresistor.com\/wp-content\/uploads\/2020\/12\/Port-min-1-600x338.jpg 600w, https:\/\/www.mdresistor.com\/wp-content\/uploads\/2020\/12\/Port-min-1.jpg 800w\" sizes=\"(max-width: 1024px) 100vw, (max-width: 640px) 100vw, 600px\" \/><\/span><\/div><\/div><\/div><\/div><\/div><div class=\"fusion-fullwidth fullwidth-box fusion-builder-row-2 fusion-flex-container nonhundred-percent-fullwidth non-hundred-percent-height-scrolling\" style=\"--awb-border-radius-top-left:0px;--awb-border-radius-top-right:0px;--awb-border-radius-bottom-right:0px;--awb-border-radius-bottom-left:0px;--awb-flex-wrap:wrap;\" id=\"un\" ><div class=\"fusion-builder-row fusion-row fusion-flex-align-items-center fusion-flex-justify-content-center fusion-flex-content-wrap\" style=\"max-width:1040px;margin-left: calc(-4% \/ 2 );margin-right: calc(-4% \/ 2 );\"><div class=\"fusion-layout-column fusion_builder_column fusion-builder-column-2 fusion_builder_column_1_1 1_1 fusion-flex-column\" style=\"--awb-bg-size:cover;--awb-width-large:100%;--awb-margin-top-large:0px;--awb-spacing-right-large:1.92%;--awb-margin-bottom-large:10px;--awb-spacing-left-large:1.92%;--awb-width-medium:100%;--awb-order-medium:0;--awb-spacing-right-medium:1.92%;--awb-spacing-left-medium:1.92%;--awb-width-small:100%;--awb-order-small:0;--awb-spacing-right-small:1.92%;--awb-spacing-left-small:1.92%;\"><div class=\"fusion-column-wrapper fusion-column-has-shadow fusion-flex-justify-content-flex-start fusion-content-layout-column\"><div class=\"fusion-text fusion-text-2\" style=\"--awb-content-alignment:left;\"><p>En el contexto de aplicaciones dedicadas a la Marina o incluso al equipamiento portuario, y al suministro de buques en escala, METAL DEPLOYE RESISTOR ofrece resistencias de puesta a tierra para sistemas de producci\u00f3n y distribuci\u00f3n el\u00e9ctrica avanzados y menos contaminantes.<\/p>\n<p>Para una gesti\u00f3n eficiente de la energ\u00eda, las resistencias de puesta a tierra METAL DEPLOYE RESISTOR \u2013 MALT, proporcionan:<\/p>\n<ul>\n<li>Fiabilidad<\/li>\n<li>Agilidad<\/li>\n<li>Seguridad<\/li>\n<\/ul>\n<\/div><div style=\"text-align:center;\"><a class=\"fusion-button button-flat fusion-button-default-size button-default fusion-button-default button-2 fusion-button-default-span fusion-button-default-type\" target=\"_blank\" rel=\"noopener noreferrer\" href=\"https:\/\/www.mdresistor.com\/es\/resistance-de-mise-a-la-terre_mdr_2020_fr-min-2\/\"><span class=\"fusion-button-text awb-button__text awb-button__text--default\">Descarga nuestro folleto<\/span><\/a><\/div><div class=\"fusion-text fusion-text-3\" style=\"--awb-content-alignment:left;\"><p class=\"ss-plaquette\">Resistencia de puesta a tierra (MALT)<\/p>\n<\/div><\/div><\/div><\/div><\/div><div class=\"fusion-fullwidth fullwidth-box fusion-builder-row-3 fusion-flex-container nonhundred-percent-fullwidth non-hundred-percent-height-scrolling container-gris\" style=\"--awb-border-radius-top-left:0px;--awb-border-radius-top-right:0px;--awb-border-radius-bottom-right:0px;--awb-border-radius-bottom-left:0px;--awb-flex-wrap:wrap;\" ><div class=\"fusion-builder-row fusion-row fusion-flex-align-items-center fusion-flex-justify-content-center fusion-flex-content-wrap\" style=\"max-width:1040px;margin-left: calc(-4% \/ 2 );margin-right: calc(-4% \/ 2 );\"><div class=\"fusion-layout-column fusion_builder_column fusion-builder-column-3 fusion_builder_column_1_1 1_1 fusion-flex-column\" style=\"--awb-bg-size:cover;--awb-width-large:100%;--awb-margin-top-large:0px;--awb-spacing-right-large:1.92%;--awb-margin-bottom-large:10px;--awb-spacing-left-large:1.92%;--awb-width-medium:100%;--awb-order-medium:0;--awb-spacing-right-medium:1.92%;--awb-spacing-left-medium:1.92%;--awb-width-small:100%;--awb-order-small:0;--awb-spacing-right-small:1.92%;--awb-spacing-left-small:1.92%;\"><div class=\"fusion-column-wrapper fusion-column-has-shadow fusion-flex-justify-content-flex-start fusion-content-layout-column\"><div class=\"fusion-text fusion-text-4\" style=\"--awb-content-alignment:center;\"><h2>\u00bfCu\u00e1les son los problemas t\u00e9cnicos cuando un barco est\u00e1 atracado en un puerto?<\/h2>\n<\/div><div class=\"fusion-text fusion-text-5\" style=\"--awb-content-alignment:left;\"><p>En los puertos, los imponentes cruceros e incluso los transatl\u00e1nticos o los buques militares y civiles, necesitan electricidad, en el momento de su llegada al muelle.<\/p>\n<p>Generalmente, las tripulaciones dejan los motores en marcha, lo que provoca una importante contaminaci\u00f3n y aumenta el riesgo de accidentes materiales y humanos.<\/p>\n<p>Hoy en d\u00eda, los puertos est\u00e1n cada vez m\u00e1s equipados con terminales de conexi\u00f3n. Este sistema de conexi\u00f3n requiere una resistencia de puesta a tierra.<\/p>\n<p>Los barcos pueden as\u00ed conectarse y recuperar electricidad directamente en contacto con estos terminales de conexi\u00f3n.<\/p>\n<p>Las resistencias MALT protegen el transformador que es capaz de suministrar la electricidad necesaria.<\/p>\n<h3>El sistema de puesta a tierra marina<\/h3>\n<p>Se recomienda una uni\u00f3n de ecualizaci\u00f3n de potencial de alta conductividad controlada, como un sistema de puesta a tierra marino.<\/p>\n<p>El sistema de puesta a tierra <a href=\"https:\/\/www.mdresistor.com\/es\/industrias-maritimas-offshore\/\"><strong>marino<\/strong><\/a> es un m\u00e9todo eficaz de reducci\u00f3n de riesgos y protecci\u00f3n contra explosiones, adem\u00e1s del aislamiento de bridas. Este sistema proporciona un mayor nivel de seguridad para el barco y en tierra.<\/p>\n<\/div><\/div><\/div><\/div><\/div><div class=\"fusion-fullwidth fullwidth-box fusion-builder-row-4 fusion-flex-container nonhundred-percent-fullwidth non-hundred-percent-height-scrolling container-blanc\" style=\"--awb-border-radius-top-left:0px;--awb-border-radius-top-right:0px;--awb-border-radius-bottom-right:0px;--awb-border-radius-bottom-left:0px;--awb-flex-wrap:wrap;\" ><div class=\"fusion-builder-row fusion-row fusion-flex-align-items-center fusion-flex-justify-content-center fusion-flex-content-wrap\" style=\"max-width:1040px;margin-left: calc(-4% \/ 2 );margin-right: calc(-4% \/ 2 );\"><div class=\"fusion-layout-column fusion_builder_column fusion-builder-column-4 fusion_builder_column_1_1 1_1 fusion-flex-column\" style=\"--awb-bg-size:cover;--awb-width-large:100%;--awb-margin-top-large:0px;--awb-spacing-right-large:1.92%;--awb-margin-bottom-large:10px;--awb-spacing-left-large:1.92%;--awb-width-medium:100%;--awb-order-medium:0;--awb-spacing-right-medium:1.92%;--awb-spacing-left-medium:1.92%;--awb-width-small:100%;--awb-order-small:0;--awb-spacing-right-small:1.92%;--awb-spacing-left-small:1.92%;\"><div class=\"fusion-column-wrapper fusion-column-has-shadow fusion-flex-justify-content-flex-start fusion-content-layout-column\"><div class=\"fusion-text fusion-text-6\" style=\"--awb-content-alignment:center;\"><h2>Conexi\u00f3n a tierra<\/h2>\n<\/div><div class=\"fusion-text fusion-text-7\" style=\"--awb-content-alignment:left;\"><p>Muchos barcos est\u00e1n equipados con un sistema de suministro de energ\u00eda el\u00e9ctrica en tierra para proporcionar energ\u00eda durante las escalas en los puertos.<\/p>\n<p>De esta forma se reducen las emisiones contaminantes y la contaminaci\u00f3n ac\u00fastica. Tambi\u00e9n es un paso hacia la descarbonizaci\u00f3n de los puertos, impulsada por regulaciones que han estado endureciendo los requisitos de emisiones relacionadas con el transporte durante muchos a\u00f1os.<\/p>\n<\/div><\/div><\/div><div class=\"fusion-layout-column fusion_builder_column fusion-builder-column-5 fusion_builder_column_1_2 1_2 fusion-flex-column\" style=\"--awb-bg-size:cover;--awb-width-large:50%;--awb-margin-top-large:0px;--awb-spacing-right-large:3.84%;--awb-margin-bottom-large:10px;--awb-spacing-left-large:3.84%;--awb-width-medium:100%;--awb-order-medium:0;--awb-spacing-right-medium:1.92%;--awb-spacing-left-medium:1.92%;--awb-width-small:100%;--awb-order-small:0;--awb-spacing-right-small:1.92%;--awb-spacing-left-small:1.92%;\"><div class=\"fusion-column-wrapper fusion-column-has-shadow fusion-flex-justify-content-flex-start fusion-content-layout-column\"><div class=\"fusion-image-element \" style=\"text-align:center;--awb-caption-title-font-family:var(--h2_typography-font-family);--awb-caption-title-font-weight:var(--h2_typography-font-weight);--awb-caption-title-font-style:var(--h2_typography-font-style);--awb-caption-title-size:var(--h2_typography-font-size);--awb-caption-title-transform:var(--h2_typography-text-transform);--awb-caption-title-line-height:var(--h2_typography-line-height);--awb-caption-title-letter-spacing:var(--h2_typography-letter-spacing);\"><span class=\" fusion-imageframe imageframe-none imageframe-2 hover-type-none\"><img decoding=\"async\" width=\"200\" height=\"272\" alt=\"Resistencia de tierra neutra MDR\" title=\"r\u00e9sistance de terre neutre mdresistor-min\" src=\"https:\/\/www.mdresistor.com\/wp-content\/uploads\/2020\/12\/resistance-de-terre-neutre-mdresistor-min-200x272.jpg\" class=\"img-responsive wp-image-7031\" srcset=\"https:\/\/www.mdresistor.com\/wp-content\/uploads\/2020\/12\/resistance-de-terre-neutre-mdresistor-min-200x272.jpg 200w, https:\/\/www.mdresistor.com\/wp-content\/uploads\/2020\/12\/resistance-de-terre-neutre-mdresistor-min-400x544.jpg 400w, https:\/\/www.mdresistor.com\/wp-content\/uploads\/2020\/12\/resistance-de-terre-neutre-mdresistor-min-600x815.jpg 600w, https:\/\/www.mdresistor.com\/wp-content\/uploads\/2020\/12\/resistance-de-terre-neutre-mdresistor-min.jpg 800w\" sizes=\"(max-width: 1024px) 100vw, (max-width: 640px) 100vw, 600px\" \/><\/span><\/div><\/div><\/div><div class=\"fusion-layout-column fusion_builder_column fusion-builder-column-6 fusion_builder_column_1_2 1_2 fusion-flex-column\" style=\"--awb-bg-size:cover;--awb-width-large:50%;--awb-margin-top-large:0px;--awb-spacing-right-large:3.84%;--awb-margin-bottom-large:10px;--awb-spacing-left-large:3.84%;--awb-width-medium:100%;--awb-order-medium:0;--awb-spacing-right-medium:1.92%;--awb-spacing-left-medium:1.92%;--awb-width-small:100%;--awb-order-small:0;--awb-spacing-right-small:1.92%;--awb-spacing-left-small:1.92%;\"><div class=\"fusion-column-wrapper fusion-column-has-shadow fusion-flex-justify-content-flex-start fusion-content-layout-column\"><div class=\"fusion-text fusion-text-8\" style=\"--awb-content-alignment:left;\"><p><strong><a href=\"https:\/\/www.mdresistor.com\/es\/resistencia-de-tierra-punto-neutro-resistencia\/\">Las resistencias de puesta<\/a><\/strong> a tierra cumplen plenamente su funci\u00f3n de:<\/p>\n<ul>\n<li><strong>Seguridad<\/strong> de equipos y personal de intervenci\u00f3n<\/li>\n<li><strong>Estandarizaci\u00f3n<\/strong> legislativa global<\/li>\n<li><strong>Protecci\u00f3n del medio ambiente<\/strong><\/li>\n<li><strong>Rendimiento t\u00e9cnico<\/strong> en un entorno exigente y restrictivo<\/li>\n<\/ul>\n<\/div><\/div><\/div><div class=\"fusion-layout-column fusion_builder_column fusion-builder-column-7 fusion_builder_column_1_1 1_1 fusion-flex-column\" style=\"--awb-bg-size:cover;--awb-width-large:100%;--awb-margin-top-large:0px;--awb-spacing-right-large:1.92%;--awb-margin-bottom-large:10px;--awb-spacing-left-large:1.92%;--awb-width-medium:100%;--awb-order-medium:0;--awb-spacing-right-medium:1.92%;--awb-spacing-left-medium:1.92%;--awb-width-small:100%;--awb-order-small:0;--awb-spacing-right-small:1.92%;--awb-spacing-left-small:1.92%;\"><div class=\"fusion-column-wrapper fusion-column-has-shadow fusion-flex-justify-content-flex-start fusion-content-layout-column\"><div class=\"fusion-text fusion-text-9\" style=\"--awb-content-alignment:left;\"><p>METAL DEPLOYE RESISTOR, est\u00e1 a su disposici\u00f3n para definir los par\u00e1metros espec\u00edficos relacionados con sus necesidades a trav\u00e9s de una amplia gama modular de resistencias de puesta a tierra.<\/p>\n<\/div><\/div><\/div><\/div><\/div><div class=\"fusion-fullwidth fullwidth-box fusion-builder-row-5 fusion-flex-container nonhundred-percent-fullwidth non-hundred-percent-height-scrolling container-gris noneh2 gamme-resistance\" style=\"--awb-border-radius-top-left:0px;--awb-border-radius-top-right:0px;--awb-border-radius-bottom-right:0px;--awb-border-radius-bottom-left:0px;--awb-flex-wrap:wrap;\" ><div class=\"fusion-builder-row fusion-row fusion-flex-align-items-center fusion-flex-justify-content-center fusion-flex-content-wrap\" style=\"max-width:1040px;margin-left: calc(-4% \/ 2 );margin-right: calc(-4% \/ 2 );\"><div class=\"fusion-layout-column fusion_builder_column fusion-builder-column-8 fusion_builder_column_1_2 1_2 fusion-flex-column\" style=\"--awb-bg-size:cover;--awb-width-large:50%;--awb-margin-top-large:0px;--awb-spacing-right-large:3.84%;--awb-margin-bottom-large:10px;--awb-spacing-left-large:3.84%;--awb-width-medium:100%;--awb-order-medium:0;--awb-spacing-right-medium:1.92%;--awb-spacing-left-medium:1.92%;--awb-width-small:100%;--awb-order-small:0;--awb-spacing-right-small:1.92%;--awb-spacing-left-small:1.92%;\"><div class=\"fusion-column-wrapper fusion-column-has-shadow fusion-flex-justify-content-flex-start fusion-content-layout-column\"><div class=\"fusion-text fusion-text-10\" style=\"--awb-content-alignment:left;\"><h2>Nuestra gama de resistencias cumple con <strong>los est\u00e1ndares internacionales<\/strong> .<\/h2>\n<\/div><\/div><\/div><div class=\"fusion-layout-column fusion_builder_column fusion-builder-column-9 fusion_builder_column_1_2 1_2 fusion-flex-column\" style=\"--awb-bg-size:cover;--awb-width-large:50%;--awb-margin-top-large:0px;--awb-spacing-right-large:3.84%;--awb-margin-bottom-large:10px;--awb-spacing-left-large:3.84%;--awb-width-medium:100%;--awb-order-medium:0;--awb-spacing-right-medium:1.92%;--awb-spacing-left-medium:1.92%;--awb-width-small:100%;--awb-order-small:0;--awb-spacing-right-small:1.92%;--awb-spacing-left-small:1.92%;\"><div class=\"fusion-column-wrapper fusion-column-has-shadow fusion-flex-justify-content-flex-start fusion-content-layout-column\"><div class=\"fusion-image-element \" style=\"--awb-caption-title-font-family:var(--h2_typography-font-family);--awb-caption-title-font-weight:var(--h2_typography-font-weight);--awb-caption-title-font-style:var(--h2_typography-font-style);--awb-caption-title-size:var(--h2_typography-font-size);--awb-caption-title-transform:var(--h2_typography-text-transform);--awb-caption-title-line-height:var(--h2_typography-line-height);--awb-caption-title-letter-spacing:var(--h2_typography-letter-spacing);\"><span class=\" fusion-imageframe imageframe-none imageframe-3 hover-type-none\"><img decoding=\"async\" width=\"800\" height=\"328\" title=\"certification-resistances-min\" src=\"https:\/\/www.mdresistor.com\/wp-content\/uploads\/2020\/12\/certification-resistances-min.png\" alt class=\"img-responsive wp-image-7066\" srcset=\"https:\/\/www.mdresistor.com\/wp-content\/uploads\/2020\/12\/certification-resistances-min-200x82.png 200w, https:\/\/www.mdresistor.com\/wp-content\/uploads\/2020\/12\/certification-resistances-min-400x164.png 400w, https:\/\/www.mdresistor.com\/wp-content\/uploads\/2020\/12\/certification-resistances-min-600x246.png 600w, https:\/\/www.mdresistor.com\/wp-content\/uploads\/2020\/12\/certification-resistances-min.png 800w\" sizes=\"(max-width: 1024px) 100vw, (max-width: 640px) 100vw, 600px\" \/><\/span><\/div><\/div><\/div><\/div><\/div>\n<\/p>\n","protected":false},"excerpt":{"rendered":"","protected":false},"author":1,"featured_media":0,"parent":0,"menu_order":0,"comment_status":"closed","ping_status":"closed","template":"100-width.php","meta":{"footnotes":""},"class_list":["post-7392","page","type-page","status-publish","hentry"],"yoast_head":"<!-- This site is optimized with the Yoast SEO plugin v27.3 - https:\/\/yoast.com\/product\/yoast-seo-wordpress\/ -->\n<title>2.3 Resistencia de puesta a tierra del neutro del puerto<\/title>\n<meta name=\"robots\" content=\"index, follow, max-snippet:-1, max-image-preview:large, max-video-preview:-1\" \/>\n<link rel=\"canonical\" href=\"https:\/\/www.mdresistor.com\/es\/resistencia-malta-puerto-maritimo\/\" \/>\n<meta property=\"og:locale\" content=\"es_ES\" \/>\n<meta property=\"og:type\" content=\"article\" \/>\n<meta property=\"og:title\" content=\"2.3 Resistencia de puesta a tierra del neutro del puerto\" \/>\n<meta property=\"og:url\" content=\"https:\/\/www.mdresistor.com\/es\/resistencia-malta-puerto-maritimo\/\" \/>\n<meta property=\"og:site_name\" content=\"MDResistor\" \/>\n<meta property=\"article:modified_time\" content=\"2022-02-08T16:05:05+00:00\" \/>\n<meta name=\"twitter:card\" content=\"summary_large_image\" \/>\n<meta name=\"twitter:label1\" content=\"Tiempo de lectura\" \/>\n\t<meta name=\"twitter:data1\" content=\"20 minutos\" \/>\n<script type=\"application\/ld+json\" class=\"yoast-schema-graph\">{\"@context\":\"https:\\\/\\\/schema.org\",\"@graph\":[{\"@type\":\"WebPage\",\"@id\":\"https:\\\/\\\/www.mdresistor.com\\\/es\\\/resistencia-malta-puerto-maritimo\\\/\",\"url\":\"https:\\\/\\\/www.mdresistor.com\\\/es\\\/resistencia-malta-puerto-maritimo\\\/\",\"name\":\"2.3 Resistencia de puesta a tierra del neutro del puerto\",\"isPartOf\":{\"@id\":\"https:\\\/\\\/www.mdresistor.com\\\/es\\\/#website\"},\"datePublished\":\"2020-12-08T13:56:24+00:00\",\"dateModified\":\"2022-02-08T16:05:05+00:00\",\"inLanguage\":\"es\",\"potentialAction\":[{\"@type\":\"ReadAction\",\"target\":[\"https:\\\/\\\/www.mdresistor.com\\\/es\\\/resistencia-malta-puerto-maritimo\\\/\"]}]},{\"@type\":\"WebSite\",\"@id\":\"https:\\\/\\\/www.mdresistor.com\\\/es\\\/#website\",\"url\":\"https:\\\/\\\/www.mdresistor.com\\\/es\\\/\",\"name\":\"MDResistor\",\"description\":\"\",\"potentialAction\":[{\"@type\":\"SearchAction\",\"target\":{\"@type\":\"EntryPoint\",\"urlTemplate\":\"https:\\\/\\\/www.mdresistor.com\\\/es\\\/?s={search_term_string}\"},\"query-input\":{\"@type\":\"PropertyValueSpecification\",\"valueRequired\":true,\"valueName\":\"search_term_string\"}}],\"inLanguage\":\"es\"}]}<\/script>\n<!-- \/ Yoast SEO plugin. -->","yoast_head_json":{"title":"2.3 Resistencia de puesta a tierra del neutro del puerto","robots":{"index":"index","follow":"follow","max-snippet":"max-snippet:-1","max-image-preview":"max-image-preview:large","max-video-preview":"max-video-preview:-1"},"canonical":"https:\/\/www.mdresistor.com\/es\/resistencia-malta-puerto-maritimo\/","og_locale":"es_ES","og_type":"article","og_title":"2.3 Resistencia de puesta a tierra del neutro del puerto","og_url":"https:\/\/www.mdresistor.com\/es\/resistencia-malta-puerto-maritimo\/","og_site_name":"MDResistor","article_modified_time":"2022-02-08T16:05:05+00:00","twitter_card":"summary_large_image","twitter_misc":{"Tiempo de lectura":"20 minutos"},"schema":{"@context":"https:\/\/schema.org","@graph":[{"@type":"WebPage","@id":"https:\/\/www.mdresistor.com\/es\/resistencia-malta-puerto-maritimo\/","url":"https:\/\/www.mdresistor.com\/es\/resistencia-malta-puerto-maritimo\/","name":"2.3 Resistencia de puesta a tierra del neutro del puerto","isPartOf":{"@id":"https:\/\/www.mdresistor.com\/es\/#website"},"datePublished":"2020-12-08T13:56:24+00:00","dateModified":"2022-02-08T16:05:05+00:00","inLanguage":"es","potentialAction":[{"@type":"ReadAction","target":["https:\/\/www.mdresistor.com\/es\/resistencia-malta-puerto-maritimo\/"]}]},{"@type":"WebSite","@id":"https:\/\/www.mdresistor.com\/es\/#website","url":"https:\/\/www.mdresistor.com\/es\/","name":"MDResistor","description":"","potentialAction":[{"@type":"SearchAction","target":{"@type":"EntryPoint","urlTemplate":"https:\/\/www.mdresistor.com\/es\/?s={search_term_string}"},"query-input":{"@type":"PropertyValueSpecification","valueRequired":true,"valueName":"search_term_string"}}],"inLanguage":"es"}]}},"_links":{"self":[{"href":"https:\/\/www.mdresistor.com\/es\/wp-json\/wp\/v2\/pages\/7392","targetHints":{"allow":["GET"]}}],"collection":[{"href":"https:\/\/www.mdresistor.com\/es\/wp-json\/wp\/v2\/pages"}],"about":[{"href":"https:\/\/www.mdresistor.com\/es\/wp-json\/wp\/v2\/types\/page"}],"author":[{"embeddable":true,"href":"https:\/\/www.mdresistor.com\/es\/wp-json\/wp\/v2\/users\/1"}],"replies":[{"embeddable":true,"href":"https:\/\/www.mdresistor.com\/es\/wp-json\/wp\/v2\/comments?post=7392"}],"version-history":[{"count":5,"href":"https:\/\/www.mdresistor.com\/es\/wp-json\/wp\/v2\/pages\/7392\/revisions"}],"predecessor-version":[{"id":7469,"href":"https:\/\/www.mdresistor.com\/es\/wp-json\/wp\/v2\/pages\/7392\/revisions\/7469"}],"wp:attachment":[{"href":"https:\/\/www.mdresistor.com\/es\/wp-json\/wp\/v2\/media?parent=7392"}],"curies":[{"name":"wp","href":"https:\/\/api.w.org\/{rel}","templated":true}]}}