{"id":7407,"date":"2022-01-26T17:12:54","date_gmt":"2022-01-26T16:12:54","guid":{"rendered":"https:\/\/www.mdresistor.com\/banco-de-carga-para-hospitales-centros-de-atencion\/"},"modified":"2022-02-08T17:05:06","modified_gmt":"2022-02-08T16:05:06","slug":"banco-de-carga-para-hospitales-centros-de-atencion","status":"publish","type":"page","link":"https:\/\/www.mdresistor.com\/es\/banco-de-carga-para-hospitales-centros-de-atencion\/","title":{"rendered":"Salud"},"content":{"rendered":"<p><div class=\"fusion-fullwidth fullwidth-box fusion-builder-row-1 fusion-flex-container nonhundred-percent-fullwidth non-hundred-percent-height-scrolling\" style=\"--awb-border-radius-top-left:0px;--awb-border-radius-top-right:0px;--awb-border-radius-bottom-right:0px;--awb-border-radius-bottom-left:0px;--awb-flex-wrap:wrap;\" ><div class=\"fusion-builder-row fusion-row fusion-flex-align-items-center fusion-flex-justify-content-center fusion-flex-content-wrap\" style=\"max-width:1040px;margin-left: calc(-4% \/ 2 );margin-right: calc(-4% \/ 2 );\"><div class=\"fusion-layout-column fusion_builder_column fusion-builder-column-0 fusion_builder_column_1_2 1_2 fusion-flex-column\" style=\"--awb-bg-size:cover;--awb-width-large:50%;--awb-margin-top-large:0px;--awb-spacing-right-large:3.84%;--awb-margin-bottom-large:10px;--awb-spacing-left-large:3.84%;--awb-width-medium:100%;--awb-order-medium:0;--awb-spacing-right-medium:1.92%;--awb-spacing-left-medium:1.92%;--awb-width-small:100%;--awb-order-small:0;--awb-spacing-right-small:1.92%;--awb-spacing-left-small:1.92%;\"><div class=\"fusion-column-wrapper fusion-column-has-shadow fusion-flex-justify-content-flex-start fusion-content-layout-column\"><div class=\"fusion-text fusion-text-1\" style=\"--awb-text-transform:none;\"><h1>Banco de carga para hospitales, centros asistenciales<\/h1>\n<\/div><div ><a class=\"fusion-button button-flat fusion-button-default-size button-default fusion-button-default button-1 fusion-button-default-span fusion-button-default-type\" style=\"--button_margin-top:5%;\" target=\"_self\" href=\"https:\/\/www.mdresistor.com\/es\/contactar\/\"><span class=\"fusion-button-text awb-button__text awb-button__text--default\">RECIBE UN PRESUPUESTO PERSONALIZADO EN 24H<\/span><\/a><\/div>\n<\/div><\/div><div class=\"fusion-layout-column fusion_builder_column fusion-builder-column-1 fusion_builder_column_1_2 1_2 fusion-flex-column\" style=\"--awb-bg-size:cover;--awb-width-large:50%;--awb-margin-top-large:0px;--awb-spacing-right-large:3.84%;--awb-margin-bottom-large:10px;--awb-spacing-left-large:3.84%;--awb-width-medium:100%;--awb-order-medium:0;--awb-spacing-right-medium:1.92%;--awb-spacing-left-medium:1.92%;--awb-width-small:100%;--awb-order-small:0;--awb-spacing-right-small:1.92%;--awb-spacing-left-small:1.92%;\"><div class=\"fusion-column-wrapper fusion-column-has-shadow fusion-flex-justify-content-flex-start fusion-content-layout-column\"><div class=\"fusion-image-element \" style=\"text-align:center;--awb-caption-title-font-family:var(--h2_typography-font-family);--awb-caption-title-font-weight:var(--h2_typography-font-weight);--awb-caption-title-font-style:var(--h2_typography-font-style);--awb-caption-title-size:var(--h2_typography-font-size);--awb-caption-title-transform:var(--h2_typography-text-transform);--awb-caption-title-line-height:var(--h2_typography-line-height);--awb-caption-title-letter-spacing:var(--h2_typography-letter-spacing);\"><span class=\" fusion-imageframe imageframe-none imageframe-1 hover-type-none\"><img decoding=\"async\" width=\"320\" height=\"229\" alt=\"Carrera profesional\" title=\"sante\" src=\"https:\/\/www.mdresistor.com\/wp-content\/uploads\/2022\/01\/sante.jpg\" class=\"img-responsive wp-image-7210\" srcset=\"https:\/\/www.mdresistor.com\/wp-content\/uploads\/2022\/01\/sante-200x143.jpg 200w, https:\/\/www.mdresistor.com\/wp-content\/uploads\/2022\/01\/sante.jpg 320w\" sizes=\"(max-width: 1024px) 100vw, (max-width: 640px) 100vw, 320px\" \/><\/span><\/div><\/div><\/div><\/div><\/div><div class=\"fusion-fullwidth fullwidth-box fusion-builder-row-2 fusion-flex-container nonhundred-percent-fullwidth non-hundred-percent-height-scrolling\" style=\"--awb-border-radius-top-left:0px;--awb-border-radius-top-right:0px;--awb-border-radius-bottom-right:0px;--awb-border-radius-bottom-left:0px;--awb-flex-wrap:wrap;\" id=\"un\" ><div class=\"fusion-builder-row fusion-row fusion-flex-align-items-center fusion-flex-justify-content-center fusion-flex-content-wrap\" style=\"max-width:1040px;margin-left: calc(-4% \/ 2 );margin-right: calc(-4% \/ 2 );\"><div class=\"fusion-layout-column fusion_builder_column fusion-builder-column-2 fusion_builder_column_1_1 1_1 fusion-flex-column\" style=\"--awb-bg-size:cover;--awb-width-large:100%;--awb-margin-top-large:0px;--awb-spacing-right-large:1.92%;--awb-margin-bottom-large:10px;--awb-spacing-left-large:1.92%;--awb-width-medium:100%;--awb-order-medium:0;--awb-spacing-right-medium:1.92%;--awb-spacing-left-medium:1.92%;--awb-width-small:100%;--awb-order-small:0;--awb-spacing-right-small:1.92%;--awb-spacing-left-small:1.92%;\"><div class=\"fusion-column-wrapper fusion-column-has-shadow fusion-flex-justify-content-flex-start fusion-content-layout-column\"><div class=\"fusion-text fusion-text-2\" style=\"--awb-content-alignment:left;--awb-text-transform:none;\"><p>Los hospitales y centros de salud cuentan con energ\u00eda de respaldo en caso de corte de carga en la red. Descubre nuestras diferentes soluciones.<\/p>\n<\/div><\/div><\/div><\/div><\/div><div class=\"fusion-fullwidth fullwidth-box fusion-builder-row-3 fusion-flex-container nonhundred-percent-fullwidth non-hundred-percent-height-scrolling container-gris\" style=\"--awb-border-radius-top-left:0px;--awb-border-radius-top-right:0px;--awb-border-radius-bottom-right:0px;--awb-border-radius-bottom-left:0px;--awb-flex-wrap:wrap;\" ><div class=\"fusion-builder-row fusion-row fusion-flex-align-items-center fusion-flex-justify-content-center fusion-flex-content-wrap\" style=\"max-width:1040px;margin-left: calc(-4% \/ 2 );margin-right: calc(-4% \/ 2 );\"><div class=\"fusion-layout-column fusion_builder_column fusion-builder-column-3 fusion_builder_column_1_1 1_1 fusion-flex-column\" style=\"--awb-bg-size:cover;--awb-width-large:100%;--awb-margin-top-large:0px;--awb-spacing-right-large:1.92%;--awb-margin-bottom-large:10px;--awb-spacing-left-large:1.92%;--awb-width-medium:100%;--awb-order-medium:0;--awb-spacing-right-medium:1.92%;--awb-spacing-left-medium:1.92%;--awb-width-small:100%;--awb-order-small:0;--awb-spacing-right-small:1.92%;--awb-spacing-left-small:1.92%;\"><div class=\"fusion-column-wrapper fusion-column-has-shadow fusion-flex-justify-content-flex-start fusion-content-layout-column\"><div class=\"fusion-text fusion-text-3\" style=\"--awb-content-alignment:center;--awb-text-transform:none;\"><h2>Principio de Seguridad Alimentaria para Instalaciones Sanitarias<\/h2>\n<\/div><div class=\"fusion-text fusion-text-4\" style=\"--awb-content-alignment:left;--awb-text-transform:none;\"><p>En Francia, para prevenir cualquier incidente y garantizar la seguridad de las personas alojadas en establecimientos sociales y m\u00e9dico-sociales, un sistema reglamentario (cf. <em>La Circular DHOS\/E4 n \u2013 2008-114 \u2013 del 7 de abril de 2008 relativa a la prevenci\u00f3n de cortes de energ\u00eda en los establecimientos de salud<\/em> ) exige que cada estructura asegure, en caso de ausencia de la red nacional, la continuidad del servicio por al menos 48 horas . As\u00ed, los hospitales y centros sanitarios disponen de un suministro el\u00e9ctrico de emergencia en caso de corte de carga en la red. Esta red de respaldo, generalmente compuesta por un generador asociado a inversores y bater\u00edas, es particularmente sensible y estrat\u00e9gica. Por lo tanto, la ley exige que <strong>el grupo electr\u00f3geno se pruebe mensualmente con carga ficticia y al menos dos veces al a\u00f1o con carga real en la red<\/strong> . El motivo es evitar cortes de energ\u00eda en los equipos de supervivencia y protecci\u00f3n de los pacientes hospitalarios: detectores de incendios, luces de seguridad, ascensores, etc.<\/p>\n<p>La ley establece que estas instalaciones deben ser alimentadas con Fuente de Alimentaci\u00f3n de Seguridad (AES) de acuerdo con la norma NF S 61-940. Estos AES pueden ser con bater\u00edas de acumuladores, seg\u00fan el anexo A de la norma NF S 61-940, o con grupos electr\u00f3genos conformes a la norma NF E 37 312:<\/p>\n<p><em>\u201cSe puede utilizar un grupo electr\u00f3geno de repuesto como fuente de seguridad siempre que cumpla con la norma NF S 61-940 y que la potencia necesaria para asegurar la puesta en marcha y el funcionamiento de todos los equipos de seguridad contra incendios sea suficiente. Cuando la fuente de sustituci\u00f3n comprenda varios grupos electr\u00f3genos, en caso de fallo de uno de ellos, la potencia disponible deber\u00e1 seguir siendo suficiente para asegurar la puesta en marcha y el funcionamiento de todos los equipos de seguridad contra incendios\u201d<\/em><\/p>\n<p>La mejor manera de probar el grupo electr\u00f3geno sin alternar la calidad del servicio: parada de m\u00e1quinas sensibles, nota de servicio, etc. \u2013 es realizar <strong>el mantenimiento del grupo electr\u00f3geno en un banco de carga<\/strong> . El banco de carga simular\u00e1 la carga emitida por equipos hospitalarios \u2013 elevador, equipos m\u00e9dicos, etc. \u2013 y confirmar la capacidad del grupo electr\u00f3geno para tomar el relevo en caso de corte de la red principal.<\/p>\n<p>Estas pruebas realizadas por mantenedores o directamente por los equipos t\u00e9cnicos del centro hospitalario son r\u00e1pidas y muy eficaces. A menudo se combinan con una operaci\u00f3n de mantenimiento de la unidad y permiten validar la reparaci\u00f3n. Los fabricantes de grupos electr\u00f3genos (SDMO, Cummins, Genelec, etc.) tambi\u00e9n recomiendan encarecidamente hacer funcionar el grupo durante unos minutos cada mes.<\/p>\n<\/div><\/div><\/div><\/div><\/div><div class=\"fusion-fullwidth fullwidth-box fusion-builder-row-4 fusion-flex-container nonhundred-percent-fullwidth non-hundred-percent-height-scrolling container-blanc\" style=\"--awb-border-radius-top-left:0px;--awb-border-radius-top-right:0px;--awb-border-radius-bottom-right:0px;--awb-border-radius-bottom-left:0px;--awb-flex-wrap:wrap;\" ><div class=\"fusion-builder-row fusion-row fusion-flex-align-items-center fusion-flex-justify-content-center fusion-flex-content-wrap\" style=\"max-width:1040px;margin-left: calc(-4% \/ 2 );margin-right: calc(-4% \/ 2 );\"><div class=\"fusion-layout-column fusion_builder_column fusion-builder-column-4 fusion_builder_column_1_1 1_1 fusion-flex-column\" style=\"--awb-bg-size:cover;--awb-width-large:100%;--awb-margin-top-large:0px;--awb-spacing-right-large:1.92%;--awb-margin-bottom-large:10px;--awb-spacing-left-large:1.92%;--awb-width-medium:100%;--awb-order-medium:0;--awb-spacing-right-medium:1.92%;--awb-spacing-left-medium:1.92%;--awb-width-small:100%;--awb-order-small:0;--awb-spacing-right-small:1.92%;--awb-spacing-left-small:1.92%;\"><div class=\"fusion-column-wrapper fusion-column-has-shadow fusion-flex-justify-content-flex-start fusion-content-layout-column\"><div class=\"fusion-text fusion-text-5\" style=\"--awb-content-alignment:left;--awb-text-transform:none;\"><h2>Principio de Seguridad Alimentaria para Instalaciones Sanitarias<\/h2>\n<ul>\n<li>Banco de carga para pruebas peri\u00f3dicas del generador de respaldo<\/li>\n<li>Carga de t\u00fanel para balasto de generador<\/li>\n<li>Banco de prueba de descarga de bater\u00eda<\/li>\n<li>banco de pruebas de inversores<\/li>\n<\/ul>\n<h2>\u00bfQu\u00e9 banco elegir para tu generador para un hospital, centro asistencial o EPHAD?<\/h2>\n<p>El banco debe ser capaz de simular la subida de carga del generador: la puesta en marcha de un ascensor, de un equipo quir\u00fargico, etc.<\/p>\n<p>El banco de carga debe permitir impactos y desprendimientos de carga r\u00e1pidos, y su potencia debe ser al menos igual a la potencia del grupo electr\u00f3geno para que sea probado al 100% de su capacidad.<\/p>\n<h2>Textos de referencia sobre seguridad en hospitales<\/h2>\n<ul>\n<li>Anexo a la circular <em>Circular DHOS\/E4 n -2008-114 \u2013 del 7 de abril de 2008<\/em><\/li>\n<li><em>Art\u00edculo R6111-22 sobre la seguridad de las instalaciones sanitarias en caso de fallo de la red de energ\u00eda<\/em><\/li>\n<\/ul>\n<\/div><\/div><\/div><\/div><\/div><\/p>\n","protected":false},"excerpt":{"rendered":"","protected":false},"author":1,"featured_media":0,"parent":0,"menu_order":0,"comment_status":"closed","ping_status":"closed","template":"100-width.php","meta":{"footnotes":""},"class_list":["post-7407","page","type-page","status-publish","hentry"],"yoast_head":"<!-- This site is optimized with the Yoast SEO plugin v27.3 - https:\/\/yoast.com\/product\/yoast-seo-wordpress\/ -->\n<title>Salud<\/title>\n<meta name=\"robots\" content=\"index, follow, max-snippet:-1, max-image-preview:large, max-video-preview:-1\" \/>\n<link rel=\"canonical\" href=\"https:\/\/www.mdresistor.com\/es\/banco-de-carga-para-hospitales-centros-de-atencion\/\" \/>\n<meta property=\"og:locale\" content=\"es_ES\" \/>\n<meta property=\"og:type\" content=\"article\" \/>\n<meta property=\"og:title\" content=\"Salud\" \/>\n<meta property=\"og:url\" content=\"https:\/\/www.mdresistor.com\/es\/banco-de-carga-para-hospitales-centros-de-atencion\/\" \/>\n<meta property=\"og:site_name\" content=\"MDResistor\" \/>\n<meta property=\"article:modified_time\" content=\"2022-02-08T16:05:06+00:00\" \/>\n<meta name=\"twitter:card\" content=\"summary_large_image\" \/>\n<meta name=\"twitter:label1\" content=\"Tiempo de lectura\" \/>\n\t<meta name=\"twitter:data1\" content=\"17 minutos\" \/>\n<script type=\"application\/ld+json\" class=\"yoast-schema-graph\">{\"@context\":\"https:\\\/\\\/schema.org\",\"@graph\":[{\"@type\":\"WebPage\",\"@id\":\"https:\\\/\\\/www.mdresistor.com\\\/es\\\/banco-de-carga-para-hospitales-centros-de-atencion\\\/\",\"url\":\"https:\\\/\\\/www.mdresistor.com\\\/es\\\/banco-de-carga-para-hospitales-centros-de-atencion\\\/\",\"name\":\"Salud\",\"isPartOf\":{\"@id\":\"https:\\\/\\\/www.mdresistor.com\\\/es\\\/#website\"},\"datePublished\":\"2022-01-26T16:12:54+00:00\",\"dateModified\":\"2022-02-08T16:05:06+00:00\",\"inLanguage\":\"es\",\"potentialAction\":[{\"@type\":\"ReadAction\",\"target\":[\"https:\\\/\\\/www.mdresistor.com\\\/es\\\/banco-de-carga-para-hospitales-centros-de-atencion\\\/\"]}]},{\"@type\":\"WebSite\",\"@id\":\"https:\\\/\\\/www.mdresistor.com\\\/es\\\/#website\",\"url\":\"https:\\\/\\\/www.mdresistor.com\\\/es\\\/\",\"name\":\"MDResistor\",\"description\":\"\",\"potentialAction\":[{\"@type\":\"SearchAction\",\"target\":{\"@type\":\"EntryPoint\",\"urlTemplate\":\"https:\\\/\\\/www.mdresistor.com\\\/es\\\/?s={search_term_string}\"},\"query-input\":{\"@type\":\"PropertyValueSpecification\",\"valueRequired\":true,\"valueName\":\"search_term_string\"}}],\"inLanguage\":\"es\"}]}<\/script>\n<!-- \/ Yoast SEO plugin. -->","yoast_head_json":{"title":"Salud","robots":{"index":"index","follow":"follow","max-snippet":"max-snippet:-1","max-image-preview":"max-image-preview:large","max-video-preview":"max-video-preview:-1"},"canonical":"https:\/\/www.mdresistor.com\/es\/banco-de-carga-para-hospitales-centros-de-atencion\/","og_locale":"es_ES","og_type":"article","og_title":"Salud","og_url":"https:\/\/www.mdresistor.com\/es\/banco-de-carga-para-hospitales-centros-de-atencion\/","og_site_name":"MDResistor","article_modified_time":"2022-02-08T16:05:06+00:00","twitter_card":"summary_large_image","twitter_misc":{"Tiempo de lectura":"17 minutos"},"schema":{"@context":"https:\/\/schema.org","@graph":[{"@type":"WebPage","@id":"https:\/\/www.mdresistor.com\/es\/banco-de-carga-para-hospitales-centros-de-atencion\/","url":"https:\/\/www.mdresistor.com\/es\/banco-de-carga-para-hospitales-centros-de-atencion\/","name":"Salud","isPartOf":{"@id":"https:\/\/www.mdresistor.com\/es\/#website"},"datePublished":"2022-01-26T16:12:54+00:00","dateModified":"2022-02-08T16:05:06+00:00","inLanguage":"es","potentialAction":[{"@type":"ReadAction","target":["https:\/\/www.mdresistor.com\/es\/banco-de-carga-para-hospitales-centros-de-atencion\/"]}]},{"@type":"WebSite","@id":"https:\/\/www.mdresistor.com\/es\/#website","url":"https:\/\/www.mdresistor.com\/es\/","name":"MDResistor","description":"","potentialAction":[{"@type":"SearchAction","target":{"@type":"EntryPoint","urlTemplate":"https:\/\/www.mdresistor.com\/es\/?s={search_term_string}"},"query-input":{"@type":"PropertyValueSpecification","valueRequired":true,"valueName":"search_term_string"}}],"inLanguage":"es"}]}},"_links":{"self":[{"href":"https:\/\/www.mdresistor.com\/es\/wp-json\/wp\/v2\/pages\/7407","targetHints":{"allow":["GET"]}}],"collection":[{"href":"https:\/\/www.mdresistor.com\/es\/wp-json\/wp\/v2\/pages"}],"about":[{"href":"https:\/\/www.mdresistor.com\/es\/wp-json\/wp\/v2\/types\/page"}],"author":[{"embeddable":true,"href":"https:\/\/www.mdresistor.com\/es\/wp-json\/wp\/v2\/users\/1"}],"replies":[{"embeddable":true,"href":"https:\/\/www.mdresistor.com\/es\/wp-json\/wp\/v2\/comments?post=7407"}],"version-history":[{"count":1,"href":"https:\/\/www.mdresistor.com\/es\/wp-json\/wp\/v2\/pages\/7407\/revisions"}],"predecessor-version":[{"id":7416,"href":"https:\/\/www.mdresistor.com\/es\/wp-json\/wp\/v2\/pages\/7407\/revisions\/7416"}],"wp:attachment":[{"href":"https:\/\/www.mdresistor.com\/es\/wp-json\/wp\/v2\/media?parent=7407"}],"curies":[{"name":"wp","href":"https:\/\/api.w.org\/{rel}","templated":true}]}}