{"id":7481,"date":"2020-12-04T18:04:07","date_gmt":"2020-12-04T17:04:07","guid":{"rendered":"https:\/\/www.mdresistor.com\/industrias-maritimas-offshore\/"},"modified":"2022-02-08T17:05:09","modified_gmt":"2022-02-08T16:05:09","slug":"industrias-maritimas-offshore","status":"publish","type":"page","link":"https:\/\/www.mdresistor.com\/es\/industrias-maritimas-offshore\/","title":{"rendered":"Industrias mar\u00edtimas \/ Offshore"},"content":{"rendered":"<p><div class=\"fusion-fullwidth fullwidth-box fusion-builder-row-1 fusion-flex-container nonhundred-percent-fullwidth non-hundred-percent-height-scrolling\" style=\"--awb-border-radius-top-left:0px;--awb-border-radius-top-right:0px;--awb-border-radius-bottom-right:0px;--awb-border-radius-bottom-left:0px;--awb-flex-wrap:wrap;\" ><div class=\"fusion-builder-row fusion-row fusion-flex-align-items-center fusion-flex-justify-content-center fusion-flex-content-wrap\" style=\"max-width:1040px;margin-left: calc(-4% \/ 2 );margin-right: calc(-4% \/ 2 );\"><div class=\"fusion-layout-column fusion_builder_column fusion-builder-column-0 fusion_builder_column_1_2 1_2 fusion-flex-column\" style=\"--awb-bg-size:cover;--awb-width-large:50%;--awb-margin-top-large:0px;--awb-spacing-right-large:3.84%;--awb-margin-bottom-large:10px;--awb-spacing-left-large:3.84%;--awb-width-medium:100%;--awb-order-medium:0;--awb-spacing-right-medium:1.92%;--awb-spacing-left-medium:1.92%;--awb-width-small:100%;--awb-order-small:0;--awb-spacing-right-small:1.92%;--awb-spacing-left-small:1.92%;\"><div class=\"fusion-column-wrapper fusion-column-has-shadow fusion-flex-justify-content-flex-start fusion-content-layout-column\"><div class=\"fusion-text fusion-text-1\"><h1>Industria marina y petrolera en alta mar: la combinaci\u00f3n de robustez y compacidad<\/h1>\n<\/div><div ><a class=\"fusion-button button-flat fusion-button-default-size button-default fusion-button-default button-1 fusion-button-default-span fusion-button-default-type\" target=\"_self\" href=\"https:\/\/www.mdresistor.com\/es\/contactar\/\"><span class=\"fusion-button-text awb-button__text awb-button__text--default\">Solicite una cotizaci\u00f3n<\/span><\/a><\/div>\n<\/div><\/div><div class=\"fusion-layout-column fusion_builder_column fusion-builder-column-1 fusion_builder_column_1_2 1_2 fusion-flex-column\" style=\"--awb-bg-size:cover;--awb-width-large:50%;--awb-margin-top-large:0px;--awb-spacing-right-large:3.84%;--awb-margin-bottom-large:10px;--awb-spacing-left-large:3.84%;--awb-width-medium:100%;--awb-order-medium:0;--awb-spacing-right-medium:1.92%;--awb-spacing-left-medium:1.92%;--awb-width-small:100%;--awb-order-small:0;--awb-spacing-right-small:1.92%;--awb-spacing-left-small:1.92%;\"><div class=\"fusion-column-wrapper fusion-column-has-shadow fusion-flex-justify-content-flex-start fusion-content-layout-column\"><div class=\"fusion-image-element \" style=\"text-align:center;--awb-caption-title-font-family:var(--h2_typography-font-family);--awb-caption-title-font-weight:var(--h2_typography-font-weight);--awb-caption-title-font-style:var(--h2_typography-font-style);--awb-caption-title-size:var(--h2_typography-font-size);--awb-caption-title-transform:var(--h2_typography-text-transform);--awb-caption-title-line-height:var(--h2_typography-line-height);--awb-caption-title-letter-spacing:var(--h2_typography-letter-spacing);\"><span class=\" fusion-imageframe imageframe-none imageframe-1 hover-type-none\"><img decoding=\"async\" width=\"799\" height=\"515\" alt=\"Bote\" title=\"Bateau-min\" src=\"https:\/\/www.mdresistor.com\/wp-content\/uploads\/2020\/12\/Bateau-min.jpg\" class=\"img-responsive wp-image-7028\" srcset=\"https:\/\/www.mdresistor.com\/wp-content\/uploads\/2020\/12\/Bateau-min-200x129.jpg 200w, https:\/\/www.mdresistor.com\/wp-content\/uploads\/2020\/12\/Bateau-min-400x258.jpg 400w, https:\/\/www.mdresistor.com\/wp-content\/uploads\/2020\/12\/Bateau-min-600x387.jpg 600w, https:\/\/www.mdresistor.com\/wp-content\/uploads\/2020\/12\/Bateau-min.jpg 799w\" sizes=\"(max-width: 1024px) 100vw, (max-width: 640px) 100vw, 600px\" \/><\/span><\/div><\/div><\/div><\/div><\/div><div class=\"fusion-fullwidth fullwidth-box fusion-builder-row-2 fusion-flex-container nonhundred-percent-fullwidth non-hundred-percent-height-scrolling\" style=\"--awb-border-radius-top-left:0px;--awb-border-radius-top-right:0px;--awb-border-radius-bottom-right:0px;--awb-border-radius-bottom-left:0px;--awb-flex-wrap:wrap;\" id=\"un\" ><div class=\"fusion-builder-row fusion-row fusion-flex-align-items-center fusion-flex-justify-content-center fusion-flex-content-wrap\" style=\"max-width:1040px;margin-left: calc(-4% \/ 2 );margin-right: calc(-4% \/ 2 );\"><div class=\"fusion-layout-column fusion_builder_column fusion-builder-column-2 fusion_builder_column_1_1 1_1 fusion-flex-column\" style=\"--awb-bg-size:cover;--awb-width-large:100%;--awb-margin-top-large:0px;--awb-spacing-right-large:1.92%;--awb-margin-bottom-large:10px;--awb-spacing-left-large:1.92%;--awb-width-medium:100%;--awb-order-medium:0;--awb-spacing-right-medium:1.92%;--awb-spacing-left-medium:1.92%;--awb-width-small:100%;--awb-order-small:0;--awb-spacing-right-small:1.92%;--awb-spacing-left-small:1.92%;\"><div class=\"fusion-column-wrapper fusion-column-has-shadow fusion-flex-justify-content-flex-start fusion-content-layout-column\"><div class=\"fusion-text fusion-text-2\" style=\"--awb-content-alignment:left;\"><p>Las aplicaciones marinas requieren un servicio \u00f3ptimo porque las limitaciones son altas y numerosas. De hecho, el entorno marino, a menudo salino, es un entorno t\u00e9cnicamente exigente.<\/p>\n<p>En el sector naval, la instalaci\u00f3n de un motor t\u00e9rmico requiere importantes operaciones de montaje, en ocasiones irreversibles. Este es particularmente el caso de los submarinos o barcos de gran volumen.<\/p>\n<p>Es imprescindible asegurar el <strong>correcto funcionamiento del motor<\/strong> antes de amarrarlo y es necesario su ajuste antes de la botadura.<\/p>\n<p><strong>Utilice un <a href=\"https:\/\/www.mdresistor.com\/es\/bancos-de-carga\/\">banco de carga<\/a><\/strong> que cumpla plenamente esta funci\u00f3n; el va :<\/p>\n<ul>\n<li><strong>Probar<\/strong> motores en condiciones reales<\/li>\n<li><strong>Simule<\/strong> la carga el\u00e9ctrica de los motores del barco.<\/li>\n<li><strong>Confirme<\/strong> el ajuste adecuado<\/li>\n<li><strong>Validar<\/strong> el cumplimiento de las especificaciones<\/li>\n<\/ul>\n<p>Una de las principales limitaciones del sector mar\u00edtimo es el espacio disponible a bordo de los buques y plataformas petrol\u00edferas. Es extremadamente limitado. Para ello, necesita bancos de carga adaptados a la exigencia del \u00abprecio por m\u00b2\u00bb.<\/p>\n<p>Adem\u00e1s, tambi\u00e9n se necesitan bancos de carga con elementos resistivos blindados en acero inoxidable, que ofrecen una relaci\u00f3n potencia\/tama\u00f1o muy interesante y aseguran la mejor resistencia a la corrosi\u00f3n frente al ambiente salino.<\/p>\n<p>METAL DEPLOYE RESISTOR est\u00e1 atento a las limitaciones t\u00e9cnicas m\u00e1s extremas y responde a especificaciones exigentes con una gama completa, robusta y compacta de bancos de carga o descarga.<\/p>\n<\/div><\/div><\/div><\/div><\/div><div class=\"fusion-fullwidth fullwidth-box fusion-builder-row-3 fusion-flex-container nonhundred-percent-fullwidth non-hundred-percent-height-scrolling container-gris\" style=\"--awb-border-radius-top-left:0px;--awb-border-radius-top-right:0px;--awb-border-radius-bottom-right:0px;--awb-border-radius-bottom-left:0px;--awb-flex-wrap:wrap;\" ><div class=\"fusion-builder-row fusion-row fusion-flex-align-items-center fusion-flex-justify-content-center fusion-flex-content-wrap\" style=\"max-width:1040px;margin-left: calc(-4% \/ 2 );margin-right: calc(-4% \/ 2 );\"><div class=\"fusion-layout-column fusion_builder_column fusion-builder-column-3 fusion_builder_column_1_1 1_1 fusion-flex-column\" style=\"--awb-bg-size:cover;--awb-width-large:100%;--awb-margin-top-large:0px;--awb-spacing-right-large:1.92%;--awb-margin-bottom-large:10px;--awb-spacing-left-large:1.92%;--awb-width-medium:100%;--awb-order-medium:0;--awb-spacing-right-medium:1.92%;--awb-spacing-left-medium:1.92%;--awb-width-small:100%;--awb-order-small:0;--awb-spacing-right-small:1.92%;--awb-spacing-left-small:1.92%;\"><div class=\"fusion-column-wrapper fusion-column-has-shadow fusion-flex-justify-content-flex-start fusion-content-layout-column\"><div class=\"fusion-text fusion-text-3\" style=\"--awb-content-alignment:center;\"><h2>Bancos de carga y descarga para mantenimiento de generadores<\/h2>\n<\/div><div class=\"fusion-text fusion-text-4\" style=\"--awb-content-alignment:left;\"><p>La Armada francesa y varias empresas del sector naval, en Francia y en el extranjero, han apostado por la seguridad y las prestaciones con la instalaci\u00f3n de bancos de carga y descarga METAL DEPLOYE RESISTOR.<\/p>\n<h3>Banco de carga de prueba de grupo electr\u00f3geno<\/h3>\n<p>El mantenimiento del generador es un punto clave en la confiabilidad del equipo.<br \/>\nLos bancos de carga tambi\u00e9n permiten realizar las pruebas imprescindibles de los motores t\u00e9rmicos.<\/p>\n<p>METAL DEPLOYE RESISTOR, dise\u00f1a <a href=\"https:\/\/www.mdresistor.com\/es\/banco-de-carga-para-grupo-generador\/\">bancos de carga para probar grupos electr\u00f3genos<\/a> a bordo de barcos.<\/p>\n<p>El dise\u00f1o cumple con las normas mar\u00edtimas (voltaje y frecuencia) y se adapta a las condicionantes ambientales y clim\u00e1ticas: humedad, atm\u00f3sfera salina, compacidad, etc.<\/p>\n<\/div><div class=\"fusion-image-element \" style=\"text-align:center;--awb-caption-title-font-family:var(--h2_typography-font-family);--awb-caption-title-font-weight:var(--h2_typography-font-weight);--awb-caption-title-font-style:var(--h2_typography-font-style);--awb-caption-title-size:var(--h2_typography-font-size);--awb-caption-title-transform:var(--h2_typography-text-transform);--awb-caption-title-line-height:var(--h2_typography-line-height);--awb-caption-title-letter-spacing:var(--h2_typography-letter-spacing);\"><span class=\" fusion-imageframe imageframe-none imageframe-2 hover-type-none margin-bottom-10\"><img decoding=\"async\" width=\"1199\" height=\"351\" alt=\"plataforma petrolera en el mar\" title=\"Plateforme petroliere dans la mer-min\" src=\"https:\/\/www.mdresistor.com\/wp-content\/uploads\/2020\/12\/Plateforme-petroliere-dans-la-mer-min.jpg\" class=\"img-responsive wp-image-7024\" srcset=\"https:\/\/www.mdresistor.com\/wp-content\/uploads\/2020\/12\/Plateforme-petroliere-dans-la-mer-min-200x59.jpg 200w, https:\/\/www.mdresistor.com\/wp-content\/uploads\/2020\/12\/Plateforme-petroliere-dans-la-mer-min-400x117.jpg 400w, https:\/\/www.mdresistor.com\/wp-content\/uploads\/2020\/12\/Plateforme-petroliere-dans-la-mer-min-600x176.jpg 600w, https:\/\/www.mdresistor.com\/wp-content\/uploads\/2020\/12\/Plateforme-petroliere-dans-la-mer-min-800x234.jpg 800w, https:\/\/www.mdresistor.com\/wp-content\/uploads\/2020\/12\/Plateforme-petroliere-dans-la-mer-min.jpg 1199w\" sizes=\"(max-width: 1024px) 100vw, (max-width: 640px) 100vw, 1199px\" \/><\/span><\/div><div class=\"fusion-text fusion-text-5\" style=\"--awb-content-alignment:left;\"><h3>Banco de descarga para packs de bater\u00edas<\/h3>\n<p>La presencia sistem\u00e1tica de bater\u00edas a bordo en barcos o submarinos requiere un mantenimiento diligente.<\/p>\n<p>La <a href=\"https:\/\/www.mdresistor.com\/es\/banco-de-descarga-de-baterias\/\">descarga de los paquetes de bater\u00edas<\/a> debe ser regular. Los bancos de descarga METAL DEPLOYE RESISTOR pueden trabajar tanto a potencia constante como a corriente constante, seg\u00fan el uso.<\/p>\n<\/div><\/div><\/div><\/div><\/div><div class=\"fusion-fullwidth fullwidth-box fusion-builder-row-4 fusion-flex-container nonhundred-percent-fullwidth non-hundred-percent-height-scrolling container-blanc\" style=\"--awb-border-radius-top-left:0px;--awb-border-radius-top-right:0px;--awb-border-radius-bottom-right:0px;--awb-border-radius-bottom-left:0px;--awb-flex-wrap:wrap;\" ><div class=\"fusion-builder-row fusion-row fusion-flex-align-items-center fusion-flex-justify-content-center fusion-flex-content-wrap\" style=\"max-width:1040px;margin-left: calc(-4% \/ 2 );margin-right: calc(-4% \/ 2 );\"><div class=\"fusion-layout-column fusion_builder_column fusion-builder-column-4 fusion_builder_column_1_1 1_1 fusion-flex-column\" style=\"--awb-bg-size:cover;--awb-width-large:100%;--awb-margin-top-large:0px;--awb-spacing-right-large:1.92%;--awb-margin-bottom-large:10px;--awb-spacing-left-large:1.92%;--awb-width-medium:100%;--awb-order-medium:0;--awb-spacing-right-medium:1.92%;--awb-spacing-left-medium:1.92%;--awb-width-small:100%;--awb-order-small:0;--awb-spacing-right-small:1.92%;--awb-spacing-left-small:1.92%;\"><div class=\"fusion-column-wrapper fusion-column-has-shadow fusion-flex-justify-content-flex-start fusion-content-layout-column\"><div class=\"fusion-text fusion-text-6\" style=\"--awb-content-alignment:center;\"><h2>Las empresas del sector mar\u00edtimo ya conf\u00edan en nosotros<\/h2>\n<\/div><div class=\"fusion-text fusion-text-7\" style=\"--awb-content-alignment:left;\"><p>En Francia y en el extranjero, M\u00c9TAL D\u00c9PLOY\u00c9 RESISTOR admite todas las aplicaciones en el medio marino, respetando las exigencias ambientales.<\/p>\n<\/div><\/div><\/div><div class=\"fusion-layout-column fusion_builder_column fusion-builder-column-5 fusion_builder_column_1_1 1_1 fusion-flex-column margin-bottom-20\" style=\"--awb-bg-size:cover;--awb-width-large:100%;--awb-margin-top-large:0px;--awb-spacing-right-large:1.92%;--awb-margin-bottom-large:10px;--awb-spacing-left-large:1.92%;--awb-width-medium:100%;--awb-order-medium:0;--awb-spacing-right-medium:1.92%;--awb-spacing-left-medium:1.92%;--awb-width-small:100%;--awb-order-small:0;--awb-spacing-right-small:1.92%;--awb-spacing-left-small:1.92%;\"><div class=\"fusion-column-wrapper fusion-column-has-shadow fusion-flex-justify-content-flex-start fusion-content-layout-column\">\n<div class=\"table-1 margin-bottom-20\">\n<table width=\"100%\">\n<thead>\n<tr>\n<th style=\"text-align: center;\" align=\"left\">105<br \/> pa\u00eds de intervenci\u00f3n<\/th>\n<th style=\"text-align: center;\" align=\"left\">3.707<br \/> Proyectos implementados<\/th>\n<th style=\"text-align: center;\" align=\"left\">1.507<br \/> clientes internacionales<\/th>\n<\/tr>\n<\/thead>\n<\/table>\n<\/div>\n<\/div><\/div>\n<div class=\"fusion-layout-column fusion_builder_column fusion-builder-column-6 fusion_builder_column_4_5 4_5 fusion-flex-column mise-en-avant-mdr\" style=\"--awb-bg-size:cover;--awb-width-large:80%;--awb-margin-top-large:5%;--awb-spacing-right-large:2.4%;--awb-margin-bottom-large:10px;--awb-spacing-left-large:2.4%;--awb-width-medium:100%;--awb-order-medium:0;--awb-spacing-right-medium:1.92%;--awb-spacing-left-medium:1.92%;--awb-width-small:100%;--awb-order-small:0;--awb-spacing-right-small:1.92%;--awb-spacing-left-small:1.92%;\" data-scroll-devices=\"small-visibility,medium-visibility,large-visibility\"><div class=\"fusion-column-wrapper fusion-column-has-shadow fusion-flex-justify-content-flex-start fusion-content-layout-column\"><div class=\"fusion-text fusion-text-8 white\" style=\"--awb-content-alignment:center;\"><p>Dise\u00f1o y fabricaci\u00f3n francesa.<br \/> L\u00edder mundial en resistencias a medida<\/p>\n<\/div><div style=\"text-align:center;\"><a class=\"fusion-button button-flat fusion-button-default-size button-default fusion-button-default button-2 fusion-button-default-span fusion-button-default-type\" target=\"_self\" href=\"https:\/\/www.mdresistor.com\/es\/contactar\/\"><span class=\"fusion-button-text awb-button__text awb-button__text--default\">Reciba un presupuesto personalizado en 24 horas<\/span><\/a><\/div><\/div><\/div>\n<\/div><\/div><div class=\"fusion-fullwidth fullwidth-box fusion-builder-row-5 fusion-flex-container nonhundred-percent-fullwidth non-hundred-percent-height-scrolling container-gris\" style=\"--awb-border-radius-top-left:0px;--awb-border-radius-top-right:0px;--awb-border-radius-bottom-right:0px;--awb-border-radius-bottom-left:0px;--awb-flex-wrap:wrap;\" ><div class=\"fusion-builder-row fusion-row fusion-flex-align-items-center fusion-flex-justify-content-center fusion-flex-content-wrap\" style=\"max-width:1040px;margin-left: calc(-4% \/ 2 );margin-right: calc(-4% \/ 2 );\"><div class=\"fusion-layout-column fusion_builder_column fusion-builder-column-7 fusion_builder_column_1_1 1_1 fusion-flex-column\" style=\"--awb-bg-size:cover;--awb-width-large:100%;--awb-margin-top-large:0px;--awb-spacing-right-large:1.92%;--awb-margin-bottom-large:10px;--awb-spacing-left-large:1.92%;--awb-width-medium:100%;--awb-order-medium:0;--awb-spacing-right-medium:1.92%;--awb-spacing-left-medium:1.92%;--awb-width-small:100%;--awb-order-small:0;--awb-spacing-right-small:1.92%;--awb-spacing-left-small:1.92%;\"><div class=\"fusion-column-wrapper fusion-column-has-shadow fusion-flex-justify-content-flex-start fusion-content-layout-column\"><div class=\"fusion-text fusion-text-9\" style=\"--awb-content-alignment:center;\"><h2>Una gama de productos como respuesta a las necesidades de la Armada<\/h2>\n<\/div><div class=\"fusion-text fusion-text-10\" style=\"--awb-content-alignment:left;\"><p>METAL EXPANDED RESISTOR cubre todo tipo de necesidades gracias a su completa, robusta y compacta gama de bancos de carga y descarga.<\/p>\n<p>\u00bfCu\u00e1ndo comienza tu experiencia con METAL DEPLOYE RESISTOR?<\/p>\n<\/div><\/div><\/div><\/div><\/div><\/p>\n","protected":false},"excerpt":{"rendered":"","protected":false},"author":1,"featured_media":0,"parent":0,"menu_order":0,"comment_status":"closed","ping_status":"closed","template":"100-width.php","meta":{"footnotes":""},"class_list":["post-7481","page","type-page","status-publish","hentry"],"yoast_head":"<!-- This site is optimized with the Yoast SEO plugin v27.4 - https:\/\/yoast.com\/product\/yoast-seo-wordpress\/ -->\n<title>Industrias mar\u00edtimas \/ Offshore<\/title>\n<meta name=\"robots\" content=\"index, follow, max-snippet:-1, max-image-preview:large, max-video-preview:-1\" \/>\n<link rel=\"canonical\" href=\"https:\/\/www.mdresistor.com\/es\/industrias-maritimas-offshore\/\" \/>\n<meta property=\"og:locale\" content=\"es_ES\" \/>\n<meta property=\"og:type\" content=\"article\" \/>\n<meta property=\"og:title\" content=\"Industrias mar\u00edtimas \/ Offshore\" \/>\n<meta property=\"og:url\" content=\"https:\/\/www.mdresistor.com\/es\/industrias-maritimas-offshore\/\" \/>\n<meta property=\"og:site_name\" content=\"MDResistor\" \/>\n<meta property=\"article:modified_time\" content=\"2022-02-08T16:05:09+00:00\" \/>\n<meta name=\"twitter:card\" content=\"summary_large_image\" \/>\n<meta name=\"twitter:label1\" content=\"Tiempo de lectura\" \/>\n\t<meta name=\"twitter:data1\" content=\"20 minutos\" \/>\n<script type=\"application\/ld+json\" class=\"yoast-schema-graph\">{\"@context\":\"https:\\\/\\\/schema.org\",\"@graph\":[{\"@type\":\"WebPage\",\"@id\":\"https:\\\/\\\/www.mdresistor.com\\\/es\\\/industrias-maritimas-offshore\\\/\",\"url\":\"https:\\\/\\\/www.mdresistor.com\\\/es\\\/industrias-maritimas-offshore\\\/\",\"name\":\"Industrias mar\u00edtimas \\\/ Offshore\",\"isPartOf\":{\"@id\":\"https:\\\/\\\/www.mdresistor.com\\\/es\\\/#website\"},\"datePublished\":\"2020-12-04T17:04:07+00:00\",\"dateModified\":\"2022-02-08T16:05:09+00:00\",\"inLanguage\":\"es\",\"potentialAction\":[{\"@type\":\"ReadAction\",\"target\":[\"https:\\\/\\\/www.mdresistor.com\\\/es\\\/industrias-maritimas-offshore\\\/\"]}]},{\"@type\":\"WebSite\",\"@id\":\"https:\\\/\\\/www.mdresistor.com\\\/es\\\/#website\",\"url\":\"https:\\\/\\\/www.mdresistor.com\\\/es\\\/\",\"name\":\"MDResistor\",\"description\":\"\",\"potentialAction\":[{\"@type\":\"SearchAction\",\"target\":{\"@type\":\"EntryPoint\",\"urlTemplate\":\"https:\\\/\\\/www.mdresistor.com\\\/es\\\/?s={search_term_string}\"},\"query-input\":{\"@type\":\"PropertyValueSpecification\",\"valueRequired\":true,\"valueName\":\"search_term_string\"}}],\"inLanguage\":\"es\"}]}<\/script>\n<!-- \/ Yoast SEO plugin. -->","yoast_head_json":{"title":"Industrias mar\u00edtimas \/ Offshore","robots":{"index":"index","follow":"follow","max-snippet":"max-snippet:-1","max-image-preview":"max-image-preview:large","max-video-preview":"max-video-preview:-1"},"canonical":"https:\/\/www.mdresistor.com\/es\/industrias-maritimas-offshore\/","og_locale":"es_ES","og_type":"article","og_title":"Industrias mar\u00edtimas \/ Offshore","og_url":"https:\/\/www.mdresistor.com\/es\/industrias-maritimas-offshore\/","og_site_name":"MDResistor","article_modified_time":"2022-02-08T16:05:09+00:00","twitter_card":"summary_large_image","twitter_misc":{"Tiempo de lectura":"20 minutos"},"schema":{"@context":"https:\/\/schema.org","@graph":[{"@type":"WebPage","@id":"https:\/\/www.mdresistor.com\/es\/industrias-maritimas-offshore\/","url":"https:\/\/www.mdresistor.com\/es\/industrias-maritimas-offshore\/","name":"Industrias mar\u00edtimas \/ Offshore","isPartOf":{"@id":"https:\/\/www.mdresistor.com\/es\/#website"},"datePublished":"2020-12-04T17:04:07+00:00","dateModified":"2022-02-08T16:05:09+00:00","inLanguage":"es","potentialAction":[{"@type":"ReadAction","target":["https:\/\/www.mdresistor.com\/es\/industrias-maritimas-offshore\/"]}]},{"@type":"WebSite","@id":"https:\/\/www.mdresistor.com\/es\/#website","url":"https:\/\/www.mdresistor.com\/es\/","name":"MDResistor","description":"","potentialAction":[{"@type":"SearchAction","target":{"@type":"EntryPoint","urlTemplate":"https:\/\/www.mdresistor.com\/es\/?s={search_term_string}"},"query-input":{"@type":"PropertyValueSpecification","valueRequired":true,"valueName":"search_term_string"}}],"inLanguage":"es"}]}},"_links":{"self":[{"href":"https:\/\/www.mdresistor.com\/es\/wp-json\/wp\/v2\/pages\/7481","targetHints":{"allow":["GET"]}}],"collection":[{"href":"https:\/\/www.mdresistor.com\/es\/wp-json\/wp\/v2\/pages"}],"about":[{"href":"https:\/\/www.mdresistor.com\/es\/wp-json\/wp\/v2\/types\/page"}],"author":[{"embeddable":true,"href":"https:\/\/www.mdresistor.com\/es\/wp-json\/wp\/v2\/users\/1"}],"replies":[{"embeddable":true,"href":"https:\/\/www.mdresistor.com\/es\/wp-json\/wp\/v2\/comments?post=7481"}],"version-history":[{"count":1,"href":"https:\/\/www.mdresistor.com\/es\/wp-json\/wp\/v2\/pages\/7481\/revisions"}],"predecessor-version":[{"id":7487,"href":"https:\/\/www.mdresistor.com\/es\/wp-json\/wp\/v2\/pages\/7481\/revisions\/7487"}],"wp:attachment":[{"href":"https:\/\/www.mdresistor.com\/es\/wp-json\/wp\/v2\/media?parent=7481"}],"curies":[{"name":"wp","href":"https:\/\/api.w.org\/{rel}","templated":true}]}}