{"id":7507,"date":"2020-12-04T18:04:07","date_gmt":"2020-12-04T17:04:07","guid":{"rendered":"https:\/\/www.mdresistor.com\/industria-de-aviacion\/"},"modified":"2022-02-08T17:05:09","modified_gmt":"2022-02-08T16:05:09","slug":"industria-de-aviacion","status":"publish","type":"page","link":"https:\/\/www.mdresistor.com\/es\/industria-de-aviacion\/","title":{"rendered":"Industria de aviaci\u00f3n"},"content":{"rendered":"<p><div class=\"fusion-fullwidth fullwidth-box fusion-builder-row-1 fusion-flex-container nonhundred-percent-fullwidth non-hundred-percent-height-scrolling\" style=\"--awb-border-radius-top-left:0px;--awb-border-radius-top-right:0px;--awb-border-radius-bottom-right:0px;--awb-border-radius-bottom-left:0px;--awb-flex-wrap:wrap;\" ><div class=\"fusion-builder-row fusion-row fusion-flex-align-items-center fusion-flex-justify-content-center fusion-flex-content-wrap\" style=\"max-width:1040px;margin-left: calc(-4% \/ 2 );margin-right: calc(-4% \/ 2 );\"><div class=\"fusion-layout-column fusion_builder_column fusion-builder-column-0 fusion_builder_column_1_2 1_2 fusion-flex-column\" style=\"--awb-bg-size:cover;--awb-width-large:50%;--awb-margin-top-large:0px;--awb-spacing-right-large:3.84%;--awb-margin-bottom-large:10px;--awb-spacing-left-large:3.84%;--awb-width-medium:100%;--awb-order-medium:0;--awb-spacing-right-medium:1.92%;--awb-spacing-left-medium:1.92%;--awb-width-small:100%;--awb-order-small:0;--awb-spacing-right-small:1.92%;--awb-spacing-left-small:1.92%;\"><div class=\"fusion-column-wrapper fusion-column-has-shadow fusion-flex-justify-content-flex-start fusion-content-layout-column\"><div class=\"fusion-text fusion-text-1\"><h1>Resistencias de potencia en Aeron\u00e1utica: asegurando el correcto funcionamiento de la red el\u00e9ctrica para una total seguridad en vuelo<\/h1>\n<\/div><div ><a class=\"fusion-button button-flat fusion-button-default-size button-default fusion-button-default button-1 fusion-button-default-span fusion-button-default-type\" target=\"_self\" href=\"https:\/\/www.mdresistor.com\/es\/contactar\/\"><span class=\"fusion-button-text awb-button__text awb-button__text--default\">Solicite una cotizaci\u00f3n<\/span><\/a><\/div>\n<\/div><\/div><div class=\"fusion-layout-column fusion_builder_column fusion-builder-column-1 fusion_builder_column_1_2 1_2 fusion-flex-column\" style=\"--awb-bg-size:cover;--awb-width-large:50%;--awb-margin-top-large:0px;--awb-spacing-right-large:3.84%;--awb-margin-bottom-large:10px;--awb-spacing-left-large:3.84%;--awb-width-medium:100%;--awb-order-medium:0;--awb-spacing-right-medium:1.92%;--awb-spacing-left-medium:1.92%;--awb-width-small:100%;--awb-order-small:0;--awb-spacing-right-small:1.92%;--awb-spacing-left-small:1.92%;\"><div class=\"fusion-column-wrapper fusion-column-has-shadow fusion-flex-justify-content-flex-start fusion-content-layout-column\"><div class=\"fusion-image-element \" style=\"text-align:center;--awb-caption-title-font-family:var(--h2_typography-font-family);--awb-caption-title-font-weight:var(--h2_typography-font-weight);--awb-caption-title-font-style:var(--h2_typography-font-style);--awb-caption-title-size:var(--h2_typography-font-size);--awb-caption-title-transform:var(--h2_typography-text-transform);--awb-caption-title-line-height:var(--h2_typography-line-height);--awb-caption-title-letter-spacing:var(--h2_typography-letter-spacing);\"><span class=\" fusion-imageframe imageframe-none imageframe-1 hover-type-none\"><img decoding=\"async\" width=\"800\" height=\"534\" title=\"airport-min\" src=\"https:\/\/www.mdresistor.com\/wp-content\/uploads\/2020\/12\/airport-min.jpg\" alt class=\"img-responsive wp-image-7141\" srcset=\"https:\/\/www.mdresistor.com\/wp-content\/uploads\/2020\/12\/airport-min-200x134.jpg 200w, https:\/\/www.mdresistor.com\/wp-content\/uploads\/2020\/12\/airport-min-400x267.jpg 400w, https:\/\/www.mdresistor.com\/wp-content\/uploads\/2020\/12\/airport-min-600x401.jpg 600w, https:\/\/www.mdresistor.com\/wp-content\/uploads\/2020\/12\/airport-min.jpg 800w\" sizes=\"(max-width: 1024px) 100vw, (max-width: 640px) 100vw, 600px\" \/><\/span><\/div><\/div><\/div><\/div><\/div><div class=\"fusion-fullwidth fullwidth-box fusion-builder-row-2 fusion-flex-container nonhundred-percent-fullwidth non-hundred-percent-height-scrolling\" style=\"--awb-border-radius-top-left:0px;--awb-border-radius-top-right:0px;--awb-border-radius-bottom-right:0px;--awb-border-radius-bottom-left:0px;--awb-flex-wrap:wrap;\" id=\"un\" ><div class=\"fusion-builder-row fusion-row fusion-flex-align-items-center fusion-flex-justify-content-center fusion-flex-content-wrap\" style=\"max-width:1040px;margin-left: calc(-4% \/ 2 );margin-right: calc(-4% \/ 2 );\"><div class=\"fusion-layout-column fusion_builder_column fusion-builder-column-2 fusion_builder_column_1_1 1_1 fusion-flex-column\" style=\"--awb-bg-size:cover;--awb-width-large:100%;--awb-margin-top-large:0px;--awb-spacing-right-large:1.92%;--awb-margin-bottom-large:10px;--awb-spacing-left-large:1.92%;--awb-width-medium:100%;--awb-order-medium:0;--awb-spacing-right-medium:1.92%;--awb-spacing-left-medium:1.92%;--awb-width-small:100%;--awb-order-small:0;--awb-spacing-right-small:1.92%;--awb-spacing-left-small:1.92%;\"><div class=\"fusion-column-wrapper fusion-column-has-shadow fusion-flex-justify-content-flex-start fusion-content-layout-column\"><div class=\"fusion-text fusion-text-2\" style=\"--awb-content-alignment:left;\"><p>Garantizar la perfecta seguridad de vuelo de aviones y helic\u00f3pteros requiere el uso de equipos altamente confiables, con la preocupaci\u00f3n por la continuidad del suministro.<\/p>\n<p>Para ello, se realizan pruebas de vuelo aguas arriba en el laboratorio de pruebas, con un escenario real.<\/p>\n<p>Es por esto que los bancos de carga dise\u00f1ados y fabricados por METAL DEPLOYE RESISTOR asumen plenamente su funci\u00f3n de validar este equipo de alta tecnolog\u00eda, tanto antes de cualquier embarque como durante las operaciones de mantenimiento.<\/p>\n<p>Equipos a medida para el sector aeron\u00e1utico.<\/p>\n<ul>\n<li>Frecuencia y voltaje de CA<\/li>\n<li>Una combinaci\u00f3n con componentes de corriente continua<\/li>\n<li>Conectores aeron\u00e1uticos<\/li>\n<li>Niveles de potencia at\u00edpicos<\/li>\n<li>etc<\/li>\n<\/ul>\n<\/div><\/div><\/div><\/div><\/div><div class=\"fusion-fullwidth fullwidth-box fusion-builder-row-3 fusion-flex-container nonhundred-percent-fullwidth non-hundred-percent-height-scrolling container-gris\" style=\"--awb-border-radius-top-left:0px;--awb-border-radius-top-right:0px;--awb-border-radius-bottom-right:0px;--awb-border-radius-bottom-left:0px;--awb-flex-wrap:wrap;\" ><div class=\"fusion-builder-row fusion-row fusion-flex-align-items-center fusion-flex-justify-content-center fusion-flex-content-wrap\" style=\"max-width:1040px;margin-left: calc(-4% \/ 2 );margin-right: calc(-4% \/ 2 );\"><div class=\"fusion-layout-column fusion_builder_column fusion-builder-column-3 fusion_builder_column_1_1 1_1 fusion-flex-column\" style=\"--awb-bg-size:cover;--awb-width-large:100%;--awb-margin-top-large:0px;--awb-spacing-right-large:1.92%;--awb-margin-bottom-large:10px;--awb-spacing-left-large:1.92%;--awb-width-medium:100%;--awb-order-medium:0;--awb-spacing-right-medium:1.92%;--awb-spacing-left-medium:1.92%;--awb-width-small:100%;--awb-order-small:0;--awb-spacing-right-small:1.92%;--awb-spacing-left-small:1.92%;\"><div class=\"fusion-column-wrapper fusion-column-has-shadow fusion-flex-justify-content-flex-start fusion-content-layout-column\"><div class=\"fusion-text fusion-text-3\" style=\"--awb-content-alignment:center;\"><h2>Bancos de carga en respuesta a las necesidades aeron\u00e1uticas<\/h2>\n<\/div><div class=\"fusion-text fusion-text-4\" style=\"--awb-content-alignment:left;\"><p>Varias empresas aeron\u00e1uticas, en Francia y en el extranjero, han elegido la seguridad para su prueba. METAL DEPLOYE RESISTOR fabric\u00f3 as\u00ed los bancos de pruebas el\u00e9ctricas para la validaci\u00f3n del A380 as\u00ed como del helic\u00f3ptero Tiger.<\/p>\n<h3>Banco de pruebas para generadores de pista &#8211; GPU<\/h3>\n<p>Los generadores de pista proporcionan energ\u00eda el\u00e9ctrica a las aeronaves en tierra, tomando el relevo de las APU. Por lo tanto, la disponibilidad de estos grupos es crucial para minimizar el tiempo de inactividad de la aeronave en tierra. <a href=\"https:\/\/www.mdresistor.com\/es\/banco-de-carga-para-grupo-generador\/\">Las pruebas<\/a> peri\u00f3dicas de los grupos electr\u00f3genos utilizando nuestro banco de carga espec\u00edfico de 400 Hz garantizan el correcto funcionamiento de estos grupos electr\u00f3genos.<\/p>\n<h3>Banco de descarga para componentes aeron\u00e1uticos continuos<\/h3>\n<p>Cada aeronave cuenta con un circuito de corriente continua as\u00ed como bater\u00edas de respaldo. Por eso es necesario poder probarlos, durante la fabricaci\u00f3n o durante el mantenimiento regular, <a href=\"https:\/\/www.mdresistor.com\/es\/banco-de-descarga-de-baterias\/\">mediante un banco de descarga<\/a> . Por lo tanto, estas pruebas est\u00e1n destinadas a garantizar el correcto funcionamiento de los sistemas de emergencia y seguridad.<\/p>\n<\/div><\/div><\/div><\/div><\/div><div class=\"fusion-fullwidth fullwidth-box fusion-builder-row-4 fusion-flex-container nonhundred-percent-fullwidth non-hundred-percent-height-scrolling container-blanc\" style=\"--awb-border-radius-top-left:0px;--awb-border-radius-top-right:0px;--awb-border-radius-bottom-right:0px;--awb-border-radius-bottom-left:0px;--awb-flex-wrap:wrap;\" ><div class=\"fusion-builder-row fusion-row fusion-flex-align-items-center fusion-flex-justify-content-center fusion-flex-content-wrap\" style=\"max-width:1040px;margin-left: calc(-4% \/ 2 );margin-right: calc(-4% \/ 2 );\"><div class=\"fusion-layout-column fusion_builder_column fusion-builder-column-4 fusion_builder_column_1_1 1_1 fusion-flex-column\" style=\"--awb-bg-size:cover;--awb-width-large:100%;--awb-margin-top-large:0px;--awb-spacing-right-large:1.92%;--awb-margin-bottom-large:10px;--awb-spacing-left-large:1.92%;--awb-width-medium:100%;--awb-order-medium:0;--awb-spacing-right-medium:1.92%;--awb-spacing-left-medium:1.92%;--awb-width-small:100%;--awb-order-small:0;--awb-spacing-right-small:1.92%;--awb-spacing-left-small:1.92%;\"><div class=\"fusion-column-wrapper fusion-column-has-shadow fusion-flex-justify-content-flex-start fusion-content-layout-column\"><div class=\"fusion-text fusion-text-5\" style=\"--awb-content-alignment:center;\"><h2>Una gama de productos para dar respuesta a las necesidades aeron\u00e1uticas<\/h2>\n<\/div><div class=\"fusion-text fusion-text-6\" style=\"--awb-content-alignment:left;\"><p><a href=\"https:\/\/www.mdresistor.com\/es\/quienes-somos\/\">LA RESISTENCIA METAL DEPLOYED<\/a> satisface todo tipo de necesidades gracias a<\/p>\n<ul>\n<li>una gama est\u00e1ndar en evoluci\u00f3n<\/li>\n<li>productos espec\u00edficos<\/li>\n<\/ul>\n<p>\u00bfCu\u00e1ndo comienza tu experiencia con METAL DEPLOYE RESISTOR?<\/p>\n<\/div><\/div><\/div><\/div><\/div><\/p>\n","protected":false},"excerpt":{"rendered":"","protected":false},"author":1,"featured_media":0,"parent":0,"menu_order":0,"comment_status":"closed","ping_status":"closed","template":"100-width.php","meta":{"footnotes":""},"class_list":["post-7507","page","type-page","status-publish","hentry"],"yoast_head":"<!-- This site is optimized with the Yoast SEO plugin v27.5 - https:\/\/yoast.com\/product\/yoast-seo-wordpress\/ -->\n<title>Resistencias de potencia - Industria aeroespacial - METAL DEPLOYE RESISTOR<\/title>\n<meta name=\"description\" content=\"Resistencias de potencia en aeron\u00e1utica. Bancos de carga. Frecuencia\/voltaje de CA. Conectores. 80 a\u00f1os de experiencia. Hecho en Francia\" \/>\n<meta name=\"robots\" content=\"index, follow, max-snippet:-1, max-image-preview:large, max-video-preview:-1\" \/>\n<link rel=\"canonical\" href=\"https:\/\/www.mdresistor.com\/es\/industria-de-aviacion\/\" \/>\n<meta property=\"og:locale\" content=\"es_ES\" \/>\n<meta property=\"og:type\" content=\"article\" \/>\n<meta property=\"og:title\" content=\"Resistencias de potencia - Industria aeroespacial - METAL DEPLOYE RESISTOR\" \/>\n<meta property=\"og:description\" content=\"Resistencias de potencia en aeron\u00e1utica. Bancos de carga. Frecuencia\/voltaje de CA. Conectores. 80 a\u00f1os de experiencia. Hecho en Francia\" \/>\n<meta property=\"og:url\" content=\"https:\/\/www.mdresistor.com\/es\/industria-de-aviacion\/\" \/>\n<meta property=\"og:site_name\" content=\"MDResistor\" \/>\n<meta property=\"article:modified_time\" content=\"2022-02-08T16:05:09+00:00\" \/>\n<meta name=\"twitter:card\" content=\"summary_large_image\" \/>\n<meta name=\"twitter:label1\" content=\"Tiempo de lectura\" \/>\n\t<meta name=\"twitter:data1\" content=\"15 minutos\" \/>\n<script type=\"application\/ld+json\" class=\"yoast-schema-graph\">{\"@context\":\"https:\\\/\\\/schema.org\",\"@graph\":[{\"@type\":\"WebPage\",\"@id\":\"https:\\\/\\\/www.mdresistor.com\\\/es\\\/industria-de-aviacion\\\/\",\"url\":\"https:\\\/\\\/www.mdresistor.com\\\/es\\\/industria-de-aviacion\\\/\",\"name\":\"Resistencias de potencia - Industria aeroespacial - METAL DEPLOYE RESISTOR\",\"isPartOf\":{\"@id\":\"https:\\\/\\\/www.mdresistor.com\\\/es\\\/#website\"},\"datePublished\":\"2020-12-04T17:04:07+00:00\",\"dateModified\":\"2022-02-08T16:05:09+00:00\",\"description\":\"Resistencias de potencia en aeron\u00e1utica. Bancos de carga. Frecuencia\\\/voltaje de CA. Conectores. 80 a\u00f1os de experiencia. Hecho en Francia\",\"inLanguage\":\"es\",\"potentialAction\":[{\"@type\":\"ReadAction\",\"target\":[\"https:\\\/\\\/www.mdresistor.com\\\/es\\\/industria-de-aviacion\\\/\"]}]},{\"@type\":\"WebSite\",\"@id\":\"https:\\\/\\\/www.mdresistor.com\\\/es\\\/#website\",\"url\":\"https:\\\/\\\/www.mdresistor.com\\\/es\\\/\",\"name\":\"MDResistor\",\"description\":\"\",\"potentialAction\":[{\"@type\":\"SearchAction\",\"target\":{\"@type\":\"EntryPoint\",\"urlTemplate\":\"https:\\\/\\\/www.mdresistor.com\\\/es\\\/?s={search_term_string}\"},\"query-input\":{\"@type\":\"PropertyValueSpecification\",\"valueRequired\":true,\"valueName\":\"search_term_string\"}}],\"inLanguage\":\"es\"}]}<\/script>\n<!-- \/ Yoast SEO plugin. -->","yoast_head_json":{"title":"Resistencias de potencia - Industria aeroespacial - METAL DEPLOYE RESISTOR","description":"Resistencias de potencia en aeron\u00e1utica. Bancos de carga. Frecuencia\/voltaje de CA. Conectores. 80 a\u00f1os de experiencia. Hecho en Francia","robots":{"index":"index","follow":"follow","max-snippet":"max-snippet:-1","max-image-preview":"max-image-preview:large","max-video-preview":"max-video-preview:-1"},"canonical":"https:\/\/www.mdresistor.com\/es\/industria-de-aviacion\/","og_locale":"es_ES","og_type":"article","og_title":"Resistencias de potencia - Industria aeroespacial - METAL DEPLOYE RESISTOR","og_description":"Resistencias de potencia en aeron\u00e1utica. Bancos de carga. Frecuencia\/voltaje de CA. Conectores. 80 a\u00f1os de experiencia. Hecho en Francia","og_url":"https:\/\/www.mdresistor.com\/es\/industria-de-aviacion\/","og_site_name":"MDResistor","article_modified_time":"2022-02-08T16:05:09+00:00","twitter_card":"summary_large_image","twitter_misc":{"Tiempo de lectura":"15 minutos"},"schema":{"@context":"https:\/\/schema.org","@graph":[{"@type":"WebPage","@id":"https:\/\/www.mdresistor.com\/es\/industria-de-aviacion\/","url":"https:\/\/www.mdresistor.com\/es\/industria-de-aviacion\/","name":"Resistencias de potencia - Industria aeroespacial - METAL DEPLOYE RESISTOR","isPartOf":{"@id":"https:\/\/www.mdresistor.com\/es\/#website"},"datePublished":"2020-12-04T17:04:07+00:00","dateModified":"2022-02-08T16:05:09+00:00","description":"Resistencias de potencia en aeron\u00e1utica. Bancos de carga. Frecuencia\/voltaje de CA. Conectores. 80 a\u00f1os de experiencia. Hecho en Francia","inLanguage":"es","potentialAction":[{"@type":"ReadAction","target":["https:\/\/www.mdresistor.com\/es\/industria-de-aviacion\/"]}]},{"@type":"WebSite","@id":"https:\/\/www.mdresistor.com\/es\/#website","url":"https:\/\/www.mdresistor.com\/es\/","name":"MDResistor","description":"","potentialAction":[{"@type":"SearchAction","target":{"@type":"EntryPoint","urlTemplate":"https:\/\/www.mdresistor.com\/es\/?s={search_term_string}"},"query-input":{"@type":"PropertyValueSpecification","valueRequired":true,"valueName":"search_term_string"}}],"inLanguage":"es"}]}},"_links":{"self":[{"href":"https:\/\/www.mdresistor.com\/es\/wp-json\/wp\/v2\/pages\/7507","targetHints":{"allow":["GET"]}}],"collection":[{"href":"https:\/\/www.mdresistor.com\/es\/wp-json\/wp\/v2\/pages"}],"about":[{"href":"https:\/\/www.mdresistor.com\/es\/wp-json\/wp\/v2\/types\/page"}],"author":[{"embeddable":true,"href":"https:\/\/www.mdresistor.com\/es\/wp-json\/wp\/v2\/users\/1"}],"replies":[{"embeddable":true,"href":"https:\/\/www.mdresistor.com\/es\/wp-json\/wp\/v2\/comments?post=7507"}],"version-history":[{"count":1,"href":"https:\/\/www.mdresistor.com\/es\/wp-json\/wp\/v2\/pages\/7507\/revisions"}],"predecessor-version":[{"id":7515,"href":"https:\/\/www.mdresistor.com\/es\/wp-json\/wp\/v2\/pages\/7507\/revisions\/7515"}],"wp:attachment":[{"href":"https:\/\/www.mdresistor.com\/es\/wp-json\/wp\/v2\/media?parent=7507"}],"curies":[{"name":"wp","href":"https:\/\/api.w.org\/{rel}","templated":true}]}}