{"id":8315,"date":"2022-07-21T15:39:45","date_gmt":"2022-07-21T13:39:45","guid":{"rendered":"https:\/\/www.mdresistor.com\/resistencia-a-la-refrigeracion-liquida-de-25kw-a-25mw\/"},"modified":"2022-07-22T10:31:39","modified_gmt":"2022-07-22T08:31:39","slug":"resistencia-a-la-refrigeracion-liquida-de-25kw-a-25mw","status":"publish","type":"page","link":"https:\/\/www.mdresistor.com\/es\/resistencia-a-la-refrigeracion-liquida-de-25kw-a-25mw\/","title":{"rendered":"Resistencia de refrigeraci\u00f3n l\u00edquida de 25kW a 2,5MW"},"content":{"rendered":"<p><div class=\"fusion-fullwidth fullwidth-box fusion-builder-row-1 fusion-flex-container nonhundred-percent-fullwidth non-hundred-percent-height-scrolling container-blanc\" style=\"--awb-border-radius-top-left:0px;--awb-border-radius-top-right:0px;--awb-border-radius-bottom-right:0px;--awb-border-radius-bottom-left:0px;--awb-flex-wrap:wrap;\" id=\"cinq\" ><div class=\"fusion-builder-row fusion-row fusion-flex-align-items-center fusion-flex-justify-content-center fusion-flex-content-wrap\" style=\"max-width:1040px;margin-left: calc(-4% \/ 2 );margin-right: calc(-4% \/ 2 );\"><div class=\"fusion-layout-column fusion_builder_column fusion-builder-column-0 fusion_builder_column_1_1 1_1 fusion-flex-column\" style=\"--awb-bg-image:url(&#039;https:\/\/www.mdresistor.com\/wp-content\/uploads\/2022\/07\/Bandeau-re\u0301sistance-a\u0300-refroidissement-liquide-1024x226-1.png&#039;);--awb-bg-size:cover;--awb-width-large:100%;--awb-margin-top-large:0px;--awb-spacing-right-large:1.92%;--awb-margin-bottom-large:10px;--awb-spacing-left-large:1.92%;--awb-width-medium:100%;--awb-order-medium:0;--awb-spacing-right-medium:1.92%;--awb-spacing-left-medium:1.92%;--awb-width-small:100%;--awb-order-small:0;--awb-spacing-right-small:1.92%;--awb-spacing-left-small:1.92%;\"><div class=\"fusion-column-wrapper fusion-column-has-shadow fusion-flex-justify-content-flex-start fusion-content-layout-column fusion-empty-column-bg-image fusion-column-has-bg-image\" data-bg-url=\"https:\/\/www.mdresistor.com\/wp-content\/uploads\/2022\/07\/Bandeau-re\u0301sistance-a\u0300-refroidissement-liquide-1024x226-1.png\"><img decoding=\"async\" class=\"fusion-empty-dims-img-placeholder\" aria-label=\"Bandeau-re\u0301sistance-a\u0300-refroidissement-liquide-1024&#215;226\" src=\"data:image\/svg+xml,%3Csvg%20xmlns%3D%27http%3A%2F%2Fwww.w3.org%2F2000%2Fsvg%27%20width%3D%271024%27%20height%3D%27226%27%20viewBox%3D%270%200%201024%20226%27%3E%3Crect%20width%3D%271024%27%20height%3D%27226%27%20fill-opacity%3D%220%22%2F%3E%3C%2Fsvg%3E\"><\/div><\/div><\/div><\/div><div class=\"fusion-fullwidth fullwidth-box fusion-builder-row-2 fusion-flex-container nonhundred-percent-fullwidth non-hundred-percent-height-scrolling\" style=\"--awb-border-radius-top-left:0px;--awb-border-radius-top-right:0px;--awb-border-radius-bottom-right:0px;--awb-border-radius-bottom-left:0px;--awb-flex-wrap:wrap;\" ><div class=\"fusion-builder-row fusion-row fusion-flex-align-items-flex-start fusion-flex-content-wrap\" style=\"max-width:1040px;margin-left: calc(-4% \/ 2 );margin-right: calc(-4% \/ 2 );\"><div class=\"fusion-layout-column fusion_builder_column fusion-builder-column-1 fusion_builder_column_1_1 1_1 fusion-flex-column\" style=\"--awb-bg-size:cover;--awb-width-large:100%;--awb-margin-top-large:0px;--awb-spacing-right-large:1.92%;--awb-margin-bottom-large:10px;--awb-spacing-left-large:1.92%;--awb-width-medium:100%;--awb-order-medium:0;--awb-spacing-right-medium:1.92%;--awb-spacing-left-medium:1.92%;--awb-width-small:100%;--awb-order-small:0;--awb-spacing-right-small:1.92%;--awb-spacing-left-small:1.92%;\"><div class=\"fusion-column-wrapper fusion-column-has-shadow fusion-flex-justify-content-flex-start fusion-content-layout-column\"><div class=\"fusion-title title fusion-title-1 fusion-sep-none fusion-title-text fusion-title-size-one\" style=\"--awb-margin-top-small:10px;--awb-margin-right-small:0px;--awb-margin-bottom-small:10px;--awb-margin-left-small:0px;\"><h1 class=\"fusion-title-heading title-heading-left\" style=\"margin:0;\"><h2 style=\"text-align: center;\"><span style=\"color: #000080;\"> Resistencia refrigerada por l\u00edquido <\/span><\/h2>\n<h2 style=\"text-align: center;\"><span style=\"color: #000080;\">Aplicaciones marinas, en alta mar, automotrices y de centros de datos<\/span><\/h2><\/h1><\/div><\/div><\/div><\/div><\/div><div class=\"fusion-fullwidth fullwidth-box fusion-builder-row-3 fusion-flex-container nonhundred-percent-fullwidth non-hundred-percent-height-scrolling\" style=\"--awb-border-radius-top-left:0px;--awb-border-radius-top-right:0px;--awb-border-radius-bottom-right:0px;--awb-border-radius-bottom-left:0px;--awb-flex-wrap:wrap;\" ><div class=\"fusion-builder-row fusion-row fusion-flex-align-items-flex-start fusion-flex-content-wrap\" style=\"max-width:1040px;margin-left: calc(-4% \/ 2 );margin-right: calc(-4% \/ 2 );\"><div class=\"fusion-layout-column fusion_builder_column fusion-builder-column-2 fusion_builder_column_1_2 1_2 fusion-flex-column\" style=\"--awb-bg-size:cover;--awb-width-large:50%;--awb-margin-top-large:0px;--awb-spacing-right-large:3.84%;--awb-margin-bottom-large:10px;--awb-spacing-left-large:3.84%;--awb-width-medium:100%;--awb-order-medium:0;--awb-spacing-right-medium:1.92%;--awb-spacing-left-medium:1.92%;--awb-width-small:100%;--awb-order-small:0;--awb-spacing-right-small:1.92%;--awb-spacing-left-small:1.92%;\"><div class=\"fusion-column-wrapper fusion-column-has-shadow fusion-flex-justify-content-flex-start fusion-content-layout-column\"><div class=\"fusion-text fusion-text-1\"><h2 style=\"text-align: left;\"><strong><span style=\"color: #000080;\">Principio <\/span><\/strong><\/h2>\n<p style=\"text-align: justify;\"><span style=\"color: #000000;\">El uso de resistencias refrigeradas por l\u00edquido evita la liberaci\u00f3n de calor. Durante el frenado, la energ\u00eda de accionamiento el\u00e9ctrica se convierte en energ\u00eda t\u00e9rmica. Esta energ\u00eda t\u00e9rmica es absorbida por el agua y puede ser reutilizada.<\/span><\/p>\n<\/div><div class=\"fusion-text fusion-text-2\"><h2 style=\"text-align: left;\"><strong><span style=\"color: #000080;\">Resistencias de baja y media tensi\u00f3n aptas para convertidor de frecuencia <\/span><\/strong><\/h2>\n<ul>\n<li><span style=\"color: #000000;\">Veh\u00edculo el\u00e9ctrico o h\u00edbrido<\/span><\/li>\n<li><span style=\"color: #000000;\">Gr\u00faa, polipasto<\/span><\/li>\n<li><span style=\"color: #000000;\">levantamiento<\/span><\/li>\n<li><span style=\"color: #000000;\">sistema de propulsi\u00f3n<\/span><\/li>\n<li><span style=\"color: #000000;\">carga del generador<\/span><\/li>\n<li><span style=\"color: #000000;\">Calentamiento de l\u00edquidos<\/span><\/li>\n<li><span style=\"color: #000000;\">Aplicaci\u00f3n monof\u00e1sica o trif\u00e1sica<\/span><\/li>\n<\/ul>\n<\/div><div class=\"fusion-text fusion-text-3\"><h2 style=\"text-align: left;\"><strong><span style=\"color: #000080;\">Construcci\u00f3n modular <\/span><\/strong><\/h2>\n<p>Las resistencias se pueden combinar para satisfacer todos sus tipos de necesidades desde 25kW hasta 2,5MW<\/p>\n<\/div><\/div><\/div><div class=\"fusion-layout-column fusion_builder_column fusion-builder-column-3 fusion_builder_column_1_2 1_2 fusion-flex-column\" style=\"--awb-bg-size:cover;--awb-width-large:50%;--awb-margin-top-large:0px;--awb-spacing-right-large:3.84%;--awb-margin-bottom-large:10px;--awb-spacing-left-large:3.84%;--awb-width-medium:100%;--awb-order-medium:0;--awb-spacing-right-medium:1.92%;--awb-spacing-left-medium:1.92%;--awb-width-small:100%;--awb-order-small:0;--awb-spacing-right-small:1.92%;--awb-spacing-left-small:1.92%;\"><div class=\"fusion-column-wrapper fusion-column-has-shadow fusion-flex-justify-content-flex-start fusion-content-layout-column\"><div class=\"fusion-image-element \" style=\"text-align:center;--awb-caption-title-font-family:var(--h2_typography-font-family);--awb-caption-title-font-weight:var(--h2_typography-font-weight);--awb-caption-title-font-style:var(--h2_typography-font-style);--awb-caption-title-size:var(--h2_typography-font-size);--awb-caption-title-transform:var(--h2_typography-text-transform);--awb-caption-title-line-height:var(--h2_typography-line-height);--awb-caption-title-letter-spacing:var(--h2_typography-letter-spacing);\"><span class=\" fusion-imageframe imageframe-none imageframe-1 hover-type-none\"><img decoding=\"async\" width=\"300\" height=\"133\" title=\"Resistel_resistance-refroidit-eau-EV2\" src=\"https:\/\/www.mdresistor.com\/wp-content\/uploads\/2022\/07\/Resistel_resistance-refroidit-eau-EV2-300x133.png\" alt class=\"img-responsive wp-image-8270\" srcset=\"https:\/\/www.mdresistor.com\/wp-content\/uploads\/2022\/07\/Resistel_resistance-refroidit-eau-EV2-200x89.png 200w, https:\/\/www.mdresistor.com\/wp-content\/uploads\/2022\/07\/Resistel_resistance-refroidit-eau-EV2-400x177.png 400w, https:\/\/www.mdresistor.com\/wp-content\/uploads\/2022\/07\/Resistel_resistance-refroidit-eau-EV2.png 551w\" sizes=\"(max-width: 1024px) 100vw, (max-width: 640px) 100vw, 300px\" \/><\/span><\/div><div class=\"fusion-text fusion-text-4\"><h2 style=\"text-align: left;\"><strong><span style=\"color: #000080;\">Producto probado en los entornos m\u00e1s duros. <\/span><\/strong><\/h2>\n<p>Producto que responde a todos los golpes y vibraciones importantes.<\/p>\n<\/div><div class=\"fusion-text fusion-text-5\"><h2 style=\"text-align: left;\"><strong><span style=\"color: #000080;\">Clase de protecci\u00f3n IP56<\/span><\/strong><\/h2>\n<p>Para uso <span style=\"color: #333399;\"><a style=\"color: #333399;\" href=\"https:\/\/www.resistel.com\/applications-resistances-industrielles\/maritime-port\/\">marino<\/a><\/span> , <span style=\"color: #333399;\"><a style=\"color: #333399;\" href=\"https:\/\/www.resistel.com\/applications-resistances-industrielles\/maritime-port\/\">en alta mar<\/a> ,<\/span> centro de datos, automotriz<\/p>\n<\/div><div class=\"fusion-text fusion-text-6\"><h2 style=\"text-align: left;\"><strong><span style=\"color: #000080;\">Voltaje del sistema hasta 12kV<\/span><\/strong><\/h2>\n<ul>\n<li>Voltaje de funcionamiento continuo<\/li>\n<li>EV2: 1,5 kV<\/li>\n<li>4EV2: 6kV<\/li>\n<\/ul>\n<\/div><\/div><\/div><\/div><\/div><div class=\"fusion-fullwidth fullwidth-box fusion-builder-row-4 fusion-flex-container nonhundred-percent-fullwidth non-hundred-percent-height-scrolling container-blanc\" style=\"--awb-border-radius-top-left:0px;--awb-border-radius-top-right:0px;--awb-border-radius-bottom-right:0px;--awb-border-radius-bottom-left:0px;--awb-flex-wrap:wrap;\" id=\"cinq\" ><div class=\"fusion-builder-row fusion-row fusion-flex-align-items-center fusion-flex-justify-content-center fusion-flex-content-wrap\" style=\"max-width:1040px;margin-left: calc(-4% \/ 2 );margin-right: calc(-4% \/ 2 );\"><div class=\"fusion-layout-column fusion_builder_column fusion-builder-column-4 fusion_builder_column_1_2 1_2 fusion-flex-column\" style=\"--awb-bg-size:cover;--awb-width-large:50%;--awb-margin-top-large:0px;--awb-spacing-right-large:3.84%;--awb-margin-bottom-large:10px;--awb-spacing-left-large:3.84%;--awb-width-medium:100%;--awb-order-medium:0;--awb-spacing-right-medium:1.92%;--awb-spacing-left-medium:1.92%;--awb-width-small:100%;--awb-order-small:0;--awb-spacing-right-small:1.92%;--awb-spacing-left-small:1.92%;\"><div class=\"fusion-column-wrapper fusion-column-has-shadow fusion-flex-justify-content-flex-start fusion-content-layout-column\"><div class=\"fusion-content-boxes content-boxes columns row fusion-columns-1 fusion-columns-total-1 fusion-content-boxes-1 content-boxes-icon-with-title content-left\" style=\"--awb-hover-accent-color:#1a80b6;--awb-circle-hover-accent-color:#1a80b6;--awb-item-margin-bottom:40px;\" data-animationOffset=\"top-into-view\"><div style=\"--awb-backgroundcolor:rgba(42,119,191,0.57);\" class=\"fusion-column content-box-column content-box-column content-box-column-1 col-lg-12 col-md-12 col-sm-12 fusion-content-box-hover content-box-column-last content-box-column-last-in-row\"><div class=\"col content-box-wrapper content-wrapper-background link-area-link-icon icon-hover-animation-fade\" data-animationOffset=\"top-into-view\"><div class=\"fusion-clearfix\"><\/div><div class=\"content-container\">\n<h2><strong><span style=\"color: #000080;\">Dise\u00f1amos equipos llave en mano <\/span><\/strong><\/h2>\n<ul>\n<li><span style=\"color: #000080;\">Estudiamos para usted soluciones que van desde 25kW hasta 2,5MW con elementos resistivos, sensores de presi\u00f3n, caudal y temperatura conectados a un PLC que controla en tiempo real el correcto funcionamiento de su sistema de resistencia refrigerado por l\u00edquido. <\/span><\/li>\n<li><span style=\"color: #000080;\">Es una soluci\u00f3n compacta que se adapta perfectamente para ahorrar espacio. <\/span><\/li>\n<li><span style=\"color: #000080;\">Dise\u00f1o patentado que encapsula y separa completamente las resistencias del refrigerante <\/span><\/li>\n<\/ul>\n<\/div><\/div><\/div><div class=\"fusion-clearfix\"><\/div><\/div><\/div><\/div><div class=\"fusion-layout-column fusion_builder_column fusion-builder-column-5 fusion_builder_column_1_2 1_2 fusion-flex-column\" style=\"--awb-bg-size:cover;--awb-width-large:50%;--awb-margin-top-large:0px;--awb-spacing-right-large:3.84%;--awb-margin-bottom-large:10px;--awb-spacing-left-large:3.84%;--awb-width-medium:100%;--awb-order-medium:0;--awb-spacing-right-medium:1.92%;--awb-spacing-left-medium:1.92%;--awb-width-small:100%;--awb-order-small:0;--awb-spacing-right-small:1.92%;--awb-spacing-left-small:1.92%;\"><div class=\"fusion-column-wrapper fusion-column-has-shadow fusion-flex-justify-content-flex-start fusion-content-layout-column\"><div class=\"fusion-image-element \" style=\"text-align:center;--awb-max-width:400px;--awb-caption-title-font-family:var(--h2_typography-font-family);--awb-caption-title-font-weight:var(--h2_typography-font-weight);--awb-caption-title-font-style:var(--h2_typography-font-style);--awb-caption-title-size:var(--h2_typography-font-size);--awb-caption-title-transform:var(--h2_typography-text-transform);--awb-caption-title-line-height:var(--h2_typography-line-height);--awb-caption-title-letter-spacing:var(--h2_typography-letter-spacing);\"><span class=\" fusion-imageframe imageframe-none imageframe-2 hover-type-none\"><img decoding=\"async\" width=\"1024\" height=\"986\" title=\"Re\u0301sistance-EV2-e1562924531335-1024&#215;986\" src=\"https:\/\/www.mdresistor.com\/wp-content\/uploads\/2022\/07\/Re\u0301sistance-EV2-e1562924531335-1024x986-1-e1658409624778.jpeg\" alt class=\"img-responsive wp-image-8273\"\/><\/span><\/div><\/div><\/div><\/div><\/div><\/p>\n","protected":false},"excerpt":{"rendered":"","protected":false},"author":1,"featured_media":0,"parent":0,"menu_order":0,"comment_status":"closed","ping_status":"closed","template":"","meta":{"footnotes":""},"class_list":["post-8315","page","type-page","status-publish","hentry"],"yoast_head":"<!-- This site is optimized with the Yoast SEO plugin v27.4 - https:\/\/yoast.com\/product\/yoast-seo-wordpress\/ -->\n<title>Resistencia de refrigeraci\u00f3n l\u00edquida de 25kW a 2,5MW<\/title>\n<meta name=\"robots\" content=\"index, follow, max-snippet:-1, max-image-preview:large, max-video-preview:-1\" \/>\n<link rel=\"canonical\" href=\"https:\/\/www.mdresistor.com\/es\/resistencia-a-la-refrigeracion-liquida-de-25kw-a-25mw\/\" \/>\n<meta property=\"og:locale\" content=\"es_ES\" \/>\n<meta property=\"og:type\" content=\"article\" \/>\n<meta property=\"og:title\" content=\"Resistencia de refrigeraci\u00f3n l\u00edquida de 25kW a 2,5MW\" \/>\n<meta property=\"og:url\" content=\"https:\/\/www.mdresistor.com\/es\/resistencia-a-la-refrigeracion-liquida-de-25kw-a-25mw\/\" \/>\n<meta property=\"og:site_name\" content=\"MDResistor\" \/>\n<meta property=\"article:modified_time\" content=\"2022-07-22T08:31:39+00:00\" \/>\n<meta name=\"twitter:card\" content=\"summary_large_image\" \/>\n<meta name=\"twitter:label1\" content=\"Tiempo de lectura\" \/>\n\t<meta name=\"twitter:data1\" content=\"10 minutos\" \/>\n<script type=\"application\/ld+json\" class=\"yoast-schema-graph\">{\"@context\":\"https:\\\/\\\/schema.org\",\"@graph\":[{\"@type\":\"WebPage\",\"@id\":\"https:\\\/\\\/www.mdresistor.com\\\/es\\\/resistencia-a-la-refrigeracion-liquida-de-25kw-a-25mw\\\/\",\"url\":\"https:\\\/\\\/www.mdresistor.com\\\/es\\\/resistencia-a-la-refrigeracion-liquida-de-25kw-a-25mw\\\/\",\"name\":\"Resistencia de refrigeraci\u00f3n l\u00edquida de 25kW a 2,5MW\",\"isPartOf\":{\"@id\":\"https:\\\/\\\/www.mdresistor.com\\\/es\\\/#website\"},\"datePublished\":\"2022-07-21T13:39:45+00:00\",\"dateModified\":\"2022-07-22T08:31:39+00:00\",\"inLanguage\":\"es\",\"potentialAction\":[{\"@type\":\"ReadAction\",\"target\":[\"https:\\\/\\\/www.mdresistor.com\\\/es\\\/resistencia-a-la-refrigeracion-liquida-de-25kw-a-25mw\\\/\"]}]},{\"@type\":\"WebSite\",\"@id\":\"https:\\\/\\\/www.mdresistor.com\\\/es\\\/#website\",\"url\":\"https:\\\/\\\/www.mdresistor.com\\\/es\\\/\",\"name\":\"MDResistor\",\"description\":\"\",\"potentialAction\":[{\"@type\":\"SearchAction\",\"target\":{\"@type\":\"EntryPoint\",\"urlTemplate\":\"https:\\\/\\\/www.mdresistor.com\\\/es\\\/?s={search_term_string}\"},\"query-input\":{\"@type\":\"PropertyValueSpecification\",\"valueRequired\":true,\"valueName\":\"search_term_string\"}}],\"inLanguage\":\"es\"}]}<\/script>\n<!-- \/ Yoast SEO plugin. -->","yoast_head_json":{"title":"Resistencia de refrigeraci\u00f3n l\u00edquida de 25kW a 2,5MW","robots":{"index":"index","follow":"follow","max-snippet":"max-snippet:-1","max-image-preview":"max-image-preview:large","max-video-preview":"max-video-preview:-1"},"canonical":"https:\/\/www.mdresistor.com\/es\/resistencia-a-la-refrigeracion-liquida-de-25kw-a-25mw\/","og_locale":"es_ES","og_type":"article","og_title":"Resistencia de refrigeraci\u00f3n l\u00edquida de 25kW a 2,5MW","og_url":"https:\/\/www.mdresistor.com\/es\/resistencia-a-la-refrigeracion-liquida-de-25kw-a-25mw\/","og_site_name":"MDResistor","article_modified_time":"2022-07-22T08:31:39+00:00","twitter_card":"summary_large_image","twitter_misc":{"Tiempo de lectura":"10 minutos"},"schema":{"@context":"https:\/\/schema.org","@graph":[{"@type":"WebPage","@id":"https:\/\/www.mdresistor.com\/es\/resistencia-a-la-refrigeracion-liquida-de-25kw-a-25mw\/","url":"https:\/\/www.mdresistor.com\/es\/resistencia-a-la-refrigeracion-liquida-de-25kw-a-25mw\/","name":"Resistencia de refrigeraci\u00f3n l\u00edquida de 25kW a 2,5MW","isPartOf":{"@id":"https:\/\/www.mdresistor.com\/es\/#website"},"datePublished":"2022-07-21T13:39:45+00:00","dateModified":"2022-07-22T08:31:39+00:00","inLanguage":"es","potentialAction":[{"@type":"ReadAction","target":["https:\/\/www.mdresistor.com\/es\/resistencia-a-la-refrigeracion-liquida-de-25kw-a-25mw\/"]}]},{"@type":"WebSite","@id":"https:\/\/www.mdresistor.com\/es\/#website","url":"https:\/\/www.mdresistor.com\/es\/","name":"MDResistor","description":"","potentialAction":[{"@type":"SearchAction","target":{"@type":"EntryPoint","urlTemplate":"https:\/\/www.mdresistor.com\/es\/?s={search_term_string}"},"query-input":{"@type":"PropertyValueSpecification","valueRequired":true,"valueName":"search_term_string"}}],"inLanguage":"es"}]}},"_links":{"self":[{"href":"https:\/\/www.mdresistor.com\/es\/wp-json\/wp\/v2\/pages\/8315","targetHints":{"allow":["GET"]}}],"collection":[{"href":"https:\/\/www.mdresistor.com\/es\/wp-json\/wp\/v2\/pages"}],"about":[{"href":"https:\/\/www.mdresistor.com\/es\/wp-json\/wp\/v2\/types\/page"}],"author":[{"embeddable":true,"href":"https:\/\/www.mdresistor.com\/es\/wp-json\/wp\/v2\/users\/1"}],"replies":[{"embeddable":true,"href":"https:\/\/www.mdresistor.com\/es\/wp-json\/wp\/v2\/comments?post=8315"}],"version-history":[{"count":5,"href":"https:\/\/www.mdresistor.com\/es\/wp-json\/wp\/v2\/pages\/8315\/revisions"}],"predecessor-version":[{"id":8562,"href":"https:\/\/www.mdresistor.com\/es\/wp-json\/wp\/v2\/pages\/8315\/revisions\/8562"}],"wp:attachment":[{"href":"https:\/\/www.mdresistor.com\/es\/wp-json\/wp\/v2\/media?parent=8315"}],"curies":[{"name":"wp","href":"https:\/\/api.w.org\/{rel}","templated":true}]}}